{"id":1054,"date":"2023-02-12T19:14:28","date_gmt":"2023-02-12T19:14:28","guid":{"rendered":"https:\/\/peterpodehl.com\/?page_id=1054"},"modified":"2023-05-29T16:44:54","modified_gmt":"2023-05-29T16:44:54","slug":"marchenbuch-fur-liebende","status":"publish","type":"page","link":"https:\/\/webaid.it\/?page_id=1054","title":{"rendered":"M\u00e4rchenbuch f\u00fcr Liebende"},"content":{"rendered":"\n<p>***<\/p>\n\n\n\n<p class=\"has-text-align-center\">Geschichten von Peter Podehl<\/p>\n\n\n\n<p class=\"has-text-align-center\">**<br>Illustrationen von Iris Hahs-Hoffstetter<\/p>\n\n\n\n<p class=\"has-text-align-center\">**<\/p>\n\n\n\n<figure class=\"wp-block-image size-large\"><img loading=\"lazy\" decoding=\"async\" width=\"1024\" height=\"1017\" src=\"https:\/\/webaid.it\/wp-content\/uploads\/2023\/04\/MaBu_01-1024x1017.jpg\" alt=\"\" class=\"wp-image-1613\" srcset=\"https:\/\/webaid.it\/wp-content\/uploads\/2023\/04\/MaBu_01-1024x1017.jpg 1024w, https:\/\/webaid.it\/wp-content\/uploads\/2023\/04\/MaBu_01-300x298.jpg 300w, https:\/\/webaid.it\/wp-content\/uploads\/2023\/04\/MaBu_01-150x150.jpg 150w, https:\/\/webaid.it\/wp-content\/uploads\/2023\/04\/MaBu_01-768x763.jpg 768w, https:\/\/webaid.it\/wp-content\/uploads\/2023\/04\/MaBu_01-1536x1525.jpg 1536w, https:\/\/webaid.it\/wp-content\/uploads\/2023\/04\/MaBu_01.jpg 1740w\" sizes=\"auto, (max-width: 1024px) 100vw, 1024px\" \/><\/figure>\n\n\n\n<p>Ende der 40er Jahre schrieb Peter Podehl dieses \u201cM\u00e4rchenbuch f\u00fcr Liebende\u201d, zu denen Iris Hahs-Hoffstetter Zeichnungen anfertigte. Auch dieses Werk blieb \u2013 wie ja viele andere \u2013 unver\u00f6ffentlicht. Das M\u00e4rchen f\u00fcr den Dienstag \u201cM\u00e4rchen in der M\u00fcllerstra\u00dfe\u201d wurde sp\u00e4ter ein Fernsehfilm.<\/p>\n\n\n\n<p>Die Geschichten spielen in den Kulissen der Nachkriegsjahre, der Tr\u00fcmmerlandschaften, der Aufr\u00e4umarbeiten, Essensmarken. Die Zeichnungen von Iris sind poetisch und zeitlos. Selbstverst\u00e4ndlich sind Worte und Bilder dieser Ver\u00f6ffentlichung urheberrechtlich gesch\u00fctzt, die Zeichnungen von Frau Hahs-Hoffstetter werden mit der freundlichen Genehmigung der Erben ver\u00f6ffentlicht.<\/p>\n\n\n\n<p>Noch mehr <a href=\"http:\/\/zernsdorf.de\/cms\/?q=content\/hahs-hoffstetter-galerie\">Bilder<\/a> und eine <a href=\"http:\/\/zernsdorf.de\/cms\/?q=content\/iris-hahs-hoffstetter\">Biografie<\/a> der K\u00fcnstlerin findet ihr unter&nbsp; <a href=\"http:\/\/www.zernsdorf.de\/cms\/?q=content\/hahs-hoffstetter-galerie\">Zernsdorf.de<\/a>, denn sie lebte lange Jahre in Zernsdorf. Und hier gibt es auch eine <a href=\"https:\/\/www.youtube.com\/watch?v=Av_3ZQAIndc\">Bilderstrecke<\/a> mit vielen Werken von Iris und musikalischer Begleitung von Lorenzo Fenu.<\/p>\n\n\n\n<p>M\u00e4rchen f\u00fcr den Montag &#8211; <a href=\"https:\/\/webaid.it\/?page_id=1624\">Wie einer auszog, das Gute und Sch\u00f6ne zu suchen<\/a><br>&#8230; f\u00fcr den Dienstag &#8211; <a href=\"https:\/\/webaid.it\/?page_id=1627\">M\u00e4rchen in der M\u00fcllerstra\u00dfe<\/a><br>&#8230; f\u00fcr den Mittwoch &#8211; <a href=\"https:\/\/webaid.it\/?page_id=1630\">Prinz, Prinzessin und B\u00e4r<\/a><br>&#8230; f\u00fcr den Donnerstag &#8211; <a href=\"https:\/\/webaid.it\/?page_id=1632\">Philosophie einer Liebe<\/a><br>&#8230; f\u00fcr den Freitag &#8211; <a href=\"https:\/\/webaid.it\/?page_id=1634\">Wie M\u00e4rchenbriefe gewechselt werden<\/a><br>&#8230; f\u00fcr den Sonnabend &#8211; <a href=\"https:\/\/webaid.it\/?page_id=1636\">Der B\u00e4r kann auch gut sein<\/a><br>&#8230; f\u00fcr den Sonntag &#8211; <a href=\"https:\/\/webaid.it\/?page_id=1638\">Aus dem Tagebuch eines Schutzengels<\/a><\/p>\n\n\n\n<p><\/p>\n\n\n\n<p><\/p>\n","protected":false},"excerpt":{"rendered":"<p>*** Geschichten von Peter Podehl **Illustrationen von Iris Hahs-Hoffstetter ** Ende der 40er Jahre schrieb Peter Podehl dieses \u201cM\u00e4rchenbuch f\u00fcr Liebende\u201d, zu denen Iris Hahs-Hoffstetter Zeichnungen anfertigte. Auch dieses Werk blieb \u2013 wie ja viele andere \u2013 unver\u00f6ffentlicht. Das M\u00e4rchen f\u00fcr den Dienstag \u201cM\u00e4rchen in der M\u00fcllerstra\u00dfe\u201d wurde sp\u00e4ter ein Fernsehfilm. Die Geschichten spielen in [&hellip;]<\/p>\n","protected":false},"author":1,"featured_media":0,"parent":494,"menu_order":4,"comment_status":"closed","ping_status":"closed","template":"","meta":{"footnotes":""},"class_list":["post-1054","page","type-page","status-publish","hentry"],"_links":{"self":[{"href":"https:\/\/webaid.it\/index.php?rest_route=\/wp\/v2\/pages\/1054","targetHints":{"allow":["GET"]}}],"collection":[{"href":"https:\/\/webaid.it\/index.php?rest_route=\/wp\/v2\/pages"}],"about":[{"href":"https:\/\/webaid.it\/index.php?rest_route=\/wp\/v2\/types\/page"}],"author":[{"embeddable":true,"href":"https:\/\/webaid.it\/index.php?rest_route=\/wp\/v2\/users\/1"}],"replies":[{"embeddable":true,"href":"https:\/\/webaid.it\/index.php?rest_route=%2Fwp%2Fv2%2Fcomments&post=1054"}],"version-history":[{"count":21,"href":"https:\/\/webaid.it\/index.php?rest_route=\/wp\/v2\/pages\/1054\/revisions"}],"predecessor-version":[{"id":2098,"href":"https:\/\/webaid.it\/index.php?rest_route=\/wp\/v2\/pages\/1054\/revisions\/2098"}],"up":[{"embeddable":true,"href":"https:\/\/webaid.it\/index.php?rest_route=\/wp\/v2\/pages\/494"}],"wp:attachment":[{"href":"https:\/\/webaid.it\/index.php?rest_route=%2Fwp%2Fv2%2Fmedia&parent=1054"}],"curies":[{"name":"wp","href":"https:\/\/api.w.org\/{rel}","templated":true}]}}