{"id":1068,"date":"2023-02-20T15:43:36","date_gmt":"2023-02-20T15:43:36","guid":{"rendered":"https:\/\/peterpodehl.com\/?page_id=1068"},"modified":"2026-03-04T09:17:49","modified_gmt":"2026-03-04T09:17:49","slug":"peter-e-la-morte","status":"publish","type":"page","link":"https:\/\/webaid.it\/?page_id=1068","title":{"rendered":"Peter e la morte"},"content":{"rendered":"\n<h2 class=\"has-text-align-center wp-block-heading\">Peter e la morte<\/h2>\n\n\n\n<p class=\"has-text-align-center\">*<\/p>\n\n\n\n<p><em>&#8220;Il mio raffreddore \u00e8 andato via<strong>.\u00a0<\/strong>&#8220;<br>\u201eDove?\u201c <br>Le malattie in genere passano, ma dove vanno? Andranno dove vanno i suoni, e i colori? La morte mai. Quella viene soltanto. Lei viene, e chi se ne andr\u00e0 siamo noi.   <\/em><br><em>(Dagli appunti di Peter)<\/em><\/p>\n\n\n\n<p class=\"has-text-align-center\">*<\/p>\n\n\n\n<p>Mor\u00ec quando era venuto il momento a lui congeniale. Smise semplicemente di respirare. Amava osservare Irina e me, quando raccontavamo le nostre piccole avventure quotidiane. Quasi sempre le raccontavamo in italiano e quindi capiva solo il senso o nulla affatto, ma osservava divertito la nostra mimica, quella di Irina gli ricordava tanto Charlotte, diceva. Ora Gianni era andato in farmacia per prendere una bombola di ossigeno,&nbsp; semmai fosse necessaria, e i due infermieri, padre e figlio, stavano aspettando insieme a me. Cominciai a raccontare delle allegre spaghettate nella Aretinstra\u00dfe, quando andavo a Monaco. Intorno al tavolo c\u2019era posto per 12 persone, cominciavo a telefonare, chi aveva tempo veniva, la voglia di spaghetti italiani non mancava mai, e sempre erano cene vivacissime. Peter aveva il respiro pesante, mi osservava quando ogni tanto alzava le palpebre, mi sentiva parlare. Mezz\u2019ora prima, quando erano arrivati Bruno e Daniel, li aveva salutati sorridendo con un\u2019alzata di mano.&nbsp; Prosegu\u00ec poi raccontando di un cliente che voleva creare un centro di delfinoterapia in Calabria, dove tuttavia non riusciva a fare nulla per il muro di gomma dei calabresi. E improvvisamente il silenzio, il respiro pesante &#8230;? Gli poggiai la mano sul cuore, alcuni battiti selvaggi e poi pi\u00f9 nulla.<\/p>\n\n\n\n<p>Arriv\u00f2 il medico e anche il servizio delle pompe funebri con i soliti fronzoli kitsch italiani. La sera mi lamentai con Gianni per una certa superficialit\u00e0 da parte loro. Ed eccoli l\u00ec, il giorno dopo, ai bordi del prato con tutto il panorama dei monti dietro, un po imbarazzati per il rimprovero di Gianni, in attesa del permesso di chiudere la bara e portarla via. Dalla veranda giungevano ad intervalli grandi risate. I pronipoti di Peter, Adriano, non ancora due anni, e Pietro che camminava da pochi giorni, erano presi dai loro piccoli giochi di potere. Pietro aveva scoperto che poteva far arrabbiare Adriano togliendogli i giocattoli. Adriano reagiva con un urlo di pianto disperato suscitando a sua volta le risate degli adulti che osservavano mentre, nella stanza accanto, i nuovi arrivati dicevano addio a Peter nella bara ancora aperta.<\/p>\n\n\n\n<p>Penso che si sia goduto la scena di tutto cuore.<\/p>\n\n\n\n<p>Dopo la messa multietnica e multireligiosa nella piccola chiesa cattolica di Mandela per Peter lutherano, con un prete indio sudamericano dalla mani caldissime, e l\u2019addio definitivo a Peter, si va tutti a mangiare nel convento di S. Cosimato. Gli italiani non perdono occasione per stare tutti insieme a mangiare con forchetta e coltello o anche solo con le mani, purch\u00e9 si stia in compagnia. Ma dopo un funerale? Quindi il pranzo inizialmente era un pochino meno allegro di un banchetto funebre tedesco. Ma poi i tanti bambini piccoli, pronipoti di Peter, i nostri nipoti e gli amici della nostre figlie con la loro prole con profumati pannolini ripieni distesero l\u2019ambiente, tant\u2019\u00e8 che Giordano, quando la bella giornata di un\u2019ottobrata romana nel chiostro di S. Cosimato stava finendo e ci si salutava, mi ringrazi\u00f2 per la bella giorn\u2026 e spaventato poi si mise la mano sulla bocca.<\/p>\n\n\n\n<p>Sento Peter che se la ridacchia.<\/p>\n\n\n\n<p>&nbsp;\u201cNon sono una pena\u201d, dice la morte nella commedia \u201cEupa und Ro\u201d di Peter.<\/p>\n\n\n\n<p>Ho problemi di digestione e vado dalla mia omeopata, Antonita. E\u2019 alquanto sorpresa, perch\u00e9 mi rivolta come un pedalino ma non trova proprio nulla che non va. \u201cE che ti do?\u201c Riflette e poi: \u201eEcco: Ignatia.\u201c<\/p>\n\n\n\n<p>Compro Ignatia e ne prendo 2 globuli, come da prescrizione. E poi corro come una pazza facendo delle virate pazzesche di 190\u00b0. Mi sveglio nel bel mezzo della notte, alquanto sorpresa.<\/p>\n\n\n\n<p>Due notti dopo batto i pugni sul tavolo e urlo: \u201eVoglio l\u2019acqua asciutta!!!\u201c<\/p>\n\n\n\n<p>Cerco su internet e trovo informazioni:<\/p>\n\n\n\n<p>Il grande sintomo chiave caratteristico di <em>Ignatia<\/em> \u00e8 la <em>paradossalit\u00e0<\/em>, la contraddizione degli effetti. Ah!!<\/p>\n\n\n\n<p>Altrove trovo: Quando un ignatia&nbsp; annega nel fiume, il suo cadavere non va cercato a valle ma a monte, contro corrente.<\/p>\n\n\n\n<p>Mi piace l\u2019idea. Think different.<\/p>\n\n\n\n<p>Cerco e trovo materiale da leggere su omeopatia e sogni. Mi trascina nella complicatissima e affascinante psicologia di Jung. Dopo mesi di letture sempre interrotte da interventi da nonna di promozione di ruttini, azioni calmanti con cuccio e cambi di pannolini con l\u2019ultima nipotina riesco ad afferrare un pochino le intricate logiche. Nel libro una donna sogna di trovarsi con tutta la sua famiglia a bordo di una capsula in attesa di essere lanciati nello spazio. Io penso al progetto \u201cGemini\u201d di tanti anni fa, l\u2019omeopata si meraviglia della parola \u201ccapsula\u201d e, nella sua logica, trova l\u2019unico rimedio che viene ricavato da una capsula vegetale. Lo prescrive \u2013 dando vaste spiegazioni \u2013 alla paziente che ne riceve sollievo dalle sue sofferenze.<\/p>\n\n\n\n<p>Di fronte a tale logica Peter avrebbe passato il suo braccio destro dietro la testa per mettere la stessa mano destra da sinistra sulla bocca \u2013 e poi tossirci dentro. Ma se il cadavere di un ignatia annegato va cercato controcorrente, siamo comunque fuori dalle norme e va bene cos\u00ec. Lasciamo vagare il pensiero in questo mondo inverso. Dopo qualche mese e altre letture di Marie Louise von Franz trovo cose ancora pi\u00f9 strampalate: La morte, il fuoco, la ricchezza, il vuoto e il giorno sono archetipi che sanno contare.<\/p>\n\n\n\n<p>Dopo tanto tempo sogno di Mani. Mi trovo in un luogo a me familiare nel sogno ai piedi di una collina, arrivano tanti bambini che sempre nel sogno conosco e stavo aspettando, ed insieme saliamo la collina per entrare in un ambiente chiuso. I bambini hanno vestiti invernali con cappellini di lana, ma gli alberi sono carichi di fogliame estivo. I bambini corrono, fanno chiasso e esplorano l\u2019ambiente e alla fine giungiamo ad una porta un pochino nascosta dove bussiamo. Mani ci apre con un: \u201cEccovi, entrate!\u201d Entrando si deve girare a sinistra, perch\u00e9 davanti alla porta c\u2019\u00e8 un muro bianco, come nelle case cinesi, perch\u00e9 i loro spiriti non sanno girare l\u2019angolo e quindi non riescono ad entrare in casa. Cosa avranno trovato dietro quel muro i bambini entrati prima di me, io, nel sogno non l\u2019ho pi\u00f9 scoperto.<\/p>\n\n\n\n<p>\u201cHo bisogno di coraggio per lavorare, se, di fronte al morire nella casa accanto, devo iniziare a scrivere una puntata dal titolo SALUTE.\u201d<\/p>\n\n\n\n<p>\u00c8 l\u2019inizio degli appunti di Peter per detta puntata di \u201cHallo Spencer\u201d. 8 giorni dopo, Mani \u00e8 morta.<\/p>\n\n\n\n<p>Dunque: La morte, la ricchezza, il fuoco, il vuoto e il giorno sanno contare. La ricchezza? Certo, paperon de paperonis passa tutta la giornata a contare i soldi. E noi tutti contiamo i giorni, li raggruppiamo e li suddividiamo in mesi o miliardi di anni, e ore o nanosecondi. Cosa possano essere quest\u2019ultimi non saprei, e quando Adriano mi presenta il suo ultimo nonsocomesichiamasauro di plastica dichiarando che ha vissuto trenta milioni di anni fa \u2013 TRENTA MILIONI, sottolinea e mi guarda con i suoi grandi occhi nella speranza che sua nonna possa dargli una spiegazione comprensibile per questa dimensione, devo deluderlo. Ma, per giove!, cosa \u2013 e come &#8211; conter\u00e0 mai il fuoco? E il vuoto? Continuo la lettura: \u201cIl fuoco e la ricchezza, ovviamente, sono dei simboli per l\u2019energia psichica. E pensiamo anche alle antiche rappresentazioni della divinit\u00e0 della morte, p. es. nella religione greco-romana, dove tale divinit\u00e0 \u00e8 Zeus o il Giove degli inferi. Il dio dell\u2019infinit\u00e0 ed il tesoriere. Il regno dei morti \u00e8 come un tesoro, e il dio della morte \u00e8 il custode di questo tesoro incommensurabile, da cui sar\u00e0 generata nuova vita e in cui i moribondi faranno ritorno.\u201d<\/p>\n\n\n\n<p>Che meraviglia! Questa si che \u00e8 vita! Il regno dei morti un tesoro! Una cosa preziosa. La morte non \u00e8 una pena, una punizione. E neanche una fine. Dal regno dei morti, dalla morte scaturisce&nbsp; nuova vita.<\/p>\n\n\n\n<p>La morte fa la conta:&nbsp;<\/p>\n\n\n\n<p>Uno, due, tre,<br>cerco il Papa e trovo il Re,<br>cerco il savio e trovo il matto,<br>cerco il cane e trovo il gatto,<br>cerco il gatto e trovo il topo,<br>tu vieni prima, e io dopo.&nbsp;<\/p>\n\n\n\n<p>Prima Mani, noi dopo. <em>Her number was up<\/em>.&nbsp; Era il suo turno. Siamo impotenti, una morte con un senso inafferrabile per noi con la nostra povera e limitata mente umana.<\/p>\n\n\n\n<p>\u201cQuante cose non dette portano con s\u00e9 i moribondi? Moriamo con tante cose non dette. Importante di fronte alla morte \u00e8 che diciamo amore e ci venga detto amore.\u201d<\/p>\n\n\n\n<p>Dagli appunti di Peter per il suo Stadtroman.<\/p>\n\n\n\n<p>Mani non c\u2019\u00e8 pi\u00f9. Inconcepibile, strappata dalla pienezza della sua vita. La morte lascia dolore, il dialogo interrotto e svanito nel nulla. Facciamo soliloqui dandoci anche le risposte alle nostre domande,&nbsp; prive dell\u2019irrinunciabile diversit\u00e0 dell\u2019altro. La cui morte ci ha colpiti forte, ci ha dato una spinta, ha lasciato il vuoto, uno spazio che i vivi riempiranno. E conclude una vita terrena. Facciamo il punto.<\/p>\n\n\n\n<p>Cosa ci lascia? Verena di 3 anni e Claudia di 5 mesi. Se le guardo oggi vedo due donne belle, adulte, nella pienezza della loro vita. Grazie ad Uschi. Estrapolarle dalla massa blob, dal grande incommensurabile tesoro di anime, la loro incarnazione \u00e8 stato il compito di Marianna. Fatto.<\/p>\n\n\n\n<p>Il suo desiderio pi\u00f9 grande? Trovare l\u2019uomo della sua vita. Lo ha cercato a lungo e con molto impegno. E lo ha trovato. Voleva essere amata da Ekke per tutta la sua vita. Desiderio esaudito.&nbsp;<\/p>\n\n\n\n<p>L\u2019effetto della sua morte?&nbsp;<\/p>\n\n\n\n<p>Vent\u2019anni dopo, a pochi giorni dall\u2019anniversario, Ekke, nel pieno esercizio delle sue attivit\u00e0 professionali crolla a terra. Burn-out. Ci metter\u00e0 sei mesi a rigenerare energie sufficienti per affacciarsi alla nuova vita che lo sta aspettando: dopo tutti questi anni, Ekke si \u00e8 riscattato, ha spezzato l\u2019armatura, gli incredibili intrecci in cui lui, appena nato e libero, era stato costretto.<\/p>\n\n\n\n<p>Soltanto lui potrebbe continuare a scrivere questa storia.<\/p>\n\n\n\n<p class=\"has-text-align-right\">\u00a9 Claudia Podehl<\/p>\n","protected":false},"excerpt":{"rendered":"<p>Peter e la morte * &#8220;Il mio raffreddore \u00e8 andato via.\u00a0&#8220;\u201eDove?\u201c Le malattie in genere passano, ma dove vanno? Andranno dove vanno i suoni, e i colori? La morte mai. Quella viene soltanto. Lei viene, e chi se ne andr\u00e0 siamo noi. (Dagli appunti di Peter) * Mor\u00ec quando era venuto il momento a lui [&hellip;]<\/p>\n","protected":false},"author":1,"featured_media":4610,"parent":1042,"menu_order":5,"comment_status":"closed","ping_status":"closed","template":"","meta":{"footnotes":""},"class_list":["post-1068","page","type-page","status-publish","has-post-thumbnail","hentry"],"_links":{"self":[{"href":"https:\/\/webaid.it\/index.php?rest_route=\/wp\/v2\/pages\/1068","targetHints":{"allow":["GET"]}}],"collection":[{"href":"https:\/\/webaid.it\/index.php?rest_route=\/wp\/v2\/pages"}],"about":[{"href":"https:\/\/webaid.it\/index.php?rest_route=\/wp\/v2\/types\/page"}],"author":[{"embeddable":true,"href":"https:\/\/webaid.it\/index.php?rest_route=\/wp\/v2\/users\/1"}],"replies":[{"embeddable":true,"href":"https:\/\/webaid.it\/index.php?rest_route=%2Fwp%2Fv2%2Fcomments&post=1068"}],"version-history":[{"count":2,"href":"https:\/\/webaid.it\/index.php?rest_route=\/wp\/v2\/pages\/1068\/revisions"}],"predecessor-version":[{"id":1070,"href":"https:\/\/webaid.it\/index.php?rest_route=\/wp\/v2\/pages\/1068\/revisions\/1070"}],"up":[{"embeddable":true,"href":"https:\/\/webaid.it\/index.php?rest_route=\/wp\/v2\/pages\/1042"}],"wp:featuredmedia":[{"embeddable":true,"href":"https:\/\/webaid.it\/index.php?rest_route=\/wp\/v2\/media\/4610"}],"wp:attachment":[{"href":"https:\/\/webaid.it\/index.php?rest_route=%2Fwp%2Fv2%2Fmedia&parent=1068"}],"curies":[{"name":"wp","href":"https:\/\/api.w.org\/{rel}","templated":true}]}}