{"id":1201,"date":"2023-03-03T17:25:00","date_gmt":"2023-03-03T17:25:00","guid":{"rendered":"https:\/\/peterpodehl.com\/?page_id=1201"},"modified":"2023-11-28T05:47:24","modified_gmt":"2023-11-28T05:47:24","slug":"zitate-aus-moglichkeiten","status":"publish","type":"page","link":"https:\/\/webaid.it\/?page_id=1201","title":{"rendered":"Zitate aus &#8220;M\u00f6glichkeiten&#8221;"},"content":{"rendered":"\n<p class=\"has-text-align-center\">***<\/p>\n\n\n\n<p><\/p>\n\n\n\n<p>Ich mag dich \u00fcber alle Zeiten gern. Aber ich wage nicht, an diese M\u00f6glichkeit zu glauben.<\/p>\n\n\n\n<p>Selbstmord jedoch ist streng verboten und zieht bei Missgl\u00fccken die Todesstrafe nach sich.<\/p>\n\n\n\n<p>Harmlos ist keiner.<\/p>\n\n\n\n<p>Ich stecke meinen Kopf aus dem Sack unserer Nacht in die Luft eures Tages.<\/p>\n\n\n\n<p>Die Zukunft ist mithin eine Sache des Bauens.<\/p>\n\n\n\n<p>Du bist tr\u00fcsterig und altmodisch.&nbsp; Bekanntlich beginnt am Ende jeder Welt eine andere.<\/p>\n\n\n\n<p>Ich kann die F\u00fchrer prinzipiell nicht leiden, aber dass der mich Goethe &#8211; wenn\u00a0auch nicht ganz zu Ende &#8211; hat rezitieren lassen,\u00a0war eigentlich kulturell ganz nett.<\/p>\n\n\n\n<p>Standpunkt &#8211; Liegepunkt -Fliegepunkt<\/p>\n\n\n\n<p>Aber sie haben dich begnadigt! Du sollst leben,&nbsp;weil ein Krieg kommt und sie Soldaten brauchen.<\/p>\n\n\n\n<p>Ich selbst habe auch das Kriegsverdienstkreuz erster&nbsp;Klasse f\u00fcr ausgezeichnete, vorbildliche und musterg\u00fcltige&nbsp; Schreibarbeit hinter der Front erhalten.<\/p>\n\n\n\n<p>Vor allen Dingen aber fordere ich die r\u00fccksichtslose&nbsp;Bek\u00e4mpfung des Schleichhandels mit Geist.<\/p>\n\n\n\n<p>Denn das Wesen der Pause ist doch gerade Unfruchtbarkeit.<\/p>\n\n\n\n<p>Ich habe die Liebe dazugefl\u00fcstert.<\/p>\n","protected":false},"excerpt":{"rendered":"<p>*** Ich mag dich \u00fcber alle Zeiten gern. Aber ich wage nicht, an diese M\u00f6glichkeit zu glauben. Selbstmord jedoch ist streng verboten und zieht bei Missgl\u00fccken die Todesstrafe nach sich. Harmlos ist keiner. Ich stecke meinen Kopf aus dem Sack unserer Nacht in die Luft eures Tages. Die Zukunft ist mithin eine Sache des Bauens. [&hellip;]<\/p>\n","protected":false},"author":1,"featured_media":0,"parent":444,"menu_order":7,"comment_status":"closed","ping_status":"closed","template":"","meta":{"footnotes":""},"class_list":["post-1201","page","type-page","status-publish","hentry"],"_links":{"self":[{"href":"https:\/\/webaid.it\/index.php?rest_route=\/wp\/v2\/pages\/1201","targetHints":{"allow":["GET"]}}],"collection":[{"href":"https:\/\/webaid.it\/index.php?rest_route=\/wp\/v2\/pages"}],"about":[{"href":"https:\/\/webaid.it\/index.php?rest_route=\/wp\/v2\/types\/page"}],"author":[{"embeddable":true,"href":"https:\/\/webaid.it\/index.php?rest_route=\/wp\/v2\/users\/1"}],"replies":[{"embeddable":true,"href":"https:\/\/webaid.it\/index.php?rest_route=%2Fwp%2Fv2%2Fcomments&post=1201"}],"version-history":[{"count":4,"href":"https:\/\/webaid.it\/index.php?rest_route=\/wp\/v2\/pages\/1201\/revisions"}],"predecessor-version":[{"id":3763,"href":"https:\/\/webaid.it\/index.php?rest_route=\/wp\/v2\/pages\/1201\/revisions\/3763"}],"up":[{"embeddable":true,"href":"https:\/\/webaid.it\/index.php?rest_route=\/wp\/v2\/pages\/444"}],"wp:attachment":[{"href":"https:\/\/webaid.it\/index.php?rest_route=%2Fwp%2Fv2%2Fmedia&parent=1201"}],"curies":[{"name":"wp","href":"https:\/\/api.w.org\/{rel}","templated":true}]}}