{"id":1352,"date":"2023-03-29T07:11:31","date_gmt":"2023-03-29T07:11:31","guid":{"rendered":"https:\/\/peterpodehl.com\/?page_id=1352"},"modified":"2026-02-19T12:09:50","modified_gmt":"2026-02-19T12:09:50","slug":"kommen-und-gehen-presseschau","status":"publish","type":"page","link":"https:\/\/webaid.it\/?page_id=1352","title":{"rendered":"Kommen und Gehen &#8211; Presseschau 1948"},"content":{"rendered":"\n<p class=\"has-text-align-center\">***<\/p>\n\n\n\n<p class=\"has-text-align-center\"><strong>Auszug aus den damaligen Pressekritiken<\/strong><br><strong>und auf den letzten 3 Seiten<\/strong><br><strong>Ausz\u00fcge aus Zuschauerbriefen<\/strong><\/p>\n\n\n\n<p class=\"has-text-align-center\">***<\/p>\n\n\n\n<figure class=\"wp-block-image aligncenter size-large\"><img loading=\"lazy\" decoding=\"async\" width=\"724\" height=\"1024\" src=\"https:\/\/webaid.it\/wp-content\/uploads\/2023\/03\/KommenUndGehenKritik_01-724x1024.jpg\" alt=\"\" class=\"wp-image-1513\" srcset=\"https:\/\/webaid.it\/wp-content\/uploads\/2023\/03\/KommenUndGehenKritik_01-724x1024.jpg 724w, https:\/\/webaid.it\/wp-content\/uploads\/2023\/03\/KommenUndGehenKritik_01-212x300.jpg 212w, https:\/\/webaid.it\/wp-content\/uploads\/2023\/03\/KommenUndGehenKritik_01-768x1086.jpg 768w, https:\/\/webaid.it\/wp-content\/uploads\/2023\/03\/KommenUndGehenKritik_01-1087x1536.jpg 1087w, https:\/\/webaid.it\/wp-content\/uploads\/2023\/03\/KommenUndGehenKritik_01.jpg 1240w\" sizes=\"auto, (max-width: 724px) 100vw, 724px\" \/><\/figure>\n\n\n\n<p><\/p>\n\n\n\n<figure class=\"wp-block-image aligncenter size-large\"><img loading=\"lazy\" decoding=\"async\" width=\"724\" height=\"1024\" src=\"https:\/\/webaid.it\/wp-content\/uploads\/2023\/03\/KommenUndGehenKritik_02-724x1024.jpg\" alt=\"\" class=\"wp-image-1514\" srcset=\"https:\/\/webaid.it\/wp-content\/uploads\/2023\/03\/KommenUndGehenKritik_02-724x1024.jpg 724w, https:\/\/webaid.it\/wp-content\/uploads\/2023\/03\/KommenUndGehenKritik_02-212x300.jpg 212w, https:\/\/webaid.it\/wp-content\/uploads\/2023\/03\/KommenUndGehenKritik_02-768x1086.jpg 768w, https:\/\/webaid.it\/wp-content\/uploads\/2023\/03\/KommenUndGehenKritik_02-1087x1536.jpg 1087w, https:\/\/webaid.it\/wp-content\/uploads\/2023\/03\/KommenUndGehenKritik_02.jpg 1240w\" sizes=\"auto, (max-width: 724px) 100vw, 724px\" \/><\/figure>\n\n\n\n<p><\/p>\n\n\n\n<figure class=\"wp-block-image aligncenter size-large\"><img loading=\"lazy\" decoding=\"async\" width=\"724\" height=\"1024\" src=\"https:\/\/webaid.it\/wp-content\/uploads\/2023\/03\/KommenUndGehenKritik_03-724x1024.jpg\" alt=\"\" class=\"wp-image-1515\" srcset=\"https:\/\/webaid.it\/wp-content\/uploads\/2023\/03\/KommenUndGehenKritik_03-724x1024.jpg 724w, https:\/\/webaid.it\/wp-content\/uploads\/2023\/03\/KommenUndGehenKritik_03-212x300.jpg 212w, https:\/\/webaid.it\/wp-content\/uploads\/2023\/03\/KommenUndGehenKritik_03-768x1086.jpg 768w, https:\/\/webaid.it\/wp-content\/uploads\/2023\/03\/KommenUndGehenKritik_03-1087x1536.jpg 1087w, https:\/\/webaid.it\/wp-content\/uploads\/2023\/03\/KommenUndGehenKritik_03.jpg 1240w\" sizes=\"auto, (max-width: 724px) 100vw, 724px\" \/><\/figure>\n\n\n\n<p><\/p>\n\n\n\n<figure class=\"wp-block-image aligncenter size-large\"><img loading=\"lazy\" decoding=\"async\" width=\"724\" height=\"1024\" src=\"https:\/\/webaid.it\/wp-content\/uploads\/2023\/03\/KommenUndGehenKritik_04-724x1024.jpg\" alt=\"\" class=\"wp-image-1516\" srcset=\"https:\/\/webaid.it\/wp-content\/uploads\/2023\/03\/KommenUndGehenKritik_04-724x1024.jpg 724w, https:\/\/webaid.it\/wp-content\/uploads\/2023\/03\/KommenUndGehenKritik_04-212x300.jpg 212w, https:\/\/webaid.it\/wp-content\/uploads\/2023\/03\/KommenUndGehenKritik_04-768x1086.jpg 768w, https:\/\/webaid.it\/wp-content\/uploads\/2023\/03\/KommenUndGehenKritik_04-1087x1536.jpg 1087w, https:\/\/webaid.it\/wp-content\/uploads\/2023\/03\/KommenUndGehenKritik_04.jpg 1240w\" sizes=\"auto, (max-width: 724px) 100vw, 724px\" \/><\/figure>\n\n\n\n<p><\/p>\n\n\n\n<figure class=\"wp-block-image aligncenter size-large\"><img loading=\"lazy\" decoding=\"async\" width=\"724\" height=\"1024\" src=\"https:\/\/webaid.it\/wp-content\/uploads\/2023\/03\/KommenUndGehenKritik_05-724x1024.jpg\" alt=\"\" class=\"wp-image-1517\" srcset=\"https:\/\/webaid.it\/wp-content\/uploads\/2023\/03\/KommenUndGehenKritik_05-724x1024.jpg 724w, https:\/\/webaid.it\/wp-content\/uploads\/2023\/03\/KommenUndGehenKritik_05-212x300.jpg 212w, https:\/\/webaid.it\/wp-content\/uploads\/2023\/03\/KommenUndGehenKritik_05-768x1086.jpg 768w, https:\/\/webaid.it\/wp-content\/uploads\/2023\/03\/KommenUndGehenKritik_05-1087x1536.jpg 1087w, https:\/\/webaid.it\/wp-content\/uploads\/2023\/03\/KommenUndGehenKritik_05.jpg 1240w\" sizes=\"auto, (max-width: 724px) 100vw, 724px\" \/><\/figure>\n\n\n\n<p><\/p>\n\n\n\n<figure class=\"wp-block-image aligncenter size-large\"><img loading=\"lazy\" decoding=\"async\" width=\"724\" height=\"1024\" src=\"https:\/\/webaid.it\/wp-content\/uploads\/2023\/03\/KommenUndGehenKritik_06-724x1024.jpg\" alt=\"\" class=\"wp-image-1518\" srcset=\"https:\/\/webaid.it\/wp-content\/uploads\/2023\/03\/KommenUndGehenKritik_06-724x1024.jpg 724w, https:\/\/webaid.it\/wp-content\/uploads\/2023\/03\/KommenUndGehenKritik_06-212x300.jpg 212w, https:\/\/webaid.it\/wp-content\/uploads\/2023\/03\/KommenUndGehenKritik_06-768x1086.jpg 768w, https:\/\/webaid.it\/wp-content\/uploads\/2023\/03\/KommenUndGehenKritik_06-1087x1536.jpg 1087w, https:\/\/webaid.it\/wp-content\/uploads\/2023\/03\/KommenUndGehenKritik_06.jpg 1240w\" sizes=\"auto, (max-width: 724px) 100vw, 724px\" \/><\/figure>\n\n\n\n<figure class=\"wp-block-image aligncenter size-large\"><img loading=\"lazy\" decoding=\"async\" width=\"724\" height=\"1024\" src=\"https:\/\/webaid.it\/wp-content\/uploads\/2023\/03\/KommenUndGehenKritik_07-724x1024.jpg\" alt=\"\" class=\"wp-image-1519\" srcset=\"https:\/\/webaid.it\/wp-content\/uploads\/2023\/03\/KommenUndGehenKritik_07-724x1024.jpg 724w, https:\/\/webaid.it\/wp-content\/uploads\/2023\/03\/KommenUndGehenKritik_07-212x300.jpg 212w, https:\/\/webaid.it\/wp-content\/uploads\/2023\/03\/KommenUndGehenKritik_07-768x1086.jpg 768w, https:\/\/webaid.it\/wp-content\/uploads\/2023\/03\/KommenUndGehenKritik_07-1087x1536.jpg 1087w, https:\/\/webaid.it\/wp-content\/uploads\/2023\/03\/KommenUndGehenKritik_07.jpg 1240w\" sizes=\"auto, (max-width: 724px) 100vw, 724px\" \/><\/figure>\n\n\n\n<p class=\"has-text-align-center\">***<\/p>\n\n\n\n<p class=\"has-text-align-center\">Das St\u00fcck berichtet: <a href=\"https:\/\/webaid.it\/?page_id=1555\">Autobiografischer Monolog<\/a><\/p>\n\n\n\n<p class=\"has-text-align-center\">***<\/p>\n\n\n\n<p class=\"has-text-align-center\"><a href=\"https:\/\/webaid.it\/?page_id=1397\">Claudia zur hiesigen Ver\u00f6ffentlichung <\/a><\/p>\n\n\n\n<p class=\"has-text-align-center\">***<\/p>\n\n\n\n<p class=\"has-text-align-center\"><a href=\"https:\/\/webaid.it\/?page_id=1352\">Presseschau und Zuschauerbriefe von damals<\/a><\/p>\n\n\n\n<p class=\"has-text-align-center\">***<\/p>\n\n\n\n<p class=\"has-text-align-center\"><a href=\"https:\/\/webaid.it\/?page_id=1367\">Kommen und Gehen &#8211; Das St\u00fcck<\/a><\/p>\n","protected":false},"excerpt":{"rendered":"<p>*** Auszug aus den damaligen Pressekritikenund auf den letzten 3 SeitenAusz\u00fcge aus Zuschauerbriefen *** *** Das St\u00fcck berichtet: Autobiografischer Monolog *** Claudia zur hiesigen Ver\u00f6ffentlichung *** Presseschau und Zuschauerbriefe von damals *** Kommen und Gehen &#8211; Das St\u00fcck<\/p>\n","protected":false},"author":1,"featured_media":0,"parent":1364,"menu_order":6,"comment_status":"closed","ping_status":"closed","template":"","meta":{"footnotes":""},"class_list":["post-1352","page","type-page","status-publish","hentry"],"_links":{"self":[{"href":"https:\/\/webaid.it\/index.php?rest_route=\/wp\/v2\/pages\/1352","targetHints":{"allow":["GET"]}}],"collection":[{"href":"https:\/\/webaid.it\/index.php?rest_route=\/wp\/v2\/pages"}],"about":[{"href":"https:\/\/webaid.it\/index.php?rest_route=\/wp\/v2\/types\/page"}],"author":[{"embeddable":true,"href":"https:\/\/webaid.it\/index.php?rest_route=\/wp\/v2\/users\/1"}],"replies":[{"embeddable":true,"href":"https:\/\/webaid.it\/index.php?rest_route=%2Fwp%2Fv2%2Fcomments&post=1352"}],"version-history":[{"count":11,"href":"https:\/\/webaid.it\/index.php?rest_route=\/wp\/v2\/pages\/1352\/revisions"}],"predecessor-version":[{"id":4502,"href":"https:\/\/webaid.it\/index.php?rest_route=\/wp\/v2\/pages\/1352\/revisions\/4502"}],"up":[{"embeddable":true,"href":"https:\/\/webaid.it\/index.php?rest_route=\/wp\/v2\/pages\/1364"}],"wp:attachment":[{"href":"https:\/\/webaid.it\/index.php?rest_route=%2Fwp%2Fv2%2Fmedia&parent=1352"}],"curies":[{"name":"wp","href":"https:\/\/api.w.org\/{rel}","templated":true}]}}