{"id":1367,"date":"2023-03-29T07:36:18","date_gmt":"2023-03-29T07:36:18","guid":{"rendered":"https:\/\/peterpodehl.com\/?page_id=1367"},"modified":"2026-02-19T12:11:09","modified_gmt":"2026-02-19T12:11:09","slug":"kommen-und-gehen-das-stuck","status":"publish","type":"page","link":"https:\/\/webaid.it\/?page_id=1367","title":{"rendered":"Kommen und Gehen &#8211; Das St\u00fcck"},"content":{"rendered":"\n<p class=\"has-text-align-center\">***<\/p>\n\n\n\n<figure class=\"wp-block-image aligncenter size-large\"><img loading=\"lazy\" decoding=\"async\" width=\"1024\" height=\"731\" src=\"https:\/\/webaid.it\/wp-content\/uploads\/2023\/03\/KomUGehProgrammheftseite-1024x731.jpg\" alt=\"\" class=\"wp-image-1461\" srcset=\"https:\/\/webaid.it\/wp-content\/uploads\/2023\/03\/KomUGehProgrammheftseite-1024x731.jpg 1024w, https:\/\/webaid.it\/wp-content\/uploads\/2023\/03\/KomUGehProgrammheftseite-300x214.jpg 300w, https:\/\/webaid.it\/wp-content\/uploads\/2023\/03\/KomUGehProgrammheftseite-768x548.jpg 768w, https:\/\/webaid.it\/wp-content\/uploads\/2023\/03\/KomUGehProgrammheftseite-1536x1096.jpg 1536w, https:\/\/webaid.it\/wp-content\/uploads\/2023\/03\/KomUGehProgrammheftseite-2048x1461.jpg 2048w\" sizes=\"auto, (max-width: 1024px) 100vw, 1024px\" \/><\/figure>\n\n\n\n<p class=\"has-text-align-center\">***<\/p>\n\n\n\n<p class=\"has-text-align-center\"><a href=\"https:\/\/webaid.it\/?page_id=1330\">Bild 1<\/a><\/p>\n\n\n\n<figure class=\"wp-block-image aligncenter size-large is-resized\"><img loading=\"lazy\" decoding=\"async\" width=\"683\" height=\"1024\" src=\"https:\/\/webaid.it\/wp-content\/uploads\/2023\/03\/KomUGeh1BurofensterSW-683x1024.jpg\" alt=\"\" class=\"wp-image-1492\" style=\"width:195px;height:292px\" srcset=\"https:\/\/webaid.it\/wp-content\/uploads\/2023\/03\/KomUGeh1BurofensterSW-683x1024.jpg 683w, https:\/\/webaid.it\/wp-content\/uploads\/2023\/03\/KomUGeh1BurofensterSW-200x300.jpg 200w, https:\/\/webaid.it\/wp-content\/uploads\/2023\/03\/KomUGeh1BurofensterSW.jpg 692w\" sizes=\"auto, (max-width: 683px) 100vw, 683px\" \/><figcaption class=\"wp-element-caption\">B\u00fcrofenster<\/figcaption><\/figure>\n\n\n\n<p><\/p>\n\n\n\n<p class=\"has-text-align-center\"><a href=\"https:\/\/webaid.it\/?page_id=1333\">Bild 2<\/a><\/p>\n\n\n\n<figure class=\"wp-block-image aligncenter size-large\"><img loading=\"lazy\" decoding=\"async\" width=\"1024\" height=\"743\" src=\"https:\/\/webaid.it\/wp-content\/uploads\/2023\/04\/KomUGehSzenenfoto2PC-1024x743.jpg\" alt=\"\" class=\"wp-image-1549\" srcset=\"https:\/\/webaid.it\/wp-content\/uploads\/2023\/04\/KomUGehSzenenfoto2PC-1024x743.jpg 1024w, https:\/\/webaid.it\/wp-content\/uploads\/2023\/04\/KomUGehSzenenfoto2PC-300x218.jpg 300w, https:\/\/webaid.it\/wp-content\/uploads\/2023\/04\/KomUGehSzenenfoto2PC-768x557.jpg 768w, https:\/\/webaid.it\/wp-content\/uploads\/2023\/04\/KomUGehSzenenfoto2PC.jpg 1243w\" sizes=\"auto, (max-width: 1024px) 100vw, 1024px\" \/><\/figure>\n\n\n\n<p class=\"has-text-align-center\"><a href=\"https:\/\/webaid.it\/?page_id=1345\">Bild 3<\/a><\/p>\n\n\n\n<figure class=\"wp-block-image aligncenter size-full is-resized\"><img loading=\"lazy\" decoding=\"async\" width=\"660\" height=\"709\" src=\"https:\/\/webaid.it\/wp-content\/uploads\/2023\/03\/KomUGeh3WaggonfensterSW.jpg\" alt=\"\" class=\"wp-image-1497\" style=\"width:236px;height:254px\" srcset=\"https:\/\/webaid.it\/wp-content\/uploads\/2023\/03\/KomUGeh3WaggonfensterSW.jpg 660w, https:\/\/webaid.it\/wp-content\/uploads\/2023\/03\/KomUGeh3WaggonfensterSW-279x300.jpg 279w\" sizes=\"auto, (max-width: 660px) 100vw, 660px\" \/><figcaption class=\"wp-element-caption\">Wagonfenster<\/figcaption><\/figure>\n\n\n\n<p class=\"has-text-align-center\"><a href=\"https:\/\/webaid.it\/?page_id=1347\">Bild 4<\/a><\/p>\n\n\n\n<figure class=\"wp-block-image aligncenter size-full\"><img loading=\"lazy\" decoding=\"async\" width=\"985\" height=\"864\" src=\"https:\/\/webaid.it\/wp-content\/uploads\/2023\/04\/KomUGehSzenenFoto4Gardinen_1.jpg\" alt=\"\" class=\"wp-image-1551\" srcset=\"https:\/\/webaid.it\/wp-content\/uploads\/2023\/04\/KomUGehSzenenFoto4Gardinen_1.jpg 985w, https:\/\/webaid.it\/wp-content\/uploads\/2023\/04\/KomUGehSzenenFoto4Gardinen_1-300x263.jpg 300w, https:\/\/webaid.it\/wp-content\/uploads\/2023\/04\/KomUGehSzenenFoto4Gardinen_1-768x674.jpg 768w\" sizes=\"auto, (max-width: 985px) 100vw, 985px\" \/><\/figure>\n\n\n\n<p class=\"has-text-align-center\"><a href=\"https:\/\/webaid.it\/?page_id=1351\">Bild 5<\/a><\/p>\n\n\n\n<figure class=\"wp-block-image aligncenter size-full is-resized\"><img loading=\"lazy\" decoding=\"async\" width=\"651\" height=\"813\" src=\"https:\/\/webaid.it\/wp-content\/uploads\/2023\/03\/KomUGeh5Dachluke_SW-Versione-4.jpg\" alt=\"\" class=\"wp-image-1500\" style=\"width:263px;height:327px\" srcset=\"https:\/\/webaid.it\/wp-content\/uploads\/2023\/03\/KomUGeh5Dachluke_SW-Versione-4.jpg 651w, https:\/\/webaid.it\/wp-content\/uploads\/2023\/03\/KomUGeh5Dachluke_SW-Versione-4-240x300.jpg 240w\" sizes=\"auto, (max-width: 651px) 100vw, 651px\" \/><figcaption class=\"wp-element-caption\">Dachluke<\/figcaption><\/figure>\n\n\n\n<p><\/p>\n\n\n\n<p class=\"has-text-align-center\"><a href=\"https:\/\/webaid.it\/?page_id=1372\">Bild 6 <\/a><\/p>\n\n\n\n<p class=\"has-text-align-center\"><a href=\"https:\/\/webaid.it\/?page_id=1374\">Bild 7<\/a><\/p>\n\n\n\n<figure class=\"wp-block-image aligncenter size-full is-resized\"><img loading=\"lazy\" decoding=\"async\" width=\"705\" height=\"717\" src=\"https:\/\/webaid.it\/wp-content\/uploads\/2023\/03\/KomUGeh7ZerschossFensterSW-1.jpg\" alt=\"\" class=\"wp-image-1502\" style=\"width:326px;height:331px\" srcset=\"https:\/\/webaid.it\/wp-content\/uploads\/2023\/03\/KomUGeh7ZerschossFensterSW-1.jpg 705w, https:\/\/webaid.it\/wp-content\/uploads\/2023\/03\/KomUGeh7ZerschossFensterSW-1-295x300.jpg 295w\" sizes=\"auto, (max-width: 705px) 100vw, 705px\" \/><figcaption class=\"wp-element-caption\">Zerschossenes Fenster<\/figcaption><\/figure>\n\n\n\n<p class=\"has-text-align-center\"><a href=\"https:\/\/webaid.it\/?page_id=1376\">Bild 8<\/a><\/p>\n\n\n\n<figure class=\"wp-block-image aligncenter size-large\"><img loading=\"lazy\" decoding=\"async\" width=\"1024\" height=\"742\" src=\"https:\/\/webaid.it\/wp-content\/uploads\/2023\/04\/KomUGehSzenenfotowohnZiPC02CinCin-1024x742.jpg\" alt=\"\" class=\"wp-image-1553\" srcset=\"https:\/\/webaid.it\/wp-content\/uploads\/2023\/04\/KomUGehSzenenfotowohnZiPC02CinCin-1024x742.jpg 1024w, https:\/\/webaid.it\/wp-content\/uploads\/2023\/04\/KomUGehSzenenfotowohnZiPC02CinCin-300x217.jpg 300w, https:\/\/webaid.it\/wp-content\/uploads\/2023\/04\/KomUGehSzenenfotowohnZiPC02CinCin-768x557.jpg 768w, https:\/\/webaid.it\/wp-content\/uploads\/2023\/04\/KomUGehSzenenfotowohnZiPC02CinCin.jpg 1203w\" sizes=\"auto, (max-width: 1024px) 100vw, 1024px\" \/><\/figure>\n\n\n\n<p class=\"has-text-align-center\"><a href=\"https:\/\/webaid.it\/?page_id=1378\">Bild 9<\/a><\/p>\n\n\n\n<figure class=\"wp-block-image aligncenter size-full is-resized\"><img loading=\"lazy\" decoding=\"async\" width=\"688\" height=\"965\" src=\"https:\/\/webaid.it\/wp-content\/uploads\/2023\/03\/KomUGeh9BarackenfensterSW.jpg\" alt=\"\" class=\"wp-image-1503\" style=\"width:218px;height:305px\" srcset=\"https:\/\/webaid.it\/wp-content\/uploads\/2023\/03\/KomUGeh9BarackenfensterSW.jpg 688w, https:\/\/webaid.it\/wp-content\/uploads\/2023\/03\/KomUGeh9BarackenfensterSW-214x300.jpg 214w\" sizes=\"auto, (max-width: 688px) 100vw, 688px\" \/><figcaption class=\"wp-element-caption\">Barackenfenster<\/figcaption><\/figure>\n\n\n\n<p class=\"has-text-align-center\"><a href=\"https:\/\/webaid.it\/?page_id=1380\">Bild 10<\/a><\/p>\n\n\n\n<figure class=\"wp-block-image aligncenter size-large\"><img loading=\"lazy\" decoding=\"async\" width=\"1024\" height=\"724\" src=\"https:\/\/webaid.it\/wp-content\/uploads\/2023\/04\/KomUGehSzenenfoto10ArbeitsZi-1024x724.jpg\" alt=\"\" class=\"wp-image-1552\" srcset=\"https:\/\/webaid.it\/wp-content\/uploads\/2023\/04\/KomUGehSzenenfoto10ArbeitsZi-1024x724.jpg 1024w, https:\/\/webaid.it\/wp-content\/uploads\/2023\/04\/KomUGehSzenenfoto10ArbeitsZi-300x212.jpg 300w, https:\/\/webaid.it\/wp-content\/uploads\/2023\/04\/KomUGehSzenenfoto10ArbeitsZi-768x543.jpg 768w, https:\/\/webaid.it\/wp-content\/uploads\/2023\/04\/KomUGehSzenenfoto10ArbeitsZi.jpg 1256w\" sizes=\"auto, (max-width: 1024px) 100vw, 1024px\" \/><\/figure>\n\n\n\n<p class=\"has-text-align-center\">***<\/p>\n\n\n\n<p class=\"has-text-align-center\">Das St\u00fcck berichtet: <a href=\"https:\/\/webaid.it\/?page_id=1555\">Autobiografischer Monolog<\/a><\/p>\n\n\n\n<p class=\"has-text-align-center\">***<\/p>\n\n\n\n<p class=\"has-text-align-center\"><a href=\"https:\/\/webaid.it\/?page_id=1397\">Claudia zur hiesigen Ver\u00f6ffentlichung <\/a><\/p>\n\n\n\n<p class=\"has-text-align-center\">***<\/p>\n\n\n\n<p class=\"has-text-align-center\"><a href=\"https:\/\/webaid.it\/?page_id=1352\">Presseschau und Zuschauerbriefe von damals<\/a><\/p>\n\n\n\n<p class=\"has-text-align-center\">***<\/p>\n\n\n\n<p class=\"has-text-align-center\"><a href=\"https:\/\/webaid.it\/?page_id=1367\">Kommen und Gehen &#8211; Das St\u00fcck<\/a><\/p>\n","protected":false},"excerpt":{"rendered":"<p>*** *** Bild 1 Bild 2 Bild 3 Bild 4 Bild 5 Bild 6 Bild 7 Bild 8 Bild 9 Bild 10 *** Das St\u00fcck berichtet: Autobiografischer Monolog *** Claudia zur hiesigen Ver\u00f6ffentlichung *** Presseschau und Zuschauerbriefe von damals *** Kommen und Gehen &#8211; Das St\u00fcck<\/p>\n","protected":false},"author":1,"featured_media":0,"parent":177,"menu_order":4,"comment_status":"closed","ping_status":"closed","template":"","meta":{"footnotes":""},"class_list":["post-1367","page","type-page","status-publish","hentry"],"_links":{"self":[{"href":"https:\/\/webaid.it\/index.php?rest_route=\/wp\/v2\/pages\/1367","targetHints":{"allow":["GET"]}}],"collection":[{"href":"https:\/\/webaid.it\/index.php?rest_route=\/wp\/v2\/pages"}],"about":[{"href":"https:\/\/webaid.it\/index.php?rest_route=\/wp\/v2\/types\/page"}],"author":[{"embeddable":true,"href":"https:\/\/webaid.it\/index.php?rest_route=\/wp\/v2\/users\/1"}],"replies":[{"embeddable":true,"href":"https:\/\/webaid.it\/index.php?rest_route=%2Fwp%2Fv2%2Fcomments&post=1367"}],"version-history":[{"count":13,"href":"https:\/\/webaid.it\/index.php?rest_route=\/wp\/v2\/pages\/1367\/revisions"}],"predecessor-version":[{"id":4504,"href":"https:\/\/webaid.it\/index.php?rest_route=\/wp\/v2\/pages\/1367\/revisions\/4504"}],"up":[{"embeddable":true,"href":"https:\/\/webaid.it\/index.php?rest_route=\/wp\/v2\/pages\/177"}],"wp:attachment":[{"href":"https:\/\/webaid.it\/index.php?rest_route=%2Fwp%2Fv2%2Fmedia&parent=1367"}],"curies":[{"name":"wp","href":"https:\/\/api.w.org\/{rel}","templated":true}]}}