{"id":1397,"date":"2023-03-29T08:08:23","date_gmt":"2023-03-29T08:08:23","guid":{"rendered":"https:\/\/peterpodehl.com\/?page_id=1397"},"modified":"2026-02-19T12:08:48","modified_gmt":"2026-02-19T12:08:48","slug":"zu-kommen-und-gehen-claudia-erklart","status":"publish","type":"page","link":"https:\/\/webaid.it\/?page_id=1397","title":{"rendered":"Zu Kommen und Gehen &#8211; Claudia erkl\u00e4rt"},"content":{"rendered":"\n<p>***<\/p>\n\n\n\n<h1 class=\"wp-block-heading\"><strong>Zur hiesigen Ver\u00f6ffentlichung von<\/strong><\/h1>\n\n\n\n<h1 class=\"wp-block-heading\"><strong>\u201cKommen und Gehen\u201d<\/strong><\/h1>\n\n\n\n<p>Das St\u00fcck wurde am 1. Januar 1948 am Nationaltheater in Weimar uraufgef\u00fchrt, Schauspieler waren Charlotte und Peter.<\/p>\n\n\n\n<p>In der Spielzeit 1948\/49 kam es auch in Leipzig und in N\u00fcrnberg auf die B\u00fchne.<\/p>\n\n\n\n<p>In N\u00fcrnberg inszenierte es Rolf Gert, B\u00fchnenbild Kurt Mayer-Pfalz, Schauspieler Hans R\u00fcssel und Inge von Kress. Generalintendant war dort damals Karl Pschigode.<\/p>\n\n\n\n<p>An der Volksb\u00fchne Leipzig spielten es Erika Bendorz und Peter K\u00fchle.<\/p>\n\n\n\n<p>Auch eine winzigkleine Kritik zur Auff\u00fchrung in Eisenach fand ich. Da spielten es Marlies Reusche und Karl A. Jakoby. Mehr dar\u00fcber fand ich leider nicht.<\/p>\n\n\n\n<p>Der dicke&nbsp;&nbsp;Ordner aus Peter Podehls Archiv enth\u00e4lt eine Menge pers\u00f6nlicher, Beifall spendender Briefe, viele handgeschrieben, auch mit Zweifeln und Kritiken. Ausz\u00fcge davon sind auf den letzten 3 Seiten &nbsp;der <a href=\"https:\/\/webaid.it\/?page_id=1352\">Presseschau von damals<\/a> zu lesen.<\/p>\n\n\n\n<p>Peter hatte, als das Spiel in ihm Form annahm, bereits sein \u201c<a href=\"https:\/\/www.webaid.it\/tagebuch\/peter-und-der-krieg-1944\/tagebuch-und-testament-eines-unbekannten\/\">Tagebuch und Testament eines Unbekannten<\/a>\u201d fertiggeschrieben, das er sp\u00e4ter in einer abgeschlankten, essentiellen Fassung ebenfalls Charlotte schenkte. \u201cKommen und Gehen\u201d ist die logische Weiterentwicklung seiner damaligen Erfahrungen und Gedanken.<\/p>\n\n\n\n<p>Selbstverst\u00e4ndlich gibt es mehrere Versionen dieses St\u00fccks. Das ist bei einem so intensiv entstandenen Werk unvermeidlich.<\/p>\n\n\n\n<p>Ich gebe hier die Fassung wieder, die Peter am 20.3.1947 Charlotte schenkte und widmete. Sie enth\u00e4lt zahlreiche handschriftliche \u00c4nderungen, Streichungen und Hinzugef\u00fcgtes. Charlotte hat ihren Text ganz eindeutig aus diesen d\u00fcnnen Schreibmaschinendurchschl\u00e4gen auswendig gelernt.<\/p>\n\n\n\n<p>In den B\u00fchnenfassungen wurde der Name ge\u00e4ndert: er hei\u00dft Andreas. Aber dann kommt ja die Geschichte, die Eva ihrem von seinen Kriegserfahrungen heimgesuchten ER \u00fcber seinen Namen erz\u00e4hlt. Das wurde dahingehend ge\u00e4ndert, dass Andreas zwar sein Rufname ist, er aber auf \u201cAndreas Peter\u201d getauft wurde.<\/p>\n\n\n\n<p class=\"has-text-align-right\">Claudia Podehl<\/p>\n\n\n\n<figure class=\"wp-block-image aligncenter size-large\"><img loading=\"lazy\" decoding=\"async\" width=\"746\" height=\"1024\" src=\"https:\/\/webaid.it\/wp-content\/uploads\/2023\/03\/KommenUndGehenTitelblatt-746x1024.jpg\" alt=\"\" class=\"wp-image-1506\" srcset=\"https:\/\/webaid.it\/wp-content\/uploads\/2023\/03\/KommenUndGehenTitelblatt-746x1024.jpg 746w, https:\/\/webaid.it\/wp-content\/uploads\/2023\/03\/KommenUndGehenTitelblatt-218x300.jpg 218w, https:\/\/webaid.it\/wp-content\/uploads\/2023\/03\/KommenUndGehenTitelblatt-768x1054.jpg 768w, https:\/\/webaid.it\/wp-content\/uploads\/2023\/03\/KommenUndGehenTitelblatt-1119x1536.jpg 1119w, https:\/\/webaid.it\/wp-content\/uploads\/2023\/03\/KommenUndGehenTitelblatt-1492x2048.jpg 1492w, https:\/\/webaid.it\/wp-content\/uploads\/2023\/03\/KommenUndGehenTitelblatt-scaled.jpg 1864w\" sizes=\"auto, (max-width: 746px) 100vw, 746px\" \/><\/figure>\n\n\n\n<p><a href=\"https:\/\/webaid.it\/?page_id=1367\">Zum St\u00fcck<\/a><\/p>\n\n\n\n<p><a href=\"https:\/\/webaid.it\/?page_id=1352\">Presseschau von damals und Zuschauerbriefe<\/a><\/p>\n\n\n\n<p>Das St\u00fcck berichtet: <a href=\"https:\/\/webaid.it\/?page_id=1555\">Autobiografischer Monolog<\/a><\/p>\n\n\n\n<p><\/p>\n\n\n\n<p><\/p>\n","protected":false},"excerpt":{"rendered":"<p>*** Zur hiesigen Ver\u00f6ffentlichung von \u201cKommen und Gehen\u201d Das St\u00fcck wurde am 1. Januar 1948 am Nationaltheater in Weimar uraufgef\u00fchrt, Schauspieler waren Charlotte und Peter. In der Spielzeit 1948\/49 kam es auch in Leipzig und in N\u00fcrnberg auf die B\u00fchne. In N\u00fcrnberg inszenierte es Rolf Gert, B\u00fchnenbild Kurt Mayer-Pfalz, Schauspieler Hans R\u00fcssel und Inge von [&hellip;]<\/p>\n","protected":false},"author":1,"featured_media":0,"parent":1364,"menu_order":2,"comment_status":"closed","ping_status":"closed","template":"","meta":{"footnotes":""},"class_list":["post-1397","page","type-page","status-publish","hentry"],"_links":{"self":[{"href":"https:\/\/webaid.it\/index.php?rest_route=\/wp\/v2\/pages\/1397","targetHints":{"allow":["GET"]}}],"collection":[{"href":"https:\/\/webaid.it\/index.php?rest_route=\/wp\/v2\/pages"}],"about":[{"href":"https:\/\/webaid.it\/index.php?rest_route=\/wp\/v2\/types\/page"}],"author":[{"embeddable":true,"href":"https:\/\/webaid.it\/index.php?rest_route=\/wp\/v2\/users\/1"}],"replies":[{"embeddable":true,"href":"https:\/\/webaid.it\/index.php?rest_route=%2Fwp%2Fv2%2Fcomments&post=1397"}],"version-history":[{"count":8,"href":"https:\/\/webaid.it\/index.php?rest_route=\/wp\/v2\/pages\/1397\/revisions"}],"predecessor-version":[{"id":4500,"href":"https:\/\/webaid.it\/index.php?rest_route=\/wp\/v2\/pages\/1397\/revisions\/4500"}],"up":[{"embeddable":true,"href":"https:\/\/webaid.it\/index.php?rest_route=\/wp\/v2\/pages\/1364"}],"wp:attachment":[{"href":"https:\/\/webaid.it\/index.php?rest_route=%2Fwp%2Fv2%2Fmedia&parent=1397"}],"curies":[{"name":"wp","href":"https:\/\/api.w.org\/{rel}","templated":true}]}}