{"id":1555,"date":"2023-04-03T15:36:04","date_gmt":"2023-04-03T15:36:04","guid":{"rendered":"https:\/\/peterpodehl.com\/?page_id=1555"},"modified":"2026-02-19T12:08:15","modified_gmt":"2026-02-19T12:08:15","slug":"autobiografischer-monolog","status":"publish","type":"page","link":"https:\/\/webaid.it\/?page_id=1555","title":{"rendered":"Autobiografischer Monolog"},"content":{"rendered":"\n<p class=\"has-text-align-center\">***<\/p>\n\n\n\n<p class=\"has-text-align-center\">Das St\u00fcck &#8220;Kommen und Gehen&#8221; berichtet<\/p>\n\n\n\n<p class=\"has-text-align-center\">***<\/p>\n\n\n\n<figure class=\"wp-block-image aligncenter size-large\"><img loading=\"lazy\" decoding=\"async\" width=\"740\" height=\"1024\" src=\"https:\/\/webaid.it\/wp-content\/uploads\/2023\/04\/KomUGehProgrammheftAutobMonologEinzelseite-740x1024.jpg\" alt=\"\" class=\"wp-image-1561\" srcset=\"https:\/\/webaid.it\/wp-content\/uploads\/2023\/04\/KomUGehProgrammheftAutobMonologEinzelseite-740x1024.jpg 740w, https:\/\/webaid.it\/wp-content\/uploads\/2023\/04\/KomUGehProgrammheftAutobMonologEinzelseite-217x300.jpg 217w, https:\/\/webaid.it\/wp-content\/uploads\/2023\/04\/KomUGehProgrammheftAutobMonologEinzelseite-768x1063.jpg 768w, https:\/\/webaid.it\/wp-content\/uploads\/2023\/04\/KomUGehProgrammheftAutobMonologEinzelseite-1110x1536.jpg 1110w, https:\/\/webaid.it\/wp-content\/uploads\/2023\/04\/KomUGehProgrammheftAutobMonologEinzelseite-1480x2048.jpg 1480w, https:\/\/webaid.it\/wp-content\/uploads\/2023\/04\/KomUGehProgrammheftAutobMonologEinzelseite-scaled.jpg 1849w\" sizes=\"auto, (max-width: 740px) 100vw, 740px\" \/><figcaption class=\"wp-element-caption\">Aus dem Programmheft von 1948, am Nationaltheater in Weimar<\/figcaption><\/figure>\n\n\n\n<p class=\"has-text-align-center\">***<\/p>\n\n\n\n<p class=\"has-text-align-center\"><a href=\"https:\/\/webaid.it\/?page_id=963\">Bevor Peter dieses St\u00fcck begann<\/a><\/p>\n\n\n\n<p class=\"has-text-align-center\">***<\/p>\n\n\n\n<p class=\"has-text-align-center\"><a href=\"https:\/\/webaid.it\/?page_id=1397\">Claudia zur hiesigen Ver\u00f6ffentlichung<\/a><\/p>\n\n\n\n<p class=\"has-text-align-center\">***<\/p>\n\n\n\n<p class=\"has-text-align-center\"><a href=\"https:\/\/webaid.it\/?page_id=1352\">Presseschau und Zuschauerbriefe von damals<\/a><\/p>\n\n\n\n<p class=\"has-text-align-center\">***<\/p>\n\n\n\n<p class=\"has-text-align-center\"><a href=\"https:\/\/webaid.it\/?page_id=1367\">Kommen und Gehen \u2013 Das St\u00fcck<\/a><\/p>\n","protected":false},"excerpt":{"rendered":"<p>*** Das St\u00fcck &#8220;Kommen und Gehen&#8221; berichtet *** *** Bevor Peter dieses St\u00fcck begann *** Claudia zur hiesigen Ver\u00f6ffentlichung *** Presseschau und Zuschauerbriefe von damals *** Kommen und Gehen \u2013 Das St\u00fcck<\/p>\n","protected":false},"author":1,"featured_media":0,"parent":1364,"menu_order":1,"comment_status":"closed","ping_status":"closed","template":"","meta":{"footnotes":""},"class_list":["post-1555","page","type-page","status-publish","hentry"],"_links":{"self":[{"href":"https:\/\/webaid.it\/index.php?rest_route=\/wp\/v2\/pages\/1555","targetHints":{"allow":["GET"]}}],"collection":[{"href":"https:\/\/webaid.it\/index.php?rest_route=\/wp\/v2\/pages"}],"about":[{"href":"https:\/\/webaid.it\/index.php?rest_route=\/wp\/v2\/types\/page"}],"author":[{"embeddable":true,"href":"https:\/\/webaid.it\/index.php?rest_route=\/wp\/v2\/users\/1"}],"replies":[{"embeddable":true,"href":"https:\/\/webaid.it\/index.php?rest_route=%2Fwp%2Fv2%2Fcomments&post=1555"}],"version-history":[{"count":9,"href":"https:\/\/webaid.it\/index.php?rest_route=\/wp\/v2\/pages\/1555\/revisions"}],"predecessor-version":[{"id":4499,"href":"https:\/\/webaid.it\/index.php?rest_route=\/wp\/v2\/pages\/1555\/revisions\/4499"}],"up":[{"embeddable":true,"href":"https:\/\/webaid.it\/index.php?rest_route=\/wp\/v2\/pages\/1364"}],"wp:attachment":[{"href":"https:\/\/webaid.it\/index.php?rest_route=%2Fwp%2Fv2%2Fmedia&parent=1555"}],"curies":[{"name":"wp","href":"https:\/\/api.w.org\/{rel}","templated":true}]}}