{"id":1694,"date":"2023-04-16T17:00:24","date_gmt":"2023-04-16T17:00:24","guid":{"rendered":"https:\/\/peterpodehl.com\/?page_id=1694"},"modified":"2026-02-19T11:12:49","modified_gmt":"2026-02-19T11:12:49","slug":"lemmi-und-die-schmoker-titel","status":"publish","type":"page","link":"https:\/\/webaid.it\/?page_id=1694","title":{"rendered":"Lemmi und die Schm\u00f6ker &#8211; Titel"},"content":{"rendered":"\n<p class=\"has-text-align-center\">***<\/p>\n\n\n\n<p>Hier zun\u00e4chst das zauberhafte Bild der damals 8j\u00e4hrigen Lemmi-Guckerin Judith, das ich in Peter Podehls Tagebuch von 1979 fand:<\/p>\n\n\n\n<figure class=\"wp-block-image aligncenter size-full\"><img loading=\"lazy\" decoding=\"async\" width=\"886\" height=\"637\" src=\"https:\/\/webaid.it\/wp-content\/uploads\/2023\/04\/Lemmi_Kinderbild_TB42-2.jpeg\" alt=\"\" class=\"wp-image-1699\" srcset=\"https:\/\/webaid.it\/wp-content\/uploads\/2023\/04\/Lemmi_Kinderbild_TB42-2.jpeg 886w, https:\/\/webaid.it\/wp-content\/uploads\/2023\/04\/Lemmi_Kinderbild_TB42-2-300x216.jpeg 300w, https:\/\/webaid.it\/wp-content\/uploads\/2023\/04\/Lemmi_Kinderbild_TB42-2-768x552.jpeg 768w\" sizes=\"auto, (max-width: 886px) 100vw, 886px\" \/><\/figure>\n\n\n\n<ul class=\"wp-block-list\">\n<li><strong>Lemmi Titel<\/strong><\/li>\n\n\n\n<li><\/li>\n\n\n\n<li><em>Wir stricken eine Sendereihe<\/em>&nbsp;\u2013 Eine Einf\u00fchrung \u2013 2.4.1973<\/li>\n\n\n\n<li><em>Flieger aus Schweden<\/em>&nbsp;\u2013 \u201cDie wunderbare Reise des Nils Holgersson mit den Wildg\u00e4nsen\u201d&nbsp;von&nbsp;<a href=\"http:\/\/de.wikipedia.org\/wiki\/Selma_Lagerl%25C3%25B6f\">Selma Lagerl\u00f6f<\/a>&nbsp;und&nbsp;\u201cKarlsson vom Dach\u201d von&nbsp;<a href=\"http:\/\/de.wikipedia.org\/wiki\/Astrid_Lindgren\">Astrid Lindgren<\/a>&nbsp;\u2013 8.4.1973<\/li>\n\n\n\n<li><em>B\u00e4renb\u00fccher<\/em>&nbsp;\u2013 \u201ePu der B\u00e4r\u201c von&nbsp;<a href=\"https:\/\/de.wikipedia.org\/wiki\/A._A._Milne\">Alan Alexander Milne<\/a>, \u201ePaddington\u201c von&nbsp;<a href=\"https:\/\/de.wikipedia.org\/wiki\/Michael_Bond\" target=\"_blank\" rel=\"noreferrer noopener\">Michael Bond<\/a>&nbsp;und \u201eGrischka und sein B\u00e4r\u201c von&nbsp;<a href=\"https:\/\/de.wikipedia.org\/wiki\/Ren%C3%A9_Guillot\" target=\"_blank\" rel=\"noreferrer noopener\">Ren\u00e9 Guillot&nbsp;<\/a>\u2013 15.4.1973<\/li>\n\n\n\n<li><em>Pirat und Walf\u00e4nger<\/em>&nbsp;\u2013 \u201cMoby Dick\u201d von&nbsp;<a rel=\"noreferrer noopener\" href=\"https:\/\/de.wikipedia.org\/wiki\/Herman_Melville\" target=\"_blank\">Herman Melville<\/a>&nbsp;und&nbsp; \u201cDie Schatzinsel\u201d von&nbsp;<a rel=\"noreferrer noopener\" href=\"https:\/\/de.wikipedia.org\/wiki\/Robert_Louis_Stevenson\" target=\"_blank\">Robert Louis<\/a>&nbsp;\u2013 22.4.1973<\/li>\n\n\n\n<li><em>Zettelwirtschaft<\/em>&nbsp;\u2013 \u201cGrimpel\u201d von Clement Freud und \u201cDer&nbsp;Nachtpapa\u201d von Maria Gripe&nbsp; \u2013 29.4.1973<\/li>\n\n\n\n<li><em>Jennie und die wilden Kerle<\/em>&nbsp;\u2013 \u201eHiggelti Diggelti Pop\u201c und&nbsp; \u201eWo die wilden Kerle wohnen\u201c von&nbsp;<a href=\"https:\/\/de.wikipedia.org\/wiki\/Maurice_Sendak\">Maurice Sendak<\/a>&nbsp;\u2013 6.5.1973<\/li>\n\n\n\n<li><em>Der falsche Spitzbart<\/em>&nbsp;\u2013 \u201cGep\u00e4ckschein 666\u201d von&nbsp;<a href=\"https:\/\/de.wikipedia.org\/wiki\/Alfred_Weidenmann\">Alfred Weidenmann<\/a>&nbsp;\u2013 6.1.1974<\/li>\n\n\n\n<li><em>Es spukt \u2013 Spukte es?<\/em>&nbsp;\u2013 \u201cDas Wassergespenst und andere Erz\u00e4hlungen\u201d von Harroby-Hall,&nbsp; \u201cDas Gespenst von Canterville\u201d von Oscar Wilde und \u201cDas Haus\u201d von Andr\u00e9 Maurois \u2013 13.1.1974<\/li>\n\n\n\n<li><em>Der Mond gestern und heute<\/em>&nbsp;\u2013 \u201cReise zum Mond\u201d von&nbsp;<a href=\"http:\/\/de.wikipedia.org\/wiki\/Jules_Verne\">Jules Verne<\/a>&nbsp;\u2013 17.1.1974<\/li>\n\n\n\n<li><em>Zweimal Baldui<\/em>n \u2013 \u201cMein Elefant hei\u00dft Dominik\u201d von Ludwik Jerzy Kern und \u201eBalduin Baumelschuh\u201c von Lennart Hellsing \u2013 20.1.1974<\/li>\n\n\n\n<li><em>Und die Omas<\/em>&nbsp;\u2013 \u201cUnsere Oma\u201d von Ilse Kleberger, \u201c1:0 f\u00fcr Simpis Gro\u00dfmotte\u201d von Elisabeth Roberts und \u201cDie fliegende Gro\u00dfmutter\u201d von&nbsp;<a href=\"https:\/\/fr.wikipedia.org\/wiki\/Satoru_Sat%C5%8D\">Satoru Sat<\/a>\u014d (frz) \u2013 27.1.1974<\/li>\n\n\n\n<li><em>Silas und der Zettelbaum<\/em>&nbsp;\u2013 \u201cSilas\u201d von&nbsp;<a href=\"https:\/\/de.wikipedia.org\/wiki\/Cecil_B%C3%B8dker\">Cecil B\u00f8dker<\/a><\/li>\n\n\n\n<li><em>Geh doch zu Momo<\/em>&nbsp;\u2013 \u201cMomo\u201d von&nbsp;<a href=\"http:\/\/de.wikipedia.org\/wiki\/Michael_Ende\">Michael Ende<\/a>&nbsp;\u2013 1.5.1975<\/li>\n\n\n\n<li><em>Silberl\u00f6ffel kriegen Kinder<\/em>&nbsp;\u2013 von&nbsp;<a href=\"http:\/\/de.wikipedia.org\/wiki\/Isaac_Bashevis_Singer\">Isaak W. Singer<\/a>; mit Peter Ren\u00e9 K\u00f6rner, dem Ren\u00e9 aus&nbsp;<em>Kasper und Ren\u00e9<\/em>&nbsp;\u2013 3.6.1975<\/li>\n\n\n\n<li><em>Wer ist den Lemmix?<\/em>&nbsp;\u2013 Asterix&nbsp; + Charlie Brown + Micky Mouse \u2013 10.6.1975<\/li>\n\n\n\n<li><em>Tausche Segelboot gegen nasse Matratze<\/em>&nbsp;\u2013 \u201cDer Sonntagsvater\u201d von&nbsp;<a href=\"https:\/\/de.wikipedia.org\/wiki\/Eveline_Hasler\">Eveline Hasler<\/a>&nbsp;und \u201cMoritz sammelt einfach alles\u201d von&nbsp;<a href=\"https:\/\/de.wikipedia.org\/wiki\/Paula_Fox\">Paula Fox<\/a>&nbsp;&nbsp;\u2013 17.6.1975<\/li>\n\n\n\n<li><em>Der Plumps durch die Spirale<\/em>&nbsp;\u2013 \u201cDon Quijote\u201d von&nbsp;<a href=\"https:\/\/de.wikipedia.org\/wiki\/Miguel_de_Cervantes\">Miguel de Cervantes Saavedra<\/a>&nbsp;und \u201cDer Marionettenspieler\u201d von&nbsp;<a href=\"http:\/\/de.wikipedia.org\/wiki\/Hans_Christian_Andersen\">Hans Christian Andersen<\/a>&nbsp;\u2013 24.6.1975<\/li>\n\n\n\n<li><em>Kein Tag wie jeder andere<\/em>&nbsp;\u2013 von&nbsp;<a href=\"https:\/\/de.wikipedia.org\/wiki\/Joan_Aiken\">Joan Aiken<\/a>&nbsp;\u2013 28.9.75<\/li>\n\n\n\n<li><em>Als Hitler das rosa Kaninchen stahl<\/em>&nbsp;\u2013&nbsp;<a href=\"http:\/\/de.wikipedia.org\/wiki\/Judith_Kerr\">Judith Kerr<\/a>&nbsp;\u2013 5.10.1975<\/li>\n\n\n\n<li><em>Wir warten aufs Christkind<\/em>&nbsp;\u2013 \u201cAls ich noch ein Waldbauernbub&nbsp;<em>war<\/em>\u201d von&nbsp;<a href=\"http:\/\/de.wikipedia.org\/wiki\/Peter_Rosegger\">Peter Rosegger<\/a>, \u201cAls Vaters Bart noch rot war\u201d von (<a href=\"http:\/\/de.wikipedia.org\/wiki\/Wolfdietrich_Schnurre\">Wolfdietrich Schnurre<\/a>) und \u201cHilfe die Herdmanns kommen\u201d von Barbara Robinson \u2013 24.12.75<\/li>\n\n\n\n<li><em>Das hat der Kopf sich so ausgedacht<\/em>&nbsp;\u2013 &nbsp;von&nbsp;<a href=\"https:\/\/en.wikipedia.org\/wiki\/John_D._Fitzgerald\">John D. Fitzgerald<\/a>&nbsp;\u2013 17.10.1976 \u2013 mit Kurzauftritt von Peter Podehl<\/li>\n\n\n\n<li><em>Kai entdeckt die Freundschaftsinsel<\/em>&nbsp;\u2013 von&nbsp;<a href=\"https:\/\/de.wikipedia.org\/wiki\/Rolf_Ulrici\">Rolf Ulrici<\/a>&nbsp;\u2013 24.10.1976<\/li>\n\n\n\n<li><em>Mein Zeuge ist Don Gasparro<\/em>&nbsp;\u2013 \u201cR\u00fcckblick auf meine Zukunft\u201d von&nbsp;<a href=\"https:\/\/de.wikipedia.org\/wiki\/Sigismund_von_Radecki\">Sigismund von Radecki<\/a>&nbsp;\u2013 30.10.1976<\/li>\n\n\n\n<li><em>Die Tochter des Schaubudenbesitzers<\/em>&nbsp;\u2013 von Valentin Kataljew aus aus \u201cDa capo, die sch\u00f6nsten Geschichten der Welt\u201d<\/li>\n\n\n\n<li><em>Bedingungslo<\/em>s \u2013 von Irene Bodrian aus \u201cBommi ist tot und Tim hat Geburtstag\u201d \u2013 12.3.1978<\/li>\n\n\n\n<li><em>Das kalte Herz<\/em>&nbsp;\u2013 von&nbsp;<a href=\"http:\/\/de.wikipedia.org\/wiki\/Wilhelm_Hauff\">Wilhelm Hauff<\/a>&nbsp;\u2013 19.3.1978<\/li>\n\n\n\n<li><em>Ich spucke gegen den Wind<\/em>&nbsp;\u2013 von<a href=\"https:\/\/de.wikipedia.org\/wiki\/Joan_Lowell\">&nbsp;Joan Lowell<\/a>&nbsp;\u2013 7.10.1979<\/li>\n\n\n\n<li><em>Ich bin David<\/em>&nbsp;\u2013 von&nbsp;<a href=\"http:\/\/de.wikipedia.org\/wiki\/Anne_Holm\">Anne Holm<\/a>&nbsp;\u2013 14.10.1979<\/li>\n\n\n\n<li><em>Was f\u00fcr eine verr\u00fcckte Familie<\/em>&nbsp;\u2013 von&nbsp;<a href=\"https:\/\/de.wikipedia.org\/wiki\/Jan_Proch%C3%A1zka\">Jan Prochazka<\/a>&nbsp;\u2013 28.10.1979 \u2013 Kurzauftritt von Peter Podehl<\/li>\n\n\n\n<li><\/li>\n\n\n\n<li><strong>2. Staffel<\/strong><\/li>\n\n\n\n<li><em>Rosa Riedl \u2013 Schutzgespenst<\/em>&nbsp;\u2013 von&nbsp;<a href=\"http:\/\/de.wikipedia.org\/wiki\/Christine_N%25C3%25B6stlinger\">Christine N\u00f6stlinger<\/a>&nbsp;\u2013 4.9.83<\/li>\n\n\n\n<li><em>Der Zaubertrommler<\/em>&nbsp;\u2013 von&nbsp;<a href=\"http:\/\/de.wikipedia.org\/wiki\/Gianni_Rodari\">Gianni Rodari<\/a>&nbsp;\u2013 11.8.83<\/li>\n\n\n\n<li><em>Der Tag, an dem das Sandm\u00e4nnchen erwachte<\/em>&nbsp;\u2013 von&nbsp;<a href=\"https:\/\/de.wikipedia.org\/wiki\/Uta_Ullmann-Iseran\">Uta und Gerhart Ullmann<\/a>&nbsp;\u2013 18.9.83 \u2013 zu Gast: Zini und Thomas\n<ul class=\"wp-block-list\">\n<li><em>Psammy sorgt f\u00fcr Abenteuer<\/em>&nbsp;\u2013 von&nbsp;<a href=\"http:\/\/de.wikipedia.org\/wiki\/Edith_Nesbit\">Edith Nesbit<\/a>&nbsp;\u2013 Enkeltochter Lavinia spielte mit; heute ist sie f\u00fcr den Disneychannel in Mailand t\u00e4tig<\/li>\n<\/ul>\n<\/li>\n\n\n\n<li><em>Der Detektiv von Paris<\/em>&nbsp;\u2013 von Walter Hansen \u2013 2.10.83<\/li>\n\n\n\n<li><em>Die 271. Nacht<\/em>&nbsp;\u2013 Ein M\u00e4rchen aus&nbsp;<a href=\"http:\/\/de.wikipedia.org\/wiki\/1001_Nacht\">1001 Nacht<\/a>&nbsp;\u2013 9.10.83<\/li>\n\n\n\n<li><em>Wie viel Erde braucht der Mensch<\/em>&nbsp;\u2013&nbsp;<a href=\"http:\/\/de.wikipedia.org\/wiki\/Leo_Tolstoi\">Leo Tolstoi<\/a>&nbsp;\u2013 16.10.83<\/li>\n\n\n\n<li><em>Brief an den K\u00f6nig<\/em>&nbsp;\u2013 von&nbsp;<a href=\"https:\/\/de.wikipedia.org\/wiki\/Tonke_Dragt\">Tonke Dragt<\/a>&nbsp;\u2013 23.10.83<\/li>\n\n\n\n<li><em>Z wie Zacharias<\/em>&nbsp;\u2013 von&nbsp;<a href=\"http:\/\/de.wikipedia.org\/wiki\/Robert_C._O%2527Brien\">Robert C. O\u2019Brien<\/a>&nbsp;\u2013 30.10.83<\/li>\n\n\n\n<li><em>Die siebente Reise<\/em>&nbsp;\u2013 aus \u201cDie Sterntageb\u00fccher\u201d von&nbsp;<a href=\"http:\/\/de.wikipedia.org\/wiki\/Stanislaw_Lem\">Stanislaw Lem<\/a>&nbsp;\u2013 6.11.1983<\/li>\n\n\n\n<li><em>Jakop, der ein Kartoffelbergwerk tr\u00e4umte \u2013&nbsp;<\/em>von&nbsp;<a href=\"https:\/\/de.wikipedia.org\/wiki\/Ursula_W%C3%B6lfel\">Ursula W\u00f6lfel<\/a>&nbsp;\u2013 13.11.1983<\/li>\n\n\n\n<li><em>Mit Gro\u00dfvater auf Safari<\/em>&nbsp;\u2013 von W. J. Wippersberg \u2013 20.11.1983<\/li>\n\n\n\n<li><em>Wunderbare Reise zu Wasser und zu Lande, Feldz\u00fcge und lustige Abenteuer des Freiherrn von M\u00fcnchhausen<\/em>&nbsp;\u2013 von&nbsp;<a href=\"http:\/\/de.wikipedia.org\/wiki\/Gottfried_August_B%25C3%25BCrger\">Gottfried August B\u00fcrger<\/a>&nbsp;\u2013 27.11.83<\/li>\n<\/ul>\n","protected":false},"excerpt":{"rendered":"<p>*** Hier zun\u00e4chst das zauberhafte Bild der damals 8j\u00e4hrigen Lemmi-Guckerin Judith, das ich in Peter Podehls Tagebuch von 1979 fand:<\/p>\n","protected":false},"author":1,"featured_media":0,"parent":25,"menu_order":5,"comment_status":"closed","ping_status":"closed","template":"","meta":{"footnotes":""},"class_list":["post-1694","page","type-page","status-publish","hentry"],"_links":{"self":[{"href":"https:\/\/webaid.it\/index.php?rest_route=\/wp\/v2\/pages\/1694","targetHints":{"allow":["GET"]}}],"collection":[{"href":"https:\/\/webaid.it\/index.php?rest_route=\/wp\/v2\/pages"}],"about":[{"href":"https:\/\/webaid.it\/index.php?rest_route=\/wp\/v2\/types\/page"}],"author":[{"embeddable":true,"href":"https:\/\/webaid.it\/index.php?rest_route=\/wp\/v2\/users\/1"}],"replies":[{"embeddable":true,"href":"https:\/\/webaid.it\/index.php?rest_route=%2Fwp%2Fv2%2Fcomments&post=1694"}],"version-history":[{"count":6,"href":"https:\/\/webaid.it\/index.php?rest_route=\/wp\/v2\/pages\/1694\/revisions"}],"predecessor-version":[{"id":4456,"href":"https:\/\/webaid.it\/index.php?rest_route=\/wp\/v2\/pages\/1694\/revisions\/4456"}],"up":[{"embeddable":true,"href":"https:\/\/webaid.it\/index.php?rest_route=\/wp\/v2\/pages\/25"}],"wp:attachment":[{"href":"https:\/\/webaid.it\/index.php?rest_route=%2Fwp%2Fv2%2Fmedia&parent=1694"}],"curies":[{"name":"wp","href":"https:\/\/api.w.org\/{rel}","templated":true}]}}