{"id":1706,"date":"2023-04-17T04:11:09","date_gmt":"2023-04-17T04:11:09","guid":{"rendered":"https:\/\/peterpodehl.com\/?page_id=1706"},"modified":"2025-06-03T08:40:14","modified_gmt":"2025-06-03T08:40:14","slug":"eure-kommentare-danke","status":"publish","type":"page","link":"https:\/\/webaid.it\/?page_id=1706","title":{"rendered":"Eure Kommentare"},"content":{"rendered":"\n<p>Danke!<\/p>\n\n\n\n<p><a href=\"http:\/\/jannikgraf.de\/\">Jannik<\/a> schreibt am 20. M\u00e4rz 2023<\/p>\n\n\n\n<p>Liebe Claudia,<br>hier kommt eine kleine Liebeserkl\u00e4rung an das Werk deines Vaters \u2013 aber auch an deine wundervolle Arbeit, die du seit Jahren leistest, sein virtuelles Denkmal hier zu pflegen! Sehr \u00e4rgerlich zu lesen, dass die gro\u00dfartige Website, auf der ich so gerne immer wieder gest\u00f6bert habe, letztes Jahr einfach gel\u00f6scht wurde.. das bedeutet sicherlich eine Menge Arbeit, aber mit gro\u00dfer Freude habe ich auch schon einiges wieder entdeckt. Und zum Gl\u00fcck gibt es ja auch noch den wunderbaren YouTube-Kanal, wo du dankbarerweise so manche kleine Sch\u00e4tze geteilt hast! Also zuallererst: Meinen gr\u00f6\u00dften Respekt und herzlichen Dank f\u00fcr deine Arbeit!<\/p>\n\n\n\n<p>Und nun zu Peter Podehl: Obwohl ich nun wirklich nicht aus einer der Generationen bin, die \u201eSpa\u00df am Dienstag\u201c, \u201eLemmi und die Schm\u00f6ker\u201c oder gar \u201eDie H\u00f6hlenkinder\u201c im Fernsehen gesehen haben, sondern sogar erst einige Jahre, nachdem die allerletzte \u201eHallo Spencer\u201c-Staffel im Studio Hamburg abgedreht war, geboren bin, bewundere ich ihn sehr, diesen unvergleichlich intelligent-witzigen und kreativen Autoren\/Regisseur und sein Lebenswerk, seine Filmografie und all seine Texte und Ideen, die auf der sch\u00f6n gef\u00fcllten Homepage zu lesen waren. Sein gesamtes Werk zeugt von einer unendlich gro\u00dfen und verspielten Liebe zur Sprache und zum Erz\u00e4hlen. Und was sich auch durchzieht ist, dass er es sich zur Aufgabe gemacht hat, (jungen) Menschen Kultur zu vermitteln. Es hat funktioniert und es funktioniert noch immer. Meine Faszination f\u00fcr Herrn Podehl begann bereits, als ich als Kind die Serie \u201eHallo Spencer\u201c und damit viele seiner Geschichten kennen und lieben gelernt hab, dank den langj\u00e4hrigen Wiederholungen im NDR und auf KiKA. Besonders die Folgen, in denen die Runddorfbewohner ihre eigenen Inszenierungen von Klassikern wie \u201eRobin Hood\u201c, \u201eDie Zauberfl\u00f6te\u201c, \u201eDie Irrfahrten des Odysseus\u201c, \u201eDie Schildb\u00fcrger\u201c oder \u201eEin Sommernachtstraum\u201c umsetzen \u2013 also ein Theater im Theater eigentlich \u2013 haben mich sehr nachhaltig fasziniert. Und sie sind nicht zuletzt auch ein Grund daf\u00fcr, dass auch ich schon fr\u00fch wusste, dass ich Geschichten erz\u00e4hlen m\u00f6chte und nun tats\u00e4chlich Theaterregisseur geworden bin, nachdem ich vor meinem Regie-Studium auch viel selbst in eigenen freien Projekten gespielt habe.<br>\u00dcber mein gro\u00dfes Interesse und die Faszination daran, wie die grandios geschriebenen Geschichten aus dem Spencerdorf Sommer f\u00fcr Sommer hergestellt wurden \u2013 n\u00e4mlich auf f\u00fcr heutige Verh\u00e4ltnisse total ungew\u00f6hnliche Weise mit einem riesigen kreativen Potenzial \u2013 kam ich dann nat\u00fcrlich auch auf die vielen und vielseitigen anderen Projekte von Peter Podehl und auf seine spannende Biografie. Und deine Website war (und ist), was das angeht, eine wunderbarere Quelle. Seine Texte ber\u00fchren mich, inspirieren mich, bringen mich zum Lachen und zum Nachdenken\u2026 und sie geben mir auch Mut und best\u00e4tigen mich, selbst k\u00fcnstlerisch immer wieder loszulegen. Das alles wollte ich hier mal zum Ausdruck bringen.<\/p>\n\n\n\n<p>Anl\u00e4sslich des vergangenen Jahres (dem 100. Geburtstag) hatte ich Podehls Artikel in der lexiklopedia.de ausf\u00fchrlich \u00fcberarbeitet:&nbsp;<a href=\"http:\/\/lexiklopedia.de\/showdeko\/mitwirkende\/peter_podehl\">http:\/\/lexiklopedia.de\/showdeko\/mitwirkende\/peter_podehl<\/a><\/p>\n\n\n\n<p>..sowie ein Artikel zu seinem Werk:&nbsp;<a href=\"http:\/\/lexiklopedia.de\/showdeko\/mitwirkende\/podehl_filmografie\">http:\/\/lexiklopedia.de\/showdeko\/mitwirkende\/podehl_filmografie<\/a>&nbsp;(sicherlich noch nicht vollst\u00e4ndig), und zu den Anekdoten um Herrn Podehl und seinem Spencer-Team angelegt:&nbsp;<a href=\"http:\/\/lexiklopedia.de\/showdeko\/mitwirkende\/herr_lhedop\">http:\/\/lexiklopedia.de\/showdeko\/mitwirkende\/herr_lhedop<\/a><\/p>\n\n\n\n<p>Letzterer basiert u.a. auf den Erinnerungen der Puppenspieler, die du auf der alten Website gesammelt hattest. Sicherlich kannst du noch einiges erg\u00e4nzen, oder evtl. auch korrigieren? Ich w\u00fcrde mich wirklich unglaublich \u00fcber einen Austausch freuen! Ich wollte schon l\u00e4nger mal Kontakt aufnehmen, aber nun soll es endlich soweit sein: Als ich gestern auf \u201ePeter \u00fcber sich selbst\u201c (1948) gesto\u00dfen bin, konnte ich pers\u00f6nlich sehr viel damit anfangen: \u201eIch bin noch ein ziemlich unbeschriebenes Blatt. Wie soll ich denn da ein Blatt \u00fcber mich vollschreiben?\u201c<br>Ich bin jetzt so alt, wie Peter Podehl, als er das geschrieben hat und stehe nun nach dem fertigen auch am Anfang eines Beruflebens im Theater. Und danach dachte ich: ich schreib Claudia jetzt mal einen kleinen Kommentar. Und daraus wurde nun ein etwas gr\u00f6\u00dferer Kommentar, eine kleine Liebeserkl\u00e4rung eben!<\/p>\n\n\n\n<p>Liebe Gr\u00fc\u00dfe aus Hamburg nach Rom<\/p>\n\n\n\n<p><\/p>\n\n\n\n<p><em>Danke, Jannik,<\/em><br><em>f\u00fcr deine sch\u00f6nen Zeilen; sie sind wieder der beste Beweis, dass das, was Erwachsene in junge Menschen investieren, doch immer am nachhaltigsten wirkt<\/em>.<br><em>Die Seiten &#8220;Sagten die anderen \u00fcber ihn&#8221; und &#8220;Sagten die anderen \u00fcber den Regisseur&#8221; habe ich in den Untiefen meines Computers wieder gefunden und die kommen nun bald wieder hier rein<\/em>. <em>Unter &#8220;<a href=\"https:\/\/webaid.it\/?page_id=389\">Vita<\/a>&#8220;.<br>Claudia<\/em><\/p>\n\n\n\n<p><em>P.S.<br>So, jetzt ist <a href=\"https:\/\/webaid.it\/?page_id=1729\">Sagten die anderen \u00fcber ihn &#8211; und den Regisseur <\/a>wieder online.<\/em><\/p>\n","protected":false},"excerpt":{"rendered":"<p>Danke! Jannik schreibt am 20. M\u00e4rz 2023 Liebe Claudia,hier kommt eine kleine Liebeserkl\u00e4rung an das Werk deines Vaters \u2013 aber auch an deine wundervolle Arbeit, die du seit Jahren leistest, sein virtuelles Denkmal hier zu pflegen! Sehr \u00e4rgerlich zu lesen, dass die gro\u00dfartige Website, auf der ich so gerne immer wieder gest\u00f6bert habe, letztes Jahr [&hellip;]<\/p>\n","protected":false},"author":1,"featured_media":0,"parent":0,"menu_order":10,"comment_status":"open","ping_status":"closed","template":"","meta":{"footnotes":""},"class_list":["post-1706","page","type-page","status-publish","hentry"],"_links":{"self":[{"href":"https:\/\/webaid.it\/index.php?rest_route=\/wp\/v2\/pages\/1706","targetHints":{"allow":["GET"]}}],"collection":[{"href":"https:\/\/webaid.it\/index.php?rest_route=\/wp\/v2\/pages"}],"about":[{"href":"https:\/\/webaid.it\/index.php?rest_route=\/wp\/v2\/types\/page"}],"author":[{"embeddable":true,"href":"https:\/\/webaid.it\/index.php?rest_route=\/wp\/v2\/users\/1"}],"replies":[{"embeddable":true,"href":"https:\/\/webaid.it\/index.php?rest_route=%2Fwp%2Fv2%2Fcomments&post=1706"}],"version-history":[{"count":10,"href":"https:\/\/webaid.it\/index.php?rest_route=\/wp\/v2\/pages\/1706\/revisions"}],"predecessor-version":[{"id":1781,"href":"https:\/\/webaid.it\/index.php?rest_route=\/wp\/v2\/pages\/1706\/revisions\/1781"}],"wp:attachment":[{"href":"https:\/\/webaid.it\/index.php?rest_route=%2Fwp%2Fv2%2Fmedia&parent=1706"}],"curies":[{"name":"wp","href":"https:\/\/api.w.org\/{rel}","templated":true}]}}