{"id":1763,"date":"2023-04-19T04:15:41","date_gmt":"2023-04-19T04:15:41","guid":{"rendered":"https:\/\/peterpodehl.com\/?page_id=1763"},"modified":"2024-05-21T07:34:57","modified_gmt":"2024-05-21T07:34:57","slug":"und-auch","status":"publish","type":"page","link":"https:\/\/webaid.it\/?page_id=1763","title":{"rendered":"Und auch&#8230;"},"content":{"rendered":"\n<p>\u00dcber folgende Filme werde ich noch berichten:<\/p>\n\n\n\n<p>Zwei Kinofilme:<br>\u201cFrau Holle\u201d<br>\u201cDer Wolf und die sieben Gei\u00dflein\u201d<\/p>\n\n\n\n<p><a href=\"https:\/\/webaid.it\/?page_id=2644\">\u201cAus dem B\u00fccherschrank geholt\u201d<\/a> \u2013 eine Sendereihe &nbsp;f\u00fcr das Nachmittagsprogramm, also in erster Linie f\u00fcr&nbsp;Jugendliche, in der B\u00fccher aus der klassischen Literatur vorgestellt und einige ausgew\u00e4hlte Szenen mit Schauspielern dargestellt wurden; Peter Podehl war hier auch Moderator vor der Kamera<br><em>\u2022 Peter Schlemihls wundersame Geschichte<\/em> (Adelbert von Chamisso)<br><em>\u2022 <a href=\"https:\/\/youtu.be\/lcEKAbYIqMY\">David Copperfield<\/a><\/em> (Charles Dickens)<br><em>\u2022 <\/em><a href=\"https:\/\/youtu.be\/VzIVIU7fR8A\"><em>Die toten Seelen<\/em> <\/a>(Nikolaj Gogol)<br><em>\u2022 Tartarin von Tarascon<\/em> (Alphonse Daudet)<br><em>\u2022 Eug\u00e9nie Grandet<\/em> (Honor\u00e9 de Balzac)<br><em>\u2022 Jahrmarkt der Eitelkeit<\/em> (William Makepeace Thackery)<br><em>\u2022 Stiller<\/em> (Max Frisch), mit einem Interview mit dem Autor<br><em>\u2022 Aus dem Leben eines Taugenichts<\/em> (Joseph von Eichendorff)<br><em>\u2022 Die Verlobten<\/em> (Alessandro Manzoni)<br><em>\u2022 Frau Jenny Treibel<\/em> (Theodor Fontane)<\/p>\n\n\n\n<p>Der <a href=\"https:\/\/webaid.it\/?page_id=2917\">Hase C\u00e4sar<\/a> (Fernsehserie)<\/p>\n\n\n\n<p>Kasper und Ren\u00e9<br><a href=\"https:\/\/webaid.it\/?page_id=2917\">Gedanken zu Kasper und Ren\u00e9 auf Reisen<\/a><br>Erinnerungssendungen an<br><em>\u2022 Peter Ren\u00e8 K\u00f6rner <\/em>und<br><em>\u2022 Friedrich Arndt<\/em><\/p>\n\n\n\n<p>\u201cGeschichten auf Bestellung\u201d (Rundfunksendung \u2013 Geschichtenerfinder mit von Kindern vorgegebenen Personen oder Gegenst\u00e4nden&nbsp; waren u.a. Astrid Lindgren, der damalige Au\u00dfenminister Walter Scheel, Peter Frankenfeld, Frank Elstner, James Kr\u00fcss und Robert Lembke)<\/p>\n\n\n\n<p>\u201cJan vom Goldenen Stern\u201d \u2013 Fernsehfilm, gibt\u2019s mittlerweile auf DVD<\/p>\n","protected":false},"excerpt":{"rendered":"<p>\u00dcber folgende Filme werde ich noch berichten: Zwei Kinofilme:\u201cFrau Holle\u201d\u201cDer Wolf und die sieben Gei\u00dflein\u201d \u201cAus dem B\u00fccherschrank geholt\u201d \u2013 eine Sendereihe &nbsp;f\u00fcr das Nachmittagsprogramm, also in erster Linie f\u00fcr&nbsp;Jugendliche, in der B\u00fccher aus der klassischen Literatur vorgestellt und einige ausgew\u00e4hlte Szenen mit Schauspielern dargestellt wurden; Peter Podehl war hier auch Moderator vor der Kamera\u2022 [&hellip;]<\/p>\n","protected":false},"author":1,"featured_media":0,"parent":25,"menu_order":45,"comment_status":"closed","ping_status":"closed","template":"","meta":{"footnotes":""},"class_list":["post-1763","page","type-page","status-publish","hentry"],"_links":{"self":[{"href":"https:\/\/webaid.it\/index.php?rest_route=\/wp\/v2\/pages\/1763","targetHints":{"allow":["GET"]}}],"collection":[{"href":"https:\/\/webaid.it\/index.php?rest_route=\/wp\/v2\/pages"}],"about":[{"href":"https:\/\/webaid.it\/index.php?rest_route=\/wp\/v2\/types\/page"}],"author":[{"embeddable":true,"href":"https:\/\/webaid.it\/index.php?rest_route=\/wp\/v2\/users\/1"}],"replies":[{"embeddable":true,"href":"https:\/\/webaid.it\/index.php?rest_route=%2Fwp%2Fv2%2Fcomments&post=1763"}],"version-history":[{"count":7,"href":"https:\/\/webaid.it\/index.php?rest_route=\/wp\/v2\/pages\/1763\/revisions"}],"predecessor-version":[{"id":2926,"href":"https:\/\/webaid.it\/index.php?rest_route=\/wp\/v2\/pages\/1763\/revisions\/2926"}],"up":[{"embeddable":true,"href":"https:\/\/webaid.it\/index.php?rest_route=\/wp\/v2\/pages\/25"}],"wp:attachment":[{"href":"https:\/\/webaid.it\/index.php?rest_route=%2Fwp%2Fv2%2Fmedia&parent=1763"}],"curies":[{"name":"wp","href":"https:\/\/api.w.org\/{rel}","templated":true}]}}