{"id":177,"date":"2022-11-12T16:07:25","date_gmt":"2022-11-12T16:07:25","guid":{"rendered":"https:\/\/peterpodehl.com\/?page_id=177"},"modified":"2025-06-16T14:33:23","modified_gmt":"2025-06-16T14:33:23","slug":"kommen-und-gehen","status":"publish","type":"page","link":"https:\/\/webaid.it\/?page_id=177","title":{"rendered":"Kommen und Gehen"},"content":{"rendered":"\n<p class=\"has-text-align-center\">*****<\/p>\n\n\n<h1 style=\"text-align: center;\"><strong>Kommen und Gehen<\/strong><\/h1>\n<p style=\"text-align: center;\">Ein Spiel in 10 Bildern<\/p>\n<p style=\"text-align: center;\">von<\/p>\n<p style=\"text-align: center;\">Peter Podehl<\/p>\n<p style=\"text-align: center;\">***<\/p>\n<p>Das St\u00fcck schildert die Geschichte eines Liebespaares von Fr\u00fchling 1939 bis in den Fr\u00fchling 1946<\/p>\n<p>Der Autor sagt hierzu:<\/p>\n<p>\u201cWir leben in einer ernsten, schweren Zeit, die manchmal furchtbar komisch ist und leicht. Wir haben einen hasserf\u00fcllten, grausamen Weltkrieg hinter uns, der zuweilen Gef\u00fchle der Liebe in uns wachrief, von deren M\u00f6glichkeit wir keine Ahnung hatten. Wir sind hart und lieblos geworden, nur manchmal schaffen wir aus Sehnsucht nach einer besseren Zukunft eine z\u00e4rtliche und weiche Welt um uns.<\/p>\n<p>Wer eigentlich?<\/p>\n<p>Wir Liebespaare! Wir, die wir gekommen sind, und gegangen, gelacht haben, und geweint.\u201d<\/p>\n<p>\u201cKommen und Gehen\u201d versucht einem von den Millionen von Liebespaaren der Gegenwart \u2013 und damit allen \u2013 ein m\u00f6glichst unparteiisches und ungeschminktes Denkmal zu setzen.<\/p>\n<p class=\"has-text-align-right\">\u00a9 Peter Podehl, 1947<\/p>\n<\/p>\n\n\n<p><a href=\"https:\/\/webaid.it\/?page_id=1330\">Bild 1<\/a><\/p>\n\n\n\n<p><a href=\"https:\/\/webaid.it\/?page_id=1333\">Bild 2<\/a><\/p>\n\n\n\n<p><a href=\"https:\/\/webaid.it\/?page_id=1345\">Bild 3<\/a><\/p>\n\n\n\n<p><a href=\"https:\/\/webaid.it\/?page_id=1347\">Bild 4<\/a><\/p>\n\n\n\n<p><a href=\"https:\/\/webaid.it\/?page_id=1351\">Bild 5<\/a><\/p>\n\n\n\n<p><a href=\"https:\/\/webaid.it\/?page_id=1372\">Bild 6<\/a><\/p>\n\n\n\n<p><a href=\"https:\/\/webaid.it\/?page_id=1374\">Bild 7<\/a><\/p>\n\n\n\n<p><a href=\"https:\/\/webaid.it\/?page_id=1376\">Bild 8<\/a><\/p>\n\n\n\n<p><a href=\"https:\/\/webaid.it\/?page_id=1378\">Bild 9<\/a><\/p>\n\n\n\n<p><a href=\"https:\/\/webaid.it\/?page_id=1380\">Bild 10<\/a><\/p>\n\n\n\n<p><a href=\"https:\/\/webaid.it\/?page_id=1364\">Zu Kommen und Gehen<\/a><\/p>\n\n\n\n<p><a href=\"https:\/\/webaid.it\/?page_id=1397\">Claudia zur hiesigen Ver\u00f6ffentlichung <\/a><\/p>\n\n\n\n<p><a href=\"https:\/\/webaid.it\/?page_id=1352\">Presseschau und Zuschauerbriefe von damals<\/a><\/p>\n\n\n\n<p><a href=\"https:\/\/webaid.it\/?page_id=1555\">Autobiografischer Monolog<\/a><\/p>\n","protected":false},"excerpt":{"rendered":"<p>***** Kommen und Gehen Ein Spiel in 10 Bildern von Peter Podehl *** Das St\u00fcck schildert die Geschichte eines Liebespaares von Fr\u00fchling 1939 bis in den Fr\u00fchling 1946 Der Autor sagt hierzu: \u201cWir leben in einer ernsten, schweren Zeit, die manchmal furchtbar komisch ist und leicht. Wir haben einen hasserf\u00fcllten, grausamen Weltkrieg hinter uns, der [&hellip;]<\/p>\n","protected":false},"author":1,"featured_media":0,"parent":175,"menu_order":3,"comment_status":"closed","ping_status":"closed","template":"","meta":{"footnotes":""},"class_list":["post-177","page","type-page","status-publish","hentry"],"_links":{"self":[{"href":"https:\/\/webaid.it\/index.php?rest_route=\/wp\/v2\/pages\/177","targetHints":{"allow":["GET"]}}],"collection":[{"href":"https:\/\/webaid.it\/index.php?rest_route=\/wp\/v2\/pages"}],"about":[{"href":"https:\/\/webaid.it\/index.php?rest_route=\/wp\/v2\/types\/page"}],"author":[{"embeddable":true,"href":"https:\/\/webaid.it\/index.php?rest_route=\/wp\/v2\/users\/1"}],"replies":[{"embeddable":true,"href":"https:\/\/webaid.it\/index.php?rest_route=%2Fwp%2Fv2%2Fcomments&post=177"}],"version-history":[{"count":17,"href":"https:\/\/webaid.it\/index.php?rest_route=\/wp\/v2\/pages\/177\/revisions"}],"predecessor-version":[{"id":2312,"href":"https:\/\/webaid.it\/index.php?rest_route=\/wp\/v2\/pages\/177\/revisions\/2312"}],"up":[{"embeddable":true,"href":"https:\/\/webaid.it\/index.php?rest_route=\/wp\/v2\/pages\/175"}],"wp:attachment":[{"href":"https:\/\/webaid.it\/index.php?rest_route=%2Fwp%2Fv2%2Fmedia&parent=177"}],"curies":[{"name":"wp","href":"https:\/\/api.w.org\/{rel}","templated":true}]}}