{"id":1901,"date":"2023-05-17T16:27:02","date_gmt":"2023-05-17T16:27:02","guid":{"rendered":"https:\/\/peterpodehl.com\/?page_id=1901"},"modified":"2024-10-10T16:24:41","modified_gmt":"2024-10-10T16:24:41","slug":"henriette-gusic","status":"publish","type":"page","link":"https:\/\/webaid.it\/?page_id=1901","title":{"rendered":"Henriette Gusi\u010d"},"content":{"rendered":"\n<p><a href=\"https:\/\/webaid.it\/?page_id=1903\">Claudias Klappentext zu Henriette Gusi\u010d<\/a><\/p>\n\n\n\n<p><a href=\"https:\/\/webaid.it\/?page_id=1908\">Henriette Gusi\u010d &#8211; Teil 1<\/a><\/p>\n\n\n\n<p><a href=\"https:\/\/webaid.it\/?page_id=2303\">Henriette Gusi\u010d &#8211; Teil 2<\/a><\/p>\n","protected":false},"excerpt":{"rendered":"<p>Claudias Klappentext zu Henriette Gusi\u010d Henriette Gusi\u010d &#8211; Teil 1 Henriette Gusi\u010d &#8211; Teil 2<\/p>\n","protected":false},"author":1,"featured_media":0,"parent":494,"menu_order":3,"comment_status":"closed","ping_status":"closed","template":"","meta":{"footnotes":""},"class_list":["post-1901","page","type-page","status-publish","hentry"],"_links":{"self":[{"href":"https:\/\/webaid.it\/index.php?rest_route=\/wp\/v2\/pages\/1901","targetHints":{"allow":["GET"]}}],"collection":[{"href":"https:\/\/webaid.it\/index.php?rest_route=\/wp\/v2\/pages"}],"about":[{"href":"https:\/\/webaid.it\/index.php?rest_route=\/wp\/v2\/types\/page"}],"author":[{"embeddable":true,"href":"https:\/\/webaid.it\/index.php?rest_route=\/wp\/v2\/users\/1"}],"replies":[{"embeddable":true,"href":"https:\/\/webaid.it\/index.php?rest_route=%2Fwp%2Fv2%2Fcomments&post=1901"}],"version-history":[{"count":2,"href":"https:\/\/webaid.it\/index.php?rest_route=\/wp\/v2\/pages\/1901\/revisions"}],"predecessor-version":[{"id":2321,"href":"https:\/\/webaid.it\/index.php?rest_route=\/wp\/v2\/pages\/1901\/revisions\/2321"}],"up":[{"embeddable":true,"href":"https:\/\/webaid.it\/index.php?rest_route=\/wp\/v2\/pages\/494"}],"wp:attachment":[{"href":"https:\/\/webaid.it\/index.php?rest_route=%2Fwp%2Fv2%2Fmedia&parent=1901"}],"curies":[{"name":"wp","href":"https:\/\/api.w.org\/{rel}","templated":true}]}}