{"id":1994,"date":"2023-05-24T16:53:19","date_gmt":"2023-05-24T16:53:19","guid":{"rendered":"https:\/\/peterpodehl.com\/?page_id=1994"},"modified":"2026-02-19T12:19:24","modified_gmt":"2026-02-19T12:19:24","slug":"charlotte-als-tanja","status":"publish","type":"page","link":"https:\/\/webaid.it\/?page_id=1994","title":{"rendered":"Charlotte als Tanja"},"content":{"rendered":"\n<p class=\"has-text-align-center\">***<\/p>\n\n\n\n<p>Charlotte als Tanja &#8211; Abendpost &#8211; Februar 1947<\/p>\n\n\n\n<p class=\"has-text-align-center\">***<\/p>\n\n\n\n<p>&#8220;Schauspielerische Vision<\/p>\n\n\n\n<p>Auf der B\u00fchne steht eine Frau: kleine Figur von zartestem K\u00f6rperbau, um das slawisch geschnittene Gesicht mit dem etwas traurigen Munde und wachen klugen Augen flie\u00dfen beiderseits zwei weiche B\u00e4nder br\u00fcnetten Haares. Wenn sie spricht und schreitet, hat sie Tonfall und Gang einer russischen Frau &#8211; niemals erlebten wir in Weimar seit langer Zeit eine schauspielerische Vision von so elementarer Wirkung und bezwingender Kraft, wie sie Charlotte Ulbrich in der Rolle der Tanja&nbsp; gibt. Da sitzt jeder Satz, jede Bewegung, jede Nuance mit unfehlbarer Sicherheit. Die psychologische Wandlung von der verliebten, vielleicht ein ganz klein wenig hysterischen Frau zu einem vom letzten ethischen Verantwortungsbewusstsein&nbsp; erf\u00fcllten Menschen wird ersch\u00fctternd sichtbar gemacht. Wir stehen einem starken menschlichen und k\u00fcnstlerischen Erlebnis gegen\u00fcber, f\u00fcr das wir aus ganzem Herzen danken m\u00fcssen.&nbsp;<\/p>\n\n\n\n<p>Die Begegnung mit Frau Ulbrich, bei deren Verpflichtung f\u00fcr Weimar Generalintendant Bortfeld eine \u00e4u\u00dferst gl\u00fcckliche Hand gehabt hat, macht den Wunsch dringlich, sie recht bald in einem neuen k\u00fcnstlerischen Einsatz (etwa als Puck im &#8220;Sommernachtstraum&#8221;) erleben zu d\u00fcrfen.&#8221;<\/p>\n\n\n\n<p><\/p>\n\n\n\n<p><em>Hier die Kopie des ganzen Artikels:<\/em><\/p>\n\n\n\n<figure class=\"wp-block-image aligncenter size-full\"><img loading=\"lazy\" decoding=\"async\" width=\"963\" height=\"80\" src=\"https:\/\/webaid.it\/wp-content\/uploads\/2023\/05\/CharlotteTanjaAbendpost_Titel.jpeg\" alt=\"\" class=\"wp-image-1996\" srcset=\"https:\/\/webaid.it\/wp-content\/uploads\/2023\/05\/CharlotteTanjaAbendpost_Titel.jpeg 963w, https:\/\/webaid.it\/wp-content\/uploads\/2023\/05\/CharlotteTanjaAbendpost_Titel-300x25.jpeg 300w, https:\/\/webaid.it\/wp-content\/uploads\/2023\/05\/CharlotteTanjaAbendpost_Titel-768x64.jpeg 768w\" sizes=\"auto, (max-width: 963px) 100vw, 963px\" \/><\/figure>\n\n\n\n<div class=\"wp-block-columns is-layout-flex wp-container-core-columns-is-layout-28f84493 wp-block-columns-is-layout-flex\">\n<div class=\"wp-block-column is-layout-flow wp-block-column-is-layout-flow\" style=\"flex-basis:100%\">\n<div class=\"wp-block-columns is-layout-flex wp-container-core-columns-is-layout-28f84493 wp-block-columns-is-layout-flex\">\n<div class=\"wp-block-column is-layout-flow wp-block-column-is-layout-flow\" style=\"flex-basis:100%\">\n<figure class=\"wp-block-image aligncenter size-large is-resized\"><img loading=\"lazy\" decoding=\"async\" width=\"244\" height=\"1024\" src=\"https:\/\/webaid.it\/wp-content\/uploads\/2023\/05\/CharlotteTanjaAbendpost_01-1-244x1024.jpeg\" alt=\"\" class=\"wp-image-1999\" style=\"width:306px;height:1285px\" srcset=\"https:\/\/webaid.it\/wp-content\/uploads\/2023\/05\/CharlotteTanjaAbendpost_01-1-244x1024.jpeg 244w, https:\/\/webaid.it\/wp-content\/uploads\/2023\/05\/CharlotteTanjaAbendpost_01-1.jpeg 343w\" sizes=\"auto, (max-width: 244px) 100vw, 244px\" \/><\/figure>\n<\/div>\n<\/div>\n<\/div>\n<\/div>\n\n\n\n<figure class=\"wp-block-image aligncenter size-full\"><img loading=\"lazy\" decoding=\"async\" width=\"314\" height=\"413\" src=\"https:\/\/webaid.it\/wp-content\/uploads\/2023\/05\/CharlotteTanjaAbendpost_02.jpeg\" alt=\"\" class=\"wp-image-2000\" srcset=\"https:\/\/webaid.it\/wp-content\/uploads\/2023\/05\/CharlotteTanjaAbendpost_02.jpeg 314w, https:\/\/webaid.it\/wp-content\/uploads\/2023\/05\/CharlotteTanjaAbendpost_02-228x300.jpeg 228w\" sizes=\"auto, (max-width: 314px) 100vw, 314px\" \/><\/figure>\n\n\n\n<figure class=\"wp-block-image aligncenter size-full\"><img loading=\"lazy\" decoding=\"async\" width=\"310\" height=\"266\" src=\"https:\/\/webaid.it\/wp-content\/uploads\/2023\/05\/CharlotteTanjaAbendpost_03.jpeg\" alt=\"\" class=\"wp-image-2001\" srcset=\"https:\/\/webaid.it\/wp-content\/uploads\/2023\/05\/CharlotteTanjaAbendpost_03.jpeg 310w, https:\/\/webaid.it\/wp-content\/uploads\/2023\/05\/CharlotteTanjaAbendpost_03-300x257.jpeg 300w\" sizes=\"auto, (max-width: 310px) 100vw, 310px\" \/><\/figure>\n\n\n\n<figure class=\"wp-block-image aligncenter size-full\"><img loading=\"lazy\" decoding=\"async\" width=\"315\" height=\"785\" src=\"https:\/\/webaid.it\/wp-content\/uploads\/2023\/05\/CharlotteTanjaAbendpost_04.jpg\" alt=\"\" class=\"wp-image-2002\" srcset=\"https:\/\/webaid.it\/wp-content\/uploads\/2023\/05\/CharlotteTanjaAbendpost_04.jpg 315w, https:\/\/webaid.it\/wp-content\/uploads\/2023\/05\/CharlotteTanjaAbendpost_04-120x300.jpg 120w\" sizes=\"auto, (max-width: 315px) 100vw, 315px\" \/><\/figure>\n\n\n\n<figure class=\"wp-block-image aligncenter size-full\"><img loading=\"lazy\" decoding=\"async\" width=\"306\" height=\"720\" src=\"https:\/\/webaid.it\/wp-content\/uploads\/2023\/05\/CharlotteTanjaAbendpost_05.jpeg\" alt=\"\" class=\"wp-image-2003\" srcset=\"https:\/\/webaid.it\/wp-content\/uploads\/2023\/05\/CharlotteTanjaAbendpost_05.jpeg 306w, https:\/\/webaid.it\/wp-content\/uploads\/2023\/05\/CharlotteTanjaAbendpost_05-128x300.jpeg 128w\" sizes=\"auto, (max-width: 306px) 100vw, 306px\" \/><\/figure>\n\n\n\n<figure class=\"wp-block-image aligncenter size-full\"><img loading=\"lazy\" decoding=\"async\" width=\"297\" height=\"73\" src=\"https:\/\/webaid.it\/wp-content\/uploads\/2023\/05\/CharlotteTanjaAbendpost_06-1.jpeg\" alt=\"\" class=\"wp-image-2006\"\/><\/figure>\n\n\n\n<figure class=\"wp-block-image aligncenter size-full\"><img loading=\"lazy\" decoding=\"async\" width=\"328\" height=\"635\" src=\"https:\/\/webaid.it\/wp-content\/uploads\/2023\/05\/CharlotteTanjaAbendpost_07-1.jpeg\" alt=\"\" class=\"wp-image-2008\" srcset=\"https:\/\/webaid.it\/wp-content\/uploads\/2023\/05\/CharlotteTanjaAbendpost_07-1.jpeg 328w, https:\/\/webaid.it\/wp-content\/uploads\/2023\/05\/CharlotteTanjaAbendpost_07-1-155x300.jpeg 155w\" sizes=\"auto, (max-width: 328px) 100vw, 328px\" \/><\/figure>\n\n\n\n<figure class=\"wp-block-image aligncenter size-large is-resized\"><img loading=\"lazy\" decoding=\"async\" width=\"272\" height=\"1024\" src=\"https:\/\/webaid.it\/wp-content\/uploads\/2023\/05\/CharlotteTanjaAbendpost_08-272x1024.jpeg\" alt=\"\" class=\"wp-image-2007\" style=\"width:300px;height:1129px\" srcset=\"https:\/\/webaid.it\/wp-content\/uploads\/2023\/05\/CharlotteTanjaAbendpost_08-272x1024.jpeg 272w, https:\/\/webaid.it\/wp-content\/uploads\/2023\/05\/CharlotteTanjaAbendpost_08-80x300.jpeg 80w, https:\/\/webaid.it\/wp-content\/uploads\/2023\/05\/CharlotteTanjaAbendpost_08.jpeg 322w\" sizes=\"auto, (max-width: 272px) 100vw, 272px\" \/><\/figure>\n","protected":false},"excerpt":{"rendered":"<p>*** Charlotte als Tanja &#8211; Abendpost &#8211; Februar 1947 *** &#8220;Schauspielerische Vision Auf der B\u00fchne steht eine Frau: kleine Figur von zartestem K\u00f6rperbau, um das slawisch geschnittene Gesicht mit dem etwas traurigen Munde und wachen klugen Augen flie\u00dfen beiderseits zwei weiche B\u00e4nder br\u00fcnetten Haares. Wenn sie spricht und schreitet, hat sie Tonfall und Gang einer [&hellip;]<\/p>\n","protected":false},"author":1,"featured_media":0,"parent":1860,"menu_order":4,"comment_status":"closed","ping_status":"closed","template":"","meta":{"footnotes":""},"class_list":["post-1994","page","type-page","status-publish","hentry"],"_links":{"self":[{"href":"https:\/\/webaid.it\/index.php?rest_route=\/wp\/v2\/pages\/1994","targetHints":{"allow":["GET"]}}],"collection":[{"href":"https:\/\/webaid.it\/index.php?rest_route=\/wp\/v2\/pages"}],"about":[{"href":"https:\/\/webaid.it\/index.php?rest_route=\/wp\/v2\/types\/page"}],"author":[{"embeddable":true,"href":"https:\/\/webaid.it\/index.php?rest_route=\/wp\/v2\/users\/1"}],"replies":[{"embeddable":true,"href":"https:\/\/webaid.it\/index.php?rest_route=%2Fwp%2Fv2%2Fcomments&post=1994"}],"version-history":[{"count":6,"href":"https:\/\/webaid.it\/index.php?rest_route=\/wp\/v2\/pages\/1994\/revisions"}],"predecessor-version":[{"id":4518,"href":"https:\/\/webaid.it\/index.php?rest_route=\/wp\/v2\/pages\/1994\/revisions\/4518"}],"up":[{"embeddable":true,"href":"https:\/\/webaid.it\/index.php?rest_route=\/wp\/v2\/pages\/1860"}],"wp:attachment":[{"href":"https:\/\/webaid.it\/index.php?rest_route=%2Fwp%2Fv2%2Fmedia&parent=1994"}],"curies":[{"name":"wp","href":"https:\/\/api.w.org\/{rel}","templated":true}]}}