{"id":2115,"date":"2023-05-30T06:39:43","date_gmt":"2023-05-30T06:39:43","guid":{"rendered":"https:\/\/peterpodehl.com\/?page_id=2115"},"modified":"2026-02-19T10:58:45","modified_gmt":"2026-02-19T10:58:45","slug":"der-kleine-muck-lebt-weiter","status":"publish","type":"page","link":"https:\/\/webaid.it\/?page_id=2115","title":{"rendered":"Der Kleine Muck  &#8211;  lebt weiter"},"content":{"rendered":"\n<p class=\"has-text-align-center\">***<\/p>\n\n\n\n<p>Zum kleinen Muck kann ich euch hier diese Frontseite von Peter Podehls Original-Drehbuch bieten. Er hatte es zusammen mit Wolfgang Staudte geschrieben und war danach auch sein Regieassistent.<br>Es hat abgeschnittene Ecken f\u00fcr die bereits abgedrehten Takes und enth\u00e4lt viele handschriftliche Bemerkungen aus der Dreharbeit. Es riecht so richtig nach intensiver und guter Arbeit.<\/p>\n\n\n\n<figure class=\"wp-block-image aligncenter size-full\"><img loading=\"lazy\" decoding=\"async\" width=\"326\" height=\"449\" src=\"https:\/\/webaid.it\/wp-content\/uploads\/2023\/06\/image.png\" alt=\"\" class=\"wp-image-2133\" srcset=\"https:\/\/webaid.it\/wp-content\/uploads\/2023\/06\/image.png 326w, https:\/\/webaid.it\/wp-content\/uploads\/2023\/06\/image-218x300.png 218w\" sizes=\"auto, (max-width: 326px) 100vw, 326px\" \/><\/figure>\n\n\n\n<p>Dieses Drehbuch zum Kleinen Muck war Grundlage f\u00fcr eine Theaterinszenierung im Badischen Staatstheater in Karlsruhe. Am 6. November 2011 war Premiere. Die haben wir uns angeschaut. Und uns k\u00f6stlich am\u00fcsiert!<\/p>\n\n\n\n<p id=\"MuckLebtWeiter\">Aber grunds\u00e4tzlich war \u201cDer kleine Muck\u201d nat\u00fcrlich weder ein Theaterst\u00fcck, noch ein Fernsehfilm, sondern ein echter Kinofilm, auch weil das Fernsehen 1953, als der Film gedreht wurde, so winzig war, dass es noch nicht einmal in Kinderschuhen stecken konnte. Er ist in allen Kinos der Welt gelaufen, und erntete gro\u00dfen Erfolg. Nur in der Bundesrepublik wurde er nie und nirgends gezeigt. Sp\u00e4ter lief er dann auch viel und oft auf allen Fernsehbildschirmen der Welt &#8211; nur in der Bundesrepublik nicht.  Ich habe ihn Ende der 60er Jahre sogar mal \u00fcberraschenderweise im italienischen Fernsehen gesehen. Da sprach mein Bruder Italienisch.<\/p>\n\n\n\n<p>Einen sehr feinen Artikel \u00fcber den Kleinen Muck aus einer aufmerksamen Spurensuche, \u00fcber die Atmosph\u00e4re beim Anschauen des Films, bei den Dreharbeiten und \u00fcber meinen gro\u00dfen Bruder Thomas, der ja der kleine Muck war (ich war 4 Jahre alt, als der Film gedreht wurde), k\u00f6nnt ihr in Knut Elstermanns Buch \u201c<a href=\"https:\/\/www.amazon.de\/Fr%C3%BCher-war-ich-Filmkind-Darsteller\/dp\/3360021142\/ref=sr_1_1?__mk_de_DE=%C3%85M%C3%85%C5%BD%C3%95%C3%91&amp;crid=15B4W11LBN08M&amp;keywords=Fr%C3%BCher+war+ich+Filmkind&amp;qid=1697903482&amp;sprefix=fr%C3%BCher+war+ich+filmkind%2Caps%2C145&amp;sr=8-1\">Fr\u00fcher war ich Filmkind<\/a>\u201d (Verlag Das neue Berlin, 2011) lesen. Er berichtet von mehreren Filmkindern der DEFA, hat das Buch aber Thomas Schmidt gewidmet.<\/p>\n\n\n\n<p>Und er war der Grundstein f\u00fcr Peter Podehls sp\u00e4teres intensives Engagement in <a href=\"https:\/\/webaid.it\/?page_id=1019\">Film- und Fernsehproduktionen f\u00fcr Kinder und Jugendliche<\/a>.<\/p>\n\n\n\n<p><\/p>\n\n\n\n<p>Claudias Geschichte: &#8220;<a href=\"https:\/\/webaid.it\/?page_id=2374\">Der kleine Muck im Pinienhain<\/a>&#8220;<\/p>\n\n\n\n<p><\/p>\n\n\n\n<div class=\"wp-block-columns is-layout-flex wp-container-core-columns-is-layout-28f84493 wp-block-columns-is-layout-flex\">\n<div class=\"wp-block-column is-layout-flow wp-block-column-is-layout-flow\"><\/div>\n\n\n\n<div class=\"wp-block-column is-layout-flow wp-block-column-is-layout-flow\"><\/div>\n<\/div>\n","protected":false},"excerpt":{"rendered":"<p>*** Zum kleinen Muck kann ich euch hier diese Frontseite von Peter Podehls Original-Drehbuch bieten. Er hatte es zusammen mit Wolfgang Staudte geschrieben und war danach auch sein Regieassistent.Es hat abgeschnittene Ecken f\u00fcr die bereits abgedrehten Takes und enth\u00e4lt viele handschriftliche Bemerkungen aus der Dreharbeit. Es riecht so richtig nach intensiver und guter Arbeit. Dieses [&hellip;]<\/p>\n","protected":false},"author":1,"featured_media":0,"parent":45,"menu_order":12,"comment_status":"closed","ping_status":"closed","template":"","meta":{"footnotes":""},"class_list":["post-2115","page","type-page","status-publish","hentry"],"_links":{"self":[{"href":"https:\/\/webaid.it\/index.php?rest_route=\/wp\/v2\/pages\/2115","targetHints":{"allow":["GET"]}}],"collection":[{"href":"https:\/\/webaid.it\/index.php?rest_route=\/wp\/v2\/pages"}],"about":[{"href":"https:\/\/webaid.it\/index.php?rest_route=\/wp\/v2\/types\/page"}],"author":[{"embeddable":true,"href":"https:\/\/webaid.it\/index.php?rest_route=\/wp\/v2\/users\/1"}],"replies":[{"embeddable":true,"href":"https:\/\/webaid.it\/index.php?rest_route=%2Fwp%2Fv2%2Fcomments&post=2115"}],"version-history":[{"count":9,"href":"https:\/\/webaid.it\/index.php?rest_route=\/wp\/v2\/pages\/2115\/revisions"}],"predecessor-version":[{"id":4452,"href":"https:\/\/webaid.it\/index.php?rest_route=\/wp\/v2\/pages\/2115\/revisions\/4452"}],"up":[{"embeddable":true,"href":"https:\/\/webaid.it\/index.php?rest_route=\/wp\/v2\/pages\/45"}],"wp:attachment":[{"href":"https:\/\/webaid.it\/index.php?rest_route=%2Fwp%2Fv2%2Fmedia&parent=2115"}],"curies":[{"name":"wp","href":"https:\/\/api.w.org\/{rel}","templated":true}]}}