{"id":2209,"date":"2023-06-26T15:09:47","date_gmt":"2023-06-26T15:09:47","guid":{"rendered":"https:\/\/peterpodehl.com\/?page_id=2209"},"modified":"2026-03-04T09:22:01","modified_gmt":"2026-03-04T09:22:01","slug":"claudia-attrice","status":"publish","type":"page","link":"https:\/\/webaid.it\/?page_id=2209","title":{"rendered":"Claudia attrice\u00a0"},"content":{"rendered":"\n<p class=\"has-text-align-center\"><a href=\"https:\/\/webaid.it\/?page_id=2209\">Storie di Claudia<\/a><\/p>\n\n\n\n<p><\/p>\n\n\n\n<h2 class=\"wp-block-heading has-text-align-center\">Claudia attrice<\/h2>\n\n\n\n<h5 class=\"wp-block-heading has-text-align-center\">Con un po&#8217; di backstage&nbsp;<\/h5>\n\n\n\n<p><\/p>\n\n\n\n<p class=\"has-text-align-center\">***<\/p>\n\n\n\n<h2 class=\"wp-block-heading has-text-align-center\">\u201cDie H\u00f6hlenkinder\u201d&nbsp;<\/h2>\n\n\n\n<p class=\"has-text-align-center\">\u00a9<\/p>\n\n\n\n<p>Nel 1961 &#8211; avevo 12 anni &#8211; ero protagonista insieme a G\u00f6tz Burger della prima serie televisiva per bambini, prodotta in Geramia. <\/p>\n\n\n\n<p>La serie and\u00f2 in onda nell&#8217;autunno\/inverno 1962\/63. <\/p>\n\n\n\n<p>Nel agosto 1961 fu costruito il muro a Berlino e attraverso tutta le Germania, da nord a sud. Noi giravamo in un vallata austriaca un pochino lontana dal mondo e bellissima, chiamata Eng. Comunque la notizia terribile del muro, che ci separava dai nostri parenti e amici nell&#8217;est della Germania, giunse fino da noi e ci sconvolse.<\/p>\n\n\n\n<p>La serie televisiva racconta la storia di due ragazzi, Peter e Eva, che nei momenti terribili della seconda Guerra Mondiale rimangono senza genitori, e alla fine perdono anche il nonno di Eva e dovranno vedersela da soli. Percorrono una strada non proprio facile per giungere in una valle chiusa e nascosta, e quindi sicura, dove poi dovranno procurarsi da mangiare e sistemare una grotta in cui vivere. <\/p>\n\n\n\n<p>Esiste anche una versione italiana del 1984, &#8220;I ragazzi della valle misteriosa&#8221; con Kim Rossi Stuart e Eva Veronika Logan, con la stessa sceneggiatura base di Peter Podehl, ma in un contesto storico diverso, medievale. &#8211; Molto kitsch, per i miei gusti.<\/p>\n\n\n\n<figure class=\"wp-block-image aligncenter is-resized\"><img loading=\"lazy\" decoding=\"async\" width=\"776\" height=\"1024\" src=\"https:\/\/webaid.it\/wp-content\/uploads\/2023\/02\/ClaudiaHoKi_6Wasserfall-776x1024.jpg\" alt=\"\" class=\"wp-image-1108\" style=\"width:710px;height:937px\" srcset=\"https:\/\/webaid.it\/wp-content\/uploads\/2023\/02\/ClaudiaHoKi_6Wasserfall-776x1024.jpg 776w, https:\/\/webaid.it\/wp-content\/uploads\/2023\/02\/ClaudiaHoKi_6Wasserfall-227x300.jpg 227w, https:\/\/webaid.it\/wp-content\/uploads\/2023\/02\/ClaudiaHoKi_6Wasserfall-768x1013.jpg 768w, https:\/\/webaid.it\/wp-content\/uploads\/2023\/02\/ClaudiaHoKi_6Wasserfall-1164x1536.jpg 1164w, https:\/\/webaid.it\/wp-content\/uploads\/2023\/02\/ClaudiaHoKi_6Wasserfall-1553x2048.jpg 1553w, https:\/\/webaid.it\/wp-content\/uploads\/2023\/02\/ClaudiaHoKi_6Wasserfall-scaled.jpg 1941w\" sizes=\"auto, (max-width: 776px) 100vw, 776px\" \/><figcaption class=\"wp-element-caption\"><em>Eva e Peter sono rimasti soli; il nonno di Eva \u00e8 morto mentre cercavano di raggiungere una valle lontana dai combattimenti terribili della Seconda Guerra Mondiale.&nbsp;\u2026<\/em><\/figcaption><\/figure>\n\n\n\n<figure class=\"wp-block-image aligncenter is-resized\"><img loading=\"lazy\" decoding=\"async\" width=\"1024\" height=\"776\" src=\"https:\/\/webaid.it\/wp-content\/uploads\/2023\/02\/ClaudiaHoKi_4Opa-1024x776.jpg\" alt=\"\" class=\"wp-image-1129\" style=\"width:670px;height:507px\" srcset=\"https:\/\/webaid.it\/wp-content\/uploads\/2023\/02\/ClaudiaHoKi_4Opa-1024x776.jpg 1024w, https:\/\/webaid.it\/wp-content\/uploads\/2023\/02\/ClaudiaHoKi_4Opa-300x227.jpg 300w, https:\/\/webaid.it\/wp-content\/uploads\/2023\/02\/ClaudiaHoKi_4Opa-768x582.jpg 768w, https:\/\/webaid.it\/wp-content\/uploads\/2023\/02\/ClaudiaHoKi_4Opa-1536x1164.jpg 1536w, https:\/\/webaid.it\/wp-content\/uploads\/2023\/02\/ClaudiaHoKi_4Opa-2048x1553.jpg 2048w\" sizes=\"auto, (max-width: 1024px) 100vw, 1024px\" \/><figcaption class=\"wp-element-caption\"><em>\u2026&nbsp;ma il nonno, prima aveva spiegato loro  bene il percorso per la Valle Segreta <\/em><\/figcaption><\/figure>\n\n\n\n<p><\/p>\n\n\n\n<figure class=\"wp-block-image aligncenter is-resized\"><img loading=\"lazy\" decoding=\"async\" width=\"1024\" height=\"776\" src=\"https:\/\/webaid.it\/wp-content\/uploads\/2023\/02\/ClaudiaHoKi_1Set-1024x776.jpg\" alt=\"\" class=\"wp-image-1109\" style=\"width:670px;height:507px\" srcset=\"https:\/\/webaid.it\/wp-content\/uploads\/2023\/02\/ClaudiaHoKi_1Set-1024x776.jpg 1024w, https:\/\/webaid.it\/wp-content\/uploads\/2023\/02\/ClaudiaHoKi_1Set-300x227.jpg 300w, https:\/\/webaid.it\/wp-content\/uploads\/2023\/02\/ClaudiaHoKi_1Set-768x582.jpg 768w, https:\/\/webaid.it\/wp-content\/uploads\/2023\/02\/ClaudiaHoKi_1Set-1536x1164.jpg 1536w, https:\/\/webaid.it\/wp-content\/uploads\/2023\/02\/ClaudiaHoKi_1Set-2048x1553.jpg 2048w\" sizes=\"auto, (max-width: 1024px) 100vw, 1024px\" \/><figcaption class=\"wp-element-caption\"><em>Foto dal lato opposto, d.s.a d.; il regista Peter Podehl, il cameraman Rainer Walzel, dietro a lui il direttore di produzione Werner Stock, di spalle Claudia Podehl e G\u00f6tz Burger, e tutto sulla destra l&#8217;attrezzista tuttofare Schauer Toni, dalle mani d&#8217;oro, che sapeva inventare tutti gli attrezzi a volte alquanto fantasiosi con cui i due ragazzi riuscivano ad affrontare tutti i problemi.<\/em><\/figcaption><\/figure>\n\n\n\n<p>La grotta stessa era stata costruita ad arte negli studi della <a rel=\"noreferrer noopener\" href=\"https:\/\/www.schongerfilm.de\/\" target=\"_blank\">Schonger-Filmstudio<\/a> in Baviera dallo scenografo <a href=\"https:\/\/www.webaid.it\/wordpress\/?page_id=1653\">J\u00f6rg Wisbeck<\/a>; era costituita da quattro spicchi di torta mobili su delle ruote, che permettevano l&#8217;accostamento dei pezzi a seconda delle esigenze delle scene da girare.<\/p>\n\n\n\n<p>Il copione, che ancora posseggo, prevedeva 12 puntate ma, concluse le riprese, si dovette constatare che mancavano 17 minuti per completare il minutaggio, e quindi quasi i due terzi di una puntata da 25 minuti. Si fece un accorpamento e ne uscirono 10 puntate, di cui la prima un po&#8217; pi\u00f9 lunga. &#8211; L&#8217;organizzazione complessiva della casa produttrice non era proprio il massimo. <\/p>\n\n\n\n<p>Il film non \u00e8 doppiato con la mia voce, cosa abbastanza normale per i tempi di allora. <\/p>\n\n\n\n<p>Seguono le foto ancora oggi in mio possesso, grandi foto in bianco e nero, fatte da Ulli Schonger, figlio del produttore.<\/p>\n\n\n\n<p class=\"has-text-align-center\">Claudia Podehl (Eva)<\/p>\n\n\n\n<figure class=\"wp-block-image aligncenter is-resized\"><img loading=\"lazy\" decoding=\"async\" width=\"723\" height=\"1024\" src=\"https:\/\/webaid.it\/wp-content\/uploads\/2023\/02\/ClaudiaHoKi_28-723x1024.jpg\" alt=\"\" class=\"wp-image-1107\" style=\"width:671px;height:949px\" srcset=\"https:\/\/webaid.it\/wp-content\/uploads\/2023\/02\/ClaudiaHoKi_28-723x1024.jpg 723w, https:\/\/webaid.it\/wp-content\/uploads\/2023\/02\/ClaudiaHoKi_28-212x300.jpg 212w, https:\/\/webaid.it\/wp-content\/uploads\/2023\/02\/ClaudiaHoKi_28-768x1087.jpg 768w, https:\/\/webaid.it\/wp-content\/uploads\/2023\/02\/ClaudiaHoKi_28-1085x1536.jpg 1085w, https:\/\/webaid.it\/wp-content\/uploads\/2023\/02\/ClaudiaHoKi_28-1447x2048.jpg 1447w, https:\/\/webaid.it\/wp-content\/uploads\/2023\/02\/ClaudiaHoKi_28-scaled.jpg 1808w\" sizes=\"auto, (max-width: 723px) 100vw, 723px\" \/><figcaption class=\"wp-element-caption\"><em>Sono giunti, <em>con i vestiti strappati<\/em><\/em>, <em>ma<\/em> <em>sani e salvi e al sicuro, <em>nella valle nascosta e hanno anche trovato la grotta<\/em><\/em>, <em>ma ora bisogna anche mangiare<\/em><\/figcaption><\/figure>\n\n\n\n<figure class=\"wp-block-image aligncenter\"><img loading=\"lazy\" decoding=\"async\" width=\"1024\" height=\"776\" src=\"https:\/\/webaid.it\/wp-content\/uploads\/2023\/02\/ClaudiaHoKi_10Hohlenleben-2-1024x776.jpg\" alt=\"\" class=\"wp-image-1113\" srcset=\"https:\/\/webaid.it\/wp-content\/uploads\/2023\/02\/ClaudiaHoKi_10Hohlenleben-2-1024x776.jpg 1024w, https:\/\/webaid.it\/wp-content\/uploads\/2023\/02\/ClaudiaHoKi_10Hohlenleben-2-300x227.jpg 300w, https:\/\/webaid.it\/wp-content\/uploads\/2023\/02\/ClaudiaHoKi_10Hohlenleben-2-768x582.jpg 768w, https:\/\/webaid.it\/wp-content\/uploads\/2023\/02\/ClaudiaHoKi_10Hohlenleben-2-1536x1164.jpg 1536w, https:\/\/webaid.it\/wp-content\/uploads\/2023\/02\/ClaudiaHoKi_10Hohlenleben-2-2048x1553.jpg 2048w\" sizes=\"auto, (max-width: 1024px) 100vw, 1024px\" \/><figcaption class=\"wp-element-caption\"><em>Imparano, e presto<\/em>&nbsp;\u2026<\/figcaption><\/figure>\n\n\n\n<figure class=\"wp-block-image aligncenter is-resized\"><img loading=\"lazy\" decoding=\"async\" width=\"1024\" height=\"776\" src=\"https:\/\/webaid.it\/wp-content\/uploads\/2023\/02\/ClaudiaHoKi_9Hohlenleben-1024x776.jpg\" alt=\"\" class=\"wp-image-1110\" style=\"width:670px;height:507px\" srcset=\"https:\/\/webaid.it\/wp-content\/uploads\/2023\/02\/ClaudiaHoKi_9Hohlenleben-1024x776.jpg 1024w, https:\/\/webaid.it\/wp-content\/uploads\/2023\/02\/ClaudiaHoKi_9Hohlenleben-300x227.jpg 300w, https:\/\/webaid.it\/wp-content\/uploads\/2023\/02\/ClaudiaHoKi_9Hohlenleben-768x582.jpg 768w, https:\/\/webaid.it\/wp-content\/uploads\/2023\/02\/ClaudiaHoKi_9Hohlenleben-1536x1164.jpg 1536w, https:\/\/webaid.it\/wp-content\/uploads\/2023\/02\/ClaudiaHoKi_9Hohlenleben-2048x1553.jpg 2048w\" sizes=\"auto, (max-width: 1024px) 100vw, 1024px\" \/><figcaption class=\"wp-element-caption\"><em>\u2026ci sar\u00e0 un arrosto leccabaffi<\/em><\/figcaption><\/figure>\n\n\n\n<figure class=\"wp-block-image aligncenter\"><img loading=\"lazy\" decoding=\"async\" width=\"1024\" height=\"776\" src=\"https:\/\/webaid.it\/wp-content\/uploads\/2023\/02\/ClaudiaHoKi_8Hohlenleben-1-1024x776.jpg\" alt=\"\" class=\"wp-image-1115\" srcset=\"https:\/\/webaid.it\/wp-content\/uploads\/2023\/02\/ClaudiaHoKi_8Hohlenleben-1-1024x776.jpg 1024w, https:\/\/webaid.it\/wp-content\/uploads\/2023\/02\/ClaudiaHoKi_8Hohlenleben-1-300x227.jpg 300w, https:\/\/webaid.it\/wp-content\/uploads\/2023\/02\/ClaudiaHoKi_8Hohlenleben-1-768x582.jpg 768w, https:\/\/webaid.it\/wp-content\/uploads\/2023\/02\/ClaudiaHoKi_8Hohlenleben-1-1536x1164.jpg 1536w, https:\/\/webaid.it\/wp-content\/uploads\/2023\/02\/ClaudiaHoKi_8Hohlenleben-1-2048x1553.jpg 2048w\" sizes=\"auto, (max-width: 1024px) 100vw, 1024px\" \/><figcaption class=\"wp-element-caption\"><em>Anche l&#8217;arredamento della grotta \u00e8 fatto tutto a mano dai ragazzi <\/em><\/figcaption><\/figure>\n\n\n\n<figure class=\"wp-block-image aligncenter\"><img loading=\"lazy\" decoding=\"async\" width=\"1024\" height=\"776\" src=\"https:\/\/webaid.it\/wp-content\/uploads\/2023\/02\/ClaudiaHoKi_13Hohlenleben-1024x776.jpg\" alt=\"\" class=\"wp-image-1116\" srcset=\"https:\/\/webaid.it\/wp-content\/uploads\/2023\/02\/ClaudiaHoKi_13Hohlenleben-1024x776.jpg 1024w, https:\/\/webaid.it\/wp-content\/uploads\/2023\/02\/ClaudiaHoKi_13Hohlenleben-300x227.jpg 300w, https:\/\/webaid.it\/wp-content\/uploads\/2023\/02\/ClaudiaHoKi_13Hohlenleben-768x582.jpg 768w, https:\/\/webaid.it\/wp-content\/uploads\/2023\/02\/ClaudiaHoKi_13Hohlenleben-1536x1164.jpg 1536w, https:\/\/webaid.it\/wp-content\/uploads\/2023\/02\/ClaudiaHoKi_13Hohlenleben-2048x1553.jpg 2048w\" sizes=\"auto, (max-width: 1024px) 100vw, 1024px\" \/><figcaption class=\"wp-element-caption\"><em>E non mancher\u00e0 la musica.<\/em> <em>&nbsp;<\/em><br><em>Un bel esempio delle splendide arti dell&#8217;attrezzista Schauer Toni: lo xilofono (che non emise assolutamente nessun suono), i cesti, il letto che si reggerebbe con le pezze di stoffa, in realt\u00e0 tenuto in piedi con dei bei chiodoni che si nascondevano appunto sotto le pezze di stoffa<\/em><\/figcaption><\/figure>\n\n\n\n<figure class=\"wp-block-image aligncenter is-resized\"><img loading=\"lazy\" decoding=\"async\" width=\"776\" height=\"1024\" src=\"https:\/\/webaid.it\/wp-content\/uploads\/2023\/02\/ClaudiaHoKi_17Hohlenleben-776x1024.jpg\" alt=\"\" class=\"wp-image-1117\" style=\"width:670px;height:884px\" srcset=\"https:\/\/webaid.it\/wp-content\/uploads\/2023\/02\/ClaudiaHoKi_17Hohlenleben-776x1024.jpg 776w, https:\/\/webaid.it\/wp-content\/uploads\/2023\/02\/ClaudiaHoKi_17Hohlenleben-227x300.jpg 227w, https:\/\/webaid.it\/wp-content\/uploads\/2023\/02\/ClaudiaHoKi_17Hohlenleben-768x1013.jpg 768w, https:\/\/webaid.it\/wp-content\/uploads\/2023\/02\/ClaudiaHoKi_17Hohlenleben-1164x1536.jpg 1164w, https:\/\/webaid.it\/wp-content\/uploads\/2023\/02\/ClaudiaHoKi_17Hohlenleben-1553x2048.jpg 1553w, https:\/\/webaid.it\/wp-content\/uploads\/2023\/02\/ClaudiaHoKi_17Hohlenleben-scaled.jpg 1941w\" sizes=\"auto, (max-width: 776px) 100vw, 776px\" \/><figcaption class=\"wp-element-caption\"><em>Natale nella grotta<\/em><br><em>Mio padre considerava kitsch questa nostra posa sotto l&#8217;albero, nel film stesso non c&#8217;\u00e8<\/em><\/figcaption><\/figure>\n\n\n\n<figure class=\"wp-block-image aligncenter is-resized\"><img loading=\"lazy\" decoding=\"async\" width=\"776\" height=\"1024\" src=\"https:\/\/webaid.it\/wp-content\/uploads\/2023\/02\/ClaudiaHoKi_18Exploives-776x1024.jpg\" alt=\"\" class=\"wp-image-1118\" style=\"width:670px;height:884px\" srcset=\"https:\/\/webaid.it\/wp-content\/uploads\/2023\/02\/ClaudiaHoKi_18Exploives-776x1024.jpg 776w, https:\/\/webaid.it\/wp-content\/uploads\/2023\/02\/ClaudiaHoKi_18Exploives-227x300.jpg 227w, https:\/\/webaid.it\/wp-content\/uploads\/2023\/02\/ClaudiaHoKi_18Exploives-768x1013.jpg 768w, https:\/\/webaid.it\/wp-content\/uploads\/2023\/02\/ClaudiaHoKi_18Exploives-1164x1536.jpg 1164w, https:\/\/webaid.it\/wp-content\/uploads\/2023\/02\/ClaudiaHoKi_18Exploives-1553x2048.jpg 1553w, https:\/\/webaid.it\/wp-content\/uploads\/2023\/02\/ClaudiaHoKi_18Exploives-scaled.jpg 1941w\" sizes=\"auto, (max-width: 776px) 100vw, 776px\" \/><figcaption class=\"wp-element-caption\"><em>Ma ci sono anche dei grandi spaventi: &nbsp;<\/em><br><em>Munizioni e soldi di carta fasulli cadono dal cielo appesi ad un paracadute  <\/em><br><em>Peter ed Eva non sanno cosa farsene<\/em><\/figcaption><\/figure>\n\n\n\n<figure class=\"wp-block-image aligncenter is-resized\"><img loading=\"lazy\" decoding=\"async\" width=\"1024\" height=\"776\" src=\"https:\/\/webaid.it\/wp-content\/uploads\/2023\/02\/ClaudiaHoKi_20Soldat-2-1024x776.jpg\" alt=\"\" class=\"wp-image-1121\" style=\"width:669px;height:506px\" srcset=\"https:\/\/webaid.it\/wp-content\/uploads\/2023\/02\/ClaudiaHoKi_20Soldat-2-1024x776.jpg 1024w, https:\/\/webaid.it\/wp-content\/uploads\/2023\/02\/ClaudiaHoKi_20Soldat-2-300x227.jpg 300w, https:\/\/webaid.it\/wp-content\/uploads\/2023\/02\/ClaudiaHoKi_20Soldat-2-768x582.jpg 768w, https:\/\/webaid.it\/wp-content\/uploads\/2023\/02\/ClaudiaHoKi_20Soldat-2-1536x1164.jpg 1536w, https:\/\/webaid.it\/wp-content\/uploads\/2023\/02\/ClaudiaHoKi_20Soldat-2-2048x1553.jpg 2048w\" sizes=\"auto, (max-width: 1024px) 100vw, 1024px\" \/><figcaption class=\"wp-element-caption\"><em>Fino a che un giorno, nella valle cos\u00ec ben nascosta, appare il soldato Max, creando fortissimi spaventi da entrambe le parti. &nbsp;<\/em><br><em><em>Max<\/em>, molto sorpreso nel vedere questi due ragazzi cos\u00ec autonomi e capaci, dovr\u00e0 ascoltare tutto quello che dovr\u00e0 imparare se vuole stare con loro <\/em><\/figcaption><\/figure>\n\n\n\n<figure class=\"wp-block-image aligncenter is-resized\"><img loading=\"lazy\" decoding=\"async\" width=\"1024\" height=\"776\" src=\"https:\/\/webaid.it\/wp-content\/uploads\/2023\/02\/ClaudiaHoKi_21Soldat-1024x776.jpg\" alt=\"\" class=\"wp-image-1122\" style=\"width:670px;height:507px\" srcset=\"https:\/\/webaid.it\/wp-content\/uploads\/2023\/02\/ClaudiaHoKi_21Soldat-1024x776.jpg 1024w, https:\/\/webaid.it\/wp-content\/uploads\/2023\/02\/ClaudiaHoKi_21Soldat-300x227.jpg 300w, https:\/\/webaid.it\/wp-content\/uploads\/2023\/02\/ClaudiaHoKi_21Soldat-768x582.jpg 768w, https:\/\/webaid.it\/wp-content\/uploads\/2023\/02\/ClaudiaHoKi_21Soldat-1536x1164.jpg 1536w, https:\/\/webaid.it\/wp-content\/uploads\/2023\/02\/ClaudiaHoKi_21Soldat-2048x1553.jpg 2048w\" sizes=\"auto, (max-width: 1024px) 100vw, 1024px\" \/><figcaption class=\"wp-element-caption\"><em>Ma <em>Max<\/em><\/em> <em>porta anche delle competenze che i ragazzi ignorano: sa riparare la radio caduta dal cielo, insieme alle munizioni <\/em><br><em>E da questa radio vengono a sapere che Hitler \u00e8 morto e la guerra \u00e8 finita <\/em><\/figcaption><\/figure>\n\n\n\n<figure class=\"wp-block-image aligncenter is-resized\"><img loading=\"lazy\" decoding=\"async\" width=\"1024\" height=\"696\" src=\"https:\/\/webaid.it\/wp-content\/uploads\/2023\/02\/ClaudiaHoKi_26Ruckkehr-1024x696.jpg\" alt=\"\" class=\"wp-image-1141\" style=\"width:670px;height:455px\" srcset=\"https:\/\/webaid.it\/wp-content\/uploads\/2023\/02\/ClaudiaHoKi_26Ruckkehr-1024x696.jpg 1024w, https:\/\/webaid.it\/wp-content\/uploads\/2023\/02\/ClaudiaHoKi_26Ruckkehr-300x204.jpg 300w, https:\/\/webaid.it\/wp-content\/uploads\/2023\/02\/ClaudiaHoKi_26Ruckkehr-768x522.jpg 768w, https:\/\/webaid.it\/wp-content\/uploads\/2023\/02\/ClaudiaHoKi_26Ruckkehr-1536x1043.jpg 1536w, https:\/\/webaid.it\/wp-content\/uploads\/2023\/02\/ClaudiaHoKi_26Ruckkehr-2048x1391.jpg 2048w\" sizes=\"auto, (max-width: 1024px) 100vw, 1024px\" \/><figcaption class=\"wp-element-caption\"><em>Contro gli accordi tra tutti tre, di portare solo il minimo indispensabile, Eva si \u00e8 portata dietro il suo coniglietto tanto amato<\/em><\/figcaption><\/figure>\n\n\n\n<figure class=\"wp-block-image aligncenter is-resized\"><img loading=\"lazy\" decoding=\"async\" width=\"1024\" height=\"776\" src=\"https:\/\/webaid.it\/wp-content\/uploads\/2023\/02\/ClaudiaHoKi_24Ruckkehr-1024x776.jpg\" alt=\"\" class=\"wp-image-1124\" style=\"width:702px;height:531px\" srcset=\"https:\/\/webaid.it\/wp-content\/uploads\/2023\/02\/ClaudiaHoKi_24Ruckkehr-1024x776.jpg 1024w, https:\/\/webaid.it\/wp-content\/uploads\/2023\/02\/ClaudiaHoKi_24Ruckkehr-300x227.jpg 300w, https:\/\/webaid.it\/wp-content\/uploads\/2023\/02\/ClaudiaHoKi_24Ruckkehr-768x582.jpg 768w, https:\/\/webaid.it\/wp-content\/uploads\/2023\/02\/ClaudiaHoKi_24Ruckkehr-1536x1164.jpg 1536w, https:\/\/webaid.it\/wp-content\/uploads\/2023\/02\/ClaudiaHoKi_24Ruckkehr-2048x1553.jpg 2048w\" sizes=\"auto, (max-width: 1024px) 100vw, 1024px\" \/><figcaption class=\"wp-element-caption\"><em>Eva e Peter hanno conservato la carta disegnata dal nonno e ora cercano la strada meno pericolosa per il ritorno <\/em><\/figcaption><\/figure>\n\n\n\n<figure class=\"wp-block-image aligncenter is-resized\"><img loading=\"lazy\" decoding=\"async\" width=\"1024\" height=\"776\" src=\"https:\/\/webaid.it\/wp-content\/uploads\/2023\/02\/ClaudiaHoKi_22Ruckkehr-1024x776.jpg\" alt=\"\" class=\"wp-image-1126\" style=\"width:670px;height:507px\" srcset=\"https:\/\/webaid.it\/wp-content\/uploads\/2023\/02\/ClaudiaHoKi_22Ruckkehr-1024x776.jpg 1024w, https:\/\/webaid.it\/wp-content\/uploads\/2023\/02\/ClaudiaHoKi_22Ruckkehr-300x227.jpg 300w, https:\/\/webaid.it\/wp-content\/uploads\/2023\/02\/ClaudiaHoKi_22Ruckkehr-768x582.jpg 768w, https:\/\/webaid.it\/wp-content\/uploads\/2023\/02\/ClaudiaHoKi_22Ruckkehr-1536x1164.jpg 1536w, https:\/\/webaid.it\/wp-content\/uploads\/2023\/02\/ClaudiaHoKi_22Ruckkehr-2048x1553.jpg 2048w\" sizes=\"auto, (max-width: 1024px) 100vw, 1024px\" \/><figcaption class=\"wp-element-caption\"><em>Tutti e tre sono tornati nel mondo fuori dalla valle segreta, e alla fine trovano addirittura una bicicletta con cui partire verso un futuro nuovo e ignoto <\/em><\/figcaption><\/figure>\n\n\n\n<figure class=\"wp-block-image aligncenter is-resized\"><img loading=\"lazy\" decoding=\"async\" width=\"1024\" height=\"776\" src=\"https:\/\/webaid.it\/wp-content\/uploads\/2023\/02\/ClaudiaHoKi_2Set-1024x776.jpg\" alt=\"\" class=\"wp-image-1127\" style=\"width:670px;height:507px\" srcset=\"https:\/\/webaid.it\/wp-content\/uploads\/2023\/02\/ClaudiaHoKi_2Set-1024x776.jpg 1024w, https:\/\/webaid.it\/wp-content\/uploads\/2023\/02\/ClaudiaHoKi_2Set-300x227.jpg 300w, https:\/\/webaid.it\/wp-content\/uploads\/2023\/02\/ClaudiaHoKi_2Set-768x582.jpg 768w, https:\/\/webaid.it\/wp-content\/uploads\/2023\/02\/ClaudiaHoKi_2Set-1536x1164.jpg 1536w, https:\/\/webaid.it\/wp-content\/uploads\/2023\/02\/ClaudiaHoKi_2Set-2048x1553.jpg 2048w\" sizes=\"auto, (max-width: 1024px) 100vw, 1024px\" \/><figcaption class=\"wp-element-caption\"><em>Il regista Peter Podehl con i due protagonisti, il copione, un megafono, con cui dirigere tutto lo staff (se ben mi ricordo lui stesso lo ha usato molto poco), e un copricapo molto professionale<\/em><\/figcaption><\/figure>\n\n\n\n<p class=\"has-text-align-center\">*<\/p>\n\n\n\n<p>E qui ancora una locandina della televisione, da mettere nella vetrina dei negozi,  che annuncia 12 puntate e sbaglia anche il nome di G\u00f6tz che qui diventa Claus Burger.<\/p>\n\n\n\n<p>G\u00f6tz Burger, figlio di un avvocato, ha poi intrapreso la carriera di attore con buon successo, mentre Claudia, figlia di un attrice e un registra, \u00e8 andata per tutt&#8217;altra strada. <\/p>\n\n\n\n<figure class=\"wp-block-image aligncenter\"><img loading=\"lazy\" decoding=\"async\" width=\"735\" height=\"1024\" src=\"https:\/\/webaid.it\/wp-content\/uploads\/2023\/02\/ClaudiaHoKi_30Flyer-735x1024.jpg\" alt=\"\" class=\"wp-image-1131\" srcset=\"https:\/\/webaid.it\/wp-content\/uploads\/2023\/02\/ClaudiaHoKi_30Flyer-735x1024.jpg 735w, https:\/\/webaid.it\/wp-content\/uploads\/2023\/02\/ClaudiaHoKi_30Flyer-215x300.jpg 215w, https:\/\/webaid.it\/wp-content\/uploads\/2023\/02\/ClaudiaHoKi_30Flyer-768x1070.jpg 768w, https:\/\/webaid.it\/wp-content\/uploads\/2023\/02\/ClaudiaHoKi_30Flyer-1102x1536.jpg 1102w, https:\/\/webaid.it\/wp-content\/uploads\/2023\/02\/ClaudiaHoKi_30Flyer-scaled.jpg 1837w\" sizes=\"auto, (max-width: 735px) 100vw, 735px\" \/><\/figure>\n\n\n\n<figure class=\"wp-block-image aligncenter\"><img loading=\"lazy\" decoding=\"async\" width=\"719\" height=\"1024\" src=\"https:\/\/webaid.it\/wp-content\/uploads\/2023\/02\/ClaudiaHoKi_29Flyer-719x1024.jpg\" alt=\"\" class=\"wp-image-1132\" srcset=\"https:\/\/webaid.it\/wp-content\/uploads\/2023\/02\/ClaudiaHoKi_29Flyer-719x1024.jpg 719w, https:\/\/webaid.it\/wp-content\/uploads\/2023\/02\/ClaudiaHoKi_29Flyer-211x300.jpg 211w, https:\/\/webaid.it\/wp-content\/uploads\/2023\/02\/ClaudiaHoKi_29Flyer-768x1094.jpg 768w, https:\/\/webaid.it\/wp-content\/uploads\/2023\/02\/ClaudiaHoKi_29Flyer-1078x1536.jpg 1078w, https:\/\/webaid.it\/wp-content\/uploads\/2023\/02\/ClaudiaHoKi_29Flyer-1438x2048.jpg 1438w, https:\/\/webaid.it\/wp-content\/uploads\/2023\/02\/ClaudiaHoKi_29Flyer-scaled.jpg 1797w\" sizes=\"auto, (max-width: 719px) 100vw, 719px\" \/><\/figure>\n\n\n\n<p>Versione in lingua tedesca&nbsp;<a href=\"https:\/\/webaid.it\/?page_id=243\">\u201cDie H\u00f6hlenkinder\u201d<\/a><\/p>\n\n\n\n<p><a href=\"https:\/\/webaid.it\/?page_id=571\">Storie di Claudia<\/a><\/p>\n\n\n\n<p><a href=\"https:\/\/webaid.it\/?page_id=238\">Italiano<\/a><\/p>\n","protected":false},"excerpt":{"rendered":"<p>Storie di Claudia Claudia attrice Con un po&#8217; di backstage&nbsp; *** \u201cDie H\u00f6hlenkinder\u201d&nbsp; \u00a9 Nel 1961 &#8211; avevo 12 anni &#8211; ero protagonista insieme a G\u00f6tz Burger della prima serie televisiva per bambini, prodotta in Geramia. La serie and\u00f2 in onda nell&#8217;autunno\/inverno 1962\/63. Nel agosto 1961 fu costruito il muro a Berlino e attraverso tutta [&hellip;]<\/p>\n","protected":false},"author":1,"featured_media":1255,"parent":571,"menu_order":7,"comment_status":"closed","ping_status":"closed","template":"","meta":{"footnotes":""},"class_list":["post-2209","page","type-page","status-publish","has-post-thumbnail","hentry"],"_links":{"self":[{"href":"https:\/\/webaid.it\/index.php?rest_route=\/wp\/v2\/pages\/2209","targetHints":{"allow":["GET"]}}],"collection":[{"href":"https:\/\/webaid.it\/index.php?rest_route=\/wp\/v2\/pages"}],"about":[{"href":"https:\/\/webaid.it\/index.php?rest_route=\/wp\/v2\/types\/page"}],"author":[{"embeddable":true,"href":"https:\/\/webaid.it\/index.php?rest_route=\/wp\/v2\/users\/1"}],"replies":[{"embeddable":true,"href":"https:\/\/webaid.it\/index.php?rest_route=%2Fwp%2Fv2%2Fcomments&post=2209"}],"version-history":[{"count":44,"href":"https:\/\/webaid.it\/index.php?rest_route=\/wp\/v2\/pages\/2209\/revisions"}],"predecessor-version":[{"id":4440,"href":"https:\/\/webaid.it\/index.php?rest_route=\/wp\/v2\/pages\/2209\/revisions\/4440"}],"up":[{"embeddable":true,"href":"https:\/\/webaid.it\/index.php?rest_route=\/wp\/v2\/pages\/571"}],"wp:featuredmedia":[{"embeddable":true,"href":"https:\/\/webaid.it\/index.php?rest_route=\/wp\/v2\/media\/1255"}],"wp:attachment":[{"href":"https:\/\/webaid.it\/index.php?rest_route=%2Fwp%2Fv2%2Fmedia&parent=2209"}],"curies":[{"name":"wp","href":"https:\/\/api.w.org\/{rel}","templated":true}]}}