{"id":2374,"date":"2024-02-08T04:54:29","date_gmt":"2024-02-08T04:54:29","guid":{"rendered":"https:\/\/peterpodehl.com\/?page_id=2374"},"modified":"2024-05-25T14:59:09","modified_gmt":"2024-05-25T14:59:09","slug":"der-kleine-muck-im-pinienhain","status":"publish","type":"page","link":"https:\/\/webaid.it\/?page_id=2374","title":{"rendered":"Der kleine Muck im Pinienhain"},"content":{"rendered":"\n<p>Im sardischen Fr\u00fchsommer machten wir  einen wundersch\u00f6nen Spaziergang auf der S\u00fcdseite von Sant\u2019Antioco, den ich sehr liebe. Dann sind wir quer feldein runter zum Meer und wollten schlie\u00dflich durch einen Pinienhain wieder rauf auf die Stra\u00dfe. Da wussten wir dann nicht so recht weiter und fragten einen Mann in einem Garten mit hier ungew\u00f6hnlichem Glashaus. War nat\u00fcrlich Deutscher. Aus Th\u00fcringen. Na sowas! Ich auch! Na sowas! Und blablabla \u2026 und Jena, und Weimar und Babelsberg. <\/p>\n\n\n\n<p>&#8220;Sie kennen doch den kleinen Muck!?&#8221; <\/p>\n\n\n\n<p>Und da klingelt wieder die Kindheit im weit gereisten Ossi, mitten im sardischen Pinienhain mit Meeresrauschen. <\/p>\n\n\n\n<p>&#8220;Aaach!! &#8211; Der kleine Muck!&#8221;  <\/p>\n\n\n\n<p>&#8220;Ja, das war mein Bruder.&#8221; \u00a0\u00a0<\/p>\n\n\n\n<p>Er braucht eine ganze Weile, bleibt in seiner ach so fernen Kindheit h\u00e4ngen, dann fixiert er mich von oben bis unten: <\/p>\n\n\n\n<p>&#8220;Und SIE sind die Schwester vom kleinen Muck?&#8221; \u00a0<\/p>\n\n\n\n<p>&#8220;Ja!&#8221; \u00a0<\/p>\n\n\n\n<p>Wieder eine Weile, dann: <\/p>\n\n\n\n<p>&#8220;Na, da habe ich ja was zu erz\u00e4hlen!!!&#8221;<\/p>\n\n\n\n<p class=\"has-text-align-right\">\u00a9 Claudia Podehl<\/p>\n","protected":false},"excerpt":{"rendered":"<p>Im sardischen Fr\u00fchsommer machten wir einen wundersch\u00f6nen Spaziergang auf der S\u00fcdseite von Sant\u2019Antioco, den ich sehr liebe. Dann sind wir quer feldein runter zum Meer und wollten schlie\u00dflich durch einen Pinienhain wieder rauf auf die Stra\u00dfe. Da wussten wir dann nicht so recht weiter und fragten einen Mann in einem Garten mit hier ungew\u00f6hnlichem Glashaus. [&hellip;]<\/p>\n","protected":false},"author":1,"featured_media":0,"parent":2115,"menu_order":3,"comment_status":"closed","ping_status":"closed","template":"","meta":{"footnotes":""},"class_list":["post-2374","page","type-page","status-publish","hentry"],"_links":{"self":[{"href":"https:\/\/webaid.it\/index.php?rest_route=\/wp\/v2\/pages\/2374","targetHints":{"allow":["GET"]}}],"collection":[{"href":"https:\/\/webaid.it\/index.php?rest_route=\/wp\/v2\/pages"}],"about":[{"href":"https:\/\/webaid.it\/index.php?rest_route=\/wp\/v2\/types\/page"}],"author":[{"embeddable":true,"href":"https:\/\/webaid.it\/index.php?rest_route=\/wp\/v2\/users\/1"}],"replies":[{"embeddable":true,"href":"https:\/\/webaid.it\/index.php?rest_route=%2Fwp%2Fv2%2Fcomments&post=2374"}],"version-history":[{"count":5,"href":"https:\/\/webaid.it\/index.php?rest_route=\/wp\/v2\/pages\/2374\/revisions"}],"predecessor-version":[{"id":2379,"href":"https:\/\/webaid.it\/index.php?rest_route=\/wp\/v2\/pages\/2374\/revisions\/2379"}],"up":[{"embeddable":true,"href":"https:\/\/webaid.it\/index.php?rest_route=\/wp\/v2\/pages\/2115"}],"wp:attachment":[{"href":"https:\/\/webaid.it\/index.php?rest_route=%2Fwp%2Fv2%2Fmedia&parent=2374"}],"curies":[{"name":"wp","href":"https:\/\/api.w.org\/{rel}","templated":true}]}}