{"id":2396,"date":"2024-02-22T17:27:58","date_gmt":"2024-02-22T17:27:58","guid":{"rendered":"https:\/\/peterpodehl.com\/?page_id=2396"},"modified":"2025-01-07T05:15:16","modified_gmt":"2025-01-07T05:15:16","slug":"spencers-enkelgeschichten","status":"publish","type":"page","link":"https:\/\/webaid.it\/?page_id=2396","title":{"rendered":"Spencers Enkelgeschichten"},"content":{"rendered":"\n<p class=\"has-text-align-right\"><a href=\"https:\/\/www.youtube.com\/watch?v=m8kmZ7acrnM\">Alle Podehlschen Hallo-Spencer-Folgen<\/a><\/p>\n\n\n\n<h2 class=\"wp-block-heading has-text-align-center\">***<\/h2>\n\n\n\n<h2 class=\"wp-block-heading has-text-align-center\">Spencers Enkelgeschichten<br>oder<br>&#8220;Ein Oscar f\u00fcr Peter&#8221;<\/h2>\n\n\n\n<p class=\"has-text-align-center\">**<\/p>\n\n\n\n<p>Oh, ja es gibt SpencerEnkel, genauso frisch, fr\u00f6hlich und begeistert, wie ihre Eltern, die als erste Generation Hallo Spencer gucken durften. Wobei die ersten Spencer-Gucker beinahe 20 Jahre alt waren, als die Spencer-Produktion schlie\u00dflich eingestellt wurde.<\/p>\n\n\n\n<p>Mit drei solchen SpencerEnkeln, die sich mit verschiedenen Anliegen bei mir gemeldet hatten, haben wir im Januar (2024) ein Treffen beim Griechen in Berlin organisiert, zu dem auch Lorenz Claussen kam. Das war sehr aufregend. F\u00fcr alle. F\u00fcr mich, da ich mir so viel K\u00f6pfchen und Feuer nicht erwartet hatte, f\u00fcr Lorenz, der in den l\u00e4ngst vergangenen Drehtagen regelrecht versank, und die Drei, f\u00fcr die ein Kindertraum greifbar wurde.<\/p>\n\n\n\n<p>Als ich <a href=\"https:\/\/webaid.it\/?page_id=973\">Gianni<\/a> von den Gespr\u00e4chen berichtete, (er kann ja kein Deutsch), antwortete er spontan: &#8220;Die sind noch viel besser als ein Oscar f\u00fcr Peter!&#8221;<\/p>\n\n\n\n<p>Und als ich den Dreien erz\u00e4hlte, dass unser r\u00f6mischer Keller ein riesiges Podehl-Archiv h\u00fctet, einschlie\u00dflich einer Menge Spencer-Ordner, da war es mit meinem ruhigen (nun ja, \u201eruhig\u201c) Rentenleben vorbei. Auch mein Handy kam nicht mehr zur Ruhe, Mails und WhatsApps knatterten nur so, und ich musste wohl oder \u00fcbel das schlummernde Spencer-Archiv wecken. <br>Das hat sich gefreut. <br>Wir sind noch am Anfang: Ordner 4 von insgesamt 17. Da gibt es zu tun.<\/p>\n\n\n\n<p>_______<\/p>\n\n\n\n<p>Das war im Fr\u00fchjahr 24. <br>Nun, ein Jahr nach dem Berliner Griechen, sind wir mitten drinnen. Im ganzen Archiv. Nicht nur Spencer.<br>Die Tageb\u00fccher wurden ausgebuddelt. <br>Die Theaterst\u00fccke.<br>Peters Briefe an Charlotte.<br>Alte Filme bei den Fernsehsendern bestellt, erhalten, angesehen. Ein k\u00f6stliches Vergn\u00fcgen. <br>In K\u00fcrze geht&#8217;s an Peter Podehls Rundfunk-Archiv. Da hat er n\u00e4mlich auch seine Spuren hinterlassen.<br>Die Fotos seiner Mutter &#8220;Mouji&#8221; &#8211; meiner 1880 geborenen Gro\u00dfmutter &#8211; habe ich schon eingescannt. Und dabei Baukl\u00f6tzer gestaunt. Gibt&#8217;s dann auch bald hier zu sehen.<br>Vieles schlummert noch. Peter Podehls Produktion ist riesig<\/p>\n\n\n\n<p>Lest schon mal die ersten hier unten aufgelisteten Geschichten.<br><\/p>\n\n\n\n<p class=\"has-text-align-right\">\u00a9 Claudia Podehl<\/p>\n\n\n\n<p>Die drei SpencerEnkel stellen sich <a href=\"https:\/\/webaid.it\/?page_id=2563\">hier <\/a>vor.<\/p>\n\n\n\n<p class=\"has-text-align-center\">***<\/p>\n\n\n\n<p>Ganz neu: <a href=\"https:\/\/webaid.it\/?page_id=3441\">Folge 87 &#8211; Die Unbekannte, die Geheimnisvolle, die Verlorene<\/a><\/p>\n\n\n\n<p><a href=\"https:\/\/webaid.it\/?page_id=2971\">Podehls Hallo-Spencer-Folgen<\/a><br>Liste der von Peter Podehl als Autor und\/oder Regisseur gezeichneten Hallo-Spencer-Folgen<\/p>\n\n\n\n<p><a href=\"https:\/\/webaid.it\/?page_id=2419\">Peter Podehl, der Spencer-Geschichtenerz\u00e4hler<\/a><\/p>\n\n\n\n<p><a href=\"https:\/\/webaid.it\/?page_id=2811\">Peter Podehls Drehb\u00fccher<\/a><br>und seine Aufzeichnungen hierzu<\/p>\n\n\n\n<p><a href=\"https:\/\/webaid.it\/?page_id=2411\">Unfrisierte Gedanken<\/a>&nbsp;an die Hallo-Spencer-Redaktion<br>Grunds\u00e4tzliche Gedanken zu Hallo Spencer anl\u00e4sslich der Erarbeitung des Drehbuchs \u201cAufr\u00e4umen\u201d (sp\u00e4ter Folge 10)<br>April 1980<\/p>\n\n\n\n<p><a href=\"https:\/\/webaid.it\/?page_id=2694\">Die Drehb\u00fccher eines Komikers<\/a><br>Grundsatzanweisungen an die Puppenspieler \u2013 zu den Folgen \u201cViele W\u00fcnsche\u201d, \u201cGummib\u00e4rchen-Transporte\u201d, \u201cGro\u00dfes Aufr\u00e4umen\u201d und \u201cEinsamkeit\u201d und alle anderen Folgen<br>September 1980<\/p>\n\n\n\n<p><a href=\"https:\/\/webaid.it\/?page_id=2799\" data-type=\"page\" data-id=\"2799\">Zu den Drehb\u00fcchern eines Komikers<\/a><br>von SpencerEnkel Jannik Graf &#8211; der wei\u00df viel<\/p>\n\n\n\n<p><a href=\"https:\/\/webaid.it\/?page_id=2989\">Viele W\u00fcnsche<\/a>&nbsp;(Folge 6)<br>Juni 1980<\/p>\n\n\n\n<p><a href=\"https:\/\/webaid.it\/?page_id=3005\">Gummib\u00e4rchentransporte&nbsp;<\/a>(Folge 7)<br>Mai 1980<\/p>\n\n\n\n<p><\/p>\n\n\n\n<p><a href=\"https:\/\/webaid.it\/?page_id=2804\">Mut zur Arbeit<\/a>&nbsp;(Folgen 17 und 21)<br>erste Aufzeichnungen zu den Folgen \u201cGesundheit\u201d und \u201cGaly und die Katastrophe\u201d<br>Januar 1981<\/p>\n\n\n\n<p><a href=\"https:\/\/webaid.it\/?page_id=2871\">SpencerEnkel Maxens Gedanken zu Podehls Gedanken<\/a><br>von SpencerEnkel Max zu Podehls ersten Aufzeichnungen zu den Folgen \u201cGesundheit\u201d und \u201cGaly und die Katastrophe\u201d<\/p>\n\n\n\n<p><a href=\"https:\/\/webaid.it\/?page_id=614\">Der Sprachaufpasser f\u00fcrs Deutsche und Puppenpoesie<\/a><br>Peter Podehls Pr\u00e4sentation<br>an der Dolmetscher- und \u00dcbersetzer-Universit\u00e4t S.Pio V in Rom<br>von 2006<br>Da gibt\u2019s viel Wortspielereien und auch einen Bericht dar\u00fcber, mit wem er die Folgen absprach, bevor er sie schrieb.<\/p>\n\n\n\n<p>Wie alles anfing:<br><a href=\"https:\/\/webaid.it\/?page_id=2408\">Lorenz Claussen berichtet vom TamS-Theater-Quatsch<\/a><\/p>\n\n\n\n<p><a href=\"https:\/\/webaid.it\/?page_id=2722\">Die Puppenspieler berichten<\/a><\/p>\n\n\n\n<p><a href=\"https:\/\/webaid.it\/?page_id=2416\">Klaus Naeve berichtet, wie Spencer von Charlotte gestreichelt wurde<\/a><\/p>\n\n\n\n<p>Armin Maiwald erz\u00e4hlt die&nbsp;<br><a href=\"https:\/\/webaid.it\/?page_id=2456\">Sache mit dem Du und \u201cMacht doch, was ihr wollt\u201d<\/a><\/p>\n\n\n\n<p><a href=\"https:\/\/webaid.it\/?page_id=2563\">Die SpencerEnkel stellen sich vor<\/a>:<\/p>\n\n\n\n<p><a href=\"https:\/\/webaid.it\/?page_id=2557\">SpencerEnkel Maxi<\/a>&nbsp;mit&nbsp;<a href=\"https:\/\/www.youtube.com\/@KnutFingerhut\">Knut Fingerhut<\/a><\/p>\n\n\n\n<p><a href=\"https:\/\/webaid.it\/?page_id=2579\">Der SpencerEnkel Janni<\/a><\/p>\n\n\n\n<p><a href=\"https:\/\/webaid.it\/?page_id=2623\">SpencerEnkel Sven<\/a><\/p>\n\n\n\n<p class=\"has-text-align-center\">***<\/p>\n\n\n\n<p><\/p>\n\n\n\n<p><\/p>\n\n\n\n<p><\/p>\n","protected":false},"excerpt":{"rendered":"<p>Alle Podehlschen Hallo-Spencer-Folgen *** Spencers Enkelgeschichtenoder&#8220;Ein Oscar f\u00fcr Peter&#8221; ** Oh, ja es gibt SpencerEnkel, genauso frisch, fr\u00f6hlich und begeistert, wie ihre Eltern, die als erste Generation Hallo Spencer gucken durften. Wobei die ersten Spencer-Gucker beinahe 20 Jahre alt waren, als die Spencer-Produktion schlie\u00dflich eingestellt wurde. Mit drei solchen SpencerEnkeln, die sich mit verschiedenen Anliegen [&hellip;]<\/p>\n","protected":false},"author":1,"featured_media":0,"parent":2572,"menu_order":2,"comment_status":"closed","ping_status":"closed","template":"onecolumn-page.php","meta":{"footnotes":""},"class_list":["post-2396","page","type-page","status-publish","hentry"],"_links":{"self":[{"href":"https:\/\/webaid.it\/index.php?rest_route=\/wp\/v2\/pages\/2396","targetHints":{"allow":["GET"]}}],"collection":[{"href":"https:\/\/webaid.it\/index.php?rest_route=\/wp\/v2\/pages"}],"about":[{"href":"https:\/\/webaid.it\/index.php?rest_route=\/wp\/v2\/types\/page"}],"author":[{"embeddable":true,"href":"https:\/\/webaid.it\/index.php?rest_route=\/wp\/v2\/users\/1"}],"replies":[{"embeddable":true,"href":"https:\/\/webaid.it\/index.php?rest_route=%2Fwp%2Fv2%2Fcomments&post=2396"}],"version-history":[{"count":52,"href":"https:\/\/webaid.it\/index.php?rest_route=\/wp\/v2\/pages\/2396\/revisions"}],"predecessor-version":[{"id":3468,"href":"https:\/\/webaid.it\/index.php?rest_route=\/wp\/v2\/pages\/2396\/revisions\/3468"}],"up":[{"embeddable":true,"href":"https:\/\/webaid.it\/index.php?rest_route=\/wp\/v2\/pages\/2572"}],"wp:attachment":[{"href":"https:\/\/webaid.it\/index.php?rest_route=%2Fwp%2Fv2%2Fmedia&parent=2396"}],"curies":[{"name":"wp","href":"https:\/\/api.w.org\/{rel}","templated":true}]}}