{"id":2408,"date":"2024-02-22T17:35:04","date_gmt":"2024-02-22T17:35:04","guid":{"rendered":"https:\/\/peterpodehl.com\/?page_id=2408"},"modified":"2024-05-15T13:47:12","modified_gmt":"2024-05-15T13:47:12","slug":"lorenz-claussen-erzahlt-vom-tams-in-munchen","status":"publish","type":"page","link":"https:\/\/webaid.it\/?page_id=2408","title":{"rendered":"Lorenz Claussen erz\u00e4hlt vom TamS in M\u00fcnchen"},"content":{"rendered":"\n<p class=\"has-text-align-center\">***<\/p>\n\n\n\n<p><\/p>\n\n\n\n<h2 class=\"wp-block-heading has-text-align-center\">Lorenz Claussen erz\u00e4hlt <br>vom <br>TamSTheater-Quatsch <br>in M\u00fcnchen<\/h2>\n\n\n\n<h2 class=\"wp-block-heading has-text-align-center\">So fing alles an&nbsp; &nbsp;<\/h2>\n\n\n\n<p class=\"has-text-align-center\">***<\/p>\n\n\n\n<p> &nbsp; &nbsp; &nbsp; &nbsp; &nbsp; &nbsp; &nbsp; &nbsp; &nbsp; &nbsp; &nbsp; &nbsp; &nbsp; &nbsp; &nbsp; &nbsp; &nbsp; &nbsp; &nbsp; &nbsp; &nbsp; &nbsp; &nbsp; &nbsp; &nbsp; &nbsp; &nbsp; &nbsp; &nbsp; &nbsp; &nbsp; &nbsp; &nbsp; &nbsp; &nbsp; &nbsp; &nbsp; &nbsp; &nbsp; &nbsp; &nbsp; &nbsp; &nbsp; &nbsp; &nbsp; &nbsp; &nbsp; &nbsp; &nbsp; &nbsp; &nbsp; &nbsp; &nbsp; Berlin, 21.12.13<\/p>\n\n\n\n<p><\/p>\n\n\n\n<p>Liebe Claudia,<\/p>\n\n\n\n<p>im Jahr 1979 wollte der NDR eine eigene Klappmaulpuppenserie produzieren.<\/p>\n\n\n\n<p>Es wurden die Puppen gebaut, Puppenspieler engagiert und erste Aufnahmen gemacht.<\/p>\n\n\n\n<p>Aber es funktionierte irgendwie nicht. Die professionell ausgebildeten Puppenspieler machten ihre Arbeit sehr gut, ein Funke sprang aber nicht \u00fcber die Spielleiste. So gingen der Regisseur der ersten Staffel Rainer Ficklscherer und sein Assistent Ossi Urchs weiter auf Suche. Ein Freund von Ossi Urchs war Dramaturg am M\u00fcnchner TIK (Theater in der Kreide). Zudem fand auch in diesem Sommer das M\u00fcnchner Theaterfestival statt. Die \u201cFestivalproduktion 1979\u201c lag in H\u00e4nden des TamS-Theaters (Theater am Sozialamt), das auch seine B\u00fchne f\u00fcr ein Casting zur NDR-Puppenserie zur Verf\u00fcgung stellte.&nbsp;<\/p>\n\n\n\n<p>An dem Casting nahmen aus der freien M\u00fcnchner Theater-Szene Eva Behrmann (sp\u00e4ter Kasimir in den ersten f\u00fcnf Folgen, danach Lisa) und Achim Hall (sp\u00e4ter Spencer h\u00f6chstpers\u00f6nlich) vom Theater in der Kreide (TIK), sowie Friederike Frerichs (Lulu in den ersten f\u00fcnf Folgen), Maria Ilic (Galaktika), Petra Zieser (Karl-Heinz, Peggy in den ersten f\u00fcnf Folgen, danach Mona), Lorenz Claussen (sp\u00e4ter Lexi und Karl-Gustav), Friedrich Wollweber (Poldi) und Benjamin Meuter (der durchweg die H\u00e4nde von Spencer gespielt hat) vom TamS teil. Es wurde eine W\u00e4scheleine quer \u00fcber die TamS-B\u00fchne gezogen, Bettlaken dr\u00fcber, und dann haben wir einfach Quatsch gemacht. Diese spielerische Anarchie gefiel der NDR-Redaktion, ein f\u00fcr uns \u00fcberraschender Erfolg, denn wir waren ja gar keine Puppenspieler. Als wir das zu bedenken gaben, kam die prompte Antwort: \u201cKein Problem, das bringen wir Euch bei!\u201c und man arrangierte einen Intensivworkshop f\u00fcr uns mit dem \u201cHohnsteiner Kasper\u201c Friedrich Arndt.&nbsp;<\/p>\n\n\n\n<p>Peter Podehl war zu diesem Zeitpunkt noch gar nicht dabei, und er hat sich immer etwas \u00fcber die \u201egl\u00fcckliche Hand\u201c gewundert, die sein Vorg\u00e4nger Rainer Ficklscherer bei der Auswahl der Puppenspieler hatte. Bis dahin hatte er allerdings jahrelang mit Friedrich Arndt und den Hohnsteinern gearbeitet.<\/p>\n\n\n\n<p>Im Dezember 1979 ging dann die erste Hallo-Spencer-Folge (\u201eDas Fr\u00fchst\u00fccksei\u201c) auf Sendung.<\/p>\n\n\n\n<p class=\"has-text-align-right\">\u00a9 Lorenz Claussen<\/p>\n\n\n\n<p><a href=\"https:\/\/webaid.it\/?page_id=2396\">Spencers Enkelgeschichten<\/a><\/p>\n\n\n\n<p><a href=\"https:\/\/webaid.it\/?page_id=2419\">Peter Podehl, der Spencer-Geschichtenerz\u00e4hler<\/a><\/p>\n\n\n\n<p><a href=\"https:\/\/webaid.it\/?page_id=2811\">Peter Podehls Drehb\u00fccher<\/a><br>und seine Aufzeichnungen hierzu<\/p>\n\n\n\n<p><a href=\"https:\/\/webaid.it\/?page_id=2411\">Unfrisierte Gedanken<\/a><br>zur Folge \u201cAufr\u00e4umen\u201d<br>April 1980<\/p>\n\n\n\n<p><a href=\"https:\/\/webaid.it\/?page_id=2694\">Die Drehb\u00fccher eines Komikers<\/a><br>Grundsatzanweisungen an die Puppenspieler \u2013 zu den Folgen \u201cViele W\u00fcnsche\u201d, \u201cGummib\u00e4rchen-Transporte\u201d, \u201cGro\u00dfes Aufr\u00e4umen\u201d und \u201cEinsamkeit\u201d und alle anderen Folgen<br>September 1980<\/p>\n\n\n\n<p><a href=\"https:\/\/webaid.it\/?page_id=2799\" data-type=\"page\" data-id=\"2799\">Zu den Drehb\u00fcchern eines Komikers<\/a><br>von SpencerEnkel Jannik Graf  &#8211; der wei\u00df viel<\/p>\n\n\n\n<p><a href=\"https:\/\/webaid.it\/?page_id=2804\">Mut zur Arbeit<\/a><br>erste Aufzeichnungen zu den Folgen \u201cGesundheit\u201d und \u201cGaly und die Katastrophe\u201d<br>Januar 1981<\/p>\n\n\n\n<p><a href=\"https:\/\/webaid.it\/?page_id=2871\">SpencerEnkel Maxens Gedanken zu Podehls Gedanken<\/a><br>von SpencerEnkel Max zu Podehls ersten Aufzeichnungen zu den Folgen \u201cGesundheit\u201d und \u201cGaly und die Katastrophe\u201d<\/p>\n\n\n\n<p><a href=\"https:\/\/webaid.it\/?page_id=614\">Der Sprachaufpasser f\u00fcrs Deutsche und Puppenpoesie<\/a><br>Peter Podehls Pr\u00e4sentation<br>an der Dolmetscher- und \u00dcbersetzer-Universit\u00e4t S.Pio V in Rom<br>von 2006<br>Da gibt\u2019s viel Wortspielereien und auch einen Bericht dar\u00fcber, mit wem er die Folgen absprach, bevor er sie schrieb.<\/p>\n\n\n\n<p>Wie alles anfing:<br><a href=\"https:\/\/webaid.it\/?page_id=2408\">Lorenz Claussen berichtet vom TamS-Theater-Quatsch<\/a><\/p>\n\n\n\n<p><a href=\"https:\/\/webaid.it\/?page_id=2722\">Die Puppenspieler berichten<\/a><\/p>\n\n\n\n<p><a href=\"https:\/\/webaid.it\/?page_id=2416\">Klaus Naeve berichtet, wie Spencer von Charlotte gestreichelt wurde<\/a><\/p>\n\n\n\n<p>Armin Maiwald erz\u00e4hlt die&nbsp;<br><a href=\"https:\/\/webaid.it\/?page_id=2456\">Sache mit dem Du und \u201cMacht doch, was ihr wollt\u201d<\/a><\/p>\n\n\n\n<p><a href=\"https:\/\/webaid.it\/?page_id=2563\">Die SpencerEnkel stellen sich vor<\/a>:<\/p>\n\n\n\n<p><a href=\"https:\/\/webaid.it\/?page_id=2557\">SpencerEnkel Maxi<\/a>&nbsp;mit&nbsp;<a href=\"https:\/\/www.youtube.com\/@KnutFingerhut\">Knut Fingerhut<\/a><\/p>\n\n\n\n<p><a href=\"https:\/\/webaid.it\/?page_id=2579\">Der SpencerEnkel Janni<\/a><\/p>\n\n\n\n<p><a href=\"https:\/\/webaid.it\/?page_id=2623\">SpencerEnkel Sven<\/a><\/p>\n\n\n\n<p><\/p>\n","protected":false},"excerpt":{"rendered":"<p>*** Lorenz Claussen erz\u00e4hlt vom TamSTheater-Quatsch in M\u00fcnchen So fing alles an&nbsp; &nbsp; *** &nbsp; &nbsp; &nbsp; &nbsp; &nbsp; &nbsp; &nbsp; &nbsp; &nbsp; &nbsp; &nbsp; &nbsp; &nbsp; &nbsp; &nbsp; &nbsp; &nbsp; &nbsp; &nbsp; &nbsp; &nbsp; &nbsp; &nbsp; &nbsp; &nbsp; &nbsp; &nbsp; &nbsp; &nbsp; &nbsp; &nbsp; &nbsp; &nbsp; &nbsp; &nbsp; &nbsp; &nbsp; &nbsp; &nbsp; &nbsp; &nbsp; [&hellip;]<\/p>\n","protected":false},"author":1,"featured_media":0,"parent":2396,"menu_order":9,"comment_status":"closed","ping_status":"closed","template":"","meta":{"footnotes":""},"class_list":["post-2408","page","type-page","status-publish","hentry"],"_links":{"self":[{"href":"https:\/\/webaid.it\/index.php?rest_route=\/wp\/v2\/pages\/2408","targetHints":{"allow":["GET"]}}],"collection":[{"href":"https:\/\/webaid.it\/index.php?rest_route=\/wp\/v2\/pages"}],"about":[{"href":"https:\/\/webaid.it\/index.php?rest_route=\/wp\/v2\/types\/page"}],"author":[{"embeddable":true,"href":"https:\/\/webaid.it\/index.php?rest_route=\/wp\/v2\/users\/1"}],"replies":[{"embeddable":true,"href":"https:\/\/webaid.it\/index.php?rest_route=%2Fwp%2Fv2%2Fcomments&post=2408"}],"version-history":[{"count":14,"href":"https:\/\/webaid.it\/index.php?rest_route=\/wp\/v2\/pages\/2408\/revisions"}],"predecessor-version":[{"id":2883,"href":"https:\/\/webaid.it\/index.php?rest_route=\/wp\/v2\/pages\/2408\/revisions\/2883"}],"up":[{"embeddable":true,"href":"https:\/\/webaid.it\/index.php?rest_route=\/wp\/v2\/pages\/2396"}],"wp:attachment":[{"href":"https:\/\/webaid.it\/index.php?rest_route=%2Fwp%2Fv2%2Fmedia&parent=2408"}],"curies":[{"name":"wp","href":"https:\/\/api.w.org\/{rel}","templated":true}]}}