{"id":2416,"date":"2024-02-22T17:35:55","date_gmt":"2024-02-22T17:35:55","guid":{"rendered":"https:\/\/peterpodehl.com\/?page_id=2416"},"modified":"2024-05-15T13:51:43","modified_gmt":"2024-05-15T13:51:43","slug":"charlotte-am-set","status":"publish","type":"page","link":"https:\/\/webaid.it\/?page_id=2416","title":{"rendered":"Charlotte am Set"},"content":{"rendered":"\n<p><\/p>\n\n\n\n<p>\u00a9  <strong>Klaus Naeve<\/strong><\/p>\n\n\n\n<p>Wir waren inmitten der Dreharbeiten zu der Fernsehserie \u201cHallo Spencer\u201d, in denen Peter Podehl ein von ihm verfasstes Drehbuch inszenierte. Seine Ehefrau Charlotte verweilte, wie meist in jedem Jahr, ein paar Tage mit am Set. Sie sa\u00df inmitten des Studios in einem Regiestuhl direkt neben Peter, als dieser, von ihr nicht bemerkt, aufstand, um hinter den Kulissen etwas zu regeln. Vor ihren St\u00fchlen war ein gro\u00dfer R\u00f6hrenmonitor aufgebaut, auf dem die produzierten Takes zur Abnahme vorgef\u00fchrt wurden. Nach einer kleinen Weile setzte sich Joachim Hall, der den \u201cSpencer\u201d gab, in Peters Stuhl und wartete, wie alle anderen umsitzenden und stehenden Akteure, auf die Vorf\u00fchrung der soeben produzierten Szene. Alle anderen Beteiligten waren hinter Joachim und Charlotte, die noch nicht bemerkt hatte, das nunmehr Joachim neben ihr sa\u00df. Die jetzt startende Einspielung der zuvor gedrehten Szene ergriff Charlotte so sehr, dass sie, f\u00fcr alle Umstehenden sichtbar, Joachim Halls linke Hand nahm und diese fest dr\u00fcckte. Joachim wu\u00dfte nicht, wie ihm geschah, spielte aber&nbsp; diesen Liebesbeweis am\u00fcsiert mit und wartete, wann denn Charlotte bemerken w\u00fcrde, wen sie da ergriffen hatte. Es vergingen die Sekunden und auch Peter stand nunmehr hinter den beiden und beobachtete das Geschehen.<\/p>\n\n\n\n<p>Sein am\u00fcsierter Blick Richtung Charlotte war voller Sanftmut. Als sie nach gef\u00fchlt langem Moment ihren Blick Richtung Peter alias Joachim wandte, erschrak sie mit einem kleinen Aufschrei. Peter lachte, ging zu ihr und nahm sie liebevoll in den Arm.<\/p>\n\n\n\n<p><\/p>\n\n\n\n<p><strong>Achim Hall<\/strong><\/p>\n\n\n\n<p>Klaus&nbsp;erz\u00e4hlt eine Geschichte, die mir noch sehr gegenw\u00e4rtig ist, denn Charlottes Griff war doch so eindrucksvoll, dass ich ihn noch sp\u00fcre, wenn&nbsp; ich den Vorgang erinnere\u2026 (Bin mir aber nicht sicher, ob es nicht doch der rechte Arm war?). Eindrucksvoll, weil ich so direkt f\u00fchlte, mit welcher Begeisterung&nbsp; \u2014 f\u00fcr ihren Peter, seine Arbeit und die Akteure \u2014 sie teilnahm, wenn sie uns besuchte.<\/p>\n\n\n\n<p class=\"has-text-align-center\">***<\/p>\n\n\n\n<p><a href=\"https:\/\/webaid.it\/?page_id=2396\">Spencers Enkelgeschichten<\/a><\/p>\n\n\n\n<p><a href=\"https:\/\/webaid.it\/?page_id=2419\">Peter Podehl, der Spencer-Geschichtenerz\u00e4hler<\/a><\/p>\n\n\n\n<p><a href=\"https:\/\/webaid.it\/?page_id=2811\">Peter Podehls Drehb\u00fccher<\/a><br>und seine Aufzeichnungen hierzu<\/p>\n\n\n\n<p><a href=\"https:\/\/webaid.it\/?page_id=2411\">Unfrisierte Gedanken<\/a><br>zur Folge \u201cAufr\u00e4umen\u201d<br>April 1980<\/p>\n\n\n\n<p><a href=\"https:\/\/webaid.it\/?page_id=2694\">Die Drehb\u00fccher eines Komikers<\/a><br>Grundsatzanweisungen an die Puppenspieler \u2013 zu den Folgen \u201cViele W\u00fcnsche\u201d, \u201cGummib\u00e4rchen-Transporte\u201d, \u201cGro\u00dfes Aufr\u00e4umen\u201d und \u201cEinsamkeit\u201d und alle anderen Folgen<br>September 1980<\/p>\n\n\n\n<p><a href=\"https:\/\/webaid.it\/?page_id=2799\" data-type=\"page\" data-id=\"2799\">Zu den Drehb\u00fcchern eines Komikers<\/a><br>von SpencerEnkel Jannik Graf &#8211; der wei\u00df viel<\/p>\n\n\n\n<p><a href=\"https:\/\/webaid.it\/?page_id=2804\">Mut zur Arbeit<\/a><br>erste Aufzeichnungen zu den Folgen \u201cGesundheit\u201d und \u201cGaly und die Katastrophe\u201d<br>Januar 1981<\/p>\n\n\n\n<p><a href=\"https:\/\/webaid.it\/?page_id=2871\">SpencerEnkel Maxens Gedanken zu Podehls Gedanken<\/a><br>von SpencerEnkel Max zu Podehls ersten Aufzeichnungen zu den Folgen \u201cGesundheit\u201d und \u201cGaly und die Katastrophe\u201d<\/p>\n\n\n\n<p><a href=\"https:\/\/webaid.it\/?page_id=614\">Der Sprachaufpasser f\u00fcrs Deutsche und Puppenpoesie<\/a><br>Peter Podehls Pr\u00e4sentation<br>an der Dolmetscher- und \u00dcbersetzer-Universit\u00e4t S.Pio V in Rom<br>von 2006<br>Da gibt\u2019s viel Wortspielereien und auch einen Bericht dar\u00fcber, mit wem er die Folgen absprach, bevor er sie schrieb.<\/p>\n\n\n\n<p>Wie alles anfing:<br><a href=\"https:\/\/webaid.it\/?page_id=2408\">Lorenz Claussen berichtet vom TamS-Theater-Quatsch<\/a><\/p>\n\n\n\n<p><a href=\"https:\/\/webaid.it\/?page_id=2722\">Die Puppenspieler berichten<\/a><\/p>\n\n\n\n<p><a href=\"https:\/\/webaid.it\/?page_id=2416\">Klaus Naeve berichtet, wie Spencer von Charlotte gestreichelt wurde<\/a><\/p>\n\n\n\n<p>Armin Maiwald erz\u00e4hlt die&nbsp;<br><a href=\"https:\/\/webaid.it\/?page_id=2456\">Sache mit dem Du und \u201cMacht doch, was ihr wollt\u201d<\/a><\/p>\n\n\n\n<p><a href=\"https:\/\/webaid.it\/?page_id=2563\">Die SpencerEnkel stellen sich vor<\/a>:<\/p>\n\n\n\n<p><a href=\"https:\/\/webaid.it\/?page_id=2557\">SpencerEnkel Maxi<\/a>&nbsp;mit&nbsp;<a href=\"https:\/\/www.youtube.com\/@KnutFingerhut\">Knut Fingerhut<\/a><\/p>\n\n\n\n<p><a href=\"https:\/\/webaid.it\/?page_id=2579\">Der SpencerEnkel Janni<\/a><\/p>\n\n\n\n<p><a href=\"https:\/\/webaid.it\/?page_id=2623\">SpencerEnkel Sven<\/a><\/p>\n\n\n\n<p><\/p>\n\n\n\n<p><\/p>\n\n\n\n<p><\/p>\n","protected":false},"excerpt":{"rendered":"<p>\u00a9 Klaus Naeve Wir waren inmitten der Dreharbeiten zu der Fernsehserie \u201cHallo Spencer\u201d, in denen Peter Podehl ein von ihm verfasstes Drehbuch inszenierte. Seine Ehefrau Charlotte verweilte, wie meist in jedem Jahr, ein paar Tage mit am Set. Sie sa\u00df inmitten des Studios in einem Regiestuhl direkt neben Peter, als dieser, von ihr nicht bemerkt, [&hellip;]<\/p>\n","protected":false},"author":1,"featured_media":0,"parent":2396,"menu_order":13,"comment_status":"closed","ping_status":"closed","template":"","meta":{"footnotes":""},"class_list":["post-2416","page","type-page","status-publish","hentry"],"_links":{"self":[{"href":"https:\/\/webaid.it\/index.php?rest_route=\/wp\/v2\/pages\/2416","targetHints":{"allow":["GET"]}}],"collection":[{"href":"https:\/\/webaid.it\/index.php?rest_route=\/wp\/v2\/pages"}],"about":[{"href":"https:\/\/webaid.it\/index.php?rest_route=\/wp\/v2\/types\/page"}],"author":[{"embeddable":true,"href":"https:\/\/webaid.it\/index.php?rest_route=\/wp\/v2\/users\/1"}],"replies":[{"embeddable":true,"href":"https:\/\/webaid.it\/index.php?rest_route=%2Fwp%2Fv2%2Fcomments&post=2416"}],"version-history":[{"count":10,"href":"https:\/\/webaid.it\/index.php?rest_route=\/wp\/v2\/pages\/2416\/revisions"}],"predecessor-version":[{"id":2888,"href":"https:\/\/webaid.it\/index.php?rest_route=\/wp\/v2\/pages\/2416\/revisions\/2888"}],"up":[{"embeddable":true,"href":"https:\/\/webaid.it\/index.php?rest_route=\/wp\/v2\/pages\/2396"}],"wp:attachment":[{"href":"https:\/\/webaid.it\/index.php?rest_route=%2Fwp%2Fv2%2Fmedia&parent=2416"}],"curies":[{"name":"wp","href":"https:\/\/api.w.org\/{rel}","templated":true}]}}