{"id":2419,"date":"2024-02-22T17:32:32","date_gmt":"2024-02-22T17:32:32","guid":{"rendered":"https:\/\/peterpodehl.com\/?page_id=2419"},"modified":"2026-03-04T15:38:19","modified_gmt":"2026-03-04T15:38:19","slug":"der-spencer-geschichtenerzahler","status":"publish","type":"page","link":"https:\/\/webaid.it\/?page_id=2419","title":{"rendered":"Der Spencer-Geschichtenerz\u00e4hler"},"content":{"rendered":"\n<p><br><br><br><\/p>\n\n\n\n<p class=\"has-text-align-right\"><\/p>\n\n\n\n<div class=\"wp-block-columns is-layout-flex wp-container-core-columns-is-layout-28f84493 wp-block-columns-is-layout-flex\">\n<div class=\"wp-block-column is-layout-flow wp-block-column-is-layout-flow\" style=\"flex-basis:100%\">\n<div class=\"wp-block-columns is-layout-flex wp-container-core-columns-is-layout-28f84493 wp-block-columns-is-layout-flex\">\n<div class=\"wp-block-column is-vertically-aligned-center is-layout-flow wp-block-column-is-layout-flow\" style=\"flex-basis:100%\">\n<figure class=\"wp-block-image aligncenter size-full is-resized\"><img loading=\"lazy\" decoding=\"async\" width=\"768\" height=\"576\" src=\"https:\/\/webaid.it\/wp-content\/uploads\/2025\/01\/087KasiBrauchtHilfe01-1.jpeg\" alt=\"\" class=\"wp-image-3474\" style=\"width:164px;height:auto\" srcset=\"https:\/\/webaid.it\/wp-content\/uploads\/2025\/01\/087KasiBrauchtHilfe01-1.jpeg 768w, https:\/\/webaid.it\/wp-content\/uploads\/2025\/01\/087KasiBrauchtHilfe01-1-300x225.jpeg 300w\" sizes=\"auto, (max-width: 768px) 100vw, 768px\" \/><figcaption class=\"wp-element-caption\"><a href=\"https:\/\/webaid.it\/?page_id=3441\">Folge 87<\/a><br><a href=\"https:\/\/webaid.it\/?page_id=3441\">Die Geheimnisvolle, <\/a><br><a href=\"https:\/\/webaid.it\/?page_id=3441\">Unbekannte, <\/a><br><a href=\"https:\/\/webaid.it\/?page_id=3441\">Verlorene<\/a><\/figcaption><\/figure>\n<\/div>\n<\/div>\n<\/div>\n<\/div>\n\n\n\n<p class=\"has-text-align-center\">***<\/p>\n\n\n\n<h2 class=\"wp-block-heading has-text-align-center\">Der Spencer-Geschichtenerz\u00e4hler<\/h2>\n\n\n\n<h2 class=\"wp-block-heading has-text-align-center\">Peter Podehl <\/h2>\n\n\n\n<figure class=\"wp-block-image aligncenter size-large is-resized\"><img loading=\"lazy\" decoding=\"async\" width=\"1001\" height=\"1024\" src=\"https:\/\/webaid.it\/wp-content\/uploads\/2024\/02\/MucSWPeteramSchreibtisch32-1001x1024.jpg\" alt=\"\" class=\"wp-image-2542\" style=\"width:341px;height:auto\" srcset=\"https:\/\/webaid.it\/wp-content\/uploads\/2024\/02\/MucSWPeteramSchreibtisch32-1001x1024.jpg 1001w, https:\/\/webaid.it\/wp-content\/uploads\/2024\/02\/MucSWPeteramSchreibtisch32-293x300.jpg 293w, https:\/\/webaid.it\/wp-content\/uploads\/2024\/02\/MucSWPeteramSchreibtisch32-768x786.jpg 768w, https:\/\/webaid.it\/wp-content\/uploads\/2024\/02\/MucSWPeteramSchreibtisch32-1502x1536.jpg 1502w, https:\/\/webaid.it\/wp-content\/uploads\/2024\/02\/MucSWPeteramSchreibtisch32-2002x2048.jpg 2002w\" sizes=\"auto, (max-width: 1001px) 100vw, 1001px\" \/><\/figure>\n\n\n\n<h2 class=\"wp-block-heading has-text-align-center\"><\/h2>\n\n\n\n<p>&#8220;Hei\u00dfe W\u00fcrstchen!&#8221; schreit der Mann am W\u00fcrstchenstand am Bahnhof &#8211; &#8220;Hei\u00dfe Podehl!&#8221; schreit etwas weniger laut Fritz zur\u00fcck. Sohn Peter kichert begeistert.<\/p>\n\n\n\n<p>Podehl&#8217;scher Witz meines Gro\u00dfvaters, Fritz Podehl. Er war Dramaturg bei der UFA, suchte st\u00e4ndig nach neuen Stoffen f\u00fcr UFA-Filme und betreute die Ausarbeitung der Drehb\u00fccher. Zuhause in Berlin wurde viel rumgesponnen, Wort- und W\u00f6rterspiele waren eine t\u00e4gliche Herausforderung, Theater- und Kinobesuche Gang und G\u00e4be, die Mutter sprach von Rilke, sang russische Lieder und schickte Peter auf die Steinerschule. Er erz\u00e4hlte, wie er dort zur Kreativit\u00e4t angeleitet wurde, wie er durch Spiel Englisch und andere F\u00e4cher lernte. Intuitives Lernen wurde dort bereits vor einem Jahrhundert praktiziert. Als Peter lesen konnte, beschloss er, von nun an alles zu lesen, was ihm unterkam. Gott sei Dank waren damals die Stra\u00dfen bei weitem nicht so voll mit Reklame und sonstigen Schildern. Und er begann auch zu schreiben. Praktisch hat er alles Erlebte, Gelesene, Aufgeschnappte immer wieder in Geschichten verwandelt. Er wusste vom Nutzen, den der Vater aus guten Geschichten schlug. Er besuchte die Schauspielschule in Berlin und Wien. Er las und <a href=\"https:\/\/webaid.it\/?page_id=963\">schrieb im Krieg<\/a>, als Soldat, w\u00e4hrend der R\u00fcckkehr aus Italien entstand &#8220;<a href=\"https:\/\/webaid.it\/?page_id=177\">Kommen und Gehen<\/a>&#8220;. In <a href=\"https:\/\/webaid.it\/?page_id=175\">Weimar<\/a> verbrachte er 5 Jahre voller klassischer und moderner Theaterst\u00fccke, die endlich wieder frei gespielt werden durften, er schrieb weitere Theaterst\u00fccke, in Babelsberg setzte er sich mit dem <a href=\"https:\/\/webaid.it\/?page_id=45\">Kleinen Muck<\/a> und dem Tapferen Schneiderlein auseinander, arbeitete aber auch viele dramaturgische Vorschl\u00e4ge f\u00fcr DEFA-Filme aus. In M\u00fcnchen wurden zun\u00e4chst kleine Filme mit uns Kindern entworfen, geschrieben und gedreht, dann &#8220;<a href=\"https:\/\/www.youtube.com\/watch?v=VzIVIU7fR8A&amp;t=357s\">Aus dem B\u00fccherschrank geholt<\/a>&#8220;, Weltliteratur f\u00fcr Jugendliche. &#8220;Der Hase C\u00e4sar&#8221; und &#8220;Kasper und Rene&#8221; waren voller Geschichten, <a href=\"https:\/\/webaid.it\/?page_id=54\">Zini<\/a> mit &#8220;Spa\u00df am Montag&#8221; (und dann am Dienstag) ebenso, f\u00fcr &#8220;<a href=\"https:\/\/webaid.it\/?page_id=1694\">Lemmi und die Schm\u00f6ker<\/a>&#8221; las er 150 Kinderb\u00fccher, schrieb Zusammenfassungen und Szenarien. Zwischendurch sammelte er M\u00e4rchen aus aller Welt, besch\u00e4ftigte sich mit <a href=\"https:\/\/www.youtube.com\/watch?v=C6xE3QXv56g&amp;t=162s\">H\u00f6lderlin<\/a>, Marie Louise v. Kaschnitz, dem <a href=\"https:\/\/www.youtube.com\/watch?v=C0N3PfBxtm4&amp;t=331s\">Weltall,<\/a> dem lieben Gott und seiner Frau, er liebte <a href=\"https:\/\/webaid.it\/?page_id=772\">Goethe<\/a>. Auch Episoden aus den Biografien solch ber\u00fchmter M\u00e4nner und Frauen waren Ansto\u00df f\u00fcr neue Geschichten. Typisch f\u00fcr ihn war die H\u00f6rfunksendung &#8220;Geschichten auf Bestellung&#8221;, wo Kinder vorgaben, wer oder was in einer Geschichte vorkommen sollte, und mehr oder weniger ber\u00fchmte Leute &#8211; sogar der deutsche Au\u00dfenminister Walter Scheel &#8211; dann eine solche Geschichte erfinden mussten.<\/p>\n\n\n\n<p>Peter Podehls dickes Archiv ist \u00fcbervoll mit kleinen, kurzen, langen, fr\u00f6hlichen, nachdenklichen, angedeuteten, fertig geschriebenen, zig mal umgeschriebenen, bekannten und unbekannt gebliebenen Geschichten.<\/p>\n\n\n\n<p class=\"has-text-align-center\">*<\/p>\n\n\n\n<p class=\"has-text-align-center\">F\u00fcr Hallo Spencer <\/p>\n\n\n\n<p>kamen drei Faktoren zusammen, die daraus die erfolgreiche Kindersendung machten, die heute sogar <a href=\"https:\/\/webaid.it\/?page_id=2396\">Spencer-Enkel<\/a> kennt.<\/p>\n\n\n\n<p>Da gab es die gut gebauten, gut sortierten, witzigen, ansprechenden Spencer-Puppen, die Beweger&nbsp;und Geschichten brauchten. Wie die Beweger, sprich PuppenspielerInnen, zusammenkamen, erz\u00e4hlt <a href=\"https:\/\/webaid.it\/?page_id=2408\">Lorenz Claussen<\/a> wundervoll.&nbsp;<\/p>\n\n\n\n<p>Und dann sa\u00dfen sie also da, die Puppen und die vom charismatischen Veteranen des Puppenspiels, Friedrich Arndt ausgebildeten SchauspielerInnen, und brauchten Geschichten.&nbsp;<\/p>\n\n\n\n<p>Die Hamburger Redakteurin Angelika Paetow, die das alles bis hierhin bewegt hatte, holte schlie\u00dflich Peter Podehl, der noch in der <a href=\"https:\/\/webaid.it\/?page_id=1694\">Lemmi-und-die-Schm\u00f6ker<\/a>-Produktion steckte, von der K\u00f6lner Redakteurin Monika Paetow, ihrer Schwester, vom WDR zum NDR.&nbsp;<\/p>\n\n\n\n<p>Als Peter Podehl im Herbst 1979 zu Proben mit dem Spencer-Team nach Hannover gerufen wurde, trug er die in 57 Jahren zusammengetragenen  Geschichten und Geschichtsfetzen im Gep\u00e4ck und hatte zudem umfangreiche Erfahrung mit dem Puppenspiel. Hallo Spencer wurde zur l\u00e4ngsten Produktion und auch zum Abschluss seines Berufslebens. <\/p>\n\n\n\n<p>Der sah die ihn erwartungsvoll anblickenden Puppen, die fr\u00f6hlichen SpielerInnen &#8211; &#8220;Es kam sofort Sympathie auf,&#8221; sagte mir Achim Hall j\u00fcngst &#8211; tastete, probierte, alberte ein wenig herum, witterte das inspirationstr\u00e4chtige Potential und begann zu schreiben.<\/p>\n\n\n\n<p>Der Podehl sei leise gewesen, sagt mir Eva Behrmann, nach dem krachigen Ficklscherer sei er erstmal \u00fcberhaupt nicht aufgefallen.<\/p>\n\n\n\n<p>Er selbst erz\u00e4hlte, er habe dank eben dieser Inspiration bereits am selben Abend im Hotel &#8220;so ein paar Zeilen&#8221; zu Papier gebracht.<\/p>\n\n\n\n<p>Es bedurfte noch einiger Sendungen konstruktiver Zusammenrauferei, bis im Team jeder seinen Job zubemessen bekam, und die Sendung die von Kindern und Enkeln geliebte Form annahm und sich fortentwickeln konnte. Es ist immer Teamarbeit und das Team muss stimmen.&nbsp;Es hat au\u00dferordentliche 15 Jahre lang gestimmt. <\/p>\n\n\n\n<p><\/p>\n\n\n\n<figure class=\"wp-block-image aligncenter size-full is-resized\"><img loading=\"lazy\" decoding=\"async\" width=\"686\" height=\"451\" src=\"https:\/\/webaid.it\/wp-content\/uploads\/2024\/02\/SpencerFotoTeam.jpg\" alt=\"\" class=\"wp-image-2577\" style=\"width:670px;height:auto\" srcset=\"https:\/\/webaid.it\/wp-content\/uploads\/2024\/02\/SpencerFotoTeam.jpg 686w, https:\/\/webaid.it\/wp-content\/uploads\/2024\/02\/SpencerFotoTeam-300x197.jpg 300w\" sizes=\"auto, (max-width: 686px) 100vw, 686px\" \/><figcaption class=\"wp-element-caption\">Das Spencer Team feiert die 75. Folge (1986)<\/figcaption><\/figure>\n\n\n\n<p>Im Archiv in unserem r\u00f6mischen Keller befinden sich <a href=\"https:\/\/www.youtube.com\/watch?v=m8kmZ7acrnM\">146 Folgen<\/a>, Hallo-Spencer-Geschichten, aus Peter Podehls Feder in die Tastaturen geflossen, die meisten wurden auch unter seiner Regie gedreht.<\/p>\n\n\n\n<p class=\"has-text-align-right\">\u00a9 Claudia Podehl<\/p>\n\n\n\n<p class=\"has-text-align-left\"><a href=\"https:\/\/webaid.it\/?page_id=2154\">Erwins Geschichten<\/a> &#8211; <br>Peters besonderer Freund Erwin Hahs, <br>auch er liebte Geschichten &#8211; und malte sie<\/p>\n\n\n\n<p><a href=\"https:\/\/webaid.it\/?page_id=2694\">Die Drehb\u00fccher eines Komikers<\/a><br>Grundsatzanweisungen an die Puppenspieler \u2013 zu den Folgen \u201cViele W\u00fcnsche\u201d, \u201cGummib\u00e4rchen-Transporte\u201d, \u201cGro\u00dfes Aufr\u00e4umen\u201d und \u201cEinsamkeit\u201d und alle anderen Folgen<br>September 1980<\/p>\n\n\n\n<p><a href=\"https:\/\/webaid.it\/?page_id=2799\" data-type=\"page\" data-id=\"2799\">Zu den Drehb\u00fcchern eines Komikers<\/a><br>von SpencerEnkel Jannik Graf &#8211; der wei\u00df viel<\/p>\n\n\n\n<p><a href=\"https:\/\/webaid.it\/?page_id=2411\">Unfrisierte Gedanken<\/a><br>zur Folge \u201cAufr\u00e4umen\u201d (Folge 10)<br>April 1980<\/p>\n\n\n\n<p><a href=\"https:\/\/webaid.it\/?page_id=2396\">Spencers Enkelgeschichten<\/a><\/p>\n\n\n\n<p><a href=\"https:\/\/webaid.it\/?page_id=2811\">Peter Podehls Drehb\u00fccher<\/a><br>und seine Aufzeichnungen hierzu<\/p>\n\n\n\n<p><a href=\"https:\/\/webaid.it\/?page_id=2804\">Mut zur Arbeit<\/a><br>erste Aufzeichnungen zu den Folgen \u201cGesundheit\u201d (Folge 17) und \u201cGaly und die Katastrophe\u201d (Folge 21)<br>Januar 1981<\/p>\n\n\n\n<p><a href=\"https:\/\/webaid.it\/?page_id=2871\">SpencerEnkel Maxens Gedanken zu Podehls Gedanken<\/a><br>von SpencerEnkel Max zu Podehls ersten Aufzeichnungen zu den Folgen \u201cGesundheit\u201d und \u201cGaly und die Katastrophe\u201d<\/p>\n\n\n\n<p><a href=\"https:\/\/webaid.it\/?page_id=614\">Der Sprachaufpasser f\u00fcrs Deutsche und Puppenpoesie<\/a><br>Peter Podehls Pr\u00e4sentation<br>an der Dolmetscher- und \u00dcbersetzer-Universit\u00e4t S.Pio V in Rom<br>von 2006<br>Da gibt\u2019s viel Wortspielereien und auch einen Bericht dar\u00fcber, mit wem er die Folgen absprach, bevor er sie schrieb.<\/p>\n\n\n\n<p>Wie alles anfing:<br><a href=\"https:\/\/webaid.it\/?page_id=2408\">Lorenz Claussen berichtet vom TamS-Theater-Quatsch<\/a><\/p>\n\n\n\n<p><a href=\"https:\/\/webaid.it\/?page_id=2722\">Die Puppenspieler berichten<\/a><\/p>\n\n\n\n<p><a href=\"https:\/\/webaid.it\/?page_id=2416\">Klaus Naeve berichtet, wie Spencer von Charlotte gestreichelt wurde<\/a><\/p>\n\n\n\n<p>Armin Maiwald erz\u00e4hlt die&nbsp;<br><a href=\"https:\/\/webaid.it\/?page_id=2456\">Sache mit dem Du und \u201cMacht doch, was ihr wollt\u201d<\/a><\/p>\n\n\n\n<p><a href=\"https:\/\/webaid.it\/?page_id=2563\">Die SpencerEnkel stellen sich vor<\/a>:<\/p>\n\n\n\n<p><a href=\"https:\/\/webaid.it\/?page_id=2557\">SpencerEnkel Maxi<\/a>&nbsp;mit&nbsp;<a href=\"https:\/\/www.youtube.com\/@KnutFingerhut\">Knut Fingerhut<\/a><\/p>\n\n\n\n<p><a href=\"https:\/\/webaid.it\/?page_id=2579\">Der SpencerEnkel Janni<\/a><\/p>\n\n\n\n<p><a href=\"https:\/\/webaid.it\/?page_id=2623\">SpencerEnkel Sven<\/a><\/p>\n\n\n\n<p><\/p>\n\n\n\n<p><\/p>\n","protected":false},"excerpt":{"rendered":"<p>*** Der Spencer-Geschichtenerz\u00e4hler Peter Podehl &#8220;Hei\u00dfe W\u00fcrstchen!&#8221; schreit der Mann am W\u00fcrstchenstand am Bahnhof &#8211; &#8220;Hei\u00dfe Podehl!&#8221; schreit etwas weniger laut Fritz zur\u00fcck. Sohn Peter kichert begeistert. Podehl&#8217;scher Witz meines Gro\u00dfvaters, Fritz Podehl. Er war Dramaturg bei der UFA, suchte st\u00e4ndig nach neuen Stoffen f\u00fcr UFA-Filme und betreute die Ausarbeitung der Drehb\u00fccher. Zuhause in Berlin [&hellip;]<\/p>\n","protected":false},"author":1,"featured_media":4617,"parent":2396,"menu_order":2,"comment_status":"closed","ping_status":"closed","template":"","meta":{"footnotes":""},"class_list":["post-2419","page","type-page","status-publish","has-post-thumbnail","hentry"],"_links":{"self":[{"href":"https:\/\/webaid.it\/index.php?rest_route=\/wp\/v2\/pages\/2419","targetHints":{"allow":["GET"]}}],"collection":[{"href":"https:\/\/webaid.it\/index.php?rest_route=\/wp\/v2\/pages"}],"about":[{"href":"https:\/\/webaid.it\/index.php?rest_route=\/wp\/v2\/types\/page"}],"author":[{"embeddable":true,"href":"https:\/\/webaid.it\/index.php?rest_route=\/wp\/v2\/users\/1"}],"replies":[{"embeddable":true,"href":"https:\/\/webaid.it\/index.php?rest_route=%2Fwp%2Fv2%2Fcomments&post=2419"}],"version-history":[{"count":64,"href":"https:\/\/webaid.it\/index.php?rest_route=\/wp\/v2\/pages\/2419\/revisions"}],"predecessor-version":[{"id":4615,"href":"https:\/\/webaid.it\/index.php?rest_route=\/wp\/v2\/pages\/2419\/revisions\/4615"}],"up":[{"embeddable":true,"href":"https:\/\/webaid.it\/index.php?rest_route=\/wp\/v2\/pages\/2396"}],"wp:featuredmedia":[{"embeddable":true,"href":"https:\/\/webaid.it\/index.php?rest_route=\/wp\/v2\/media\/4617"}],"wp:attachment":[{"href":"https:\/\/webaid.it\/index.php?rest_route=%2Fwp%2Fv2%2Fmedia&parent=2419"}],"curies":[{"name":"wp","href":"https:\/\/api.w.org\/{rel}","templated":true}]}}