{"id":2456,"date":"2024-02-22T17:37:13","date_gmt":"2024-02-22T17:37:13","guid":{"rendered":"https:\/\/peterpodehl.com\/?page_id=2456"},"modified":"2024-05-15T13:51:04","modified_gmt":"2024-05-15T13:51:04","slug":"armin-maiwald-erzahlt","status":"publish","type":"page","link":"https:\/\/webaid.it\/?page_id=2456","title":{"rendered":"Armin Maiwald erz\u00e4hlt"},"content":{"rendered":"\n<p class=\"has-text-align-center\">***<\/p>\n\n\n\n<h2 class=\"wp-block-heading has-text-align-center\">Die Sache mit dem &#8220;Du&#8221; <\/h2>\n\n\n\n<h3 class=\"wp-block-heading has-text-align-center\">und<\/h3>\n\n\n\n<h2 class=\"wp-block-heading has-text-align-center\">&#8220;Macht doch, was ihr wollt!&#8221;<\/h2>\n\n\n\n<p class=\"has-text-align-center\">***<\/p>\n\n\n\n<h2 class=\"wp-block-heading has-text-align-center\"><\/h2>\n\n\n\n<p><\/p>\n\n\n\n<p>Ich war eine ganze Weile Assistent bei ihm, sp\u00e4ter dann \u201aKollege\u2019, abwechselnd in der Regie haben wir ja dann zusammen die ersten Folgen von \u201eHallo Spencer\u201c gemacht.<\/p>\n\n\n\n<p>Und obwohl wir ziemlich lange zusammen gearbeitet und uns wirklich gut verstanden haben, ist es nie zu einem vertraulichen \u201eDu\u201c gekommen. Was in diesem Beruf schon ziemlich selten ist. Bei den meisten Produktionen duzt man sich nach allerk\u00fcrzester Zeit. Da ist es fast schon \u201aanr\u00fcchig\u2019, wenn jemand mit \u201eSie\u201c angesprochen wird. Da denkt man unwillk\u00fcrlich: jetzt ist \u00c4rger im Busch.<\/p>\n\n\n\n<p>Ich kann mich \u00fcber die ganze Zeit aber an niemanden erinnern, mit dem sich Peter Podehl geduzt h\u00e4tte. Andererseits haben ihn alle ausnahmslos aber auch immer respektvoll mit \u201eHerr Podehl\u201c angeredet. Nicht mal zwischen Peter Ren\u00e9 K\u00f6rner und ihm gab es das. Dabei haben die beiden doch unendlich viele Sendungen gemacht.<\/p>\n\n\n\n<p>Eine Winzigkeit, die h\u00e4ufig vorkam, ist mir noch in Erinnerung geblieben:<\/p>\n\n\n\n<p>Das meiste war damals \u201alive\u2019 oder wurde wie \u201alive\u2019 aufgezeichnet. Das Schneiden der Magnetaufzeichnungen war zu Anfang gar nicht so einfach. Es gab also die Stellproben mit der Kamera, dann die Durchlaufproben und schlie\u00dflich wurde dann aufgezeichnet. Und wie immer kamen kurz vor der Aufzeichnung noch Leute und wollten etwas \u00e4ndern, am Licht, am Ton, am Kost\u00fcm, an was auch immer.<\/p>\n\n\n\n<p>Peter Podehl h\u00f6rte sich das alles geduldig an, entschied dies und jenes bei den ersten 5, 6 \u00c4nderungsvorschl\u00e4gen oder W\u00fcnschen. Irgendwann schien er es aber dann dicke zu haben, dann sagte er nur noch: Ach, macht doch, was Ihr wollt. Und verzog sich in den Regieraum. Dann war Ruhe im Karton. Manchmal, heute, wenn mir bei einer Produktion der Boden unter den F\u00fcssen brennt, f\u00e4llt mir das wieder ein, und es ist auch schon vorgekommen, dass ich plagiiert und selbst gesagt habe: Dann macht doch, was Ihr wollt.<\/p>\n\n\n\n<p><strong>Claudia an Armina Maiwald:<\/strong><\/p>\n\n\n\n<p>Die Sache mit dem DU scheint irgendwie \u00fcberall ein Thema gewesen zu sein.<\/p>\n\n\n\n<p>Mein Vater erz\u00e4hlte mir mehrmals die Geschichte vom Spencer-Team, wo er alle mit du anredete, und alle mit Sie konterten. Das wunderte ihn, aber es schien irgendwie auch nicht m\u00f6glich, das zu \u00e4ndern.<\/p>\n\n\n\n<p>Er sprach dar\u00fcber auch mit meinem Bruder, der dann sagte: \u201cDas musst du akzeptieren, das ist ihre Art der Achtung und der Liebe zu dir.\u201d Und so blieb es dann.<\/p>\n\n\n\n<p>Ich geh\u00f6re eher zu den unkomplizierten Italienern, die auch selten Sie zueinander sagen, weshalb ich ziemlich bald alle Spencers ohne gr\u00f6\u00dfere Formalit\u00e4ten geduzt habe. In diesem &nbsp;Sommer (<em>2010, also kurz vor seinem Tod<\/em>) in Berlin trafen wir uns mit Achim und Lorenz, und da kam dann das du auch zu meinem Vater problemlos \u00fcber die Lippen.<\/p>\n\n\n\n<p>Und eine Frage: Kam es denn dann, wenn er sagte: macht doch alle was ihr wollt, zu einer sendereifen Aufzeichnung?<\/p>\n\n\n\n<p><strong>Armin Maiwalds Antwort:<\/strong><\/p>\n\n\n\n<p>Nat\u00fcrlich kam es dann zu einer sendereifen Aufzeichnung, jedenfalls wenn nicht eine Riesenpanne passierte und jemand mit der Kamera in die Dekoration knallte. Nein, der Spruch hatte etwas Sonderbares: man wusste nie so ganz genau, sollte das jetzt ein Scherz sein oder war das ernst gemeint. Irgendwie war es f\u00fcr alle ein Signal: So, jetzt ist Schluss mit lustig und mit \u00c4nderungen, jetzt wird das so gemacht, wie bis hierher geprobt. Jedenfalls zogen dann alle den Schwanz ein, trollten sich, und wenn noch unbedingt was ge\u00e4ndert werden musste (z.B. am Licht), dann taten sie das, ohne ihn weiter zu nerven.<\/p>\n\n\n\n<p>Und noch mal zum \u201aDu\u2019: Bei \u201aSpencer\u2019 zum Beispiel hat er ja h\u00e4ufig gesagt: \u201eDu, Poldi, mach das doch ein bisschen weiter rechts\u201c, wobei er damit die Figur und nicht die Person des Spielers ansprach. Ich glaube, so haben die das auch verstanden. Auch bei \u201aKasper und Ren\u00e9\u2019 war das so. Und ich glaube, das \u201eHerr Podehl\u201c war sicher eine Art Ehrfurcht im guten Sinne, er strahlte einfach eine Autorit\u00e4t aus, die jeder akzeptierte.<\/p>\n\n\n\n<p class=\"has-text-align-right\">\u00a9 Armin Maiwald, Oktober 2010<\/p>\n\n\n\n<p><\/p>\n\n\n\n<p><a href=\"https:\/\/webaid.it\/?page_id=2396\">Spencers Enkelgeschichten<\/a><\/p>\n\n\n\n<p><a href=\"https:\/\/webaid.it\/?page_id=2419\">Peter Podehl, der Spencer-Geschichtenerz\u00e4hler<\/a><\/p>\n\n\n\n<p><a href=\"https:\/\/webaid.it\/?page_id=2811\">Peter Podehls Drehb\u00fccher<\/a><br>und seine Aufzeichnungen hierzu<\/p>\n\n\n\n<p><a href=\"https:\/\/webaid.it\/?page_id=2411\">Unfrisierte Gedanken<\/a><br>zur Folge \u201cAufr\u00e4umen\u201d<br>April 1980<\/p>\n\n\n\n<p><a href=\"https:\/\/webaid.it\/?page_id=2694\">Die Drehb\u00fccher eines Komikers<\/a><br>Grundsatzanweisungen an die Puppenspieler \u2013 zu den Folgen \u201cViele W\u00fcnsche\u201d, \u201cGummib\u00e4rchen-Transporte\u201d, \u201cGro\u00dfes Aufr\u00e4umen\u201d und \u201cEinsamkeit\u201d und alle anderen Folgen<br>September 1980<\/p>\n\n\n\n<p><a href=\"https:\/\/webaid.it\/?page_id=2799\" data-type=\"page\" data-id=\"2799\">Zu den Drehb\u00fcchern eines Komikers<\/a><br>von SpencerEnkel Jannik Graf &#8211; der wei\u00df viel<\/p>\n\n\n\n<p><a href=\"https:\/\/webaid.it\/?page_id=2804\">Mut zur Arbeit<\/a><br>erste Aufzeichnungen zu den Folgen \u201cGesundheit\u201d und \u201cGaly und die Katastrophe\u201d<br>Januar 1981<\/p>\n\n\n\n<p><a href=\"https:\/\/webaid.it\/?page_id=2871\">SpencerEnkel Maxens Gedanken zu Podehls Gedanken<\/a><br>von SpencerEnkel Max zu Podehls ersten Aufzeichnungen zu den Folgen \u201cGesundheit\u201d und \u201cGaly und die Katastrophe\u201d<\/p>\n\n\n\n<p><a href=\"https:\/\/webaid.it\/?page_id=614\">Der Sprachaufpasser f\u00fcrs Deutsche und Puppenpoesie<\/a><br>Peter Podehls Pr\u00e4sentation<br>an der Dolmetscher- und \u00dcbersetzer-Universit\u00e4t S.Pio V in Rom<br>von 2006<br>Da gibt\u2019s viel Wortspielereien und auch einen Bericht dar\u00fcber, mit wem er die Folgen absprach, bevor er sie schrieb.<\/p>\n\n\n\n<p>Wie alles anfing:<br><a href=\"https:\/\/webaid.it\/?page_id=2408\">Lorenz Claussen berichtet vom TamS-Theater-Quatsch<\/a><\/p>\n\n\n\n<p><a href=\"https:\/\/webaid.it\/?page_id=2722\">Die Puppenspieler berichten<\/a><\/p>\n\n\n\n<p><a href=\"https:\/\/webaid.it\/?page_id=2416\">Klaus Naeve berichtet, wie Spencer von Charlotte gestreichelt wurde<\/a><\/p>\n\n\n\n<p><\/p>\n\n\n\n<p><a href=\"https:\/\/webaid.it\/?page_id=2563\">Die SpencerEnkel stellen sich vor<\/a>:<\/p>\n\n\n\n<p><a href=\"https:\/\/webaid.it\/?page_id=2557\">SpencerEnkel Maxi<\/a>&nbsp;mit&nbsp;<a href=\"https:\/\/www.youtube.com\/@KnutFingerhut\">Knut Fingerhut<\/a><\/p>\n\n\n\n<p><a href=\"https:\/\/webaid.it\/?page_id=2579\">Der SpencerEnkel Janni<\/a><\/p>\n\n\n\n<p><a href=\"https:\/\/webaid.it\/?page_id=2623\">SpencerEnkel Sven<\/a><\/p>\n\n\n\n<p><\/p>\n\n\n\n<p><\/p>\n\n\n\n<p><\/p>\n\n\n\n<p><\/p>\n","protected":false},"excerpt":{"rendered":"<p>*** Die Sache mit dem &#8220;Du&#8221; und &#8220;Macht doch, was ihr wollt!&#8221; *** Ich war eine ganze Weile Assistent bei ihm, sp\u00e4ter dann \u201aKollege\u2019, abwechselnd in der Regie haben wir ja dann zusammen die ersten Folgen von \u201eHallo Spencer\u201c gemacht. Und obwohl wir ziemlich lange zusammen gearbeitet und uns wirklich gut verstanden haben, ist es [&hellip;]<\/p>\n","protected":false},"author":1,"featured_media":0,"parent":2396,"menu_order":11,"comment_status":"closed","ping_status":"closed","template":"","meta":{"footnotes":""},"class_list":["post-2456","page","type-page","status-publish","hentry"],"_links":{"self":[{"href":"https:\/\/webaid.it\/index.php?rest_route=\/wp\/v2\/pages\/2456","targetHints":{"allow":["GET"]}}],"collection":[{"href":"https:\/\/webaid.it\/index.php?rest_route=\/wp\/v2\/pages"}],"about":[{"href":"https:\/\/webaid.it\/index.php?rest_route=\/wp\/v2\/types\/page"}],"author":[{"embeddable":true,"href":"https:\/\/webaid.it\/index.php?rest_route=\/wp\/v2\/users\/1"}],"replies":[{"embeddable":true,"href":"https:\/\/webaid.it\/index.php?rest_route=%2Fwp%2Fv2%2Fcomments&post=2456"}],"version-history":[{"count":12,"href":"https:\/\/webaid.it\/index.php?rest_route=\/wp\/v2\/pages\/2456\/revisions"}],"predecessor-version":[{"id":2887,"href":"https:\/\/webaid.it\/index.php?rest_route=\/wp\/v2\/pages\/2456\/revisions\/2887"}],"up":[{"embeddable":true,"href":"https:\/\/webaid.it\/index.php?rest_route=\/wp\/v2\/pages\/2396"}],"wp:attachment":[{"href":"https:\/\/webaid.it\/index.php?rest_route=%2Fwp%2Fv2%2Fmedia&parent=2456"}],"curies":[{"name":"wp","href":"https:\/\/api.w.org\/{rel}","templated":true}]}}