{"id":248,"date":"2022-11-15T05:57:56","date_gmt":"2022-11-15T05:57:56","guid":{"rendered":"https:\/\/peterpodehl.com\/?page_id=248"},"modified":"2025-02-26T17:12:52","modified_gmt":"2025-02-26T17:12:52","slug":"stimmen","status":"publish","type":"page","link":"https:\/\/webaid.it\/?page_id=248","title":{"rendered":"Stimmen"},"content":{"rendered":"\n<h2 class=\"wp-block-heading has-text-align-center\">***<\/h2>\n\n\n\n<h2 class=\"wp-block-heading has-text-align-center\">Stimmen<\/h2>\n\n\n\n<h2 class=\"wp-block-heading has-text-align-center\">***<\/h2>\n\n\n\n<p>Youtube: <a href=\"https:\/\/www.youtube.com\/channel\/UCL9UUZxBTHhTiw-7ngpTRiA\" data-type=\"URL\" data-id=\"https:\/\/www.youtube.com\/channel\/UCL9UUZxBTHhTiw-7ngpTRiA\">Peter Podehl<\/a> <\/p>\n\n\n\n<p>Peter Podehls <a href=\"https:\/\/www.youtube.com\/watch?v=m8kmZ7acrnM\">Hallo-Spencer-Folgen<\/a> &#8211; zu h\u00f6ren Peter im Studio und der K\u00f6nigin der Nacht <\/p>\n\n\n\n<p>Friedrich H\u00f6lderlin: <a rel=\"noreferrer noopener\" href=\"https:\/\/www.youtube.com\/watch?v=C6xE3QXv56g&amp;t=68s\" data-type=\"URL\" data-id=\"https:\/\/www.youtube.com\/watch?v=C6xE3QXv56g&amp;t=68s\" target=\"_blank\">Eine lehrte ihn ganz, was Liebe sei<\/a><\/p>\n\n\n\n<p><a rel=\"noreferrer noopener\" href=\"https:\/\/www.youtube.com\/watch?v=pTedeoXNDW4&amp;t=27s\" data-type=\"URL\" data-id=\"https:\/\/www.youtube.com\/watch?v=pTedeoXNDW4&amp;t=27s\" target=\"_blank\">Zitatenpudding<\/a><br>Hier liest Charlotte Zitate, und Peter gibt Hinweise auf \u2013 und verr\u00e4t zuletzt auch \u2013 den Autor. Denn im Vortrag sollten die Zuh\u00f6rer den Autor erraten, wozu sie eine Liste der Autoren in alphabetischer Reihenfolge erhalten hatten.<\/p>\n\n\n\n<p><a rel=\"noreferrer noopener\" href=\"https:\/\/www.youtube.com\/watch?v=SmWBWosaIYo&amp;t=22s\" data-type=\"URL\" data-id=\"https:\/\/www.youtube.com\/watch?v=SmWBWosaIYo&amp;t=22s\" target=\"_blank\">Peter und die Titel<\/a> &#8211; eher zum Lesen, aber immerhin mit Musik<br>Titel erfinden war Peter Podehl eine besondere Freude, oft auch nur einfach, um eine erlebte oder von anderen beschriebene Situation zu definieren. Hier eine h\u00f6chst unsystematische Auswahl aus den von Peter Podehl bearbeiteten oder selbst erfundenen Titeln aus seinem seeehr umfangreichen Werkearchiv. Vielleicht erkennt ihr ja das eine oder andere wieder?<\/p>\n\n\n\n<p><a rel=\"noreferrer noopener\" href=\"https:\/\/www.youtube.com\/watch?v=C0N3PfBxtm4&amp;t=488s\" data-type=\"URL\" data-id=\"https:\/\/www.youtube.com\/watch?v=C0N3PfBxtm4&amp;t=488s\" target=\"_blank\">Wir leben. als schwebten wir nicht<\/a><br>von Peter Podehl \u00a9 <br>mit Bettina Fuchs \u00a9 <br>Der Mensch, das Wunder zwischen Kosmos und Quark &#8211; Fragmente zum Thema &#8211; <br>Peter Podehl schaukelt zwischen Poesie und Wissenschaft hin und her und w\u00fchlt in der F\u00fclle, die Staunen macht &#8211; dieses Staunen, das nach Aristoteles die Wiege aller Erkenntnis ist. Bettina Fuchs spielt dazu Fl\u00f6te. Viel Spa\u00df, und nehmt euch die Zeit: es lohnt sich.<\/p>\n\n\n\n<p>Aus dem B\u00fccherschrank geholt: <a rel=\"noreferrer noopener\" href=\"https:\/\/www.youtube.com\/watch?v=VzIVIU7fR8A&amp;t=1s\" data-type=\"URL\" data-id=\"https:\/\/www.youtube.com\/watch?v=VzIVIU7fR8A&amp;t=1s\" target=\"_blank\">Die toten Seelen<\/a> &#8211; mit einer sehr lebhaften Charlotte als &#8220;einfach angenehme Dame&#8221;<\/p>\n\n\n\n<p>Aus dem B\u00fccherschrank geholt: <a rel=\"noreferrer noopener\" href=\"https:\/\/www.youtube.com\/watch?v=lcEKAbYIqMY&amp;t=558s\" target=\"_blank\">David Copperfield<\/a> &#8211; mit einer noch ziemlich kleinen Claudia als Emily<\/p>\n\n\n\n<p><a href=\"https:\/\/www1.wdr.de\/radio\/wdr5\/sendungen\/zeitzeichen\/podehl-100.html\">Zeitzeichen WDR<\/a> &#8211; Zu Peter Podehls 10. Todestag &#8211; von Irene Geuer<\/p>\n\n\n\n<p><a href=\"https:\/\/www.youtube.com\/watch?v=dI_3XtriCuQ&amp;t=2s\">3-Minuten-Geschichte<\/a><\/p>\n\n\n\n<p>&#8220;Jakopp und Elisabett&#8221;<br>&#8230; hatte urspr\u00fcnglich den Titel WIE IST DENN DAS WETTER BEI DIR?- EPISODEN AUS EINEM ETWAS SONDERBAREN LEBEN ZU ZWEIT<\/p>\n\n\n\n<p><a href=\"https:\/\/www.youtube.com\/watch?v=JuwdkyVpboQ\">Jakopp und Elisabett &#8211; Folge 1<\/a> &#8211; da geht&#8217;s um einen &#8211; ma\u00dfgerechten &#8211; Spiegel<\/p>\n\n\n\n<p><a href=\"https:\/\/www.youtube.com\/watch?v=xkYklKDovlk&amp;t=4s\">Jakopp und Elisabett &#8211; Folge 3<\/a> &#8211; M\u00fcnchen 1963; im Regen &#8211; aber nur am Anfang<\/p>\n\n\n\n<p class=\"has-text-align-center\">***<\/p>\n\n\n\n<p><a href=\"https:\/\/webaid.it\/?page_id=61\">Peters Theater<\/a><\/p>\n\n\n\n<p><a href=\"https:\/\/webaid.it\/?page_id=556\">Charlottes Theater<\/a><\/p>\n","protected":false},"excerpt":{"rendered":"<p>*** Stimmen *** Youtube: Peter Podehl Peter Podehls Hallo-Spencer-Folgen &#8211; zu h\u00f6ren Peter im Studio und der K\u00f6nigin der Nacht Friedrich H\u00f6lderlin: Eine lehrte ihn ganz, was Liebe sei ZitatenpuddingHier liest Charlotte Zitate, und Peter gibt Hinweise auf \u2013 und verr\u00e4t zuletzt auch \u2013 den Autor. Denn im Vortrag sollten die Zuh\u00f6rer den Autor erraten, [&hellip;]<\/p>\n","protected":false},"author":1,"featured_media":0,"parent":61,"menu_order":2,"comment_status":"closed","ping_status":"closed","template":"","meta":{"footnotes":""},"class_list":["post-248","page","type-page","status-publish","hentry"],"_links":{"self":[{"href":"https:\/\/webaid.it\/index.php?rest_route=\/wp\/v2\/pages\/248","targetHints":{"allow":["GET"]}}],"collection":[{"href":"https:\/\/webaid.it\/index.php?rest_route=\/wp\/v2\/pages"}],"about":[{"href":"https:\/\/webaid.it\/index.php?rest_route=\/wp\/v2\/types\/page"}],"author":[{"embeddable":true,"href":"https:\/\/webaid.it\/index.php?rest_route=\/wp\/v2\/users\/1"}],"replies":[{"embeddable":true,"href":"https:\/\/webaid.it\/index.php?rest_route=%2Fwp%2Fv2%2Fcomments&post=248"}],"version-history":[{"count":22,"href":"https:\/\/webaid.it\/index.php?rest_route=\/wp\/v2\/pages\/248\/revisions"}],"predecessor-version":[{"id":3839,"href":"https:\/\/webaid.it\/index.php?rest_route=\/wp\/v2\/pages\/248\/revisions\/3839"}],"up":[{"embeddable":true,"href":"https:\/\/webaid.it\/index.php?rest_route=\/wp\/v2\/pages\/61"}],"wp:attachment":[{"href":"https:\/\/webaid.it\/index.php?rest_route=%2Fwp%2Fv2%2Fmedia&parent=248"}],"curies":[{"name":"wp","href":"https:\/\/api.w.org\/{rel}","templated":true}]}}