{"id":25,"date":"2022-11-06T20:18:42","date_gmt":"2022-11-06T20:18:42","guid":{"rendered":"https:\/\/peterpodehl.com\/?page_id=25"},"modified":"2026-02-19T10:43:41","modified_gmt":"2026-02-19T10:43:41","slug":"nuova-pagina","status":"publish","type":"page","link":"https:\/\/webaid.it\/?page_id=25","title":{"rendered":"Kinderfernsehen"},"content":{"rendered":"\n<p class=\"has-text-align-center\"><a href=\"https:\/\/webaid.it\/?page_id=63\"><strong>Warum denn Kinderfernsehen?<\/strong><\/a><\/p>\n\n\n\n<figure class=\"wp-block-image aligncenter size-full is-resized\"><img loading=\"lazy\" decoding=\"async\" width=\"862\" height=\"558\" src=\"https:\/\/webaid.it\/wp-content\/uploads\/2023\/02\/KameravsKamera_20140803_0029.jpg\" alt=\"\" class=\"wp-image-987\" style=\"width:240px;height:154px\" srcset=\"https:\/\/webaid.it\/wp-content\/uploads\/2023\/02\/KameravsKamera_20140803_0029.jpg 862w, https:\/\/webaid.it\/wp-content\/uploads\/2023\/02\/KameravsKamera_20140803_0029-300x194.jpg 300w, https:\/\/webaid.it\/wp-content\/uploads\/2023\/02\/KameravsKamera_20140803_0029-768x497.jpg 768w\" sizes=\"auto, (max-width: 862px) 100vw, 862px\" \/><\/figure>\n\n\n\n<p class=\"has-text-align-center\"><a href=\"https:\/\/webaid.it\/?page_id=45\"><strong>Der kleine Muck<\/strong><\/a><\/p>\n\n\n\n<p class=\"has-text-align-center\"><a href=\"https:\/\/webaid.it\/?page_id=243\"><strong>Die H\u00f6hlenkinder<\/strong><\/a><\/p>\n\n\n\n<p class=\"has-text-align-center\"><strong>Ahimeh<\/strong><\/p>\n\n\n\n<figure class=\"wp-block-image aligncenter size-large is-resized\"><img loading=\"lazy\" decoding=\"async\" width=\"1024\" height=\"839\" src=\"https:\/\/webaid.it\/wp-content\/uploads\/2023\/02\/IMG_20140811_0011-1024x839.jpg\" alt=\"\" class=\"wp-image-1004\" style=\"width:564px;height:461px\" srcset=\"https:\/\/webaid.it\/wp-content\/uploads\/2023\/02\/IMG_20140811_0011-1024x839.jpg 1024w, https:\/\/webaid.it\/wp-content\/uploads\/2023\/02\/IMG_20140811_0011-300x246.jpg 300w, https:\/\/webaid.it\/wp-content\/uploads\/2023\/02\/IMG_20140811_0011-768x629.jpg 768w, https:\/\/webaid.it\/wp-content\/uploads\/2023\/02\/IMG_20140811_0011.jpg 1300w\" sizes=\"auto, (max-width: 1024px) 100vw, 1024px\" \/><figcaption class=\"wp-element-caption\">Thomas Schmidt und Claudia Bortfeld<\/figcaption><\/figure>\n\n\n\n<p class=\"has-text-align-center\"><strong>Kasper und Ren\u00e9<\/strong><\/p>\n\n\n\n<div class=\"wp-block-group is-content-justification-center is-nowrap is-layout-flex wp-container-core-group-is-layout-23441af8 wp-block-group-is-layout-flex\">\n<figure class=\"wp-block-image aligncenter size-large is-resized\"><img loading=\"lazy\" decoding=\"async\" width=\"1024\" height=\"1021\" src=\"https:\/\/webaid.it\/wp-content\/uploads\/2023\/02\/KasperJapan_Kamera-1024x1021.jpg\" alt=\"\" class=\"wp-image-989\" style=\"width:293px;height:292px\" srcset=\"https:\/\/webaid.it\/wp-content\/uploads\/2023\/02\/KasperJapan_Kamera-1024x1021.jpg 1024w, https:\/\/webaid.it\/wp-content\/uploads\/2023\/02\/KasperJapan_Kamera-300x300.jpg 300w, https:\/\/webaid.it\/wp-content\/uploads\/2023\/02\/KasperJapan_Kamera-150x150.jpg 150w, https:\/\/webaid.it\/wp-content\/uploads\/2023\/02\/KasperJapan_Kamera-768x766.jpg 768w, https:\/\/webaid.it\/wp-content\/uploads\/2023\/02\/KasperJapan_Kamera-1536x1532.jpg 1536w, https:\/\/webaid.it\/wp-content\/uploads\/2023\/02\/KasperJapan_Kamera-2048x2042.jpg 2048w\" sizes=\"auto, (max-width: 1024px) 100vw, 1024px\" \/><figcaption class=\"wp-element-caption\">Kasper in Tokio<\/figcaption><\/figure>\n\n\n\n<figure class=\"wp-block-image aligncenter size-large is-resized\"><img loading=\"lazy\" decoding=\"async\" width=\"995\" height=\"1024\" src=\"https:\/\/webaid.it\/wp-content\/uploads\/2023\/02\/KasperRomaReneSpaghetti-995x1024.jpg\" alt=\"\" class=\"wp-image-990\" style=\"width:277px;height:284px\" srcset=\"https:\/\/webaid.it\/wp-content\/uploads\/2023\/02\/KasperRomaReneSpaghetti-995x1024.jpg 995w, https:\/\/webaid.it\/wp-content\/uploads\/2023\/02\/KasperRomaReneSpaghetti-292x300.jpg 292w, https:\/\/webaid.it\/wp-content\/uploads\/2023\/02\/KasperRomaReneSpaghetti-768x790.jpg 768w, https:\/\/webaid.it\/wp-content\/uploads\/2023\/02\/KasperRomaReneSpaghetti-1493x1536.jpg 1493w, https:\/\/webaid.it\/wp-content\/uploads\/2023\/02\/KasperRomaReneSpaghetti-1991x2048.jpg 1991w\" sizes=\"auto, (max-width: 995px) 100vw, 995px\" \/><figcaption class=\"wp-element-caption\">Ren\u00e9 in Rom<\/figcaption><\/figure>\n<\/div>\n\n\n\n<p><\/p>\n\n\n\n<p class=\"has-text-align-center\"><strong><a href=\"https:\/\/webaid.it\/?page_id=1694\">Lemmi und die Schm\u00f6ker<\/a><\/strong><\/p>\n\n\n\n<figure class=\"wp-block-image aligncenter size-large is-resized\"><img loading=\"lazy\" decoding=\"async\" width=\"1024\" height=\"1024\" src=\"https:\/\/webaid.it\/wp-content\/uploads\/2023\/02\/IMG_20140322_0003-2-1024x1024.jpg\" alt=\"\" class=\"wp-image-1002\" style=\"width:565px;height:565px\" srcset=\"https:\/\/webaid.it\/wp-content\/uploads\/2023\/02\/IMG_20140322_0003-2-1024x1024.jpg 1024w, https:\/\/webaid.it\/wp-content\/uploads\/2023\/02\/IMG_20140322_0003-2-300x300.jpg 300w, https:\/\/webaid.it\/wp-content\/uploads\/2023\/02\/IMG_20140322_0003-2-150x150.jpg 150w, https:\/\/webaid.it\/wp-content\/uploads\/2023\/02\/IMG_20140322_0003-2-768x768.jpg 768w, https:\/\/webaid.it\/wp-content\/uploads\/2023\/02\/IMG_20140322_0003-2-1536x1536.jpg 1536w, https:\/\/webaid.it\/wp-content\/uploads\/2023\/02\/IMG_20140322_0003-2-2048x2048.jpg 2048w\" sizes=\"auto, (max-width: 1024px) 100vw, 1024px\" \/><figcaption class=\"wp-element-caption\">Grauer Herr  mit Momo<\/figcaption><\/figure>\n\n\n\n<p class=\"has-text-align-center\"><a href=\"https:\/\/webaid.it\/?page_id=54\"><strong>Zini<\/strong><\/a><\/p>\n\n\n\n<p class=\"has-text-align-center\"><strong>Jan vom Goldnen Stern<\/strong><\/p>\n\n\n\n<figure class=\"wp-block-image aligncenter size-large is-resized\"><img loading=\"lazy\" decoding=\"async\" width=\"1024\" height=\"673\" src=\"https:\/\/webaid.it\/wp-content\/uploads\/2023\/02\/JanVomGoldenenStern-1024x673.jpg\" alt=\"\" class=\"wp-image-1008\" style=\"width:425px;height:279px\" srcset=\"https:\/\/webaid.it\/wp-content\/uploads\/2023\/02\/JanVomGoldenenStern-1024x673.jpg 1024w, https:\/\/webaid.it\/wp-content\/uploads\/2023\/02\/JanVomGoldenenStern-300x197.jpg 300w, https:\/\/webaid.it\/wp-content\/uploads\/2023\/02\/JanVomGoldenenStern-768x505.jpg 768w, https:\/\/webaid.it\/wp-content\/uploads\/2023\/02\/JanVomGoldenenStern-1536x1010.jpg 1536w, https:\/\/webaid.it\/wp-content\/uploads\/2023\/02\/JanVomGoldenenStern.jpg 1796w\" sizes=\"auto, (max-width: 1024px) 100vw, 1024px\" \/><\/figure>\n\n\n\n<p class=\"has-text-align-center\"><strong><a href=\"https:\/\/webaid.it\/?page_id=2572\">Hallo Spencer<\/a><\/strong><\/p>\n\n\n\n<figure class=\"wp-block-image aligncenter size-large is-resized\"><img loading=\"lazy\" decoding=\"async\" width=\"1024\" height=\"768\" src=\"https:\/\/webaid.it\/wp-content\/uploads\/2023\/02\/MucPeterSpencerOK_0069-1024x768.jpg\" alt=\"\" class=\"wp-image-985\" style=\"width:229px;height:171px\" srcset=\"https:\/\/webaid.it\/wp-content\/uploads\/2023\/02\/MucPeterSpencerOK_0069-1024x768.jpg 1024w, https:\/\/webaid.it\/wp-content\/uploads\/2023\/02\/MucPeterSpencerOK_0069-300x225.jpg 300w, https:\/\/webaid.it\/wp-content\/uploads\/2023\/02\/MucPeterSpencerOK_0069-768x576.jpg 768w, https:\/\/webaid.it\/wp-content\/uploads\/2023\/02\/MucPeterSpencerOK_0069-1536x1152.jpg 1536w, https:\/\/webaid.it\/wp-content\/uploads\/2023\/02\/MucPeterSpencerOK_0069-2048x1536.jpg 2048w\" sizes=\"auto, (max-width: 1024px) 100vw, 1024px\" \/><\/figure>\n\n\n\n<p><\/p>\n\n\n\n<p><\/p>\n","protected":false},"excerpt":{"rendered":"<p>Warum denn Kinderfernsehen? Der kleine Muck Die H\u00f6hlenkinder Ahimeh Kasper und Ren\u00e9 Lemmi und die Schm\u00f6ker Zini Jan vom Goldnen Stern Hallo Spencer<\/p>\n","protected":false},"author":1,"featured_media":0,"parent":0,"menu_order":3,"comment_status":"closed","ping_status":"closed","template":"","meta":{"footnotes":""},"class_list":["post-25","page","type-page","status-publish","hentry"],"_links":{"self":[{"href":"https:\/\/webaid.it\/index.php?rest_route=\/wp\/v2\/pages\/25","targetHints":{"allow":["GET"]}}],"collection":[{"href":"https:\/\/webaid.it\/index.php?rest_route=\/wp\/v2\/pages"}],"about":[{"href":"https:\/\/webaid.it\/index.php?rest_route=\/wp\/v2\/types\/page"}],"author":[{"embeddable":true,"href":"https:\/\/webaid.it\/index.php?rest_route=\/wp\/v2\/users\/1"}],"replies":[{"embeddable":true,"href":"https:\/\/webaid.it\/index.php?rest_route=%2Fwp%2Fv2%2Fcomments&post=25"}],"version-history":[{"count":26,"href":"https:\/\/webaid.it\/index.php?rest_route=\/wp\/v2\/pages\/25\/revisions"}],"predecessor-version":[{"id":4443,"href":"https:\/\/webaid.it\/index.php?rest_route=\/wp\/v2\/pages\/25\/revisions\/4443"}],"wp:attachment":[{"href":"https:\/\/webaid.it\/index.php?rest_route=%2Fwp%2Fv2%2Fmedia&parent=25"}],"curies":[{"name":"wp","href":"https:\/\/api.w.org\/{rel}","templated":true}]}}