{"id":2572,"date":"2024-02-29T06:00:46","date_gmt":"2024-02-29T06:00:46","guid":{"rendered":"https:\/\/peterpodehl.com\/?page_id=2572"},"modified":"2025-06-03T08:36:15","modified_gmt":"2025-06-03T08:36:15","slug":"hallo-spencer","status":"publish","type":"page","link":"https:\/\/webaid.it\/?page_id=2572","title":{"rendered":"Hallo Spencer"},"content":{"rendered":"\n<p class=\"has-text-align-center\">***<\/p>\n\n\n\n<h2 class=\"wp-block-heading has-text-align-center\">Hallo Spencer<\/h2>\n\n\n\n<p class=\"has-text-align-center\">***<\/p>\n\n\n\n<div class=\"wp-block-columns is-layout-flex wp-container-core-columns-is-layout-28f84493 wp-block-columns-is-layout-flex\">\n<div class=\"wp-block-column is-layout-flow wp-block-column-is-layout-flow\" style=\"flex-basis:100%\">\n<div class=\"wp-block-media-text is-stacked-on-mobile\" style=\"grid-template-columns:37% auto\"><figure class=\"wp-block-media-text__media\"><img loading=\"lazy\" decoding=\"async\" width=\"768\" height=\"576\" src=\"https:\/\/webaid.it\/wp-content\/uploads\/2025\/01\/087KasiBrauchtHilfe01-6.jpeg\" alt=\"\" class=\"wp-image-3607 size-full\" srcset=\"https:\/\/webaid.it\/wp-content\/uploads\/2025\/01\/087KasiBrauchtHilfe01-6.jpeg 768w, https:\/\/webaid.it\/wp-content\/uploads\/2025\/01\/087KasiBrauchtHilfe01-6-300x225.jpeg 300w\" sizes=\"auto, (max-width: 768px) 100vw, 768px\" \/><\/figure><div class=\"wp-block-media-text__content\">\n<p class=\"has-text-align-center\"><a href=\"https:\/\/webaid.it\/?page_id=3518\">Folge 87 &#8211; Was da h\u00e4tte geschehen sollen<\/a> <br>Ver\u00f6ffentlichung anl\u00e4sslich der 75. Geburtstag <br>des verstorbenen ersten Kasi-Spielers <br>Herbert Langemann  <br>am 29.1.2025<br>***<br><\/p>\n<\/div><\/div>\n<\/div>\n<\/div>\n\n\n\n<p class=\"has-text-align-center\"><a href=\"https:\/\/webaid.it\/?page_id=3441\">Folge 87 &#8211; Die Verlorene &#8211; Pr\u00e4sentation<\/a> <br>von Sven Luka<\/p>\n\n\n\n<p class=\"has-text-align-center\"><a href=\"https:\/\/www.youtube.com\/watch?v=m8kmZ7acrnM\">Alle Podehlschen Hallo-Spencer-Folgen<\/a><br>dazu die Proben zur Zauberfl\u00f6te (zum H\u00f6ren)<\/p>\n\n\n\n<p class=\"has-text-align-center\"><\/p>\n\n\n\n<p><a href=\"https:\/\/webaid.it\/?page_id=2396\">Spencers Enkelgeschichten<\/a><\/p>\n\n\n\n<p><a href=\"https:\/\/webaid.it\/?page_id=2419\">Peter Podehl, der Spencer-Geschichtenerz\u00e4hler<\/a><\/p>\n\n\n\n<p><a href=\"https:\/\/webaid.it\/?page_id=2811\">Peter Podehls Drehb\u00fccher<\/a> <br>und seine Aufzeichnungen hierzu<\/p>\n\n\n\n<p><a href=\"https:\/\/webaid.it\/?page_id=2411\">Unfrisierte Gedanken<\/a><br>zur Folge \u201cAufr\u00e4umen\u201d<br>April 1980<\/p>\n\n\n\n<p><a href=\"https:\/\/webaid.it\/?page_id=2694\">Die Drehb\u00fccher eines Komikers<\/a><br>Grundsatzanweisungen an die Puppenspieler \u2013 zu den Folgen \u201c\u00a0<a href=\"https:\/\/webaid.it\/?page_id=2989\">Viele W\u00fcnsche<\/a>\u201d, \u201c<a href=\"https:\/\/webaid.it\/?page_id=3005\">Gummib\u00e4rchen-Transporte<\/a>\u201d, \u201c<a href=\"https:\/\/webaid.it\/?page_id=2411\">Gro\u00dfes Aufr\u00e4umen<\/a>\u201d und \u201c<a href=\"https:\/\/webaid.it\/?page_id=3279\">Einsamkeit<\/a>\u201d und alle anderen Folgen<br> September 1980<\/p>\n\n\n\n<p><\/p>\n\n\n\n<p><a href=\"https:\/\/webaid.it\/?page_id=2804\">Mut zur Arbeit<\/a><br>erste Aufzeichnungen zu den Folgen \u201cGesundheit\u201d und \u201cGaly und die Katastrophe\u201d<br>Januar 1981<\/p>\n\n\n\n<p><a href=\"https:\/\/webaid.it\/?page_id=614\">Der Sprachaufpasser f\u00fcrs Deutsche und Puppenpoesie<\/a><br>Peter Podehls Pr\u00e4sentation<br>an der Dolmetscher- und \u00dcbersetzer-Universit\u00e4t S.Pio V in Rom<br>von 2006<br>Da gibt&#8217;s viel Wortspielereien und auch einen Bericht dar\u00fcber, mit wem er die Folgen absprach, bevor er sie schrieb.<\/p>\n\n\n\n<p>Wie alles anfing: <br><a href=\"https:\/\/webaid.it\/?page_id=2408\">Lorenz Claussen berichtet vom TamS-Theater-Quatsch<\/a><\/p>\n\n\n\n<p><a href=\"https:\/\/webaid.it\/?page_id=2722\">Die Puppenspieler berichten<\/a><\/p>\n\n\n\n<p><a href=\"https:\/\/webaid.it\/?page_id=2416\">Klaus Naeve berichtet, wie Spencer von Charlotte gestreichelt wurde<\/a><\/p>\n\n\n\n<p>Armin Maiwald erz\u00e4hlt die&nbsp;<br><a href=\"https:\/\/webaid.it\/?page_id=2456\">Sache mit dem Du und \u201cMacht doch, was ihr wollt\u201d<\/a><\/p>\n\n\n\n<p><a href=\"https:\/\/webaid.it\/?page_id=2563\">Die SpencerEnkel stellen sich vor<\/a>:<\/p>\n\n\n\n<p><a href=\"https:\/\/webaid.it\/?page_id=2557\">SpencerEnkel Maxi<\/a>&nbsp;mit&nbsp;<a href=\"https:\/\/www.youtube.com\/@KnutFingerhut\">Knut Fingerhut<\/a><\/p>\n\n\n\n<p><a href=\"https:\/\/webaid.it\/?page_id=2579\">Der SpencerEnkel Janni<\/a><\/p>\n\n\n\n<p><a href=\"https:\/\/webaid.it\/?page_id=2623\">SpencerEnkel Sven<\/a><\/p>\n\n\n\n<p class=\"has-text-align-center\">***<\/p>\n","protected":false},"excerpt":{"rendered":"<p>*** Hallo Spencer *** Folge 87 &#8211; Was da h\u00e4tte geschehen sollen Ver\u00f6ffentlichung anl\u00e4sslich der 75. Geburtstag des verstorbenen ersten Kasi-Spielers Herbert Langemann am 29.1.2025*** Folge 87 &#8211; Die Verlorene &#8211; Pr\u00e4sentation von Sven Luka Alle Podehlschen Hallo-Spencer-Folgendazu die Proben zur Zauberfl\u00f6te (zum H\u00f6ren) Spencers Enkelgeschichten Peter Podehl, der Spencer-Geschichtenerz\u00e4hler Peter Podehls Drehb\u00fccher und seine [&hellip;]<\/p>\n","protected":false},"author":1,"featured_media":0,"parent":0,"menu_order":4,"comment_status":"closed","ping_status":"closed","template":"","meta":{"footnotes":""},"class_list":["post-2572","page","type-page","status-publish","hentry"],"_links":{"self":[{"href":"https:\/\/webaid.it\/index.php?rest_route=\/wp\/v2\/pages\/2572","targetHints":{"allow":["GET"]}}],"collection":[{"href":"https:\/\/webaid.it\/index.php?rest_route=\/wp\/v2\/pages"}],"about":[{"href":"https:\/\/webaid.it\/index.php?rest_route=\/wp\/v2\/types\/page"}],"author":[{"embeddable":true,"href":"https:\/\/webaid.it\/index.php?rest_route=\/wp\/v2\/users\/1"}],"replies":[{"embeddable":true,"href":"https:\/\/webaid.it\/index.php?rest_route=%2Fwp%2Fv2%2Fcomments&post=2572"}],"version-history":[{"count":16,"href":"https:\/\/webaid.it\/index.php?rest_route=\/wp\/v2\/pages\/2572\/revisions"}],"predecessor-version":[{"id":3611,"href":"https:\/\/webaid.it\/index.php?rest_route=\/wp\/v2\/pages\/2572\/revisions\/3611"}],"wp:attachment":[{"href":"https:\/\/webaid.it\/index.php?rest_route=%2Fwp%2Fv2%2Fmedia&parent=2572"}],"curies":[{"name":"wp","href":"https:\/\/api.w.org\/{rel}","templated":true}]}}