{"id":2579,"date":"2024-02-29T17:49:26","date_gmt":"2024-02-29T17:49:26","guid":{"rendered":"https:\/\/peterpodehl.com\/?page_id=2579"},"modified":"2026-02-19T11:21:42","modified_gmt":"2026-02-19T11:21:42","slug":"spencerenkel-janni","status":"publish","type":"page","link":"https:\/\/webaid.it\/?page_id=2579","title":{"rendered":"SpencerEnkel Janni"},"content":{"rendered":"\n<h2 class=\"wp-block-heading has-text-align-center\"><br><strong>***<\/strong><\/h2>\n\n\n\n<h2 class=\"wp-block-heading has-text-align-center\"><strong>SpencerEnkel<\/strong><\/h2>\n\n\n\n<h2 class=\"wp-block-heading has-text-align-center\"><strong>Janni<\/strong><\/h2>\n\n\n\n<h2 class=\"wp-block-heading has-text-align-center\"><strong>***<\/strong><\/h2>\n\n\n\n<p>Als 2004 das letzte gro\u00dfe Jubil\u00e4um im Kinderkanal gefeiert wurde, war ich acht Jahre alt, habe die Sendung durch die KiKA-Wiederholungen kennen und lieben gelernt, wollte nat\u00fcrlich unbedingt Puppenspieler werden und einfach alles dar\u00fcber wissen! Letztendlich bin ich Regisseur geworden, aus dem Spencer-&#8220;Fan&#8221; wurde ein absoluter Nerd bez\u00fcglich der Hintergr\u00fcnde des Jahr f\u00fcr Jahr auf Stelzen aufgebauten Runddorfes, bewohnt vom kreativen Ensemble um Peter Podehl und ich bin bis heute unendlich fasziniert von der einzigartigen Machart von Hallo Spencer.<\/p>\n\n\n\n<p>Das mal mehr, mal weniger chaotisch inszenierte Theater im Theater der M\u00e4rchenfolgen (wobei \u201eM\u00e4rchen\u201c im Spencerdorf auch Homer, Shakespeare, Mozart oder \u201eDallas\u201c bedeuten kann) war besonders pr\u00e4gend und manifestierte meinen fr\u00fchen Wunsch, selbst Geschichten erz\u00e4hlen zu wollen &#8211; und das mache ich ja jetzt auch: <a href=\"http:\/\/jannikgraf.de\/\">jannikgraf.de<\/a><\/p>\n\n\n\n<figure class=\"wp-block-image aligncenter size-large\"><img loading=\"lazy\" decoding=\"async\" width=\"1024\" height=\"1024\" src=\"https:\/\/webaid.it\/wp-content\/uploads\/2025\/01\/IMG_7172-1024x1024.jpg\" alt=\"\" class=\"wp-image-3495\" srcset=\"https:\/\/webaid.it\/wp-content\/uploads\/2025\/01\/IMG_7172-1024x1024.jpg 1024w, https:\/\/webaid.it\/wp-content\/uploads\/2025\/01\/IMG_7172-300x300.jpg 300w, https:\/\/webaid.it\/wp-content\/uploads\/2025\/01\/IMG_7172-150x150.jpg 150w, https:\/\/webaid.it\/wp-content\/uploads\/2025\/01\/IMG_7172-768x768.jpg 768w, https:\/\/webaid.it\/wp-content\/uploads\/2025\/01\/IMG_7172.jpg 1280w\" sizes=\"auto, (max-width: 1024px) 100vw, 1024px\" \/><\/figure>\n\n\n\n<p><a href=\"https:\/\/www.youtube.com\/watch?v=m8kmZ7acrnM&amp;t=19s\">Peter Podehls Hallo-Spencer-Folgen<\/a> mit vielen Zeichnungen von Jannik Graf<\/p>\n\n\n\n<p><a href=\"https:\/\/webaid.it\/?page_id=2396\">Spencers Enkelgeschichten<\/a><\/p>\n\n\n\n<p><a href=\"https:\/\/webaid.it\/?page_id=2419\">Peter Podehl, der Spencer-Geschichtenerz\u00e4hler<\/a><\/p>\n\n\n\n<p><a href=\"https:\/\/webaid.it\/?page_id=2811\">Peter Podehls Drehb\u00fccher<\/a><br>und seine Aufzeichnungen hierzu<\/p>\n\n\n\n<p><a href=\"https:\/\/webaid.it\/?page_id=2694\">Die Drehb\u00fccher eines Komikers<\/a><br>Grundsatzanweisungen an die Puppenspieler \u2013 zu den Folgen \u201cViele W\u00fcnsche\u201d, \u201cGummib\u00e4rchen-Transporte\u201d, \u201cGro\u00dfes Aufr\u00e4umen\u201d und \u201cEinsamkeit\u201d und alle anderen Folgen<br>September 1980<\/p>\n\n\n\n<p><a href=\"https:\/\/webaid.it\/?page_id=2799\" data-type=\"page\" data-id=\"2799\">Zu den Drehb\u00fcchern eines Komikers<\/a><br>von SpencerEnkel Jannik Graf &#8211; der wei\u00df viel<\/p>\n\n\n\n<p><a href=\"https:\/\/webaid.it\/?page_id=2804\">Mut zur Arbeit<\/a><br>erste Aufzeichnungen zu den Folgen \u201cGesundheit\u201d und \u201cGaly und die Katastrophe\u201d<br>Januar 1981<\/p>\n\n\n\n<p><a href=\"https:\/\/webaid.it\/?page_id=2871\">SpencerEnkel Maxens Gedanken zu Podehls Gedanken<\/a><br>von SpencerEnkel Max zu Podehls ersten Aufzeichnungen zu den Folgen \u201cGesundheit\u201d und \u201cGaly und die Katastrophe\u201d<\/p>\n\n\n\n<p><a href=\"https:\/\/webaid.it\/?page_id=614\">Der Sprachaufpasser f\u00fcrs Deutsche und Puppenpoesie<\/a><br>Peter Podehls Pr\u00e4sentation<br>an der Dolmetscher- und \u00dcbersetzer-Universit\u00e4t S.Pio V in Rom<br>von 2006<br>Da gibt\u2019s viel Wortspielereien und auch einen Bericht dar\u00fcber, mit wem er die Folgen absprach, bevor er sie schrieb.<\/p>\n\n\n\n<p>Wie alles anfing:<br><a href=\"https:\/\/webaid.it\/?page_id=2408\">Lorenz Claussen berichtet vom TamS-Theater-Quatsch<\/a><\/p>\n\n\n\n<p><a href=\"https:\/\/webaid.it\/?page_id=2722\">Die Puppenspieler berichten<\/a><\/p>\n\n\n\n<p><a href=\"https:\/\/webaid.it\/?page_id=2416\">Klaus Naeve berichtet, wie Spencer von Charlotte gestreichelt wurde<\/a><\/p>\n\n\n\n<p>Armin Maiwald erz\u00e4hlt die&nbsp;<br><a href=\"https:\/\/webaid.it\/?page_id=2456\">Sache mit dem Du und \u201cMacht doch, was ihr wollt\u201d<\/a><\/p>\n\n\n\n<p><a href=\"https:\/\/webaid.it\/?page_id=2563\">Die SpencerEnkel stellen sich vor<\/a>:<\/p>\n\n\n\n<p><a href=\"https:\/\/webaid.it\/?page_id=2557\">SpencerEnkel Maxi<\/a>&nbsp;mit&nbsp;<a href=\"https:\/\/www.youtube.com\/@KnutFingerhut\">Knut Fingerhut<\/a><\/p>\n\n\n\n<p><a href=\"https:\/\/webaid.it\/?page_id=2579\">Der SpencerEnkel Janni<\/a><\/p>\n\n\n\n<p><a href=\"https:\/\/webaid.it\/?page_id=2623\">SpencerEnkel Sven<\/a><\/p>\n","protected":false},"excerpt":{"rendered":"<p>*** SpencerEnkel Janni *** Als 2004 das letzte gro\u00dfe Jubil\u00e4um im Kinderkanal gefeiert wurde, war ich acht Jahre alt, habe die Sendung durch die KiKA-Wiederholungen kennen und lieben gelernt, wollte nat\u00fcrlich unbedingt Puppenspieler werden und einfach alles dar\u00fcber wissen! Letztendlich bin ich Regisseur geworden, aus dem Spencer-&#8220;Fan&#8221; wurde ein absoluter Nerd bez\u00fcglich der Hintergr\u00fcnde des [&hellip;]<\/p>\n","protected":false},"author":1,"featured_media":2635,"parent":2563,"menu_order":6,"comment_status":"closed","ping_status":"closed","template":"","meta":{"footnotes":""},"class_list":["post-2579","page","type-page","status-publish","has-post-thumbnail","hentry"],"_links":{"self":[{"href":"https:\/\/webaid.it\/index.php?rest_route=\/wp\/v2\/pages\/2579","targetHints":{"allow":["GET"]}}],"collection":[{"href":"https:\/\/webaid.it\/index.php?rest_route=\/wp\/v2\/pages"}],"about":[{"href":"https:\/\/webaid.it\/index.php?rest_route=\/wp\/v2\/types\/page"}],"author":[{"embeddable":true,"href":"https:\/\/webaid.it\/index.php?rest_route=\/wp\/v2\/users\/1"}],"replies":[{"embeddable":true,"href":"https:\/\/webaid.it\/index.php?rest_route=%2Fwp%2Fv2%2Fcomments&post=2579"}],"version-history":[{"count":10,"href":"https:\/\/webaid.it\/index.php?rest_route=\/wp\/v2\/pages\/2579\/revisions"}],"predecessor-version":[{"id":4458,"href":"https:\/\/webaid.it\/index.php?rest_route=\/wp\/v2\/pages\/2579\/revisions\/4458"}],"up":[{"embeddable":true,"href":"https:\/\/webaid.it\/index.php?rest_route=\/wp\/v2\/pages\/2563"}],"wp:featuredmedia":[{"embeddable":true,"href":"https:\/\/webaid.it\/index.php?rest_route=\/wp\/v2\/media\/2635"}],"wp:attachment":[{"href":"https:\/\/webaid.it\/index.php?rest_route=%2Fwp%2Fv2%2Fmedia&parent=2579"}],"curies":[{"name":"wp","href":"https:\/\/api.w.org\/{rel}","templated":true}]}}