{"id":2623,"date":"2024-03-05T16:28:27","date_gmt":"2024-03-05T16:28:27","guid":{"rendered":"https:\/\/peterpodehl.com\/?page_id=2623"},"modified":"2026-02-19T11:26:21","modified_gmt":"2026-02-19T11:26:21","slug":"spencerenkel-sven","status":"publish","type":"page","link":"https:\/\/webaid.it\/?page_id=2623","title":{"rendered":"SpencerEnkel Sven"},"content":{"rendered":"\n<p class=\"has-text-align-right\"><\/p>\n\n\n\n<div class=\"wp-block-group is-content-justification-center is-nowrap is-layout-flex wp-container-core-group-is-layout-23441af8 wp-block-group-is-layout-flex\">\n<div class=\"wp-block-columns is-layout-flex wp-container-core-columns-is-layout-28f84493 wp-block-columns-is-layout-flex\">\n<div class=\"wp-block-column is-layout-flow wp-block-column-is-layout-flow\">\n<figure class=\"wp-block-image aligncenter size-full is-resized\"><img loading=\"lazy\" decoding=\"async\" width=\"768\" height=\"576\" src=\"https:\/\/webaid.it\/wp-content\/uploads\/2025\/01\/087KasiBrauchtHilfe01-1.jpeg\" alt=\"\" class=\"wp-image-3474\" style=\"width:300px\" srcset=\"https:\/\/webaid.it\/wp-content\/uploads\/2025\/01\/087KasiBrauchtHilfe01-1.jpeg 768w, https:\/\/webaid.it\/wp-content\/uploads\/2025\/01\/087KasiBrauchtHilfe01-1-300x225.jpeg 300w\" sizes=\"auto, (max-width: 768px) 100vw, 768px\" \/><figcaption class=\"wp-element-caption\"><a href=\"https:\/\/webaid.it\/?page_id=3441\">Folge 87<\/a><br><a href=\"https:\/\/webaid.it\/?page_id=3441\">Die Geheimnisvolle, <\/a><br><a href=\"https:\/\/webaid.it\/?page_id=3441\">Unbekannte, <\/a><br><a href=\"https:\/\/webaid.it\/?page_id=3441\">Verlorene<\/a><\/figcaption><\/figure>\n<\/div>\n<\/div>\n<\/div>\n\n\n\n<p><\/p>\n\n\n\n<p class=\"has-text-align-center\">***<br><em><strong>Sven<\/strong> <\/em><br><em>w\u00e4re eigentlich ein ganz echter SpencerFan der ersten Stunde, aber als <\/em><br><em>&#8220;gro\u00dfer Bruder&#8221;  <\/em><br><em>passt er bestens hier rein. <\/em><\/p>\n\n\n\n<p class=\"has-text-align-center\">***<\/p>\n\n\n\n<p>Sven Lutzka (46)<\/p>\n\n\n\n<p><em>Hallo Spencer <\/em>war als Kind meine Lieblingsserie. Jeden Freitag um Punkt 18:30 Uhr l\u00e4uteten das sich durch Tapeten und W\u00e4nde k\u00e4mpfende orange und blaue Knetm\u00e4nnchen zum Klang der jazzig angehauchten Titelmusik das Wochenende ein. Und jedes Mal zogen mich die h\u00e4ufig vorlauten und wortgewandten, aber immer liebensw\u00fcrdigen Dorfbewohner durch ihr chaotisch-heiteres Treiben in ihren Bann und wurden schnell zu DEN Helden meiner Kindheit!<\/p>\n\n\n\n<p>Die Grundidee der Klappmaulpuppenserie war seiner Zeit weit voraus und vermochte auch deswegen seine kleinen Zuschauer zu verzaubern: Spencer als Moderator der Serie ist mit dem Runddorf durch einen Fingerschnipp und durch sein Visiophon organisch verbunden. In der Spencer-Show wird nicht \u00fcber eine Welt weit au\u00dferhalb berichtet, vielmehr ist das idyllische Runddorf eine Fernsehsendung, in der Spencer nicht nur Moderator, sondern zugleich auch Regisseur ist. Erst viel sp\u00e4ter ist mir klar geworden, dass die Sendung wie ein orwellscher \u00dcberwachungsstaat funktioniert, in dem allerdings die dystopische Zukunftsgesellschaft durch eine kindliche Utopie in Form einer friedlichen Dorfgemeinschaft ersetzt ist\u2026<\/p>\n\n\n\n<p>Mehr noch als die bunten Figuren und die zauberhaften Kulissen (welches Kind h\u00e4tte nicht alles daf\u00fcr getan, um einmal in Nepomuks Schloss, in Kasis Baumhaus oder im Traumexpress zu \u00fcbernachten?) waren es die faszinierenden Geschichten der Dorfbewohner, die hin und wieder nur durch andromedanische Unterst\u00fctzung in einem <em>happy ending<\/em> aufgel\u00f6st werden konnten. In einer Zeit, als der Videorekorder sich in den bundesdeutschen Haushalten erst langsam breit machte, war in vielen Kinderzimmern \u2013 so auch in meinem \u2013 das Kinderh\u00f6rpsiel auf Musikcassette zentrales Medium f\u00fcr das allabendliche Eintauchen in andere Welten. Als 1981 die ersten Fernsehepisoden von <em>Hallo Spencer<\/em> bei Europa als MC erschienen, war es nun auch m\u00f6glich, auch an allen anderen Wochentagen zumindest akustisch in das Spencer-Universum ein- und abzutauchen. Die 13 Folgen habe ich alle gesammelt und immer wieder rauf und runter geh\u00f6rt. Wenn ich mit meinen Eltern in den Urlaub fuhr, durfte <em>Hallo Spencer<\/em> nicht fehlen, denn die Serie funktionierte ganz ohne Erz\u00e4hler auch als H\u00f6rspiel. Bis heute kann ich viele Dialoge der Spencer-Serie auswendig mitsprechen. Gute Geschichten in H\u00f6rspielform dringen eben tief in Kinderseelen ein. W\u00e4hrend Erwachsene nebenbei h\u00f6ren, h\u00e4ngen Kinder den Geschichten tagelang nach\u2026<\/p>\n\n\n\n<p>Meine Lieblingsfolge als Kind war \u201eWo ist Kasi?\u201c, die 1982 erstmals ausgestrahlt wurde und Kasimir zum ersten Mal zur zentralen Figur der Handlung machte: Kasi wird vermisst, da er von den anderen Dorfbewohnern unbemerkt im Fahrstuhl seines Baumhauses inmitten der Vorbereitungen zum ger\u00f6steten Kastanienfest stecken geblieben ist. Elvis avanciert zum Kommissar und verd\u00e4chtigt Poldi, Kasimir gefressen zu haben und gr\u00fcndet deshalb einen Krisenstab. Ein spannendes Krimiabenteuer <em>en miniature<\/em> und nat\u00fcrlich mit gutem Ausgang entfesselte sich\u2026 Nach dieser Folge wurde der kleine hilfebereite Kasi zu meiner Lieblingsfigur. Von dem viel zu fr\u00fchen Tod seines Sprechers und Spielers Herbert Langemann, habe ich 1987 als Neunj\u00e4hriger durch einen Zeitungsartikel erfahren. Diese Nachricht hat mich tief bewegt\u2026<\/p>\n\n\n\n<p>\u00dcber 30 Jahre nach Langemanns Tod bin ich \u2013 mittlerweile nach einem Studium der Anglistik, Germanistik, Geschichts- und Erziehungswissenschaften \u2013 2020 auf die Suche nach Lebensspuren des Puppenspielers gegangen, da ich auf einschl\u00e4gigen Internetseiten nur recht allgemeine Lebensdaten und -stationen zu Herbert Langemann finden konnte. Diese nichtssagenden Informationen weckten die Neugier des Berufshistorikers und haben mich in den zur\u00fcckliegenden Jahren in zahlreiche Archive gef\u00fchrt und waren Anlass f\u00fcr Interviews mit Freunden und Weggef\u00e4hrten Langemanns. Durch die Rekonstruktion zentraler Lebensstationen wurde deutlich, dass sich hinter der Figur des liebensw\u00fcrdigen und hilfsbereiten Kasimir eine K\u00fcnstlerbiographie verbirgt, die im Spannungsfeld mehrerer gesellschaftspolitischer Diskurse verlaufen ist und entscheidend durch sie gepr\u00e4gt wurde: der Ost-West-Konflikt, Selbstsuche und queere Identit\u00e4tsfindung in den 70er Jahren in der DDR, Selbstverwirklichung als Puppenspieler nach der Ausreise in den Westen und schlie\u00dflich die Aids-Pandemie der 1980er Jahre\u2026 Das urspr\u00fcnglich durch die Kinderfensehserie <em>Hallo Spencer<\/em> ausgel\u00f6ste Interesse an der Person Herbert Langemann ist viele Jahre nach meiner Erstbegegnung in fr\u00fchen Kindheitstagen nun zu einem historischen Projekt geworden, das in der Publikation einer Biographie m\u00fcnden soll.<\/p>\n\n\n\n<figure class=\"wp-block-image aligncenter size-full is-resized\"><img loading=\"lazy\" decoding=\"async\" width=\"265\" height=\"257\" src=\"https:\/\/webaid.it\/wp-content\/uploads\/2024\/03\/PastedGraphic-1.jpg\" alt=\"\" class=\"wp-image-2631\" style=\"width:228px;height:auto\"\/><\/figure>\n\n\n\n<p class=\"has-text-align-center\">Herbert Langemann (ca. 1972)<\/p>\n\n\n\n<p class=\"has-text-align-center\">*******<\/p>\n\n\n\n<p><a href=\"https:\/\/webaid.it\/?page_id=2396\">Spencers Enkelgeschichten<\/a><\/p>\n\n\n\n<p><a href=\"https:\/\/webaid.it\/?page_id=2419\">Peter Podehl, der Spencer-Geschichtenerz\u00e4hler<\/a><\/p>\n\n\n\n<p><a href=\"https:\/\/webaid.it\/?page_id=2811\">Peter Podehls Drehb\u00fccher<\/a><br>und seine Aufzeichnungen hierzu<\/p>\n\n\n\n<p><a href=\"https:\/\/webaid.it\/?page_id=2694\">Die Drehb\u00fccher eines Komikers<\/a><br>Grundsatzanweisungen an die Puppenspieler \u2013 zu den Folgen \u201cViele W\u00fcnsche\u201d, \u201cGummib\u00e4rchen-Transporte\u201d, \u201cGro\u00dfes Aufr\u00e4umen\u201d und \u201cEinsamkeit\u201d und alle anderen Folgen<br>September 1980<\/p>\n\n\n\n<p><a href=\"https:\/\/webaid.it\/?page_id=2799\" data-type=\"page\" data-id=\"2799\">Zu den Drehb\u00fcchern eines Komikers<\/a><br>von SpencerEnkel Jannik Graf &#8211; der wei\u00df viel<\/p>\n\n\n\n<p><a href=\"https:\/\/webaid.it\/?page_id=2804\">Mut zur Arbeit<\/a><br>erste Aufzeichnungen zu den Folgen \u201cGesundheit\u201d und \u201cGaly und die Katastrophe\u201d<br>Januar 1981<\/p>\n\n\n\n<p><a href=\"https:\/\/webaid.it\/?page_id=2871\">SpencerEnkel Maxens Gedanken zu Podehls Gedanken<\/a><br>von SpencerEnkel Max zu Podehls ersten Aufzeichnungen zu den Folgen \u201cGesundheit\u201d und \u201cGaly und die Katastrophe\u201d<\/p>\n\n\n\n<p><a href=\"https:\/\/webaid.it\/?page_id=614\">Der Sprachaufpasser f\u00fcrs Deutsche und Puppenpoesie<\/a><br>Peter Podehls Pr\u00e4sentation<br>an der Dolmetscher- und \u00dcbersetzer-Universit\u00e4t S.Pio V in Rom<br>von 2006<br>Da gibt\u2019s viel Wortspielereien und auch einen Bericht dar\u00fcber, mit wem er die Folgen absprach, bevor er sie schrieb.<\/p>\n\n\n\n<p>Wie alles anfing:<br><a href=\"https:\/\/webaid.it\/?page_id=2408\">Lorenz Claussen berichtet vom TamS-Theater-Quatsch<\/a><\/p>\n\n\n\n<p><a href=\"https:\/\/webaid.it\/?page_id=2722\">Die Puppenspieler berichten<\/a><\/p>\n\n\n\n<p><a href=\"https:\/\/webaid.it\/?page_id=2416\">Klaus Naeve berichtet, wie Spencer von Charlotte gestreichelt wurde<\/a><\/p>\n\n\n\n<p>Armin Maiwald erz\u00e4hlt die&nbsp;<br><a href=\"https:\/\/webaid.it\/?page_id=2456\">Sache mit dem Du und \u201cMacht doch, was ihr wollt\u201d<\/a><\/p>\n\n\n\n<p><a href=\"https:\/\/webaid.it\/?page_id=2563\">Die SpencerEnkel stellen sich vor<\/a>:<\/p>\n\n\n\n<p><a href=\"https:\/\/webaid.it\/?page_id=2557\">SpencerEnkel Maxi<\/a>&nbsp;mit&nbsp;<a href=\"https:\/\/www.youtube.com\/@KnutFingerhut\">Knut Fingerhut<\/a><\/p>\n\n\n\n<p><a href=\"https:\/\/webaid.it\/?page_id=2579\">Der SpencerEnkel Janni<\/a><\/p>\n\n\n\n<p><\/p>\n","protected":false},"excerpt":{"rendered":"<p>***Sven w\u00e4re eigentlich ein ganz echter SpencerFan der ersten Stunde, aber als &#8220;gro\u00dfer Bruder&#8221; passt er bestens hier rein. *** Sven Lutzka (46) Hallo Spencer war als Kind meine Lieblingsserie. Jeden Freitag um Punkt 18:30 Uhr l\u00e4uteten das sich durch Tapeten und W\u00e4nde k\u00e4mpfende orange und blaue Knetm\u00e4nnchen zum Klang der jazzig angehauchten Titelmusik das [&hellip;]<\/p>\n","protected":false},"author":1,"featured_media":0,"parent":2563,"menu_order":9,"comment_status":"closed","ping_status":"closed","template":"","meta":{"footnotes":""},"class_list":["post-2623","page","type-page","status-publish","hentry"],"_links":{"self":[{"href":"https:\/\/webaid.it\/index.php?rest_route=\/wp\/v2\/pages\/2623","targetHints":{"allow":["GET"]}}],"collection":[{"href":"https:\/\/webaid.it\/index.php?rest_route=\/wp\/v2\/pages"}],"about":[{"href":"https:\/\/webaid.it\/index.php?rest_route=\/wp\/v2\/types\/page"}],"author":[{"embeddable":true,"href":"https:\/\/webaid.it\/index.php?rest_route=\/wp\/v2\/users\/1"}],"replies":[{"embeddable":true,"href":"https:\/\/webaid.it\/index.php?rest_route=%2Fwp%2Fv2%2Fcomments&post=2623"}],"version-history":[{"count":18,"href":"https:\/\/webaid.it\/index.php?rest_route=\/wp\/v2\/pages\/2623\/revisions"}],"predecessor-version":[{"id":4460,"href":"https:\/\/webaid.it\/index.php?rest_route=\/wp\/v2\/pages\/2623\/revisions\/4460"}],"up":[{"embeddable":true,"href":"https:\/\/webaid.it\/index.php?rest_route=\/wp\/v2\/pages\/2563"}],"wp:attachment":[{"href":"https:\/\/webaid.it\/index.php?rest_route=%2Fwp%2Fv2%2Fmedia&parent=2623"}],"curies":[{"name":"wp","href":"https:\/\/api.w.org\/{rel}","templated":true}]}}