{"id":2725,"date":"2024-05-04T15:18:21","date_gmt":"2024-05-04T15:18:21","guid":{"rendered":"https:\/\/peterpodehl.com\/?page_id=2725"},"modified":"2026-02-19T11:49:43","modified_gmt":"2026-02-19T11:49:43","slug":"freud-und-leid-und-zwei-letzte-geschichten","status":"publish","type":"page","link":"https:\/\/webaid.it\/?page_id=2725","title":{"rendered":"Freud und Leid \u2013 und zwei letzte Geschichten"},"content":{"rendered":"\n<p class=\"has-text-align-center\">***<\/p>\n\n\n\n<p>Unsere Todesanzeige vom 11. Oktober 2010, per Email versandt<\/p>\n\n\n\n<h2 class=\"wp-block-heading\">Freud und Leid \u2013 und zwei letzte Geschichten<\/h2>\n\n\n\n<p>\u201eEine Frau, die ein Kind w\u00fcnscht, ist OK. Eine Frau, die danach dann noch mehr Kinder haben m\u00f6chte, ist &nbsp;wunderbar!\u201c Das war Peters Kommentar zu Lavinias zweiter Schwangerschaft, unserem dritten Enkelchen im Anmarsch.<\/p>\n\n\n\n<p>Am Donnerstag fr\u00fch hat sein Herz aufgeh\u00f6rt zu schlagen. Ich war bei ihm, aber er war schon weit weg.<\/p>\n\n\n\n<p>Die Bestattung fand, wie das hier in Italien \u00fcblich ist, gleich am Freitag im allerengsten Familienkreis statt. Er wird einge\u00e4schert. Das war sein Wunsch. Auch Charlottes Grab in M\u00fcnchen ist bereits aufgel\u00f6st. \u201eDas ist nur Asche f\u00fcr mich\u201c, sagte Peter.<\/p>\n\n\n\n<p>Unser Dank gilt Simonetta, Bruno und ihrem Sohn Daniel, die Peter professionell und in wunderbarer Freundschaft in den Jahren hier in Mandela immer wieder auf die Beine gebracht und in diesen letzten Tagen gehegt und gepflegt haben.<\/p>\n\n\n\n<p>Unser Dank gilt ebenso Francesca, die jenseits der &nbsp;Sauberkeit, f\u00fcr die sie im Hause sorgt, ein wahrhaft gro\u00dfes Herz besitzt.<\/p>\n\n\n\n<p>Unser Dank gilt unserer ganzen gro\u00dfen liebevollen&nbsp; italienischen Familie, die stets und ohne Pathos pr\u00e4sent war und ist.<\/p>\n\n\n\n<p>Und mein ganz besonderer Dank gilt Gianni, seinem st\u00e4ndigen unerm\u00fcdlichen Einsatz f\u00fcr mich und Peter. Mit seinen H\u00e4nden konnte er Peters Hustenanf\u00e4lle beruhigen und hat die ganze letzte Nacht an seinem Bett gewacht.<\/p>\n\n\n\n<p>Bitte schickt uns m\u00f6glichst wenig Beileidsbekundungen und m\u00f6glichst viele sch\u00f6ne und fr\u00f6hliche Geschichten mit Peter, wom\u00f6glich auch Charlotte und der Aretinstra\u00dfe. Wir werden nun den stadtroman.de wieder aufm\u00f6beln und eure Geschichten sollen da reinkommen.<\/p>\n\n\n\n<p>Am 10. November werden wir erfahren, ob unser &nbsp;3. Enkelchen nun ein Junge oder ein M\u00e4dchen ist. Es soll am 20. Mai kommen<br>Anbei Peters letzte 2 Geschichten.<\/p>\n\n\n\n<p>Baci e abbracci<\/p>\n\n\n\n<p>Claudia mit Gianni<br>Lavinia mit Pietro (zur Zeit \u201ePepo\u201c genannt) &nbsp;und Giorgio<br>Irina mit Adriano (der ihn \u201cNonno Pepa\u201d nennt und nun auf den Fotos nach ihm sucht) und Giordano<br>P.S.<br>Wir habens mittlerweile erfahren: Das Enkelchen, das in Lavinias Bauch rumort und Mitte Mai zur Welt kommen soll, ist ein M\u00e4dchen. Hurra!!! Bianca soll sie hei\u00dfen, oder Agnese.<\/p>\n\n\n\n<p class=\"has-text-align-center\">***<\/p>\n\n\n\n<figure class=\"wp-block-image aligncenter size-full\"><img loading=\"lazy\" decoding=\"async\" width=\"1000\" height=\"750\" src=\"https:\/\/webaid.it\/wp-content\/uploads\/2024\/05\/Peter_Ospedale-1.jpg\" alt=\"\" class=\"wp-image-2737\" srcset=\"https:\/\/webaid.it\/wp-content\/uploads\/2024\/05\/Peter_Ospedale-1.jpg 1000w, https:\/\/webaid.it\/wp-content\/uploads\/2024\/05\/Peter_Ospedale-1-300x225.jpg 300w, https:\/\/webaid.it\/wp-content\/uploads\/2024\/05\/Peter_Ospedale-1-768x576.jpg 768w\" sizes=\"auto, (max-width: 1000px) 100vw, 1000px\" \/><\/figure>\n\n\n\n<p class=\"has-text-align-center\">Er wollte einen neuen Schreibtischsessel<\/p>\n\n\n\n<p class=\"has-text-align-center\">***<\/p>\n\n\n\n<p class=\"has-text-align-left\"><strong>Geschichte 1 <\/strong><\/p>\n\n\n\n<p class=\"has-text-align-center\">Land der Liebe<br>Roman<\/p>\n\n\n\n<p>Liebling, was wird aus uns Beede?<br>Werd ich traurig oder gl\u00fccklich sein?<br>Werden sich unsere Wege scheiden<br>Oder gehen wir ins Land der Liebe ein?<br>(Deutscher Schlager, fragmentarisch, um 1935)<\/p>\n\n\n\n<p>Ja, gut, gehen wir bedachtsam an:<br>\u00dcber&nbsp; die&nbsp; Piazza San Marco in Venedig geht nach eingebrochener Dunkelheit der Knickerfinder. Hier bedarf es zu n\u00e4herem Verst\u00e4ndnis eines Bindestriches:<br>Knick-Erfinder. \u00c4u\u00dferst erfolgreich, seitdem der Strohhalm nicht mehr aus Stroh ist.<br>So hat er unz\u00e4hligen Bettl\u00e4grigen in aller Welt zu leichterem Trinken verholfen, indem er dem Halm einen Knick verpasste. Nun k\u00f6nnen sie um die Ecke trinken (w\u00e4hrend wir immer noch nicht um de Ecke blicken, oder gar schie\u00dfen k\u00f6nnen) (es sei denn, wir nehmen eine komplizierte platzfressende Spiegelkonstruktion zu Hilfe).<br>Da liegen wir also und trinken also. In der Anfangsphase gab es noch gelegentlich kleine \u00dcberschwemmungen. Das trinken durch Lufteinziehen soll gelernt sein, ist es aber schnell.<br>Die Konstruktion des Halms als solchem ist so einfach, dass es nur in der Anfangszeit seiner Existenz ein wenig Nachholbedarf bei Verbesserungen der Konstruktion gab. Heute funktioniert er einwandfrei. Die Tantiemen flie\u00dfen&nbsp;sp\u00e4rlich aber gen\u00fcgend. Niemand wei\u00df mehr.<br>Der Knick-Erfinder hat die Piazza San Marco in Venedig \u00fcberquert und verschwindet auf seinem Nachhauseweg in einer der dunklen Gassen am n\u00f6rdlichen Ende der Piazza.<\/p>\n\n\n\n<p class=\"has-text-align-center\">***<\/p>\n\n\n\n<p><strong>Geschichte 2<\/strong><br>In der sehr engen und sehr langgezogenen Halle des Clubs der Literaten in der Z\u00fcricher Altstadt sitzt seit jeher der \u201eIch-bin-nicht-Stiller\u201c-Schreiber. Nicht weit weg sitzt einer und schreibt \u201eIch bin nicht Podehl\u201c, x-t aber das \u201anicht\u2018 radikal aus; er ist Podehl. Vier Tische weiter sitzt Max Frisch und wei\u00df nicht, was er schreiben soll oder will oder m\u00f6chte oder darf\u2026<br>Nur mit einem Blick durch den Feldstecher erkennt man am Ende des langgezogenen Raumes einen \u00e4ltlichen Mann im blauen Frack. Was hat er geschrieben?: \u201eTo whom it may concern: Ich bin Goethe&nbsp;!\u201c<\/p>\n\n\n\n<p class=\"has-text-align-center\">***<\/p>\n\n\n\n<p>Hierauf bekamen wir viele Erinnerungen:<\/p>\n\n\n\n<p><a href=\"https:\/\/webaid.it\/?page_id=2722\">Die Puppenspieler berichten<\/a><\/p>\n\n\n\n<p><a href=\"https:\/\/webaid.it\/?page_id=1729\">Sagten die anderen \u00fcber ihn <\/a><\/p>\n\n\n\n<p class=\"has-text-align-center\">***<\/p>\n\n\n\n<p><\/p>\n\n\n\n<p><a href=\"https:\/\/webaid.it\/?page_id=968\">Peter und der Tod<\/a><\/p>\n\n\n\n<p><\/p>\n\n\n\n<p><a href=\"https:\/\/webaid.it\/?page_id=2685\">Peter an Charlotte<\/a><\/p>\n","protected":false},"excerpt":{"rendered":"<p>*** Unsere Todesanzeige vom 11. Oktober 2010, per Email versandt Freud und Leid \u2013 und zwei letzte Geschichten \u201eEine Frau, die ein Kind w\u00fcnscht, ist OK. Eine Frau, die danach dann noch mehr Kinder haben m\u00f6chte, ist &nbsp;wunderbar!\u201c Das war Peters Kommentar zu Lavinias zweiter Schwangerschaft, unserem dritten Enkelchen im Anmarsch. Am Donnerstag fr\u00fch hat [&hellip;]<\/p>\n","protected":false},"author":1,"featured_media":0,"parent":2741,"menu_order":6,"comment_status":"closed","ping_status":"closed","template":"","meta":{"footnotes":""},"class_list":["post-2725","page","type-page","status-publish","hentry"],"_links":{"self":[{"href":"https:\/\/webaid.it\/index.php?rest_route=\/wp\/v2\/pages\/2725","targetHints":{"allow":["GET"]}}],"collection":[{"href":"https:\/\/webaid.it\/index.php?rest_route=\/wp\/v2\/pages"}],"about":[{"href":"https:\/\/webaid.it\/index.php?rest_route=\/wp\/v2\/types\/page"}],"author":[{"embeddable":true,"href":"https:\/\/webaid.it\/index.php?rest_route=\/wp\/v2\/users\/1"}],"replies":[{"embeddable":true,"href":"https:\/\/webaid.it\/index.php?rest_route=%2Fwp%2Fv2%2Fcomments&post=2725"}],"version-history":[{"count":11,"href":"https:\/\/webaid.it\/index.php?rest_route=\/wp\/v2\/pages\/2725\/revisions"}],"predecessor-version":[{"id":4480,"href":"https:\/\/webaid.it\/index.php?rest_route=\/wp\/v2\/pages\/2725\/revisions\/4480"}],"up":[{"embeddable":true,"href":"https:\/\/webaid.it\/index.php?rest_route=\/wp\/v2\/pages\/2741"}],"wp:attachment":[{"href":"https:\/\/webaid.it\/index.php?rest_route=%2Fwp%2Fv2%2Fmedia&parent=2725"}],"curies":[{"name":"wp","href":"https:\/\/api.w.org\/{rel}","templated":true}]}}