{"id":2799,"date":"2024-05-15T13:05:56","date_gmt":"2024-05-15T13:05:56","guid":{"rendered":"https:\/\/peterpodehl.com\/?page_id=2799"},"modified":"2024-12-13T06:19:14","modified_gmt":"2024-12-13T06:19:14","slug":"zu-den-drehbuchern-eines-komikers","status":"publish","type":"page","link":"https:\/\/webaid.it\/?page_id=2799","title":{"rendered":"Zu den Drehb\u00fcchern eines Komikers"},"content":{"rendered":"\n<p class=\"has-text-align-right\"><a href=\"https:\/\/www.youtube.com\/watch?v=m8kmZ7acrnM\">Alle Podehlschen Hallo-Spencer-Folgen<\/a><\/p>\n\n\n\n<p class=\"has-text-align-center\">***<\/p>\n\n\n\n<h2 class=\"wp-block-heading has-text-align-center\">Zu den Drehb\u00fcchern eines Komikers<\/h2>\n\n\n\n<p class=\"has-text-align-center\">von <\/p>\n\n\n\n<p class=\"has-text-align-center\"><a href=\"https:\/\/webaid.it\/?page_id=2579\">SpencerEnkel Jannik<\/a><\/p>\n\n\n\n<p class=\"has-text-align-center\">***<\/p>\n\n\n\n<p>Jannik Graf: <\/p>\n\n\n\n<p>Hier nun endlich mein Kommentar und meine Gedanken, erstmal zu: <a href=\"https:\/\/webaid.it\/?page_id=2694\" data-type=\"page\" data-id=\"2694\">Die Drehb\u00fccher eines Komikers<\/a><\/p>\n\n\n\n<p>PP bezieht sich auf seine Drehb\u00fccher &#8220;Viele W\u00fcnsche&#8221; (006), &#8220;Gummib\u00e4rchen-Transporte&#8221; (007), &#8220;Gro\u00dfes Aufr\u00e4umen&#8221; (010) und &#8220;Einsamkeit&#8221; (014). Die absoluten Klassiker des fr\u00fchen Runddorfs, das damals noch gar kein eigentliches Runddorf war, sozusagen die Podehlschen Ur-Spencer-Drehb\u00fccher schlechthin! Seine Ansprache an die Puppenspieler ist also einige Zeit nach den &#8220;<a href=\"https:\/\/webaid.it\/?page_id=2411\" data-type=\"page\" data-id=\"2411\">Unfrisierten Gedanken<\/a>&#8221; vom April 1980 entstanden, sp\u00e4testens kurz vor dem 1. September &#8211; dem Drehbeginn der Studio Hamburg Staffel (bzw. von Folge 6). Dazu ein Gedanke: war das wohl wirklich eine Ansprache im w\u00f6rtlichen Sinne, \u00e4hnlich wie die legend\u00e4re Ansage von Maiwald zu Beginn der Produktion der 1979er Staffel nach der unterk\u00fchlten ersten Begegnung mit dem Puppenspieler-Ensemble ein Jahr zuvor in Hannover? Oder als schriftliches &#8220;Handout&#8221; f\u00fcr alle Spieler? Seine Instruktionen und Bemerkungen zu Arbeitsweise, technische und k\u00fcnstlerische Aspekte sind mal wieder so inspirierend geschrieben, dass ich (wenn ich einer der Puppenspieler gewesen w\u00e4re) den einen oder anderen Satz gerne mehrmals gelesen h\u00e4tte und auch mal l\u00e4nger dr\u00fcber nachgedacht..<\/p>\n\n\n\n<p>&#8220;Spencer will eine Supershow aufmachen und scheitert an den von ihm selbst nicht gen\u00fcgend bedachten Konditionen.&#8221; &#8211; Das ist wirklich das Grundmuster und Konzept der 1980er Staffel auf den Punkt gebracht. Das vereint Podehls Drehb\u00fccher auch mit den vier Maiwald-B\u00fcchern und den beiden Albers-B\u00fcchern; auch wenn sich diese drei Gruppen stilistisch dann doch wiederum stark voneinander unterscheiden. Das gleiche Prinzip behielt man im Folgejahr. Erst 1982 wird man neue Wege gehen und versucht erstmals die Geschichten aus dem Runddorf anders zu erz\u00e4hlen: Die Figuren, ihre Konstellationen und Handlungsorte haben sich etabliert, und es wird interessanter, verspielter, das mehr oder weniger Grundmuster wird verlassen und es kann alles passieren im Dorf: kleine Spielfilme wie etwa die Krimigeschichte &#8220;Wo ist Kasi?&#8221;, oder etwa ein Genre-Ausflug Richtung Science-Fiction \u00e0 la &#8220;Galys Stein&#8221;.<\/p>\n\n\n\n<p>Beim Lesen von Podehls Anweisungen, Hinweisen und Bitten an die Puppenspielergemeinde denke ich an Achims Erinnerung daran, dass der Podehl sehr viel Wert auf das Auswendiglernen der Texte gelegt hat (was manche mehr, manche weniger beherzigt haben), und trotzdem offen f\u00fcr die Improvisationsfreude seitens der Spieler im Rahmen ihrer Charaktere war, und dabei aber immer seine Dramaturgie durchsetzen konnte. Die Kreativen, die hier zusammen gefunden haben, haben sich im besten Sinne gegenseitig befruchtet, auch in den Reibungen, die es immer wieder gab.<\/p>\n\n\n\n<p>Es werden hier die Weichen gestellt, f\u00fcr alles was &#8220;Hallo Spencer&#8221; in den n\u00e4chsten 13 Produktionsjahren ausgemacht hat. Es ist der eigentliche Anfang; das grundlegende &#8220;Ger\u00fcst&#8221;, von dem er spricht, wird hiermit errichtet. Ebenso mit dem Puppenspieltraining durch Friedrich Arndt, was ja kurz davor stattgefunden haben muss. Mit der Anwendung von Stanislawskis Schauspiellehre auf die konkrete Situation &#8216;Spencer geht auf Poldis Geburtstagsfeier, aber hat Angst gefressen zu werden&#8217;, schlie\u00dft Podehl gleich den Bogen zu der Folge, die nun als allererste im Studio Hamburg gedreht werden soll: &#8220;Viele W\u00fcnsche&#8221;.<\/p>\n\n\n\n<p>Ab jetzt wird im Add-On-Verfahren, sozusagen &#8220;Live on Tape&#8221;, sendefertig aufgezeichnet. Dass das in Hannover nicht so lief, lag daran, dass das Atelier des Landesfunkhauses viel kleiner als die Studios in Hamburg sind, und dort nur maximal zwei Kulissen gleichzeitig aufgebaut werden konnten. Wir haben nun schriftlich zum Beispiel einen Beleg daf\u00fcr, dass Achim Hall und Benni Meuter tats\u00e4chlich alle Moderationen der 1979er Folgen am St\u00fcck hintereinander weg produzieren mussten. Ob dieser Raum zum Proben und Vorsprechen der Texte wohl wirklich zu besagtem &#8220;Konversations-, Rauch- und Ess- und Trinkzimmer&#8221; verkommen ist?<\/p>\n\n\n\n<p>&#8220;Wenn Benni in einer Szene Spencers H\u00e4nde macht, und in der n\u00e4chsten selber drankommt, kann er sich nicht zweiteilen.&#8221; &#8211; Das, was PP hier bereits vorhersieht, wurde tats\u00e4chlich in den n\u00e4chsten 20 Folgen ein immer wieder herausforderndes Problem. Welches schlie\u00dflich zu Matthias Hirth als ersten wichtigen Spieler-Neuzugang f\u00fchrte.<\/p>\n\n\n\n<p>Wow, ein ganz wichtiger Grundstein f\u00fcr alles, was die Serie ausmacht! Es hat diese faszinierende Aufbruchstimmung in sich, die Magie des Anfangs.<\/p>\n\n\n\n<p class=\"has-text-align-right\">\u00a9 Jannik Graf<\/p>\n\n\n\n<p><a href=\"https:\/\/webaid.it\/?page_id=2396\">Spencers Enkelgeschichten<\/a><\/p>\n\n\n\n<p><a href=\"https:\/\/webaid.it\/?page_id=2419\">Peter Podehl, der Spencer-Geschichtenerz\u00e4hler<\/a><\/p>\n\n\n\n<p><a href=\"https:\/\/webaid.it\/?page_id=2811\">Peter Podehls Drehb\u00fccher<\/a><br>und seine Aufzeichnungen hierzu<\/p>\n\n\n\n<p><a href=\"https:\/\/webaid.it\/?page_id=2411\">Unfrisierte Gedanken<\/a><br>zur Folge \u201cAufr\u00e4umen\u201d<br>April 1980<\/p>\n\n\n\n<p><a href=\"https:\/\/webaid.it\/?page_id=2694\">Die Drehb\u00fccher eines Komikers<\/a><br>Grundsatzanweisungen an die Puppenspieler \u2013 zu den Folgen \u201cViele W\u00fcnsche\u201d, \u201cGummib\u00e4rchen-Transporte\u201d, \u201cGro\u00dfes Aufr\u00e4umen\u201d und \u201cEinsamkeit\u201d und alle anderen Folgen<br>September 1980<\/p>\n\n\n\n<p><a href=\"https:\/\/webaid.it\/?page_id=2804\">Mut zur Arbeit<\/a><br>erste Aufzeichnungen zu den Folgen \u201cGesundheit\u201d und \u201cGaly und die Katastrophe\u201d<br>Januar 1981<\/p>\n\n\n\n<p><a href=\"https:\/\/webaid.it\/?page_id=2871\">SpencerEnkel Maxens Gedanken zu Podehls Gedanken<\/a><br>von SpencerEnkel Max zu Podehls ersten Aufzeichnungen zu den Folgen \u201cGesundheit\u201d und \u201cGaly und die Katastrophe\u201d<\/p>\n\n\n\n<p><a href=\"https:\/\/webaid.it\/?page_id=614\">Der Sprachaufpasser f\u00fcrs Deutsche und Puppenpoesie<\/a><br>Peter Podehls Pr\u00e4sentation<br>an der Dolmetscher- und \u00dcbersetzer-Universit\u00e4t S.Pio V in Rom<br>von 2006<br>Da gibt\u2019s viel Wortspielereien und auch einen Bericht dar\u00fcber, mit wem er die Folgen absprach, bevor er sie schrieb.<\/p>\n\n\n\n<p>Wie alles anfing:<br><a href=\"https:\/\/webaid.it\/?page_id=2408\">Lorenz Claussen berichtet vom TamS-Theater-Quatsch<\/a><\/p>\n\n\n\n<p><a href=\"https:\/\/webaid.it\/?page_id=2722\">Die Puppenspieler berichten<\/a><\/p>\n\n\n\n<p><a href=\"https:\/\/webaid.it\/?page_id=2416\">Klaus Naeve berichtet, wie Spencer von Charlotte gestreichelt wurde<\/a><\/p>\n\n\n\n<p>Armin Maiwald erz\u00e4hlt die&nbsp;<br><a href=\"https:\/\/webaid.it\/?page_id=2456\">Sache mit dem Du und \u201cMacht doch, was ihr wollt\u201d<\/a><\/p>\n\n\n\n<p><a href=\"https:\/\/webaid.it\/?page_id=2563\">Die SpencerEnkel stellen sich vor<\/a>:<\/p>\n\n\n\n<p><a href=\"https:\/\/webaid.it\/?page_id=2557\">SpencerEnkel Maxi<\/a>&nbsp;mit&nbsp;<a href=\"https:\/\/www.youtube.com\/@KnutFingerhut\">Knut Fingerhut<\/a><\/p>\n\n\n\n<p><a href=\"https:\/\/webaid.it\/?page_id=2579\">Der SpencerEnkel Janni<\/a><\/p>\n\n\n\n<p><a href=\"https:\/\/webaid.it\/?page_id=2623\">SpencerEnkel Sven<\/a><\/p>\n","protected":false},"excerpt":{"rendered":"<p>Alle Podehlschen Hallo-Spencer-Folgen *** Zu den Drehb\u00fcchern eines Komikers von SpencerEnkel Jannik *** Jannik Graf: Hier nun endlich mein Kommentar und meine Gedanken, erstmal zu: Die Drehb\u00fccher eines Komikers PP bezieht sich auf seine Drehb\u00fccher &#8220;Viele W\u00fcnsche&#8221; (006), &#8220;Gummib\u00e4rchen-Transporte&#8221; (007), &#8220;Gro\u00dfes Aufr\u00e4umen&#8221; (010) und &#8220;Einsamkeit&#8221; (014). Die absoluten Klassiker des fr\u00fchen Runddorfs, das damals noch [&hellip;]<\/p>\n","protected":false},"author":1,"featured_media":0,"parent":2694,"menu_order":4,"comment_status":"closed","ping_status":"closed","template":"","meta":{"footnotes":""},"class_list":["post-2799","page","type-page","status-publish","hentry"],"_links":{"self":[{"href":"https:\/\/webaid.it\/index.php?rest_route=\/wp\/v2\/pages\/2799","targetHints":{"allow":["GET"]}}],"collection":[{"href":"https:\/\/webaid.it\/index.php?rest_route=\/wp\/v2\/pages"}],"about":[{"href":"https:\/\/webaid.it\/index.php?rest_route=\/wp\/v2\/types\/page"}],"author":[{"embeddable":true,"href":"https:\/\/webaid.it\/index.php?rest_route=\/wp\/v2\/users\/1"}],"replies":[{"embeddable":true,"href":"https:\/\/webaid.it\/index.php?rest_route=%2Fwp%2Fv2%2Fcomments&post=2799"}],"version-history":[{"count":9,"href":"https:\/\/webaid.it\/index.php?rest_route=\/wp\/v2\/pages\/2799\/revisions"}],"predecessor-version":[{"id":3433,"href":"https:\/\/webaid.it\/index.php?rest_route=\/wp\/v2\/pages\/2799\/revisions\/3433"}],"up":[{"embeddable":true,"href":"https:\/\/webaid.it\/index.php?rest_route=\/wp\/v2\/pages\/2694"}],"wp:attachment":[{"href":"https:\/\/webaid.it\/index.php?rest_route=%2Fwp%2Fv2%2Fmedia&parent=2799"}],"curies":[{"name":"wp","href":"https:\/\/api.w.org\/{rel}","templated":true}]}}