{"id":2804,"date":"2024-05-10T15:50:47","date_gmt":"2024-05-10T15:50:47","guid":{"rendered":"https:\/\/peterpodehl.com\/?page_id=2804"},"modified":"2026-02-19T11:37:18","modified_gmt":"2026-02-19T11:37:18","slug":"mut-zur-arbeit","status":"publish","type":"page","link":"https:\/\/webaid.it\/?page_id=2804","title":{"rendered":"Mut zur Arbeit (Folgen 17 + 21)"},"content":{"rendered":"\n<p class=\"has-text-align-center\"><a href=\"https:\/\/www.youtube.com\/watch?v=m8kmZ7acrnM\">Alle Podehlschen Hallo-Spencer-Folgen<\/a><\/p>\n\n\n\n<p class=\"has-text-align-center\">***<\/p>\n\n\n\n<h2 class=\"wp-block-heading has-text-align-center\">Mut zur Arbeit<\/h2>\n\n\n\n<p class=\"has-text-align-center\">Allererste handschriftliche Aufzeichnungen zu den Folgen <\/p>\n\n\n\n<p class=\"has-text-align-center\">&#8220;Gesundheit&#8221; <br>und <br>&#8220;Galy und die Katastrophe&#8221;<\/p>\n\n\n\n<p class=\"has-text-align-center\">(Folgen 17 und 21)<\/p>\n\n\n\n<p class=\"has-text-align-center\">von <\/p>\n\n\n\n<p class=\"has-text-align-center\">Peter Podehl<br>\u00a9<\/p>\n\n\n\n<p class=\"has-text-align-center\">***<\/p>\n\n\n\n<p class=\"has-text-align-center\">zur\u00fcck zu <a href=\"https:\/\/webaid.it\/?page_id=2811\">Peter Podehls Drehb\u00fccher<\/a><br>und seine Aufzeichnungen hierzu<\/p>\n\n\n\n<h2 class=\"wp-block-heading\">Folge Gesundheit<\/h2>\n\n\n\n<p>19.1.81<br>Mut zur Arbeit brauche ich, um angesichts des Sterbens im Nachbarhaus mit der Folge GESUNDHEIT zu beginnen. Oder soll sie Krankheit hei\u00dfen? Es w\u00e4re doch wohl ganz im Sinne Spencers, das Thema &#8216;Gesundheit&#8217; zu nennen, und dann werden alle krank. Nat\u00fcrlich ist die Komik des Themas die Hauptsache. Aber es w\u00e4re gut, wenn der Ernst nicht ganz unter den Tisch fiele.&nbsp;<\/p>\n\n\n\n<p>Krankheit ist bei Kindern mit Schrecken verbunden, ihn ihnen zu nehmen, k\u00f6nnte ein Ziel der Sendung sein.<\/p>\n\n\n\n<p>Gro\u00dfer Bogen. Nach und nach werden alle krank. In den Show-Dekorationen wird eine Quarant\u00e4ne-Station eingerichtet, ein Behelfskrankenhaus. Kasi wird Schwester (Bruder), Spencer macht den Arzt. Am Ende werden die beiden auch krank. Sie rufen Galaktika. Aber die Pointe d\u00fcrfte nicht sein, dass sie sie alle schlagartig gesund macht. Sondern? Sehr theoretisch gesagt, sie bringt ihnen bei, die Krankheit anzunehmen. Vielleicht mit einem Lied, in das dann am Ende alle einstimmen.&nbsp;<\/p>\n\n\n\n<p>Pluto: mit dessen Erscheinung mich abzufinden mir nach wie vor schwer f\u00e4llt, k\u00f6nnte vielleicht als Anhexer von Krankheiten erscheinen, aber es w\u00e4re nat\u00fcrlich wunderbar, wenn er am Ende auch krank in der Show-Deko l\u00e4ge. Gemieden? Angenommen? Jedenfalls: Problem, Konflikt ist ein kranker kleiner Teufel Pardon: Pluto.<\/p>\n\n\n\n<p>Vielleicht w\u00e4re es auch eine reizvolle Abfolge, wenn zuerst nur Elvis krank w\u00e4re, mit einer F\u00fclle von Pflegepersonal, das dann auch nach und nach krank wird. Ansteckung<\/p>\n\n\n\n<p>Kinderkrankheiten im Sinne dieser Sendung:<\/p>\n\n\n\n<p>Bauchschmerzen,<br>*Durchfall (belegte Zunge)<br>*Husten (Keuchhusten)<br>*Schnupfen<br>Verletzung<br>Ohrensausen<br>Kopfschmerzen (im Bauch)<br>Appetitlosigkeit<\/p>\n\n\n\n<p>Frage mich, ob es besser ist, mit vielen Krankheiten zu operieren, oder ob gr\u00f6\u00dferer Effekt aus dem Umstand, dass alle an der gleichen Krankheit leiden (Epidemie).<\/p>\n\n\n\n<p>Handreichungen<br>Betten aussch\u00fctteln&nbsp;<br>Medizin geben<br>Fieber messen<\/p>\n\n\n\n<p>Achtung: die *Leiden haben optischen und akustischen Reiz, alle anderen sind nur verbal auszudr\u00fccken. Denke, dass eine *Epidemie gut w\u00e4re. Die anderen Leiden sind gegebenenfalls zus\u00e4tzliche Steigerungen. Die Vorstellung, dass alle husten und sich schn\u00e4uzen, ist doch recht komisch.&nbsp;<\/p>\n\n\n\n<p>Noch einmal genauer: Die Krankheit wird ernst genommen, Heuchler werden entlarvt, es wird zur Annahme der Krankheit aufgefordert.&nbsp;<\/p>\n\n\n\n<p><em>Seitlich schr\u00e4g: Vorher steht da was, wie: sie bringt ihnen bei, ihr Leiden anzunehmen.<\/em>&nbsp;<\/p>\n\n\n\n<p>Es ist nat\u00fcrlich eine Schlussszene denkbar, in der alle husten, bis schlie\u00dflich nur noch eine hustet: Galaktika, die aber doch &#8211; unter Husten &#8211; versichert, dass solche Anf\u00e4lle ab 3000 Meter v\u00f6llig aufh\u00f6ren. Das wird zum Abflug-Take akustisch demonstriert: &#8220;Ich huste da ins Weltall!&#8221; Vielleicht auch einen H\u00f6henmesser dazu blenden: 1000, 2000, 3000 Meter.&nbsp;<\/p>\n\n\n\n<p><em>Seitlich schr\u00e4g: Galaktika versteht ihr eigenes Wort nicht mehr vor lauter Husten der anderen.<\/em><\/p>\n\n\n\n<p>Elvis ist der Hypochonder. Er wird als erster krank und kriegt nach und nach alle nur erdenklichen Krankheiten. Das Thermometer l\u00e4sst er gar nicht mehr aus dem Mund. Er f\u00e4llt als St\u00fctze von Spencer in dieser Sendung g\u00e4nzlich aus. Er hat schreckliche Angst vor Ansteckung, was ihn nicht hindert, alle anderen anzustecken, dabei sogar recht r\u00fccksichtslos zu sein.&nbsp;<\/p>\n\n\n\n<p><em>Seitlich schr\u00e4g: Er wird hysterisch, weil er nicht und nicht Fieber kriegt: &#8220;Das macht mich ganz krank!&#8221;<\/em><\/p>\n\n\n\n<p>Im Eisenbahncoup\u00e9 m\u00fcsste er so agieren, dass er liegend wirkt: &#8220;Du bist ja so klein geworden!&#8221; &#8220;Ich liege, ich bin krank, du dumme Ziege!&#8221; Liegewagen. &#8220;Du sollst dich nicht anstecken, du sollst mich pflegen!&#8221; Lulu r\u00e4t ihm zu einem Dampfbad bei Poldis Kratern. Er wird einen armen Kranken und die ihn pflegende Begleitperson nicht fressen. Die dann allerdings auch krank wird? Wieso?<\/p>\n\n\n\n<p>Der typische Untertreiber: Kasimir.&nbsp;<br>&nbsp; &#8221;&nbsp; &nbsp; &nbsp;    &#8221; &nbsp;        \u00dcber&nbsp; &#8221;&nbsp; &nbsp; &nbsp;     : Poldi.<\/p>\n\n\n\n<p>Wie w\u00e4re es denn, wenn Elvis, auf Lulu gest\u00fctzt, sich auf den Weg macht zu Poldi macht, um ein Dampfbad zu nehmen?<\/p>\n\n\n\n<p><em>Seitlich schr\u00e4g:: Wenn unser Waggon uns dahin f\u00fchre, zur Kur<\/em><\/p>\n\n\n\n<p>Vor lauter Schw\u00e4che muss er aber \u00fcberall Station machen und steckt \u00fcberall die Leute an und erz\u00e4hlt, dass Spencer ihn mit seinem Niesen angesteckt hat, dabei hat er Husten bekommen, welch seltsame Ansteckung und h\u00f6chst bedenkliche Krankheit.&nbsp;<\/p>\n\n\n\n<p>22.1<br>Sitze nun und wei\u00df nicht weiter. Elvis kriegt also von Spencers Nies den Husten und begibt sich in Krankheit und Eisenbahnwaggon. <br><strong>M\u00f6glichkeit 1<\/strong>: Lulu ist da und nimmt sich gleich des Kranken liebevoll an: Fiebermessen, Halswickel (alles Dinge, die die handlosen Puppen nur sehr unbeholfen ausf\u00fchren k\u00f6nnen). <strong>M\u00f6glichkeit 2<\/strong>: Lulu ist nicht da, der arme &#8220;Kranke&#8221; ist nun auch noch einsam. Das scheint mir besser: er legt sich hin, liest im Gesundheitslexikon und misst Fieber im Mund. (Die ist bei der h\u00f6heren Abdeckung der Abteile leichter m\u00f6glich.) Und nun m\u00f6glichst rasch den Entschluss fassen, zur Kur zu gehen und gehen.&nbsp;<\/p>\n\n\n\n<p>Schreibend nachdenken, geht ja doch viel besser.&nbsp;<\/p>\n\n\n\n<p><strong>Pluto:<\/strong> wie kriege ich den krank in die Show-Deko? Er k\u00f6nnte bei allen Besuchen, die Elvis rastend in Worpswede macht, auf der Lauer liegen. Und es w\u00e4re auch gut, wenn Elvis ihn anstecken w\u00fcrde. Aber wie viel Erscheinung hat er f\u00fcr die anderen? Er k\u00f6nnte immer zwischen Abgang Elvis und Hustenbeginn der Besuchten seine Anhexung machen (Ich stelle Bedenken, dass Ansteckung kein Teufelswerk ist, hintan.) Es k\u00f6nnte auch so sein, dass Kasi aus lauter Mitleid auch Pluto mit in die Quarant\u00e4ne aufnimmt und dadurch auch krank wird; dito Spencer. Aber ein kranker Pluto r\u00fchrt nat\u00fcrlich. &#8211; Na und? &#8211; Vorsicht auch vor stumpfem Motiv: auch Plutos Entwicklung muss dann irgendwie stimmig sein und zu Ende gef\u00fchrt werden. Die Parallele zur hustenden Galaktika reizvoll. Wann erwischt es Lulu?<\/p>\n\n\n\n<p>Ich spinne mal den Pluto-Faden durch: Er w\u00fcrde in der Show-Deko beginnen. Elvis hat seine Visite gemacht und ist mit Lulu gegangen. Da hext Pluto die Bazillen, die Elvis dagelassen hat, auf die Drei &#8211; <em>Seitlich schr\u00e4g: Die Quietschbeus lachen \u00fcber Ansteckungsgefahr, da greift Pluto ein. <\/em>Die m\u00fcssen vor lauter Husten aufh\u00f6ren zu singen.&nbsp;<\/p>\n\n\n\n<p>Die Szene in Lexis Pilzhaus liegt noch gar nicht fest. Benutzen wir die Gelegenheit, uns was einfallen zu lassen.&nbsp;<\/p>\n\n\n\n<p>Jetzt habe ich mir erstmal etwas einfallen lassen &#8211; Quatsch. Stichworte habe ich mir aus dem Wehrle-Eggers geholt. Was ist dieses Buch f\u00fcr ein Flei\u00dfresultat!<\/p>\n\n\n\n<p>Es muss bei Lexi ja erst einmal damit losgehen, dass Spencer wegen des Themas Gesundheit zu ihm schaltet: Lexi ist ein eher hypochondrischer Typ. Er k\u00f6nnte sich mit Prophylaxe besch\u00e4ftigen. Moment: Wenn er nur \u00fcber Vorbeugung spr\u00e4che, und nicht merkte, dass der hustende Elvis ihm alles zuschanden macht.<\/p>\n\n\n\n<p>Ich \u00fcberlege sehr dringend, ob es nicht gut w\u00e4re, wenn Nepomuk bei ihm w\u00e4re. Warum? Also dramaturgisch k\u00f6nnen wir zwei Takes, davon eine Moderation, einsparen und wir brauchen weniger monologisieren. Aber das obige Warum galt der Suche nach einem Motiv. Warum ist Nepomuk bei Lexi?<\/p>\n\n\n\n<p>Lexi als Gesundheitspolizei (bei Nepomuk Rost, Sperrm\u00fcll). Komisch w\u00e4re nat\u00fcrlich, wenn Lexi per Sie dem Nepomuk Vorhaltungen macht. Der aber lacht ihn aus. Dann stolpert Elvis.&nbsp;<\/p>\n\n\n\n<p>Gesundheitspolizeiamtmann Lexi. Nur: das sollte vor dem Schluss spielen. Immerhin.<\/p>\n\n\n\n<p>Jetzt ist eigentlich nur noch die Krater-Situation offen. Kur &#8211; Poldis Hunger, dann Krankheit. Es w\u00e4re eigentlich sch\u00f6n, wenn er Lulus Bitte, einen Kranken und dessen Begleitung zu verschonen, nachk\u00e4me. &#8220;Aber wenn du wieder gesund bist, dann fresse ich dir. &#8211; Und dir auch.&#8221; &#8211; &#8220;Ja, oder wir entwischen dir mit List.&#8221; &#8211; &#8220;Ja, und ich verfolge euch.&#8221; &#8211; &#8220;Ja. Und kriegst uns nicht, nie.&#8221;<\/p>\n\n\n\n<p>\/Denn sonst w\u00e4ren wir alle ja gar nicht mehr da!&#8221; &#8211; &#8220;Ja, das ist lustig.&#8221; &#8211; &#8220;W\u00e4re gar nicht mehr lustig!&#8221;<\/p>\n\n\n\n<p>Inzwischen versp\u00fcrt Elvis &#8211; nein, nicht Genesung, sondern erstes Fieber. Dummerweise holt jetzt Kasi alle ab, gerade als Pluto hexen will. Nun hustet er auch.&nbsp;<\/p>\n\n\n\n<ol class=\"wp-block-list\">\n<li>Wann und wie wird Lulu krank? Vielleicht nicht Ansteckung?<\/li>\n\n\n\n<li>Die Galaktika-L\u00f6sung wirkt pfiffig, aber wird sie dem Thema gerecht. &#8220;Wir sagen willkommen zur Krankheit und dann heilen wir sie und dann sagen wir &#8211; nein, nicht Auf Wiedersehen, sonder Adieu oder Lebewohl&#8221;. Jetzt m\u00fcssten alle &#8216;Adieu&#8217; sagen, und sie m\u00fcsste &#8216;Willkommen&#8217; sagen und abfliegen.<\/li>\n<\/ol>\n\n\n\n<p>Zu 1: Wenn Lulu sich am Krater die F\u00fc\u00dfe verbrennen w\u00fcrde, und den armen Elvis nicht mehr st\u00fctzen k\u00f6nnte, sondern von ihm gest\u00fctzt werden m\u00f6chte. In der Quarant\u00e4ne-Station nimmt man auf ihr Sonderleiden kaum R\u00fccksicht. Fiebermessen etc&#8230;<\/p>\n\n\n\n<p>28.1.&nbsp;<br>Auf ein Neues. Spencer am Flie\u00dfband. GESUNDHEIT in zwei Tagen geschrieben. Wohlgemerkt: viele Tage vorher gezettelt. Jetzt der Versuch, bis Montag zu zetteln und Dienstag bis Donnerstag zu schreiben.&nbsp;<\/p>\n\n\n\n<p>GALY MACHT UNORDNUNG. <br>Ein guter Plot. Es ist bei Spencer, und \u00fcberhaupt in Worpswede, alles in bester Ordnung. Da macht jemand aus Versehen oder auf Vorrat f\u00fcr alle F\u00e4lle einen Galaktika-Vers. Und da kommt sie. Man sagt, es sei ein Versehen und will sie wieder hinaufkomplimentieren. Aber die andromedanischen Gesetze verlangen \u00e4hnlich denen der Pfandfinder, dass sie nur aufsteigen kann, wenn sie vorher eine hilfreiche Tat getan und etwas Unordentliches in Ordnung gebracht hat. \/Und da erweist sich Galaktika auf einmal bei aller Sanftheit absolut stur: Wenn alles in Ordnung ist, dann muss eine Unordnung hergestellt werden, damit sie sie in Ordnung bringen kann. Der opponierende Spencer bittet sie nat\u00fcrlich flehentlich, alles in Ordnung zu lassen, aber er bringt sie so in Rage, dass sie darauf *besteht, dass \u00fcberall (?) etwas in Unordnung kommen muss, so dass sie \u00fcberall(?) helfend eingreifen muss.&nbsp;<\/p>\n\n\n\n<p>Das erfordert nat\u00fcrlich einen beachtlichen Kommunikationsapparat. L\u00e4cherliche Kleinigkeiten werden nicht von selbst behoben. Man fl\u00fcstert sie Galy zu, die dann eingreift.&nbsp;<\/p>\n\n\n\n<p>Ein bisschen JAN VOM GOLDENEN STERN steckt da auch drinnen.&nbsp;<\/p>\n\n\n\n<p>Man k\u00f6nnte auch im Gegensatz zur * mit einer ganz klitzekleinen Unordnung anfangen (Streitchen mit Elvis), aus der dann aber eine un\u00fcbersehbare Kette wird.&nbsp;<\/p>\n\n\n\n<ul class=\"wp-block-list\">\n<li>An sich sch\u00f6ner Aufh\u00e4nger: wie schwer die es haben, ein Streitchen vom Zaun zu brechen (m\u00fcssen dauernd lachen). Das Problem ist eigentlich noch viel verzwickter und umso reizvoller. Galaktika selbst kann ihrer ganzen Herkunft und Natur nach nicht die geringste Unordnung stiften. Spencer weigert sich, etwas dergleichen zu tun oder anzuleiern.<\/li>\n\n\n\n<li>&#8220;Dann kann ich nicht weg!&#8221; &#8220;Dann bleibst du eben da!&#8221; Der infame schreckliche Ausweg: Nero. Denn man kann nicht Galaktika rufen, damit Galaktika Galaktika hilft, auf irgendeine Weise wieder wegzukommen.&nbsp;<\/li>\n<\/ul>\n\n\n\n<p><em>Seitlich schr\u00e4g: &#8220;Mach dir doch selber was!&#8221; &#8211; &#8220;Das verbieten die andromedanischen Gesetze&#8230;&#8221; Frage, ob die Gesetze der Bundesrepublik nicht vielleicht doch ganz gut sind?<\/em><\/p>\n\n\n\n<p>Aber: Nero kann, wenn man B\u00f6ses von ihm will, gar nichts B\u00f6ses tun.<\/p>\n\n\n\n<p>Mal scharf nachdenken: Wenn man zwei unabh\u00e4ngig voneinander instruiert, dass der jeweils Andere dem jeweils Zuh\u00f6renden B\u00f6ses angeh\u00e4ngt hat, und sie dann aufeinander hetzt, nat\u00fcrlich mit unerwartetem Ergebnis.&nbsp;<\/p>\n\n\n\n<p>Wir haben das im Seminar mal mit Gunther Plachetta und Lore Muth gemacht, denen wir einredeten, sie seien verliebt ineinander. War \u00fcbrigens eher peinlich f\u00fcr uns, die Initiatoren.&nbsp;<\/p>\n\n\n\n<p>11.00 Nachricht vom Tod der Marianne Dembek-Orthmann<\/p>\n\n\n\n<p>29.1.<br>Die oben entwickelte Idee halte ich f\u00fcr tr\u00e4chtig, aber sie kostet nat\u00fcrlich einen gewissen Aufwand. Aber das ist vermutlich besser, als wenn wir uns in Kleinigkeiten verzetteln. (1)<\/p>\n\n\n\n<p>Das unerwartete Ergebnis l\u00e4ge darin, dass eine Szene entst\u00fcnde, wie die zwischen Lisa und Karl-Gustav an der Kreuzung in<a href=\"https:\/\/webaid.it\/?page_id=3279\"> EINSAMKEIT-GEMEINSAMKEI<\/a>T, also eine Einigung, eine Liebe, die nicht den geringsten Eingriff Galaktikas erforderlich macht.<\/p>\n\n\n\n<p>(1)<br>Man kann vorher Kleinigkeiten versuchen, zum Beispiel ein Streitchen zwischen Elvis und Spencer (die m\u00fcssen immer lachen), aber eben weil das so wenig funktioniert, entschlie\u00dft man sich, den Grand Coup anzuzetteln.<br>Logisch w\u00e4re nach dessen Scheitern, dass sich die Initiatoren in die Wolle kriegen und den echten Krach heraufbeschw\u00f6ren, den Galaktika schlichtet. Dann h\u00e4tten wir, so meine ich, den gro\u00dfen Bogen. Zu bedenken w\u00e4re, ob die Sache weniger, genauer nicht zu viel aufs Verbale gr\u00fcndet, sondern auch einen Sachschaden zum Anlass hat.&nbsp;<\/p>\n\n\n\n<p>Suchen wir doch mal das Personal, die Besetzung zusammen. Zum Aushecken k\u00e4men in Frage: Spencer, Elvis, Kasi, Galy, Lexi &#8211; Lexi statt Kasi. Als Opfer? Sehr schwierig. N\u00e4hme man Poldi als einen Kontrahenten, h\u00e4tte man den Zusatzkribbelwert des Fressenwollens &#8211; Galy m\u00fcsste also ganz in der N\u00e4he parat stehen, um solche Gefahr auszuschlie\u00dfen. Und je genauer ich die Personenliste betrachte, desto mehr scheint mir Lulu eine sehr geeignete Partnerin. Mir scheint auch schon klar, dass man Poldi hinterbringt, Lulu habe behauptet, er wolle zwar immer alle fressen, tue es aber nie, weil er es nicht k\u00f6nne. Und was behauptet man Lulu gegen\u00fcber von Poldi? An erw\u00e4hnten Sachschaden denken. Poldi habe alle ihre Schleier, ihre Hautcremes, ihre &#8230; gegessen. Oder den Waggon durcheinander bringen und behaupten, dass sei Poldi gewesen. Dann die Szene im Waggon spielen lassen, mit den dauernd hochkommenden, kichernden Anderen, bei geschlissener Wand. Klingt im Moment sehr gut. &#8220;Sch\u00f6ne Ausblicke hast du hier. Meine Krater sind so langweilig.&#8221;*<\/p>\n\n\n\n<p><em>Seitlich schr\u00e4g: Einfacher: Kleiderschrank leeren (nicht fressen, klauen!) unterstellen. *Ob das per Rohrpost kommt? &#8220;Aber Vorsicht, nicht die Finger verbrennen!&#8221;<\/em><\/p>\n\n\n\n<p><em>Nero mitmachen lassen. K\u00f6nnte so gehen: Galy, daf\u00fcr, weil sie Nero \u00fcberhaupt nicht kennt, sie \u00fcberwindet die Zweifel der anderen. Nur Rat geben soll er.&nbsp;<\/em><\/p>\n\n\n\n<p><em>Die Rohrpost schl\u00e4gt Nero vor.&nbsp;<\/em><\/p>\n\n\n\n<p>Das ja doch irgendwie Gemeine der Sache wird gebrandmarkt. Aber: wie steht Elvis dazu, Lulu derartig ins Bockshorn zu jagen? Jedenfalls gibt es einen Zwang: Wenn Galaktika nichts zu tun bekommt, kann sie nicht aufsteigen. Da sie keine hiesige Nahrung zu sich nehmen kann, wird sie verhungern. &#8211; W\u00e4re auch was anderes m\u00f6glich: (1) Im Grunde wird der Grand Coup deshalb ausgeheckt, weil die kleinen Streitchen immer in Lachen enden. &#8220;Das geht nur, wenn man nicht wei\u00df, dass es ein Streit sein soll.&#8221;<\/p>\n\n\n\n<p>Sehr heikle Frage, ob man Nero einbeziehen soll. Siehe gute Anmerkung Seite 5.<\/p>\n\n\n\n<p>Ich versuche zu filtern und zu rekapitulieren:&nbsp;<\/p>\n\n\n\n<p>Alles in bester Ordnung. Vers auf Vorrat. Sie landet. Man braucht sie nicht. Aber sie kann nur zur\u00fcck, wenn sie etwas in Ordnung gebracht hat. Versuche, kleine Unordnungen (Streitchen) herzustellen scheitern, weil die Ausf\u00fchrenden wissen, worum es geht und deshalb lachen. Galaktika l\u00e4sst sich auch nicht mit diesbez\u00fcglichem Dilettantismus abspeisen. Unter Hinzuziehung von Nero kommt man auf die Idee, Streit unter Zweien zu provozieren, die unwissend aufeinander gehetzt werden. Das misslingt v\u00f6llig, weil die ihre Liebe zueinander entdecken. Nun geraten sich die Initiatoren in die Wolle, aber so ernsthaft, dass sie auf Galy nicht h\u00f6ren, bis ihnen klar wird, dass das Alles wegen Galy ist, und sie nun eine Wut kriegen. Galy kann nun, um die Ordnung wieder herzustellen, nichts anderes tun, als &#8211; abhauen.<\/p>\n\n\n\n<p>Vielleicht kommt man auf Poldi und Lulu, weil alle anderen mit dem Problem bereits bekannt sind.<\/p>\n\n\n\n<p class=\"has-text-align-right\">PP<\/p>\n\n\n\n<p class=\"has-text-align-center\">***<\/p>\n\n\n\n<p id=\"block-73793118-2b26-4bbe-9360-3ebbbb8a6fd6\"><a href=\"https:\/\/webaid.it\/?page_id=3287\">Definition \u201cUnfrisiert\u201d<\/a><\/p>\n\n\n\n<p><a href=\"https:\/\/webaid.it\/?page_id=2411\">Unfrisierte Gedanken<\/a>&nbsp;an die Hallo-Spencer-Redaktion<br>Grunds\u00e4tzliche Gedanken zu Hallo Spencer anl\u00e4sslich der Erarbeitung des Drehbuchs \u201cAufr\u00e4umen\u201d (sp\u00e4ter Folge 10)<br>April 1980<\/p>\n\n\n\n<p><a href=\"https:\/\/webaid.it\/?page_id=2989\">Viele W\u00fcnsche<\/a>&nbsp;(Folge 6)<br>Juni 1980<\/p>\n\n\n\n<p><a href=\"https:\/\/webaid.it\/?page_id=3005\">Gummib\u00e4rchentransporte&nbsp;<\/a>(Folge 7)<br>Mai 1980<\/p>\n\n\n\n<p>Unfrisierte&nbsp;<a href=\"https:\/\/webaid.it\/?page_id=3279\">Einsamkeit<\/a>&nbsp;(Folge 14)<\/p>\n\n\n\n<p><a href=\"https:\/\/webaid.it\/?page_id=3407\">Schneewittchen<\/a>&nbsp;(Folge 25)<\/p>\n\n\n\n<p><a href=\"https:\/\/webaid.it\/?page_id=3296\">Max und Molly<\/a>&nbsp;\u2013 Podehl\u2019sche Gedanken hierzu mit herrlichem Potenzial, die allerdings nie verwendet wurden<\/p>\n\n\n\n<p>In K\u00fcrze: Zu frisierender Traumexpress<\/p>\n\n\n\n<p><a href=\"https:\/\/webaid.it\/?page_id=3572\">Folge 87 \u2013 Die Unvollendete<\/a>&nbsp;\u2013 Kasi braucht Hilfe&nbsp;<\/p>\n\n\n\n<p class=\"has-text-align-center\">***<\/p>\n\n\n\n<p><a href=\"https:\/\/webaid.it\/?page_id=2419\">Peter Podehl, der Spencer-Geschichtenerz\u00e4hler<\/a><\/p>\n\n\n\n<p><a href=\"https:\/\/webaid.it\/?page_id=2694\">Die Drehb\u00fccher eines Komikers<\/a><br>Grundsatzanweisungen an die Puppenspieler \u2013 zu den Folgen \u201cViele W\u00fcnsche\u201d, \u201cGummib\u00e4rchen-Transporte\u201d, \u201cGro\u00dfes Aufr\u00e4umen\u201d und \u201cEinsamkeit\u201d und alle anderen Folgen<br>September 1980<\/p>\n\n\n\n<p><a href=\"https:\/\/webaid.it\/?page_id=614\">Der Sprachaufpasser f\u00fcrs Deutsche und Puppenpoesie<\/a><br>Peter Podehls Pr\u00e4sentation<br>an der Dolmetscher- und \u00dcbersetzer-Universit\u00e4t S.Pio V in Rom<br>von 2006<br>Da gibt\u2019s viel Wortspielereien und auch einen Bericht dar\u00fcber, mit wem er die Folgen absprach, bevor er sie schrieb.<\/p>\n\n\n\n<p><\/p>\n","protected":false},"excerpt":{"rendered":"<p>Alle Podehlschen Hallo-Spencer-Folgen *** Mut zur Arbeit Allererste handschriftliche Aufzeichnungen zu den Folgen &#8220;Gesundheit&#8221; und &#8220;Galy und die Katastrophe&#8221; (Folgen 17 und 21) von Peter Podehl\u00a9 *** zur\u00fcck zu Peter Podehls Drehb\u00fccherund seine Aufzeichnungen hierzu Folge Gesundheit 19.1.81Mut zur Arbeit brauche ich, um angesichts des Sterbens im Nachbarhaus mit der Folge GESUNDHEIT zu beginnen. Oder [&hellip;]<\/p>\n","protected":false},"author":1,"featured_media":0,"parent":2811,"menu_order":17,"comment_status":"closed","ping_status":"closed","template":"","meta":{"footnotes":""},"class_list":["post-2804","page","type-page","status-publish","hentry"],"_links":{"self":[{"href":"https:\/\/webaid.it\/index.php?rest_route=\/wp\/v2\/pages\/2804","targetHints":{"allow":["GET"]}}],"collection":[{"href":"https:\/\/webaid.it\/index.php?rest_route=\/wp\/v2\/pages"}],"about":[{"href":"https:\/\/webaid.it\/index.php?rest_route=\/wp\/v2\/types\/page"}],"author":[{"embeddable":true,"href":"https:\/\/webaid.it\/index.php?rest_route=\/wp\/v2\/users\/1"}],"replies":[{"embeddable":true,"href":"https:\/\/webaid.it\/index.php?rest_route=%2Fwp%2Fv2%2Fcomments&post=2804"}],"version-history":[{"count":18,"href":"https:\/\/webaid.it\/index.php?rest_route=\/wp\/v2\/pages\/2804\/revisions"}],"predecessor-version":[{"id":4467,"href":"https:\/\/webaid.it\/index.php?rest_route=\/wp\/v2\/pages\/2804\/revisions\/4467"}],"up":[{"embeddable":true,"href":"https:\/\/webaid.it\/index.php?rest_route=\/wp\/v2\/pages\/2811"}],"wp:attachment":[{"href":"https:\/\/webaid.it\/index.php?rest_route=%2Fwp%2Fv2%2Fmedia&parent=2804"}],"curies":[{"name":"wp","href":"https:\/\/api.w.org\/{rel}","templated":true}]}}