{"id":2811,"date":"2024-05-10T15:47:53","date_gmt":"2024-05-10T15:47:53","guid":{"rendered":"https:\/\/peterpodehl.com\/?page_id=2811"},"modified":"2025-08-12T15:44:15","modified_gmt":"2025-08-12T15:44:15","slug":"peter-podehls-drehbucher","status":"publish","type":"page","link":"https:\/\/webaid.it\/?page_id=2811","title":{"rendered":"Peter Podehls Drehb\u00fccher"},"content":{"rendered":"\n<p class=\"has-text-align-center\">***<\/p>\n\n\n\n<h2 class=\"wp-block-heading has-text-align-center\">Peter Podehls Drehb\u00fccher,<br>insbesondere<br>seine ersten Aufzeichnungen hierzu<\/h2>\n\n\n\n<p class=\"has-text-align-center\">Alle Titel mit Audio-Studioatmosph\u00e4re bei den Dreharbeiten zur Zauberfl\u00f6te zum Anh\u00f6ren gibt es <br><a href=\"https:\/\/youtu.be\/m8kmZ7acrnM\">hier<\/a><br>***<\/p>\n\n\n\n<div class=\"wp-block-media-text is-stacked-on-mobile\" style=\"grid-template-columns:29% auto\"><figure class=\"wp-block-media-text__media\"><img decoding=\"async\" src=\"https:\/\/webaid.it\/wp-content\/uploads\/2025\/01\/087KasiBrauchtHilfe01-6.jpeg\" alt=\"\"\/><\/figure><div class=\"wp-block-media-text__content\">\n<p class=\"has-text-align-center\"><a href=\"https:\/\/webaid.it\/?page_id=3518\">Folge 87 &#8211; Was da h\u00e4tte geschehen sollen<\/a><br>Ver\u00f6ffentlichung anl\u00e4sslich der 75. Geburtstag<br>des verstorbenen ersten Kasi-Spielers<br>Herbert Langemann<br>am 29.1.2025<br>***<\/p>\n<\/div><\/div>\n\n\n\n<p id=\"block-73793118-2b26-4bbe-9360-3ebbbb8a6fd6\"><a href=\"https:\/\/webaid.it\/?page_id=3287\">Definition &#8220;Unfrisiert&#8221;<\/a><\/p>\n\n\n\n<p><a href=\"https:\/\/webaid.it\/?page_id=2971\">Podehls Hallo-Spencer-Folgen<\/a><br>Liste der von Peter Podehl als Autor und\/oder Regisseur gezeichneten Hallo-Spencer-Folgen<\/p>\n\n\n\n<p><a href=\"https:\/\/webaid.it\/?page_id=2411\">Unfrisierte Gedanken<\/a> an die Hallo-Spencer-Redaktion<br>Grunds\u00e4tzliche Gedanken zu Hallo Spencer anl\u00e4sslich der Erarbeitung des Drehbuchs &#8220;Aufr\u00e4umen&#8221; (sp\u00e4ter Folge 10)<br>April 1980<\/p>\n\n\n\n<p><a href=\"https:\/\/webaid.it\/?page_id=2694\">Die Drehb\u00fccher eines Komikers<\/a>  <br>Grundsatzanweisungen an die Puppenspieler &#8211; zu den Folgen &#8220;Viele W\u00fcnsche&#8221;, &#8220;Gummib\u00e4rchen-Transporte&#8221;, &#8220;Gro\u00dfes Aufr\u00e4umen&#8221; und &#8220;Einsamkeit&#8221; und alle anderen Folgen  September 1980<\/p>\n\n\n\n<p><a href=\"https:\/\/webaid.it\/?page_id=2799\" data-type=\"page\" data-id=\"2799\">Zu den Drehb\u00fcchern eines Komikers<\/a><br>von SpencerEnkel Jannik Graf &#8211; der wei\u00df viel<\/p>\n\n\n\n<p><a href=\"https:\/\/webaid.it\/?page_id=2989\">Viele W\u00fcnsche<\/a> (Folge 6)<br>Juni 1980<\/p>\n\n\n\n<p><a href=\"https:\/\/webaid.it\/?page_id=3005\">Gummib\u00e4rchentransporte <\/a>(Folge 7)<br>Mai 1980<\/p>\n\n\n\n<p><a style=\"white-space: normal;\" href=\"https:\/\/webaid.it\/?page_id=2411\">Gro\u00dfes Aufr\u00e4umen<\/a> (Folge 10)<\/p>\n\n\n\n<p>Unfrisierte <a href=\"https:\/\/webaid.it\/?page_id=3279\">Einsamkeit<\/a> (Folge 14)<\/p>\n\n\n\n<p><a href=\"https:\/\/webaid.it\/?page_id=2804\">Mut zur Arbeit<\/a> (Folgen 17 und 21)<br>erste Aufzeichnungen zu den Folgen \u201cGesundheit\u201d und \u201cGaly und die Katastrophe\u201d<br>Januar 1981<\/p>\n\n\n\n<p><a href=\"https:\/\/webaid.it\/?page_id=3407\">Schneewittchen<\/a> (Folge 25)<\/p>\n\n\n\n<p><a href=\"https:\/\/webaid.it\/?page_id=3296\">Max und Molly<\/a> &#8211; Podehl&#8217;sche Gedanken hierzu mit herrlichem Potenzial, die allerdings nie verwendet wurden<\/p>\n\n\n\n<p>\u00a0<a href=\"https:\/\/webaid.it\/?page_id=3592\">Im Traumexpres<\/a>s (Folge 36)<\/p>\n\n\n\n<p><a href=\"https:\/\/webaid.it\/?page_id=3572\">Folge 87 &#8211; Die Unvollendete<\/a> &#8211; Kasi braucht Hilfe <\/p>\n\n\n\n<p><strong>Und auch<\/strong><\/p>\n\n\n\n<p><a href=\"https:\/\/webaid.it\/?page_id=2419\">Peter Podehl, der Spencer-Geschichtenerz\u00e4hle<\/a>r<\/p>\n\n\n\n<p><a href=\"https:\/\/webaid.it\/?page_id=614\">Der Sprachaufpasser f\u00fcrs Deutsche und Puppenpoesie<\/a><br>Peter Podehls Pr\u00e4sentation<br>an der Dolmetscher- und \u00dcbersetzer-Universit\u00e4t S.Pio V in Rom<br>von 2006<br>Da gibt\u2019s viel Wortspielereien und auch einen Bericht dar\u00fcber, mit wem er die Folgen absprach, bevor er sie schrieb.<\/p>\n\n\n\n<p>Wie alles anfing:<br><a href=\"https:\/\/webaid.it\/?page_id=2408\">Lorenz Claussen berichtet vom TamS-Theater-Quatsch<\/a><\/p>\n\n\n\n<p><a href=\"https:\/\/webaid.it\/?page_id=2722\">Die Puppenspieler berichten<\/a><\/p>\n\n\n\n<p><\/p>\n\n\n\n<p><\/p>\n\n\n\n<p><\/p>\n\n\n\n<p><\/p>\n","protected":false},"excerpt":{"rendered":"<p>*** Peter Podehls Drehb\u00fccher,insbesondereseine ersten Aufzeichnungen hierzu Alle Titel mit Audio-Studioatmosph\u00e4re bei den Dreharbeiten zur Zauberfl\u00f6te zum Anh\u00f6ren gibt es hier*** Folge 87 &#8211; Was da h\u00e4tte geschehen sollenVer\u00f6ffentlichung anl\u00e4sslich der 75. Geburtstagdes verstorbenen ersten Kasi-SpielersHerbert Langemannam 29.1.2025*** Definition &#8220;Unfrisiert&#8221; Podehls Hallo-Spencer-FolgenListe der von Peter Podehl als Autor und\/oder Regisseur gezeichneten Hallo-Spencer-Folgen Unfrisierte Gedanken an [&hellip;]<\/p>\n","protected":false},"author":1,"featured_media":0,"parent":2396,"menu_order":15,"comment_status":"closed","ping_status":"closed","template":"","meta":{"footnotes":""},"class_list":["post-2811","page","type-page","status-publish","hentry"],"_links":{"self":[{"href":"https:\/\/webaid.it\/index.php?rest_route=\/wp\/v2\/pages\/2811","targetHints":{"allow":["GET"]}}],"collection":[{"href":"https:\/\/webaid.it\/index.php?rest_route=\/wp\/v2\/pages"}],"about":[{"href":"https:\/\/webaid.it\/index.php?rest_route=\/wp\/v2\/types\/page"}],"author":[{"embeddable":true,"href":"https:\/\/webaid.it\/index.php?rest_route=\/wp\/v2\/users\/1"}],"replies":[{"embeddable":true,"href":"https:\/\/webaid.it\/index.php?rest_route=%2Fwp%2Fv2%2Fcomments&post=2811"}],"version-history":[{"count":33,"href":"https:\/\/webaid.it\/index.php?rest_route=\/wp\/v2\/pages\/2811\/revisions"}],"predecessor-version":[{"id":4357,"href":"https:\/\/webaid.it\/index.php?rest_route=\/wp\/v2\/pages\/2811\/revisions\/4357"}],"up":[{"embeddable":true,"href":"https:\/\/webaid.it\/index.php?rest_route=\/wp\/v2\/pages\/2396"}],"wp:attachment":[{"href":"https:\/\/webaid.it\/index.php?rest_route=%2Fwp%2Fv2%2Fmedia&parent=2811"}],"curies":[{"name":"wp","href":"https:\/\/api.w.org\/{rel}","templated":true}]}}