{"id":2871,"date":"2024-05-15T13:38:48","date_gmt":"2024-05-15T13:38:48","guid":{"rendered":"https:\/\/peterpodehl.com\/?page_id=2871"},"modified":"2024-12-13T06:10:32","modified_gmt":"2024-12-13T06:10:32","slug":"spencerenkel-max-zu-gesundheit-und-galy-und-die-katastrophe","status":"publish","type":"page","link":"https:\/\/webaid.it\/?page_id=2871","title":{"rendered":"SpencerEnkel Max zu &#8220;Gesundheit&#8221; und &#8220;Galy und die Katastrophe&#8221;"},"content":{"rendered":"\n<p class=\"has-text-align-right\"><a href=\"https:\/\/www.youtube.com\/watch?v=m8kmZ7acrnM\">Alle Podehlschen Hallo-Spencer-Folgen<\/a><\/p>\n\n\n\n<p class=\"has-text-align-center\">***<\/p>\n\n\n\n<h2 class=\"wp-block-heading has-text-align-center\">SpencerEnkel Max Jobelius <br>zu <br>Peter Podehls ersten Aufzeichnungen zu den Folgen <\/h2>\n\n\n\n<h2 class=\"wp-block-heading has-text-align-center\">&#8220;Gesundheit&#8221; und &#8220;Galy und die Katastrophe&#8221;<\/h2>\n\n\n\n<p class=\"has-text-align-center\">hier <br>ver\u00f6ffentlicht unter dem Titel <br><a href=\"https:\/\/webaid.it\/?page_id=2804\" data-type=\"page\" data-id=\"2804\">&#8220;Mut zur Arbeit&#8221;<\/a><\/p>\n\n\n\n<p class=\"has-text-align-center\">***<\/p>\n\n\n\n<p class=\"has-text-align-left\">Jetzt habe ich mich mal den Gedanken zur Folge &#8220;Gesundheit&#8221; gewidmet.&nbsp;<\/p>\n\n\n\n<p>Wie wunderbar, dass der fr\u00fche, noch etwas steife Elvis hier schon ein wenig hysterischer werden soll. Die Gedanken zu ihm machen mir am meisten Spa\u00df!&nbsp;<\/p>\n\n\n\n<p>Der Ansatz, dass er so wunderbar r\u00fccksichtslos das ganze Dorf ansteckt, macht Freude! \u201eIch bin krank, du dumme Ziege\u201c hat es nun leider nicht in das Drehbuch geschafft. Der h\u00e4tte mir gefallen.&nbsp;<\/p>\n\n\n\n<p>Was mir gleich aufgefallen ist: Podehl f\u00e4llt es nicht sehr leicht, den schwarzen Unhold in die Folge zu integrieren, obwohl er doch ein paar interessante Ans\u00e4tze f\u00fcr ihn findet. Der Gedanke: \u201eIch stelle Bedenken, dass Ansteckung kein Teufelswerk ist, hintan\u201c wird ihn dann aber wohl doch vom Teufelchen abgebracht haben, denn Nero hat es nicht in die Folge geschafft.&nbsp;<\/p>\n\n\n\n<p>Dass es sich bei der <a href=\"https:\/\/webaid.it\/?page_id=968\">Sterbenden<\/a> von nebenan um deine Freundin Marianne handelt, ist sehr ergreifend.&nbsp;<br>Davon hast du kurz in <a href=\"https:\/\/webaid.it\/?page_id=2396\">Berlin<\/a> erz\u00e4hlt. Das ist mir sehr in Erinnerung geblieben, denn danach sagtest du: \u201eDie Inspiration f\u00fcr die Geschichten meines Vaters war das Leben\u201c.&nbsp;<\/p>\n\n\n\n<p>Am 28.01. steigen wir dann in die Gedanken zu \u201eGaly und die Katastrophe\u201c ein, die hier noch unter dem Arbeitstitel: \u201eGaly macht Unordnung\u201c laufen. Die \u201eKatastrophe\u201c klingt da nat\u00fcrlich mehr nach Superlative. Zum Bauen der Folge war der Titel: \u201eGaly macht Unordnung\u201c aber sicher dankbarer, denn das ist ja die Essenz der Folge. Was f\u00fcr eine absurde B\u00fcrokratie auf Andromeda! Die gute Fee sorgt f\u00fcr Unordnung, damit sie Ordnung schaffen kann. Dabei war doch alles so friedlich in \u201eWorpswede\u201c. Ein andromedanisches Chaos! Wunderbar!&nbsp;<\/p>\n\n\n\n<p>Die Anspielung an \u201eJan vom goldenen Stern\u201c hat mich aufhorchen lassen. Die Reihe habe ich nie gesehen, nur ein bisschen was dar\u00fcber gelesen. Das werde ich wohl nachholen m\u00fcssen!&nbsp;<\/p>\n\n\n\n<p>Und dann wurde zum Schluss aus meinem Aufhorchen ein kurzes nach Luft Schnappen: Peter Podehl hat mal ein Seminar zusammen mit Gunter Plachetta gemacht?! Das ist doch der b\u00fcrgerliche Name von Gunther Philipp! &nbsp;<\/p>\n\n\n\n<p>Diese fr\u00fchen Gedanken zu einer Folge lesen zu d\u00fcrfen und sich so in der Retrospektive, gemeinsam mit Podehl einer neuen Geschichte aus dem Worpswede-Runddorf anzupirschen ist ein gro\u00dfartiges Erlebnis, liebe Claudia! Dank dir ganz herzlich daf\u00fcr!<\/p>\n\n\n\n<p class=\"has-text-align-right\">\u00a9 Maximilian Jobelius<\/p>\n\n\n\n<p class=\"has-text-align-left\">Claudia antwortet: <br>Ja, Gunther Philipp. Sie waren Studienkollegen an der Schauspielschule in Wien. In der Folge &#8220;Aus dem B\u00fccherschrank geholt &#8211; Tartarin von Tarascon von Alphonse Daudet&#8221; spielte Gunther Philipp den Tartarin. <br>Tartarin gab dem B\u00fcchervorsteller Peter Podehl in der Sendung sogar ein Interview &#8230;<\/p>\n\n\n\n<p><a href=\"https:\/\/webaid.it\/?page_id=2396\">Spencers Enkelgeschichten<\/a><\/p>\n\n\n\n<p><a href=\"https:\/\/webaid.it\/?page_id=2419\">Peter Podehl, der Spencer-Geschichtenerz\u00e4hler<\/a><\/p>\n\n\n\n<p><a href=\"https:\/\/webaid.it\/?page_id=2811\">Peter Podehls Drehb\u00fccher<\/a><br>und seine Aufzeichnungen hierzu<\/p>\n\n\n\n<p><a href=\"https:\/\/webaid.it\/?page_id=2411\">Unfrisierte Gedanken<\/a><br>zur Folge \u201cAufr\u00e4umen\u201d<br>April 1980<\/p>\n\n\n\n<p><a href=\"https:\/\/webaid.it\/?page_id=2694\">Die Drehb\u00fccher eines Komikers<\/a><br>Grundsatzanweisungen an die Puppenspieler \u2013 zu den Folgen \u201cViele W\u00fcnsche\u201d, \u201cGummib\u00e4rchen-Transporte\u201d, \u201cGro\u00dfes Aufr\u00e4umen\u201d und \u201cEinsamkeit\u201d und alle anderen Folgen<br>September 1980<\/p>\n\n\n\n<p><a href=\"https:\/\/webaid.it\/?page_id=2799\" data-type=\"page\" data-id=\"2799\">Zu den Drehb\u00fcchern eines Komikers<\/a><br>von SpencerEnkel Jannik Graf  &#8211; der wei\u00df viel<\/p>\n\n\n\n<p><a href=\"https:\/\/webaid.it\/?page_id=2804\">Mut zur Arbeit<\/a><br>erste Aufzeichnungen zu den Folgen \u201cGesundheit\u201d und \u201cGaly und die Katastrophe\u201d<br>Januar 1981<\/p>\n\n\n\n<p><a href=\"https:\/\/webaid.it\/?page_id=614\">Der Sprachaufpasser f\u00fcrs Deutsche und Puppenpoesie<\/a><br>Peter Podehls Pr\u00e4sentation<br>an der Dolmetscher- und \u00dcbersetzer-Universit\u00e4t S.Pio V in Rom<br>von 2006<br>Da gibt\u2019s viel Wortspielereien und auch einen Bericht dar\u00fcber, mit wem er die Folgen absprach, bevor er sie schrieb.<\/p>\n\n\n\n<p>Wie alles anfing:<br><a href=\"https:\/\/webaid.it\/?page_id=2408\">Lorenz Claussen berichtet vom TamS-Theater-Quatsch<\/a><\/p>\n\n\n\n<p><a href=\"https:\/\/webaid.it\/?page_id=2722\">Die Puppenspieler berichten<\/a><\/p>\n\n\n\n<p><a href=\"https:\/\/webaid.it\/?page_id=2416\">Klaus Naeve berichtet, wie Spencer von Charlotte gestreichelt wurde<\/a><\/p>\n\n\n\n<p>Armin Maiwald erz\u00e4hlt die&nbsp;<br><a href=\"https:\/\/webaid.it\/?page_id=2456\">Sache mit dem Du und \u201cMacht doch, was ihr wollt\u201d<\/a><\/p>\n\n\n\n<p><a href=\"https:\/\/webaid.it\/?page_id=2563\">Die SpencerEnkel stellen sich vor<\/a>:<\/p>\n\n\n\n<p><a href=\"https:\/\/webaid.it\/?page_id=2557\">SpencerEnkel Maxi<\/a>&nbsp;mit&nbsp;<a href=\"https:\/\/www.youtube.com\/@KnutFingerhut\">Knut Fingerhut<\/a><\/p>\n\n\n\n<p><a href=\"https:\/\/webaid.it\/?page_id=2579\">Der SpencerEnkel Janni<\/a><\/p>\n\n\n\n<p><a href=\"https:\/\/webaid.it\/?page_id=2623\">SpencerEnkel Sven<\/a><\/p>\n","protected":false},"excerpt":{"rendered":"<p>Alle Podehlschen Hallo-Spencer-Folgen *** SpencerEnkel Max Jobelius zu Peter Podehls ersten Aufzeichnungen zu den Folgen &#8220;Gesundheit&#8221; und &#8220;Galy und die Katastrophe&#8221; hier ver\u00f6ffentlicht unter dem Titel &#8220;Mut zur Arbeit&#8221; *** Jetzt habe ich mich mal den Gedanken zur Folge &#8220;Gesundheit&#8221; gewidmet.&nbsp; Wie wunderbar, dass der fr\u00fche, noch etwas steife Elvis hier schon ein wenig hysterischer [&hellip;]<\/p>\n","protected":false},"author":1,"featured_media":0,"parent":2804,"menu_order":3,"comment_status":"closed","ping_status":"closed","template":"","meta":{"footnotes":""},"class_list":["post-2871","page","type-page","status-publish","hentry"],"_links":{"self":[{"href":"https:\/\/webaid.it\/index.php?rest_route=\/wp\/v2\/pages\/2871","targetHints":{"allow":["GET"]}}],"collection":[{"href":"https:\/\/webaid.it\/index.php?rest_route=\/wp\/v2\/pages"}],"about":[{"href":"https:\/\/webaid.it\/index.php?rest_route=\/wp\/v2\/types\/page"}],"author":[{"embeddable":true,"href":"https:\/\/webaid.it\/index.php?rest_route=\/wp\/v2\/users\/1"}],"replies":[{"embeddable":true,"href":"https:\/\/webaid.it\/index.php?rest_route=%2Fwp%2Fv2%2Fcomments&post=2871"}],"version-history":[{"count":9,"href":"https:\/\/webaid.it\/index.php?rest_route=\/wp\/v2\/pages\/2871\/revisions"}],"predecessor-version":[{"id":3425,"href":"https:\/\/webaid.it\/index.php?rest_route=\/wp\/v2\/pages\/2871\/revisions\/3425"}],"up":[{"embeddable":true,"href":"https:\/\/webaid.it\/index.php?rest_route=\/wp\/v2\/pages\/2804"}],"wp:attachment":[{"href":"https:\/\/webaid.it\/index.php?rest_route=%2Fwp%2Fv2%2Fmedia&parent=2871"}],"curies":[{"name":"wp","href":"https:\/\/api.w.org\/{rel}","templated":true}]}}