{"id":3005,"date":"2024-06-26T06:17:02","date_gmt":"2024-06-26T06:17:02","guid":{"rendered":"https:\/\/peterpodehl.com\/?page_id=3005"},"modified":"2026-02-19T11:33:33","modified_gmt":"2026-02-19T11:33:33","slug":"gummibarchentransporte-folge-7","status":"publish","type":"page","link":"https:\/\/webaid.it\/?page_id=3005","title":{"rendered":"Gummib\u00e4rchentransporte (Folge 7)"},"content":{"rendered":"\n<p class=\"has-text-align-center\">***<\/p>\n\n\n\n<h2 class=\"wp-block-heading has-text-align-center\">Allererste handschriftliche Aufzeichnungen zur Folge<\/h2>\n\n\n\n<h2 class=\"wp-block-heading has-text-align-center\">\u201cGummib\u00e4rchentransporte\u201d<br>(Folge 7)<\/h2>\n\n\n\n<h2 class=\"wp-block-heading has-text-align-center\">von<\/h2>\n\n\n\n<h2 class=\"wp-block-heading has-text-align-center\">Peter Podehl<br>\u00a9<\/h2>\n\n\n\n<p class=\"has-text-align-center\">Abschrift und Kommentar (ganz unten)<br> von <br>SpencerEnkel Jannik Graf<\/p>\n\n\n\n<p class=\"has-text-align-center\">***<\/p>\n\n\n\n<p><strong>Unfrisierte Gummib\u00e4rchen-Transporte&nbsp;<\/strong><\/p>\n\n\n\n<p>Nachrichtenwesen, Transport und Verkehr (anf\u00e4nglicher Arbeitstitel)<\/p>\n\n\n\n<p>F\u00fcr Spencer ist das die gro\u00dfe Stunde seiner technischen Hilfsmittel: Rohrpost und Visophon, die sich jedoch zu tyrannischen Mitteln wandeln. Er k\u00f6nnte ziemlich hochn\u00e4sig auf Kasis Angebote, alles zu Fu\u00df zu machen, herabschauen, sie dann aber dringend brauchen. Frage, ob es ein Aufh\u00e4nger werden k\u00f6nnte (Aber Vorsicht vor Doublette Baumstamm!), dass er alle zu einem bestimmten Zeitpunkt im Studio versammeln m\u00f6chte. Ja, das w\u00e4re eine gerade und einfache Vorgabe, von der man sich auf Anhieb vorstellen kann, dass sie mit so gro\u00dfen Schwierigkeiten verbunden ist, wie sie dann tats\u00e4chlich auftreten.<\/p>\n\n\n\n<figure class=\"wp-block-image aligncenter size-large\"><img loading=\"lazy\" decoding=\"async\" width=\"1024\" height=\"799\" src=\"https:\/\/webaid.it\/wp-content\/uploads\/2024\/06\/FotoSpencerTagesschauGummib-1024x799.jpg\" alt=\"\" class=\"wp-image-3036\" srcset=\"https:\/\/webaid.it\/wp-content\/uploads\/2024\/06\/FotoSpencerTagesschauGummib-1024x799.jpg 1024w, https:\/\/webaid.it\/wp-content\/uploads\/2024\/06\/FotoSpencerTagesschauGummib-300x234.jpg 300w, https:\/\/webaid.it\/wp-content\/uploads\/2024\/06\/FotoSpencerTagesschauGummib-768x599.jpg 768w, https:\/\/webaid.it\/wp-content\/uploads\/2024\/06\/FotoSpencerTagesschauGummib-1536x1199.jpg 1536w, https:\/\/webaid.it\/wp-content\/uploads\/2024\/06\/FotoSpencerTagesschauGummib-2048x1599.jpg 2048w\" sizes=\"auto, (max-width: 1024px) 100vw, 1024px\" \/><figcaption class=\"wp-element-caption\">Szene aus Gummib\u00e4rchen-Transporte: <br>Die Folge beginnt nach dem Vorspann direkt mit einem variiertem Intro der Tagesschau<\/figcaption><\/figure>\n\n\n\n<p>Zwischendurch prinzipiell: Es ist nicht durchzuhalten, dass Spencer in jeder Sendung scheitert; es ist auch gar nicht w\u00fcnschenswert! Wir schn\u00fcren uns da in ein Korsett, das uns irgendwann schrecklich zwicken wird!<\/p>\n\n\n\n<p>Thema \u201eVerabreden\u201c l\u00e4sst sich breit auswalzen. Generalstabsm\u00e4\u00dfig. <\/p>\n\n\n\n<p>Was Spencer sich zu Anfang ganz einfach und leicht vorstellt: Ich rufe alle per Visophon an, bestelle alle in einer halben Stunde her und ihr werdet sehen: Die Nachricht kommt an, alle begeben sich auf Transport und erreichen im Verkehr das Studio. Dies sollte auch das Ende der Sendung sein. Aber was passiert alles, ehe es so weit ist. <\/p>\n\n\n\n<p>Fragen wir doch einmal ganz magisch beschw\u00f6rend, was uns bei Poldi zum Thema Nachrichtenwesen, Transport und Verkehr einf\u00e4llt. Die erste Antwort: nichts. Die zweite: ist eine Frage. Was hat sein Kampfspruch \u201eIch will dir fressen!\u201c mit dem Thema zu tun. Dass man nicht per Visophon fressen kann. Dass es reizvoll erscheint, am Ende alle auf einen Schlag fressen zu k\u00f6nnen. <\/p>\n\n\n\n<p>Der Gehbehinderte sollte Kasi oder Elvis sein, denen passiert bei einem Botengang (!) was, sodass sie ihren Auftrag nicht zu Ende f\u00fchren k\u00f6nnen. Er muss transportiert (!) werden. Warnung vor Doublette mit A.M.s <em>Baumstamm<\/em>: Alle unterwegs ins Studio! Das haut vielleicht den Grundeinfall um. Ja, das ist nicht gut. <\/p>\n\n\n\n<p>Eigentlich sind doch ein moderierender Spencer und ein Fernsehstudio ideale Ausgangspunkte f\u00fcr eine Sendung \u00fcber Nachrichtenwesen. Auf einem Zettel steht: \u201eSpencer wird seine Information nicht los.\u201c Das halte ich mal wieder nicht f\u00fcr abendf\u00fcllend. <br>Spencer k\u00f6nnte alles, was in Szenen geschieht, anschlie\u00dfend als Nachricht verlesen. Dabei mancherlei Unsinn verzapfen. <br>Elvis fl\u00fcstert ihm was zu. Sofort: \u201eWie wir soeben aus gut informierten Kreisen erfahren\u2026\u201c Es k\u00f6nnte sich als sinnvoll erweisen, Transport und Verkehr wegzulassen. <br>Vorsicht: Wir geraten immer tiefer in die Vorstellung, dass eine durchgehende Handlung erforderlich sei. Das ist nicht der Fall! <\/p>\n\n\n\n<p>Die Fee Galaktika wird kaum ein Defizit an Nachrichten haben, sie wei\u00df alles, bis auf eine Kleinigkeit, die sich aber als sehr wichtig und wissenswert erweisen kann. Ihre Transportprobleme sind so gut wie nicht vorhanden, desgleichen irgendwelche Verkehrsprobleme. Aber sie ist gut f\u00fcr die L\u00f6sung von Problemen. Galaktikas Unwissenheit entsteht aus der Tatsache, dass ihr viel Irdisches nicht wissenswert erscheint. <br>Ist es vielleicht tr\u00e4chtig, wenn Spencer hier vorstellt, er habe nichts vorbereitet, sondern bereite w\u00e4hrend der Sendung alles vor, um zu demonstrieren, wie gut das per Nachricht funktioniert. Kaum, kaum, kaum\u2026 <\/p>\n\n\n\n<p>Ich setze neu an, am 22. Mai [1980], dem Tag, an dem ich diese Folge fertig haben wollte, am M\u00fcnchner Schreibtisch. <br>Das Thema Nachrichtenwesen, Transport und Verkehr signalisiert viel Bewegung, viel Unterwegssein, viel Kommunikation. Eine recht simple Nachricht w\u00e4re gut als Ausgangsposition. Oder eine nicht ganz so simple, deren Verst\u00fcmmelung Durcheinander ausl\u00f6st. Dazu drei Quietschbeus, \u201estille Post\u201c, (Sonnenfinsternis-Zettel beim Milit\u00e4r). <br>Zum Beispiel: mit dem Visophon Lexi anw\u00e4hlen: \u201eLexi, der Kasi kommt jetzt gleich zu dir und sagt dir, du sollst\u2026 Oder: bringt dir (wegen Transport) und sagt dir\u2026 Das stimmt aber inzwischen nicht mehr, sag ihm, er soll das Poldi sagen (vor dem sich Kasi f\u00fcrchtet), der wiederum gesagt gekriegt hat, dass Nepomuk wegen der Zwillinge sich keine grauen Haare wachsen lassen soll, denn Elvis ist zu denen unterwegs, weil die Quietschbeus\u2026\u201c <br>Am Ende sagt Lexi: \u201eKasi war schon hier &#8211; was soll ich machen?\u201c &#8211; \u201eWieso ist denn der Kerl so schnell?\u201c<\/p>\n\n\n\n<p>Es kommt dann zu einer Szene an einer Kreuzung, wo s\u00e4mtliche Figuren auftreten und durcheinanderlaufen. Davor kann Spencer alle per Visophon angew\u00e4hlt haben, aber niemand ist zu Hause. <br>Vielleicht k\u00f6nnte man anfangen mit dem Verpacken eines kleinen Gegenstandes (Samenkorn) in eine gro\u00dfe T\u00fcte (Transport). Vorsicht Doublette Zeit-Bohne, Kaugummi, Gummib\u00e4rchen.<br>Oder 10 Gummib\u00e4rchen, f\u00fcr jeden einen. Das scheint mir tr\u00e4chtig. Und um Nachrichtenwesen zu demonstrieren, bittet Spencer ihm den Dank pers\u00f6nlich zu ganz bestimmten Zeiten (in 23 Minuten) abzustatten. Das scheint mir noch etwas m\u00fchsam konstruiert. Ist das mit dem Visophon besser? Nachricht, dass es angekommen ist. <br>Spencer k\u00f6nnte f\u00fcr das Ganze einen minuti\u00f6s ausgearbeiteten Ablaufplan aufgestellt haben (mit Elvis\u2019 Hilfe (oder Opposition)). <\/p>\n\n\n\n<p>Eben, zur Mittagszeit, Anruf von der Paetow aus Hamburg. Allgemein: Vorsicht vor zu viel durchgehender Handlung! Das ist nicht das, was wir f\u00fcr die kleinen Kinder wollen, das entpers\u00f6nlicht die einzelnen Figuren, es muss sich weiterhin m\u00f6glichst immer um in sich abgeschlossene kleine Stories handeln. Ich sollte das jetzt gleich beherzigen und darauf achten, dass bei aller gro\u00dfen Gemeinaktion solche Szenen bleiben. Das hei\u00dft: Kasi kommt mit seinem \u201eTransport\u201c (von Gummib\u00e4rchen) und seiner \u201eNachricht\u201c (Bitte um Danksagung) immer erst sp\u00e4ter oder mittendrin. <\/p>\n\n\n\n<p>23.05. [1980] <br>Es hilft aber nun wohl alles nichts: Es muss noch ein Katalog aufgestellt werden \u00fcber Einzelszenen und dar\u00fcber, was die einzelnen Figuren mit dem Thema \u201ezu tun haben\u201c. Poldi lebt von einer Nachricht: Ich will dir fressen. Sie ist grammatikalisch, nicht jedoch inhaltlich falsch. Poldi ist neugierig und aufgeschlossen und folglich an allem Neuen (Nachrichten) interessiert. Poldi hat ein gro\u00dfes Maul, in dem er viel transportieren k\u00f6nnte, aber sein Schluckmechanismus ist so eilfertig, dass es statt zum Transport immer zum Fressen kommt. Es k\u00f6nnte sehr komisch sein, wenn er ein Gummib\u00e4rchen im Maul transportieren soll. Und wenn er g\u00e4hnt, verliert er\u2019s. Und Kasi m\u00fcsste ja \u00fcberhaupt Angst haben, zu ihm zu gehen. Und w\u00e4re es nicht vielleicht besser, wenn Kasi den Nepomuk mit zwei Gummib\u00e4rchen zu Poldi schickt, einen f\u00fcr Poldi, einen f\u00fcr\u2026, den er (Poldi) \u2026bringen soll. <br>(Habe soeben auf dem Klo Irmgard Keun gelesen, daher ist mein Stil beeinflusst.) <br>Spencer nun wiegt sich in der Illusion, dass in der ganzen Gemeinde alles bestens l\u00e4uft. <br>Die Idee auf dem Ende der vorigen Seite ist wacklig, weil sie weiterhin Richtung engverkn\u00fcpftes Fernsehspiel l\u00e4uft, was wir ja eher vermeiden wollen. Auf der anderen Seite ist es ein gutes Thema f\u00fcr Poldi: etwas nicht zu fressen. <br>Spencer k\u00f6nnte Kasi einen Zettel mitgeben, auf dem alle Erledigungen draufstehen. Kasi k\u00f6nnte Poldi damit schmeicheln, dass er ihn B\u00e4renfresser nennt, was ihn vielleicht davon abbringt, ihn (Kasi) zu fressen. Es k\u00f6nnte ziemlich langatmig gehen \u00fcber die Reihenfolge: erst Kasi, dann B\u00e4r. Dann kann Kasi ihn nicht mehr B\u00e4renfresser nennen\u2026 Das klingt alles ganz gut.<\/p>\n\n\n\n<p>Lexi meint, B\u00fccher transportierten Gedanken, was nicht ganz leicht zu verstehen ist. Transport von B\u00fcchern ist einfacher. Au\u00dferdem sind B\u00fccher vollgestopft mit Nachrichten. (Poesie ist Nachricht.) <br>Frage, ob die Zwillinge bei Lexi sind und jeder ein anderes Buch lesen. Halten sie [Lexi] f\u00fcr einen Leihbibliothekar? Spiele um die Mittelst\u00fctze herum. <\/p>\n\n\n\n<p>\u201eKann ich das mal lesen?\u201c <br>\u201eJa.\u201c <br>\u201eKann ich das mal lesen?\u201c <br>\u201eHast mich doch gerade erst gefragt.\u201c <br>\u201eIch?\u201c <br>\u201eJa.\u201c \u2026 <\/p>\n\n\n\n<p>Man kann immer nur ein Buch zur gleichen Zeit lesen. Scheint mir tr\u00e4chtig. <\/p>\n\n\n\n<p>Bei Nepomuk erscheinen die Quietschbeus und singen. Er wirft Ger\u00fcmpel auf sie. Da waren es nur noch zwei &#8211; einer &#8211; keiner. Dann singen sie zusammen. Wirft Nepi Ger\u00fcmpel auf sie, weil sie singen oder obwohl sie singen? Oder als Groschenersatz? Gehen wir davon aus, dass die Quietschbeus als \u201eHofs\u00e4nger\u201c Groschen wollen (\u201eDer Nepi ist doch reich.\u201c) Nepomuk wirft aus drei Gr\u00fcnden Ger\u00fcmpel: 1. weil es weg muss, 2. weil sie zu laut sind, 3. als Groschenersatz. <\/p>\n\n\n\n<p>Frage, was wir mit Spencer machen. Ob er haupts\u00e4chlich auf Vollzugsmeldungen wartet? Sie per Visophon einzuholen versucht? Einmal kommt Kasi zu ihm ins Studio, weil er sich nicht traut, zu Poldi zu gehen, wegen Gefressenwerden. <br>Vorsicht: Alles, was Spencer jetzt tut, oder fast alles ist dem Grundthema untergeordnet. Zweifel, ob das gut ist. M\u00fcsste den Figuren nicht viel mehr Eigenleben zugestanden werden? Es muss ja nicht gleich so sein, dass man sich wundert, wieso sie justement was zum Thema parat haben. <\/p>\n\n\n\n<p>Dass ich hier so schwer \u00fcber die Grundsatzgedanken hinauskomme. Ich habe mir eben mal die Szenenfolge vom <em><a href=\"https:\/\/webaid.it\/?page_id=2411\">Aufr\u00e4umen <\/a><\/em>hintereinander aufgeschrieben. Wie viel mehr ist da los an Handlung, Witz, Pepp. Im Grunde sind mir f\u00fcr das Vorliegende noch gar keine richtigen Handlungen, keine Stories eingefallen. Und ich sollte vielleicht vom ganz Simplen ausgehen: Jemandem etwas sagen, ist Nachrichtenwesen, jemandem etwas bringen, ist Transport, zu jemandem gehen, ist Verkehr. Mit einem Mal haben alle was zu transportieren. Mit einem Mal sind alle Verkehrsteilnehmer. <br>Transportmittel: Maul (Poldi), H\u00e4nde (Nepomuk), Wagen aller Arten, K\u00f6rbe am Arm, auf dem Kopf, Taschen (Akten-, Hand-), Koffer, M\u00f6belwagen, Einkaufswagen. Zum Nachrichtenwesen: K\u00f6nnte man alle Szenen nicht anschlie\u00dfend in der Radionachrichtensprache verulken? Oder \u00fcberhaupt mit ihr ausgiebig operieren? Damit k\u00f6nnte man klarmachen, dass zum Zusammenleben von Menschen Politik geh\u00f6rt (Polis = Stadt = Gemeinde).<\/p>\n\n\n\n<p>26.05. [1980] <br>Es ist, als sei meine Phantasie ins Gef\u00e4ngnis gesperrt. (<em>\u201eDie gefesselte Phantasie\u201c <\/em>von Raimund mit K\u00e4the Gold (auch Aribert W\u00e4scher) im Theater in der N\u00fcrnberger Stra\u00dfe (1) in den 30er Jahren. Ich sitze da und es entsteht nichts. Sicher war es gut, gestern kr\u00e4ftig zur\u00fcckzuschalten, aber nun entsteht auch daraus nichts. Es ist wie eine Sperre, ganz unerkl\u00e4rlich. Was ist mit Zeitung? <br>Statt zu arbeiten, habe ich <em>Das kunstseidene M\u00e4dchen <\/em>ausgelesen. <br>Ist es besser, wenn Kasi nur zum Ersten geht, der dann weiter, der n\u00e4chste weiter\u2026? Bei Nepomuk wird Ger\u00fcmpel abgeladen, ist schon Ger\u00fcmpel abgeladen worden. Die Quietschbeus singen dort als Hofs\u00e4nger, sie wollen Groschen, um sich was S\u00fc\u00dfes kaufen zu k\u00f6nnen. <br>Sie k\u00f6nnten von Ger\u00fcmpel zugedeckt werden. Sie sagen immer Danke. Es stellt sich heraus, dass sie daf\u00fcr nichts kaufen k\u00f6nnen. Nepomuk findet singendes Ger\u00fcmpel. (Poldi k\u00f6nnte auch singendes Ger\u00fcmpel finden, das er fressen w\u00fcrde, wenn er rank\u00e4me.) <br>Nicht kaputtmachen die Hofs\u00e4ngersituation: was aus dem Fenster schmei\u00dfen. Das w\u00e4re Ger\u00fcmpel. <br>\u201eGeht weg, singendes Ger\u00fcmpel kann ich nicht brauchen!\u201c <br>Missverst\u00e4ndnism\u00f6glichkeit: Sie wollen das von Nepi Bekommene verh\u00f6kern, Kasi gibt ihnen Gummib\u00e4rchen, sie glauben, tauschen gegen das Ger\u00fcmpel. Kasi schenkt von Spencer. <br>Die Frage, wie weit Spencer die einzelnen Szenen verfolgt, steht noch einmal an, ist ja noch nicht grunds\u00e4tzlich beantwortet. Ich meine, dass ein Moderator wei\u00df, was in den Beitr\u00e4gen seiner Sendung vorgeht, zumindest kann er sie sich ansehen. Und wenn er das nicht tut, dann hat er einen triftigen Verhinderungsgrund. Maiwald macht davon meiner Meinung nach sogar zu dicken Gebrauch. Ist gar nicht so grunds\u00e4tzlich, sondern klar: Spencer wei\u00df, was vorgeht, zumindest was vorgehen sollte, und, von Ausnahmen abgesehen: was vorgegangen ist. Es ist nun noch einmal gr\u00fcndlich zu r\u00e4sonnieren \u00fcber die Szene bei Lexi. Und das bedeutet, wenn wir sie so lassen, r\u00e4sonnieren \u00fcber die Zwillinge. Gehen wir davon aus, dass Lexi an seiner Lexiklop\u00e4die arbeitet, dass ihm das Kommen der Zwillinge st\u00f6rend ist, dass ihr Wunsch jedoch, etwas lesen zu k\u00f6nnen, einen B\u00fcchermenschen erfreut. Das schafft dem Lexi eine ambivalente Haltung. Schwieriger, die Zwillinge zu entwerfen: Dass sie Lexis Haus f\u00fcr eine B\u00fccherei halten, scheint nur gut (\u201eEiner kann doch nicht so viele B\u00fccher f\u00fcr sich allein haben!\u201c). Sie wollen lesen, was Lexi erfreut, aber sie k\u00f6nnen es gar nicht. (Buch falschrum halten) Das ist auch gute Ambivalenz. F\u00fchrt es zu etwas, wenn sie keine Buchstabenb\u00fccher, sondern Bilderb\u00fccher, um nicht zu sagen: Comics suchen? Kaum. Woran kann man euch denn unterscheiden? An dem Namen. Sehr gut. Nein, solange nicht Tosima ein T, Kosima ein K als Brosche tragen. Dauernd sagen: Ich bin Tosima, ich bin Kosima\u2026 oder bei jeder \u00c4u\u00dferung: Ich, Tosima, frage dich\u2026 Warum muss man uns unterscheiden? Es ist eine so sch\u00f6n wie die andere. <br>Leute, wie Lexi k\u00f6nnen mit Leuten, wie Tosima und Kosima schwerlich in irgendeine haltbare Kommunikation geraten. Lexi und Kosima sind dagegen, dass Tosima tobt, aber Lexi ist auch dagegen, dass Kosima kost. Lexi k\u00f6nnte sie als Studienobjekte betrachten\/behandeln, was sie sich kaum gefallen lassen d\u00fcrften. Das alles sind keine Handlungen, keine darstellbaren Begebenheiten! Die Zwillingen k\u00f6nnten klauen oder klauen wollen.<\/p>\n\n\n\n<p>29.05. [1980] <br>Tr\u00e4chtig ist allein: Die Zwillinge wollen an Kastanien ran. Sie brauchen Wurfwerkzeuge oder etwas, was sie h\u00f6her stehen macht. Zu beiden k\u00f6nnen B\u00fccher dienen (entfremdet werden). Lexi wiegt sich in dem Glauben, \u00e4u\u00dferst lesehungrige Damen bei sich zu haben. Nun die Kn\u00fcpfung des dramatischen Knotens: Kastanie bei Lexis Haus, Zwillinge machen L\u00e4rm, weil sie zu klein sind, nicht hoch genug kommen, Lexi beschwert sich. <\/p>\n\n\n\n<p>\u201eWir holen uns B\u00fccher.\u201c <br>\u201eAber ich will Kastanien.\u201c <br>\u201eDeshalb B\u00fccher.\u201c <br>\u201eAber wir k\u00f6nnen doch gar nicht lesen.\u201c <br>\u201eWir wollen mit den B\u00fcchern werfen!\u201c <\/p>\n\n\n\n<p>Szene bei Lexi. <br>\u201eGuten Tag, Lexi.\u201c <br>\u201eGuten Tag, ihr zwei.\u201c <br>\u201eWenn ich Lexi zu dir sage, kannst du auch meinen Namen sagen.\u201c <br>\u201eWie hei\u00dft du denn?\u201c <br>\u201eDu wei\u00dft doch, dass wir Tosima und Kosima hei\u00dfen.\u201c<\/p>\n\n\n\n<figure class=\"wp-block-image aligncenter size-large\"><img loading=\"lazy\" decoding=\"async\" width=\"1024\" height=\"730\" src=\"https:\/\/webaid.it\/wp-content\/uploads\/2024\/06\/FotoKosimaTosimaUnfrisiertGummib-1-1024x730.jpg\" alt=\"\" class=\"wp-image-3032\" srcset=\"https:\/\/webaid.it\/wp-content\/uploads\/2024\/06\/FotoKosimaTosimaUnfrisiertGummib-1-1024x730.jpg 1024w, https:\/\/webaid.it\/wp-content\/uploads\/2024\/06\/FotoKosimaTosimaUnfrisiertGummib-1-300x214.jpg 300w, https:\/\/webaid.it\/wp-content\/uploads\/2024\/06\/FotoKosimaTosimaUnfrisiertGummib-1-768x548.jpg 768w, https:\/\/webaid.it\/wp-content\/uploads\/2024\/06\/FotoKosimaTosimaUnfrisiertGummib-1-1536x1096.jpg 1536w, https:\/\/webaid.it\/wp-content\/uploads\/2024\/06\/FotoKosimaTosimaUnfrisiertGummib-1-2048x1461.jpg 2048w\" sizes=\"auto, (max-width: 1024px) 100vw, 1024px\" \/><figcaption class=\"wp-element-caption\">Standfotografie aus dem September 1980: <br>Erst kurz vor Drehbeginn der zweiten Staffel wurden die Zwillinge Tosima und Kosima in <br>Mona und Lisa umbenannt<em>. <\/em><\/figcaption><\/figure>\n\n\n\n<p><\/p>\n\n\n\n<p>Sie suchen nach gro\u00dfen und kleinen [B\u00fcchern]. Lexi wundert sich \u00fcber die Titel und den ungeheuren Lesehunger. &#8211; Kosima z\u00f6gert, so nahe von Lexis Behausung zu werfen. Aber Tosima fragt, ob sie die Kastanie ausgraben sollen, blo\u00df damit Lexi nichts sieht, oder sein Haus wegtragen (Transport). Sie werfen, stellen sich hoch (was Puppenschwierigkeiten macht, deshalb erst Hochstellversuche, die scheitern, dann werfen). Dann ein h\u00f6chst emp\u00f6rter Lexi. Zwischendurch Nachrichten von Spencer (Lufttransport\u2026). Kasi kommt mit Gummib\u00e4rchen. Zwillinge nehmen zwei. \u201eZwei f\u00fcr euch.\u201c 2&#215;2, soviel sind nicht da! \u201eDu hast gesagt, zwei f\u00fcr euch.\u201c Lexi meint, die Zwillinge werden auch noch belohnt. Kasi kl\u00e4rt auf. B\u00fccher transportieren einen hoch, was sonst eine Leiter, ein Flugzeug t\u00e4te. Oder ein Hocker. Kasi ist ein Nachrichtenwesen. Teufelchen klaut ein Gummib\u00e4rchen. Kasi hat nur noch eines f\u00fcr Galaktika. Alle B\u00fccher zur\u00fcck. Abgeschlossen!!! <\/p>\n\n\n\n<p>Bei dem Verkehrsunfall m\u00fcssten sich alle hinsetzen: Spencer dazu, abfragen. Elvis erste Hilfe. Elvis sagt den Satz den Zuschauern vor, immer wieder. Teufelchen auf der anderen Seite verdreht. Gro\u00dfe Final-Apotheose mit dem Satz von allen gesprochen und verdreht. Kasi wird abgefragt, ob er alle Gummib\u00e4rchen ausgeliefert hat. Jajaja. Der Lexi hat gesagt, ich sei ein Nachrichtenwesen. Poldi? Nein. (hat er verdr\u00e4ngt.) Aber er hat nur noch eines, f\u00fcr Poldi, nein f\u00fcr Galy. Wie soll man die erreichen? Spencer hat Teufelchen beim Klauen gesehen. \u201eHier hast du noch eins f\u00fcr Poldi.\u201c <\/p>\n\n\n\n<p>Ich ahne eine ziemlich dicke, sich immer mehr verwirrende Geschichte, die aus Spencers \u00dcberdampf entsteht. Da jagen (!) sich Nachrichten. Da m\u00fcssen herausgegebene Nachrichten zur\u00fcckgenommen werden.<\/p>\n\n\n\n<p class=\"has-text-align-right\">\u00a9 P.P. <\/p>\n\n\n\n<p><\/p>\n\n\n\n<p class=\"has-text-align-left\">(1) Gemeint ist wahrscheinlich das <em>Deutsche K\u00fcnstlertheater <\/em>in Berlin-Tiergarten; das Privattheater bestand von 1911 bis 1943 in der N\u00fcrnberger Str. 70-71. Zuletzt war es als \u201eKleines Haus\u201c den Staatstheatern und damit Gustaf Gr\u00fcndgens als Generalintendant unterstellt.&nbsp;<br><br>Claudias Kommentar<br>Mein Vater erz\u00e4hlte, er sei bereits als Kind oft ins Theater &#8220;um die Ecke&#8221; gegangen. Die Familie wohnte in der W\u00fcrzburger Stra\u00dfe. Weshalb Janniks Vermutungen durchaus berechtigt sind. <\/p>\n\n\n\n<p class=\"has-text-align-left\"><\/p>\n\n\n\n<p><\/p>\n\n\n\n<p><strong>Janniks Kommentar: <\/strong><br>Peter Podehls im Mai 1980 konzipierte Episode <em>Gummib\u00e4rchen-Transporte <\/em>(007) trug bis zu den Dreharbeiten im September den Arbeitstitel <em>Nachrichtenwesen, Transport und Verkehr<\/em>, welcher so schon auf Podehls Themenliste an den NDR vom 29. Januar zu lesen war. Dort hei\u00dft es au\u00dferdem bereits unter anderem: \u201eZiemlich sicher Kasis gro\u00dfe Stunde. Man kann eine Eierkiste nicht per Telefon expedieren, aber man muss eine Nachricht nicht per pedes \u00fcberbringen.\u201c Die sich ebenfalls unter den insgesamt zw\u00f6lf von Podehl erdachten Vorschl\u00e4gen in diesem fr\u00fchen Themenkatalog befindlichen Titel <em>W\u00fcnsche und Wunscherf\u00fcllungen <\/em>und <em>Einsamkeit &#8211; Gemeinsamkeit <\/em>bearbeitete er im Anschluss an die handschriftliche Konzeption der <em>Gummib\u00e4rchen-Transporte<\/em>. Parallel dazu arbeitete er au\u00dferdem an seinem Drehbuch zu <em><a href=\"https:\/\/webaid.it\/?page_id=2411\">Gro\u00dfes Aufr\u00e4umen<\/a> <\/em>(010), welches als allererstes klassisches, von Podehl verfasstes \u201eRunddorfbuch\u201c fertiggestellt wurde &#8211; wobei von einem Runddorf im eigentlichen Sinne bei der Produktion der 1980er Staffel noch keine Rede sein konnte. Erst im darauffolgenden Produktionsjahr wurde die Anordnung der Kulissen im Studio Hamburg festgelegt und Podehl inszenierte die ersten von zahllosen Kamerafahrten durch das kreisf\u00f6rmig angelegte Dorf. Podehl stellte das Buch zu <em>Nachrichtenwesen, Transport und Verkehr <\/em>am 7. Juli fertig (ebenso wie das Drehbuch zur Folge <em>Viele W\u00fcnsche <\/em>(006))<em>. <\/em>Vom 5. bis 10. September 1980 wurde es im Atelier 4 des Studio Hamburg als die zweite Folge der neuen Staffel vom Autor inszeniert. Die Erstausstrahlung der <em>Gummib\u00e4rchen-Transporte <\/em>erfolgte schlie\u00dflich am 31. Oktober um 18 Uhr in den Programmen des Norddeutschen, Westdeutschen und Hessischen Rundfunks.&nbsp;<\/p>\n\n\n\n<p class=\"has-text-align-right\">\u00a9 Jannik Graf <\/p>\n\n\n\n<p><\/p>\n","protected":false},"excerpt":{"rendered":"<p>*** Allererste handschriftliche Aufzeichnungen zur Folge \u201cGummib\u00e4rchentransporte\u201d(Folge 7) von Peter Podehl\u00a9 Abschrift und Kommentar (ganz unten) von SpencerEnkel Jannik Graf *** Unfrisierte Gummib\u00e4rchen-Transporte&nbsp; Nachrichtenwesen, Transport und Verkehr (anf\u00e4nglicher Arbeitstitel) F\u00fcr Spencer ist das die gro\u00dfe Stunde seiner technischen Hilfsmittel: Rohrpost und Visophon, die sich jedoch zu tyrannischen Mitteln wandeln. Er k\u00f6nnte ziemlich hochn\u00e4sig auf Kasis [&hellip;]<\/p>\n","protected":false},"author":1,"featured_media":0,"parent":2811,"menu_order":7,"comment_status":"closed","ping_status":"closed","template":"","meta":{"footnotes":""},"class_list":["post-3005","page","type-page","status-publish","hentry"],"_links":{"self":[{"href":"https:\/\/webaid.it\/index.php?rest_route=\/wp\/v2\/pages\/3005","targetHints":{"allow":["GET"]}}],"collection":[{"href":"https:\/\/webaid.it\/index.php?rest_route=\/wp\/v2\/pages"}],"about":[{"href":"https:\/\/webaid.it\/index.php?rest_route=\/wp\/v2\/types\/page"}],"author":[{"embeddable":true,"href":"https:\/\/webaid.it\/index.php?rest_route=\/wp\/v2\/users\/1"}],"replies":[{"embeddable":true,"href":"https:\/\/webaid.it\/index.php?rest_route=%2Fwp%2Fv2%2Fcomments&post=3005"}],"version-history":[{"count":39,"href":"https:\/\/webaid.it\/index.php?rest_route=\/wp\/v2\/pages\/3005\/revisions"}],"predecessor-version":[{"id":4464,"href":"https:\/\/webaid.it\/index.php?rest_route=\/wp\/v2\/pages\/3005\/revisions\/4464"}],"up":[{"embeddable":true,"href":"https:\/\/webaid.it\/index.php?rest_route=\/wp\/v2\/pages\/2811"}],"wp:attachment":[{"href":"https:\/\/webaid.it\/index.php?rest_route=%2Fwp%2Fv2%2Fmedia&parent=3005"}],"curies":[{"name":"wp","href":"https:\/\/api.w.org\/{rel}","templated":true}]}}