{"id":3087,"date":"2024-07-01T16:58:20","date_gmt":"2024-07-01T16:58:20","guid":{"rendered":"https:\/\/peterpodehl.com\/?page_id=3087"},"modified":"2026-02-19T12:01:37","modified_gmt":"2026-02-19T12:01:37","slug":"eupa-und-ro","status":"publish","type":"page","link":"https:\/\/webaid.it\/?page_id=3087","title":{"rendered":"Eupa und Ro"},"content":{"rendered":"\n<p class=\"has-text-align-center\">***<\/p>\n\n\n\n<h1 class=\"wp-block-heading has-text-align-center\">Eupa und Ro<\/h1>\n\n\n\n<p class=\"has-text-align-center\"><strong>Ein Kontinent wird einberufen<\/strong><\/p>\n\n\n\n<p class=\"has-text-align-center\">***<\/p>\n\n\n\n<p>Peters Kommentar von 2010<br><br>Das war ein gro\u00dfer Wurf, genauer Entwurf. Mit dem Malerfreund Erwin Hahs konnte man sowas machen. Das Wort \u201cMalerfreund\u201d gef\u00e4llt mir. Erwin war beides \u2013 zugleich.&nbsp;Einer der ganz wenigen&nbsp;Freunde in meinem Leben.<br>Wir scheiterten bravour\u00f6st! Keine B\u00fchne hat das St\u00fcck auch nur erwogen; in manchen Dramaturgien blieb es kurze Zeit kleben, zum Beispiel in Kassel. Aber man frage mich nicht nach Einzelheiten. Das St\u00fcck hat seine Aktualit\u00e4t verloren. Gr\u00fcndlich.&nbsp; Der Kontinent schaukelt \u2013 eher geruhsam \u2013 auf hoher See. Da muss niemand mehr k\u00e4mpfen. Kunst schon gar nicht! &nbsp;Nun ist es Historie. Nun sagt man: \u201eWei\u00dft du noch?\u201c Nehmt es nun also als eine Ausstellung aus historischer Vergangenheit. Erg\u00f6tzt euch am Pathos, am dramatischen Witz, an der F\u00fclle, \u00e4rgert euch \u00fcber mancherlei. Eine Auff\u00fchrung br\u00e4chte unergiebige Reibereien zwischen den Auff\u00fchrenden und ihrem Publikum. Ein Lesest\u00fcck ist es geworden, was nie beabsichtigt war.<br>Der Malerfreund hat danach seinen Beitrag geleistet, auf meine Bitte B\u00fchnenbilder entworfen. Hier sind sie, zum ersten Mal ver\u00f6ffentlicht. Wunderbarer sp\u00e4ter Freund Erwin, der schon lange nicht mehr lebt.<br>Wie das so geht. Die Bilder \u00fcberlebten ihn. Erg\u00f6tzt euch daran!<\/p>\n\n\n\n<p>Mandela, Juli 2010<\/p>\n\n\n\n<figure class=\"wp-block-image aligncenter size-full\"><img loading=\"lazy\" decoding=\"async\" width=\"640\" height=\"480\" src=\"https:\/\/webaid.it\/wp-content\/uploads\/2024\/06\/Geburt-europa.jpg\" alt=\"\" class=\"wp-image-3091\" srcset=\"https:\/\/webaid.it\/wp-content\/uploads\/2024\/06\/Geburt-europa.jpg 640w, https:\/\/webaid.it\/wp-content\/uploads\/2024\/06\/Geburt-europa-300x225.jpg 300w\" sizes=\"auto, (max-width: 640px) 100vw, 640px\" \/><figcaption class=\"wp-element-caption\">Erwin Hahs &#8211; &#8220;Die Geburt der Europa&#8221;<\/figcaption><\/figure>\n\n\n\n<p>Claudias Kommentar:<br>Nun ja, so geruhsam scheint das mit dem schaukelnden Kontinent eigentlich nicht mehr zu sein. <br>Und auch, dass Kunst nicht mehr k\u00e4mpfen m\u00fcsste.<br>Lest das St\u00fcck und sagt mir, wie aktuell ihr es findet.<\/p>\n\n\n\n<p>Danke<\/p>\n\n\n\n<p class=\"has-text-align-center\">***<\/p>\n\n\n\n<p><a href=\"https:\/\/webaid.it\/?page_id=3087\">Eupa und Ro &#8211; Peters Podehls Kommentar von 2010<\/a><\/p>\n\n\n\n<p><a href=\"https:\/\/webaid.it\/?page_id=3094\">Eupa und Ro &#8211; Titel und Personen<\/a><\/p>\n\n\n\n<p><a href=\"https:\/\/webaid.it\/?page_id=3106\">Eupa und Ro &#8211; Szene 1 &#8211; EINLEITUNG<\/a><\/p>\n\n\n\n<p><a href=\"https:\/\/webaid.it\/?page_id=3124\">Eupa und Ro &#8211; Entre act 1 und Szene 2 &#8211; BILDENDE KUNST<\/a><\/p>\n\n\n\n<p><a href=\"https:\/\/webaid.it\/?page_id=3129\">Eupa und Ro &#8211; Entre act 2 und Szene 3 &#8211; OBDACHLOSIGKEIT<\/a><\/p>\n\n\n\n<p><a href=\"https:\/\/webaid.it\/?page_id=3142\">Eupa und Ro &#8211; Entre act 3 und Szene 4 &#8211; MASKENBALL<\/a><\/p>\n\n\n\n<p><a href=\"https:\/\/webaid.it\/?page_id=3160\">Eupa und Ro &#8211; Szene 5 &#8211; PROZESS<\/a><\/p>\n\n\n\n<p><a href=\"https:\/\/webaid.it\/?page_id=3173\">Eupa und Ro &#8211; Entre act 4 und Szene 6 &#8211; GRENZSTATION<\/a><\/p>\n","protected":false},"excerpt":{"rendered":"<p>*** Eupa und Ro Ein Kontinent wird einberufen *** Peters Kommentar von 2010 Das war ein gro\u00dfer Wurf, genauer Entwurf. Mit dem Malerfreund Erwin Hahs konnte man sowas machen. Das Wort \u201cMalerfreund\u201d gef\u00e4llt mir. Erwin war beides \u2013 zugleich.&nbsp;Einer der ganz wenigen&nbsp;Freunde in meinem Leben.Wir scheiterten bravour\u00f6st! Keine B\u00fchne hat das St\u00fcck auch nur erwogen; [&hellip;]<\/p>\n","protected":false},"author":1,"featured_media":0,"parent":175,"menu_order":2,"comment_status":"closed","ping_status":"closed","template":"","meta":{"footnotes":""},"class_list":["post-3087","page","type-page","status-publish","hentry"],"_links":{"self":[{"href":"https:\/\/webaid.it\/index.php?rest_route=\/wp\/v2\/pages\/3087","targetHints":{"allow":["GET"]}}],"collection":[{"href":"https:\/\/webaid.it\/index.php?rest_route=\/wp\/v2\/pages"}],"about":[{"href":"https:\/\/webaid.it\/index.php?rest_route=\/wp\/v2\/types\/page"}],"author":[{"embeddable":true,"href":"https:\/\/webaid.it\/index.php?rest_route=\/wp\/v2\/users\/1"}],"replies":[{"embeddable":true,"href":"https:\/\/webaid.it\/index.php?rest_route=%2Fwp%2Fv2%2Fcomments&post=3087"}],"version-history":[{"count":10,"href":"https:\/\/webaid.it\/index.php?rest_route=\/wp\/v2\/pages\/3087\/revisions"}],"predecessor-version":[{"id":4491,"href":"https:\/\/webaid.it\/index.php?rest_route=\/wp\/v2\/pages\/3087\/revisions\/4491"}],"up":[{"embeddable":true,"href":"https:\/\/webaid.it\/index.php?rest_route=\/wp\/v2\/pages\/175"}],"wp:attachment":[{"href":"https:\/\/webaid.it\/index.php?rest_route=%2Fwp%2Fv2%2Fmedia&parent=3087"}],"curies":[{"name":"wp","href":"https:\/\/api.w.org\/{rel}","templated":true}]}}