{"id":3094,"date":"2024-07-01T17:01:10","date_gmt":"2024-07-01T17:01:10","guid":{"rendered":"https:\/\/peterpodehl.com\/?page_id=3094"},"modified":"2026-02-19T12:01:59","modified_gmt":"2026-02-19T12:01:59","slug":"eupa-und-ro-titel","status":"publish","type":"page","link":"https:\/\/webaid.it\/?page_id=3094","title":{"rendered":"Eupa und Ro &#8211; Titel"},"content":{"rendered":"\n<p class=\"has-text-align-center\">***<\/p>\n\n\n\n<h1 class=\"wp-block-heading has-text-align-center\"><strong>Eupa und Ro<\/strong>   <\/h1>\n\n\n\n<h2 class=\"wp-block-heading has-text-align-center\"><strong>Ein Kontinent wird einberufen<\/strong><\/h2>\n\n\n\n<h3 class=\"wp-block-heading has-text-align-center\"><strong>Gute Reise.<\/strong><\/h3>\n\n\n\n<p class=\"has-text-align-center\">***<\/p>\n\n\n\n<h2 class=\"wp-block-heading has-text-align-center\">Schau-Spiel mit Musik und Tanz<br>von<br>Peter Podehl<\/h2>\n\n\n\n<p class=\"has-text-align-center\">**<\/p>\n\n\n\n<p class=\"has-text-align-center\">Alle Rechte beim Verfasser<\/p>\n\n\n\n<p class=\"has-text-align-center\">Peter Podehl<\/p>\n\n\n\n<p class=\"has-text-align-center\">Alle Rechte der Bilder bei den Erben von Erwin Hahs<\/p>\n\n\n\n<p><\/p>\n\n\n\n<figure class=\"wp-block-image aligncenter size-large\"><img loading=\"lazy\" decoding=\"async\" width=\"768\" height=\"1024\" src=\"https:\/\/webaid.it\/wp-content\/uploads\/2024\/06\/Eupa-und-Ro-768x1024.jpg\" alt=\"\" class=\"wp-image-3103\" srcset=\"https:\/\/webaid.it\/wp-content\/uploads\/2024\/06\/Eupa-und-Ro-768x1024.jpg 768w, https:\/\/webaid.it\/wp-content\/uploads\/2024\/06\/Eupa-und-Ro-225x300.jpg 225w, https:\/\/webaid.it\/wp-content\/uploads\/2024\/06\/Eupa-und-Ro-1152x1536.jpg 1152w, https:\/\/webaid.it\/wp-content\/uploads\/2024\/06\/Eupa-und-Ro-1536x2048.jpg 1536w, https:\/\/webaid.it\/wp-content\/uploads\/2024\/06\/Eupa-und-Ro-scaled.jpg 1920w\" sizes=\"auto, (max-width: 768px) 100vw, 768px\" \/><figcaption class=\"wp-element-caption\"><br>Erwin Hahs: Eupa und Ro &#8211; Figurine<\/figcaption><\/figure>\n\n\n\n<p class=\"has-text-align-center\"><\/p>\n\n\n\n<h2 class=\"wp-block-heading has-text-align-center\"><\/h2>\n\n\n\n<p><\/p>\n\n\n\n<figure class=\"wp-block-table\"><table><tbody><tr><td><br><\/td><td>Schauspielerinnen und Schauspieler<br><br><\/td><td>T\u00e4nzerinnen und T\u00e4nzer<\/td><\/tr><tr><td>Szene 1<br>EINLEITUNG<\/td><td>Eupa <br>Ro <br>Tutou <br>Der General <br>Der Tod <br>Der Schaffner <br>Der Lokomotivf\u00fchrer <br>Der US-Soldat Zwei Soldaten<br><br><\/td><td>Eupa <br>Ro <br>Putzkolonne Girl-Truppe Soldaten<\/td><\/tr><tr><td><br><\/td><td><br><\/td><td><br><\/td><\/tr><tr><td>Entre act 1<\/td><td>Tutou<\/td><td><br><\/td><\/tr><tr><td><br><\/td><td><br><\/td><td><br><\/td><\/tr><tr><td>Szene 2&nbsp;<br>BILDENDE KUNST<\/td><td>Eupa <br>Ro <br>Tutou <br>Der General<\/td><td>Eupa <br>Ro <br>Touristen<\/td><\/tr><tr><td><br><\/td><td><br><\/td><td><br><\/td><\/tr><tr><td>Entre act 2<\/td><td>Tutou<br>Der Schaffner <br>Der Lokomotivf\u00fchrer<br><br><\/td><td><br><\/td><\/tr><tr><td><br><\/td><td><br><\/td><td><br><\/td><\/tr><tr><td>Szene 3&nbsp;<br>OBDACHLOSIGKEIT<\/td><td>Eupa <br>Ro <br>Tutou <br>Konstantin <br>Agatha <br>Der 9. Mann <br>Die 9. Frau <br>Der Zeitungsverk\u00e4ufer <br>Alter Mann <br>Der Vermieter&nbsp;&nbsp;(sp\u00e4ter Bewohner)<br><br><\/td><td>Eupa <br>Ro <br>Wohnungssuchende&nbsp;&nbsp;(sp\u00e4ter Bewohner)<\/td><\/tr><tr><td><br><\/td><td><br><\/td><td><br><\/td><\/tr><tr><td>Entre act 3<\/td><td>Tutou <br>Der Schaffner <br>Das M\u00e4dchen <br>Junge 1 <br>Junge 2<br><br><\/td><td><br><\/td><\/tr><tr><td><br><\/td><td><br><\/td><td><br><\/td><\/tr><tr><td>Szene 4<br>MASKENBALL<\/td><td>Eupa <br>Ro <br>Tutou <br>Der General <br>Der Maskierte <br>Die Maskierte<br><br><\/td><td>Eupa <br>Ro <br>Maskierte<\/td><\/tr><tr><td><br><\/td><td><br><\/td><td><br><\/td><\/tr><tr><td>Pause<br><br><\/td><td><br><\/td><td><br><\/td><\/tr><tr><td><br><\/td><td><br><\/td><td><br><\/td><\/tr><tr><td>Szene 5&nbsp;<br>PROZESS<\/td><td>Tutou <br>Der <br>Schaffner <br>Der General <br>Der Tod <br>Das M\u00e4dchen <br>Junge 1 <br>Junge 2<br><br><\/td><td>Eupa <br>Junge Leute<\/td><\/tr><tr><td><br><\/td><td><br><\/td><td><br><\/td><\/tr><tr><td>Entre Act 4<\/td><td>Tutou <br>Das M\u00e4dchen <br>Junge 1 <br>Junge 2<br><br><\/td><td><br><\/td><\/tr><tr><td><br><\/td><td><br><\/td><td><br><\/td><\/tr><tr><td>Szene 6<br>GRENZSTATION<\/td><td>Eupa <br>Ro <br>Tutou <br>Violetta <br>Der Stationsvorsteher&nbsp;(ehemals Schaffner) <br>Das M\u00e4dchen <br>Junge 1 <br>Junge 2<br><br><\/td><td>Eupa <br>Ro <br>Reisende<\/td><\/tr><\/tbody><\/table><\/figure>\n\n\n\n<p class=\"has-text-align-center\">***<\/p>\n\n\n\n<p><a href=\"https:\/\/webaid.it\/?page_id=3087\">Eupa und Ro &#8211; Peters Podehls Kommentar von 2010<\/a><\/p>\n\n\n\n<p><a href=\"https:\/\/webaid.it\/?page_id=3094\">Eupa und Ro &#8211; Titel und Personen<\/a><\/p>\n\n\n\n<p><a href=\"https:\/\/webaid.it\/?page_id=3106\">Eupa und Ro &#8211; Szene 1 &#8211; EINLEITUNG<\/a><\/p>\n\n\n\n<p><a href=\"https:\/\/webaid.it\/?page_id=3124\">Eupa und Ro &#8211; Entre act 1 und Szene 2 &#8211; BILDENDE KUNST<\/a><\/p>\n\n\n\n<p><a href=\"https:\/\/webaid.it\/?page_id=3129\">Eupa und Ro &#8211; Entre act 2 und Szene 3 &#8211; OBDACHLOSIGKEIT<\/a><\/p>\n\n\n\n<p><a href=\"https:\/\/webaid.it\/?page_id=3142\">Eupa und Ro &#8211; Entre act 3 und Szene 4 &#8211; MASKENBALL<\/a><\/p>\n\n\n\n<p><a href=\"https:\/\/webaid.it\/?page_id=3160\">Eupa und Ro &#8211; Szene 5 &#8211; PROZESS<\/a><\/p>\n\n\n\n<p><a href=\"https:\/\/webaid.it\/?page_id=3173\">Eupa und Ro &#8211; Entre act 4 und Szene 6 &#8211; GRENZSTATION<\/a><\/p>\n","protected":false},"excerpt":{"rendered":"<p>*** Eupa und Ro Ein Kontinent wird einberufen Gute Reise. *** Schau-Spiel mit Musik und TanzvonPeter Podehl ** Alle Rechte beim Verfasser Peter Podehl Alle Rechte der Bilder bei den Erben von Erwin Hahs Schauspielerinnen und Schauspieler T\u00e4nzerinnen und T\u00e4nzer Szene 1EINLEITUNG Eupa Ro Tutou Der General Der Tod Der Schaffner Der Lokomotivf\u00fchrer Der US-Soldat [&hellip;]<\/p>\n","protected":false},"author":1,"featured_media":0,"parent":3087,"menu_order":2,"comment_status":"closed","ping_status":"closed","template":"","meta":{"footnotes":""},"class_list":["post-3094","page","type-page","status-publish","hentry"],"_links":{"self":[{"href":"https:\/\/webaid.it\/index.php?rest_route=\/wp\/v2\/pages\/3094","targetHints":{"allow":["GET"]}}],"collection":[{"href":"https:\/\/webaid.it\/index.php?rest_route=\/wp\/v2\/pages"}],"about":[{"href":"https:\/\/webaid.it\/index.php?rest_route=\/wp\/v2\/types\/page"}],"author":[{"embeddable":true,"href":"https:\/\/webaid.it\/index.php?rest_route=\/wp\/v2\/users\/1"}],"replies":[{"embeddable":true,"href":"https:\/\/webaid.it\/index.php?rest_route=%2Fwp%2Fv2%2Fcomments&post=3094"}],"version-history":[{"count":18,"href":"https:\/\/webaid.it\/index.php?rest_route=\/wp\/v2\/pages\/3094\/revisions"}],"predecessor-version":[{"id":4492,"href":"https:\/\/webaid.it\/index.php?rest_route=\/wp\/v2\/pages\/3094\/revisions\/4492"}],"up":[{"embeddable":true,"href":"https:\/\/webaid.it\/index.php?rest_route=\/wp\/v2\/pages\/3087"}],"wp:attachment":[{"href":"https:\/\/webaid.it\/index.php?rest_route=%2Fwp%2Fv2%2Fmedia&parent=3094"}],"curies":[{"name":"wp","href":"https:\/\/api.w.org\/{rel}","templated":true}]}}