{"id":3287,"date":"2024-07-28T15:17:08","date_gmt":"2024-07-28T15:17:08","guid":{"rendered":"https:\/\/peterpodehl.com\/?page_id=3287"},"modified":"2024-10-11T06:27:38","modified_gmt":"2024-10-11T06:27:38","slug":"unfrisiert-definition","status":"publish","type":"page","link":"https:\/\/webaid.it\/?page_id=3287","title":{"rendered":"&#8220;Unfrisiert&#8221; &#8211; Definition"},"content":{"rendered":"\n<p><\/p>\n\n\n\n<h2 class=\"wp-block-heading has-text-align-center\">***<\/h2>\n\n\n\n<h2 class=\"wp-block-heading has-text-align-center\">&#8220;Unfrisiert&#8221; &#8211; Definition<\/h2>\n\n\n\n<p class=\"has-text-align-center\">***<\/p>\n\n\n\n<p class=\"has-text-align-center\">Podehls ureigenste Gedanken<br>vor der Niederschrift von<br>&#8220;offiziellen&#8221;<br>Szenarien und Drehb\u00fcchern<\/p>\n\n\n\n<p class=\"has-text-align-center\">***<\/p>\n\n\n\n<p>Wir ver\u00f6ffentlichen hier nat\u00fcrlich nicht die Drehb\u00fccher als solche. Die kennt ihr ja.<\/p>\n\n\n\n<p>Wir ver\u00f6ffentlichen Peter Podehls allererste Aufzeichnungen zu einer Folge.<\/p>\n\n\n\n<p>Mag sein, dass da einiges aus diesen unfrisierten Gedanken nicht immer sofort verst\u00e4ndlich ist. Es waren seine ureigensten Kreaturen, die er gar nicht f\u00fcr die \u00d6ffentlichkeit schrieb. Er schrieb, strich durch, machte Einf\u00fcgungen, mit Nummerchen, am Rand. Einf\u00fcgungen in die Einf\u00fcgungen. ER kannte sich da bestens aus. WIR arbeiten oft in einem unglaublichen Wust von beidseitig beschriebenen Bl\u00e4ttern, wo die R\u00fcckseite aus irgendwelchen fr\u00fcheren Aufzeichnungen \u00fcberhaupt nichts mit der Vorderseite zu tun hat. <br>Er war kein Papierverschwender.<\/p>\n\n\n\n<p>Wir ver\u00f6ffentlichen diese Gedanken, weil die wahren SpencerFans, die die Folgen ja bereits alle kennen, hier nachspionieren k\u00f6nnen, wie viele wunderbare Ideen geboren wurden, welche dann in der Folge landeten, welche es nicht schafften, welche wom\u00f6glich in einer sp\u00e4teren Folge &#8220;verbraten&#8221; wurden. Wie ganze Szenen entstanden und verworfen wurden. Wie Podehl die Figuren, ihre Pers\u00f6nlichkeit entwickelte, heraussch\u00e4lte. Sein Kampf mit dem Teufelchen, dem B\u00f6sen, das ihm so gar nicht behagte, wie er immer wieder an seine Zielgruppe dachte, was die Zuschauer in solchen Situationen denken, empfinden. Wie wunderbar er sich in diese Zielgruppe hineindenken konnte.<\/p>\n\n\n\n<p>In wen? &#8211; Na, die Kinder nat\u00fcrlich.<\/p>\n\n\n\n<p>Viel Spa\u00df beim St\u00f6bern!<\/p>\n\n\n\n<p class=\"has-text-align-right\">Claudia Podehl<\/p>\n","protected":false},"excerpt":{"rendered":"<p>*** &#8220;Unfrisiert&#8221; &#8211; Definition *** Podehls ureigenste Gedankenvor der Niederschrift von&#8220;offiziellen&#8221;Szenarien und Drehb\u00fcchern *** Wir ver\u00f6ffentlichen hier nat\u00fcrlich nicht die Drehb\u00fccher als solche. Die kennt ihr ja. Wir ver\u00f6ffentlichen Peter Podehls allererste Aufzeichnungen zu einer Folge. Mag sein, dass da einiges aus diesen unfrisierten Gedanken nicht immer sofort verst\u00e4ndlich ist. Es waren seine ureigensten Kreaturen, [&hellip;]<\/p>\n","protected":false},"author":1,"featured_media":0,"parent":2811,"menu_order":2,"comment_status":"closed","ping_status":"closed","template":"","meta":{"footnotes":""},"class_list":["post-3287","page","type-page","status-publish","hentry"],"_links":{"self":[{"href":"https:\/\/webaid.it\/index.php?rest_route=\/wp\/v2\/pages\/3287","targetHints":{"allow":["GET"]}}],"collection":[{"href":"https:\/\/webaid.it\/index.php?rest_route=\/wp\/v2\/pages"}],"about":[{"href":"https:\/\/webaid.it\/index.php?rest_route=\/wp\/v2\/types\/page"}],"author":[{"embeddable":true,"href":"https:\/\/webaid.it\/index.php?rest_route=\/wp\/v2\/users\/1"}],"replies":[{"embeddable":true,"href":"https:\/\/webaid.it\/index.php?rest_route=%2Fwp%2Fv2%2Fcomments&post=3287"}],"version-history":[{"count":6,"href":"https:\/\/webaid.it\/index.php?rest_route=\/wp\/v2\/pages\/3287\/revisions"}],"predecessor-version":[{"id":3398,"href":"https:\/\/webaid.it\/index.php?rest_route=\/wp\/v2\/pages\/3287\/revisions\/3398"}],"up":[{"embeddable":true,"href":"https:\/\/webaid.it\/index.php?rest_route=\/wp\/v2\/pages\/2811"}],"wp:attachment":[{"href":"https:\/\/webaid.it\/index.php?rest_route=%2Fwp%2Fv2%2Fmedia&parent=3287"}],"curies":[{"name":"wp","href":"https:\/\/api.w.org\/{rel}","templated":true}]}}