{"id":3296,"date":"2024-10-11T06:30:13","date_gmt":"2024-10-11T06:30:13","guid":{"rendered":"https:\/\/peterpodehl.com\/?page_id=3296"},"modified":"2026-02-19T11:39:42","modified_gmt":"2026-02-19T11:39:42","slug":"maxmolly-unfrisiert","status":"publish","type":"page","link":"https:\/\/webaid.it\/?page_id=3296","title":{"rendered":"Max&amp;Molly &#8211; Unfrisiert"},"content":{"rendered":"\n<p class=\"has-text-align-center\"><a href=\"https:\/\/www.youtube.com\/watch?v=m8kmZ7acrnM\">Alle Podehlschen Hallo-Spencer-Folgen<\/a><\/p>\n\n\n\n<p class=\"has-text-align-center\">***<\/p>\n\n\n\n<h2 class=\"wp-block-heading has-text-align-center\">Allererste handschriftliche Aufzeichnungen <\/h2>\n\n\n\n<h2 class=\"wp-block-heading has-text-align-center\">zu <\/h2>\n\n\n\n<h2 class=\"wp-block-heading has-text-align-center\">\u201cMax&amp;Molly&#8221;<\/h2>\n\n\n\n<h2 class=\"wp-block-heading has-text-align-center\">von<\/h2>\n\n\n\n<h2 class=\"wp-block-heading has-text-align-center\">Peter Podehl<br>\u00a9<\/h2>\n\n\n\n<h2 class=\"wp-block-heading has-text-align-center\"><em>(die allerdings dann nicht verwendet wurden<\/em>)<\/h2>\n\n\n\n<p class=\"has-text-align-center\">***<\/p>\n\n\n\n<p class=\"has-medium-font-size\"><strong>Max&amp;Molly &#8211; Unfrisiert<\/strong><\/p>\n\n\n\n<p>(Vorsicht: Was folgt ist alles eine g\u00f6ttliche Spinnerei. Wie es dann laufen und insbesondere enden soll, kommt nicht gerade klar heraus. &#8211; Total unfrisiert eben.)<\/p>\n\n\n\n<p>Max und Molly sind die Identifikationsfiguren der Kinder-Zuschauer: wissensdurstige Forscher mit viel Eigeninitiative, aber auch gro\u00dfe Warum-Frager, eifrig, erfolgshungrig, kinderklug, und -t\u00f6richt, mutig, sehr einfallsreich, gelegentlich hilflos und machtlos und verzagt, immer spielerisch (bis verspielt) und erfinderisch, die oft verbl\u00fcffende Querverbindungen herstellen; manches sollte sich aus ihrer Weltansicht lernen lassen.&nbsp;<\/p>\n\n\n\n<p>Mit einem Verb im Imperativ (&#8220;Entdeckt&#8221; &#8211; &#8220;Sucht&#8221; &#8211; &#8220;Forscht nach &#8230;&#8221;) verklickert Spencer das jeweilige Thema und schickt sie auf Reise: Max &amp; Molly gehen mit gro\u00dfem Kindereifer als Reporter an die Erforschung und Eroberung der Welt, genauer: des Themas. Das Wort &#8220;Reporter&#8221; sei ein wenig eingeschr\u00e4nkt: Max &amp; Mollys Aufbruch hat auch immer was vom Start einer Weltraumf\u00e4hre, vom Abmarsch einer Expedition ins Unbekannte mit Funktionskontrollen und vielen Checks. Und au\u00dferdem: jede Art von erwachsenen\u00e4hnlichem Reporter-Bla-Bla vermeiden sie peinlich.&nbsp;<\/p>\n\n\n\n<p><\/p>\n\n\n\n<p>Buchstaben &#8211; Sonne<\/p>\n\n\n\n<p>1 Hat Poldi die Buchstaben gefressen?<br>2 Sonne ist Max&#8217; Freund<br>3 Zu Wasser, zu Lande, zu Luft und zu Weltraum<br>4 Welche Farbe hat das Alphabet?<\/p>\n\n\n\n<p>Max Molly und kein S<\/p>\n\n\n\n<p>1 &#8211; Sollte ich in meiner neu entbrannten Wegschmei\u00dfwut die Notizen zu dieser Folge weggeschmissen haben? Ich finde sie nicht. Obwohl ich doch bei Spencer mit zwei Leitz-Ordnern leidlich Ordnung halte. Nun also fangen wir an:<\/p>\n\n\n\n<p>2 &#8211; HALLO PENCER steht da in Leuchtschrift im Studio.&nbsp;<\/p>\n\n\n\n<p>Wieso? Das S k\u00f6nnte a) kaputt gegangen b) gestohlen worden sein, es k\u00f6nnte c) in Reparatur sein. Es k\u00f6nnte aber auch weg sein, ohne dass die vier Studioisten wissen, wieso. Es k\u00f6nnte Reiz darin liegen, dass alle Pencer sagen und nicht wissen, wieso. Abk\u00fcrzung? Kosename? Dann erst entdecken sie die l\u00e4dierte Schrift.&nbsp;<\/p>\n\n\n\n<p>3 &#8211; Es w\u00e4re ganz schrecklich grunds\u00e4tzlich zu \u00fcberlegen, welche Voraussetzungen und welche Folgen das fehlende S haben wird. Die Folgen sind unabsehbar. Hier wird erste Kanalisierung n\u00f6tig.&nbsp;<\/p>\n\n\n\n<p>3a &#8211; Kann man grunds\u00e4tzlich sagen: Spencers S ist, aus welchen Gr\u00fcnden auch immer, weg. Es kann nur durch das Original ersetzt werden, denn jedes Ersatz-S fehlt woanders. (2) <em>Und das passt auch nicht, ist keine Leuchtschrift, geht also nicht. Der nun folgende Satz nach der (2) stimmt dann nicht mehr<\/em>:&nbsp;Die Logik sagt: nein, denn es gibt eine unendliche Anzahl von S, es ist dauernd neu produzierbar.&nbsp;<\/p>\n\n\n\n<p>4 &#8211; Suchen, tappen wir ein bisschen, nach dem kognitiven Anteil der Folge:<br>Ein einzelner Buchstabe ist ihr Gegenstand, zun\u00e4chst auch nur in einem Namen. Merkw\u00fcrdigerweise spinne ich immer, dass gerade der kognitive Anteil die Phantasie-Anteile belebt.<br>Dass beschriebene Seiten weg sind, ein Hund, eine M\u00fctze, &#8211; aber ein S? Gerade darin aber liegt ein besonderer Reiz.<\/p>\n\n\n\n<p>5 &#8211; Vision: Max &amp; Molly sammeln viele S ein, bringen sie ins Studio. <em>(1) Die passen aber alle nicht.<\/em> Die um ihre S&#8217; Bestohlenen marschieren auf, eine Mau, (die endung mit der Mau),&nbsp; ein arg, die Binnen- und die Auen-Alter. Am schlimmsten ist Fris\u00f6r Sichsaff (<em>seitlich &#8220;Pichsaff&#8221;<\/em>) aus der Saseler Chaussee sechs dran, der ist jetzt Fri\u00f6r Ichaff, Aeler Chauee eckk.<\/p>\n\n\n\n<p>6 &#8211; Eine schwierige Klammer ist gar nicht durchgedacht: Das S geschrieben, und das S gesprochen.<br>Genau da aber liegt die Magie!<br>Das geschriebene S ist eigentlich kaum zu klauen, man k\u00f6nnte es ausradieren oder mit Tipp-Ex fluid unsichtbar machen.&nbsp;<br>Das gesprochene S ist &#8211; ja, mein Lieber, was ist denn das? Was Akustisches. Jedenfalls nie Eigentum, nie Konkretes, Sichtbares.&nbsp;<\/p>\n\n\n\n<p>6a &#8211; Etwas anderes ist es mit dem S aus der Leuchtstoffr\u00f6hre, das am Anfang des Namens Spencer steht.&nbsp;<\/p>\n\n\n\n<p>7 &#8211; Vielleicht f\u00fchrt auch die Frage weiter: Wie k\u00f6nnte so eine Sendung enden? Indem ein Installateur das reparierte S zur\u00fcckbringt. Das w\u00e4re eine ganz gute L\u00f6sung, weil sie vorher die wildesten Vermutungen erlaubt.&nbsp;<\/p>\n\n\n\n<p>8 &#8211; &#8220;Jetzt leuchtet blo\u00df noch der Pencer, und wenn noch einer das P klaut, dann leuchtet nur noch Encer <em>(am Rand: erst C, dann ist Penner dazwischen)<\/em>. Und das C weg, dann ist nur noch Ener (gesprochen Eeener).<\/p>\n\n\n\n<p><strong>27.1.<\/strong><\/p>\n\n\n\n<p>9 &#8211; Mit beachtlichem Schuss setze ich mich an die Brotarbeit. Auf drei Seiten so wenig Stoff, aus dem eine Sendung zu machen w\u00e4re.<\/p>\n\n\n\n<p>10 &#8211; Ich rekapituliere das D\u00fcrftige:<br>Das S ist weg, keiner wei\u00df wieso. Eindeutiger Auftrag f\u00fcr das Bananamobil: Das oder ein S zu beschaffen.&nbsp;<br>Aber in dem bestimmten oder unbestimmten Artikel liegt die ganze Schwierigkeit. (1) &gt;&gt;20<\/p>\n\n\n\n<p>11 &#8211; Beachtlich, wie viel schrift\u00fcberfluteter ist die Stadt im Gegensatz zu Land.<\/p>\n\n\n\n<p>12 &#8211; Es w\u00e4re doch Buchstabines ganz gro\u00dfe Folge!<\/p>\n\n\n\n<p>13 &#8211; Pencer ist ja ein Kr\u00fcppel (Vorsicht!) Ein verkr\u00fcppelter Name, eher ein unvollst\u00e4ndiger.&nbsp;<\/p>\n\n\n\n<p>14 &#8211; In der Sache schlummern gro\u00dfe Dinge. Aber ich habe gr\u00f6\u00dfte Schwierigkeiten sie zu wecken.&nbsp;<\/p>\n\n\n\n<p>15 &#8211; Vielleicht liegen Reize darin, dass die verschiedensten Buchstaben weggehen und wiederkommen.&nbsp;<\/p>\n\n\n\n<p>16 &#8211; Vielleicht m\u00fcssen die Buchstaben zum T\u00dcV.&nbsp;<\/p>\n\n\n\n<p>17 &#8211; Was Elvis hier aus der Videothek beisteuern kann, ist sehr schwierig.<br>Irgendwelche Filme \u00fcber Buchstaben m\u00fcssten aufzutreiben sein.&nbsp;<br>Gibt doch auch so lustige ABCs.<\/p>\n\n\n\n<p>18 &#8211; Das Verkehrszeichen Kurve<br>Das umgedrehte Fragezeichen. Was ist mit dem Punkt?<\/p>\n\n\n\n<p>20 &#8211; Sich mit dem Bananamobil in die Stadt zu st\u00fcrzen, um Pencers S zu finden, das ist die Nadel im Heuhaufen. Dar\u00fcber kann es Auseinandersetzungen unter den Vieren geben.<\/p>\n\n\n\n<p>20a &#8211; Wie auch immer gell? Diesmal muss Molly vorne sitzen.<br>Nun passt es eher zu Max, sich auf die Suche nach der Nadel im Heuhaufen zu machen.<\/p>\n\n\n\n<p>21 &#8211; Es fehlt recht eindeutig der Handlungsstrang, um den sich etwas ranken l\u00e4sst.<\/p>\n\n\n\n<p>22 &#8211; Wenn nun Buchstabine das S h\u00e4tte? Wenn Molly das w\u00fcsste, ahnte, k\u00f6nnte sie plausibler als Kommandantin wegfahren. &nbsp;<br>Buchstaben als Buchstaben-T\u00dcV.<br>Ob dies oder nicht, dass sie das S hat, ist sicher gut. Aber was k\u00f6nnte ein solcher T\u00dcV sein? Die Formelli k\u00f6nnte im T\u00dcV-Beirat sitzen, dito MissTone<br>T\u00dcV = Technischer \u00dcberwachungsverein.&nbsp;<\/p>\n\n\n\n<p>23 &#8211; Das w\u00e4re aber eine Entwicklung im Sinne: Viele Buchstaben sind oder gehen weg: S &#8211; (Penner) -P &#8211; Ener &#8211; E &#8211; ner&nbsp; N oder r &#8211; ne oder er &#8211; R oder N &#8211; e Hallo<\/p>\n\n\n\n<p>24 &#8211; \u00dcberlege, ob ein Reiz darin l\u00e4ge, dass die Vier die Sache immer besser bewachen wollen, sich \u00fcber das Wie streiten und schon ist ein Buchstabe weg.&nbsp;<\/p>\n\n\n\n<p>24a &#8211; Beim Letzten kriegt nur Molly mit, dass Buchstabine oder Protzikowski sie abholen.<br>Aber, das bedeutet fr\u00fche Gewissheit. Sie k\u00f6nnten ja schon zwischendurch oder gleich nach dem S mal starten und suchen.<br>Das klingt ganz plausibel.&nbsp;<\/p>\n\n\n\n<p>25 &#8211; Max &amp; Molly UND DIE BUCHSTABEN, DER BUCHSTABENSCHWUND, DER BUCHSTABENKLAU, UND DIE GEKLAUTEN BUCHSTABEN.<br>Der Titel ist zu lang und nicht griffig genug.<\/p>\n\n\n\n<p>26 &#8211; F\u00fcr Mac Tsal ist ein S halb 8.<\/p>\n\n\n\n<p>27 &#8211; Die Passabilit\u00e4t darf mich nicht daran hindern, den surrealistischen Spa\u00df-Seiten der Sache gro\u00dfe Aufmerksamkeit zu widmen.<\/p>\n\n\n\n<p>28 &#8211; Erneuter Anlauf, sehr konkret zu werden.&nbsp;<br>Das S ist weg. Erst dadurch, dass Molly sagt &#8220;Hallo Pencer&#8221;, werden Spencer und Elvis darauf aufmerksam. Unterm Gerede, was da passiert sein k\u00f6nnte, verschwindet das C. &#8220;Hallo Penner!&#8221; Spencer wirft Elvis vor, nicht aufzupassen. Elvis weist solche Pflicht weit von sich. Aber ab sofort wollen sie alle Viere aufpassen. Sie starren hin. Es ist mopsig. Sie wollen eine Woche organisieren <em>(1) Da brauchen nicht dauernd acht Augen hinzustarren, zwei gen\u00fcgen. &#8211; Aber da auch das nicht so einfach ist, wer zuerst? etc <\/em>&#8211; verschwindet auch noch das erste E. Jetzt h\u00e4lt Molly nichts mehr. Mit &#8220;Haltet den Dieb&#8221; saust sie mit Max im Bananamobil, Detektive, Polizisten, auf der Suche nach S, P. E&#8230;<br>Elvis wei\u00df nicht, ob er jetzt einen Detektivfilm laufen lassen soll, oder S-P-E-Filme. Er will mal nachsehen, was er \u00fcberhaupt da hat.&nbsp;<\/p>\n\n\n\n<p>29 &#8211; Was tun aber nun Max &amp; Molly in der Stadt? Zun\u00e4chst wollen sie ja dem Buchstabendieb auf die Spur kommen. Da kann einige Spannung erzeugt werden. Aber es kann zu keinem Erfolg f\u00fchren.&nbsp;<\/p>\n\n\n\n<p>30 &#8211; Schwer wiegt nun die Frage, wie an die Ersatz-S kommen. Max &amp; Molly k\u00f6nnen keinesfalls klauen.&nbsp;<br>Kann das Bananamobil?<\/p>\n\n\n\n<p>31 &#8211; Russisch Brot.&nbsp;<\/p>\n\n\n\n<p>32 &#8211; Leute fragen, ob man ein S mitnehmen kann. Unverst\u00e4ndlich, dass die Leute das nicht erlauben wollen.&nbsp;<\/p>\n\n\n\n<p>33 &#8211; Aber wieso geh\u00f6rt Schrift denn nicht jedem? Buchstaben-Besitz, gibt es das? Kann wer von sich behaupten, er besitze den Buchstaben S?<br>Das ist an sich eine reizvolle juristische aber auch besitz-kindliche Frage.&nbsp;<br>Wenn sie die Buchstabendiebe im Studio verfolgen, dann k\u00f6nnen sie nicht selbst Buchstaben klauen. Dies ist gravierender Einwand.&nbsp;<\/p>\n\n\n\n<p>34 &#8211; Es ist schwer vorstellbar, dass wir das Abhandenkommen der Buchstaben im Studio nicht als Gaunerei empfinden.&nbsp;<br>Das impliziert, dass Max &amp; Molly keinerlei Buchstaben in der \u00d6ffentlichkeit wegnehmen oder gar klauen k\u00f6nnen! Das k\u00f6nnte auch diskutiert werden.&nbsp;<\/p>\n\n\n\n<p>34a &#8211; Aber mir fiel ein: ein Aufruf \u00fcber Lautsprecher aus dem Bananamobil &#8211; &#8220;Spencer sucht sein S, sein C sein P&#8230;&#8221; <em>(3) = Sie k\u00f6nnen doch nicht mit leeren H\u00e4nden zum Demontierten zur\u00fcckkommen!<\/em> Verschafft ihm eine F\u00fclle von Buchstaben der allerverschiedensten Art.&nbsp; &#8220;Der kleine rinz&#8221;, A russisch Brot <em>(2) = Monogramme, winzige Buchstaben aus der Zeitung.<\/em> Das halbe Bamobil (1) <em>= wird vollgeladen.<\/em><\/p>\n\n\n\n<p>35 &#8211; Dem Spencer, vor allem dem Elvis k\u00f6nnte das schrecklich peinlich sein.&nbsp;<\/p>\n\n\n\n<p>36 &#8211; Das Surreale lie\u00dfe sich retten, wenn zum Beispiel Wasser aus der Au\u00dfen-Alster spritzte: &#8220;Ich bin jetzt nur noch die Auen-Alter! F\u00fcr Spencer tue ich alles.&#8221;<\/p>\n\n\n\n<p>37 &#8211; Das w\u00e4re aber dann eigentlich am sch\u00f6nsten, wenn vorher alles bei Spencer demontiert w\u00e4re bis auf ein e.<\/p>\n\n\n\n<p>Und sie bitten um S &#8211; P &#8211; N &#8211; C &#8211; R &#8211; E.<\/p>\n\n\n\n<p>38 &#8211; Wasserhose = Waerhoe.<\/p>\n\n\n\n<p>39 &#8211; Das mit dem Sammeln scheint ein \u00e4u\u00dferst gl\u00fccklicher Einfall zu sein.&nbsp;<br>Aber: wenn wir da einfach weitermachen, kommen wir auf eine wahnsinnig knappe Dramaturgie.&nbsp;<\/p>\n\n\n\n<p>39a &#8211; Max &amp; Molly k\u00f6nnten unverrichteter Dinge &#8211; Buchstabendiebe nicht gefangen habend, Nadel im Heuhaufen&nbsp; &#8211; zur\u00fcckkehren. Spencer geht es sehr schlecht, ein Mensch ohne Namen, der welkt dahin. <em>(seitlich: Wir lange h\u00e4lt man es ohne Namen aus? Dann aber schon nach drei Buchstaben das 1. Mal weg.) <\/em>Das jammert Molly, und sie startet erneut. Elvis: &#8220;Wieso denn das? Tankf\u00fcllung?&#8221;<br>Molly verr\u00e4t nichts.&nbsp;<br>Denn die Buchstabensammlung<\/p>\n\n\n\n<p>40 &#8211; Mal ein bisschen weitertorkeln:<\/p>\n\n\n\n<p><strong>Szene 5<\/strong><br>Es entstehen im Studio die ungeheuerlichsten Buchstabenzusammenstellungen, lustig sicher, aber eine L\u00f6sung auf Dauer? Nein, Elvis ist da ganz entscheiden dagegen.&nbsp;<br>Und armer Spencer leidet an mancherlei rheumatischen Schmerzen im Angesicht der Vielfalt.&nbsp;<\/p>\n\n\n\n<p>41 &#8211; Spencer tut es jedes mal weh, wenn ein Buchstabe geklaut wird: Schulter, Bauch, Hinterkopf, WS.<\/p>\n\n\n\n<p>41 &#8211; So. Immerhin bis dato f\u00fcnf sch\u00f6ne Takes.<br>Aber nun bitte eine gute dramaturgische Br\u00fccke, um die Knubbels ins Spiel zu bringen.&nbsp;<\/p>\n\n\n\n<p>43 &#8211; L\u00e4dierter Spencer erregt viel Mitleid, noch mehr Wut auf die Buchstabendiebe.&nbsp;<\/p>\n\n\n\n<p>44 &#8211; &#8220;Und Spencer geht vor die Hunde!&#8221; &#8211; &#8220;Was macht Spencer vor den Hunden ?&#8221;<\/p>\n\n\n\n<p>44a &#8211; Das ist vorausgedacht. Gedankenweg: Max sagt mal wieder: Die sind bei den Knubbels. Was alle idiotisch finden.<br>Wieso fahren Max &amp; Molly (Tankf\u00fcllung) dann trotzdem hin? Weil da Buchstabine ist? In die Max verknallt ist? &#8220;Ich fahre dich hin zu deiner Liebsten&#8221;. Eigentlich m\u00fcsste Max sich ja weigern, einzusteigen, wenn er derma\u00dfen auf den Arm genommen wird. Kann er auch, dann bei den Kubbeln anrufen, im Sinne 46<br>Also irgendwie dramaturgische Verzahnung w\u00e4re schon wichtig.&nbsp;<br>&#8220;Wie sagt man denn auf der Insel dazu?&#8221; Die Motivation lautet doch: Die zustande gebrachte Schrift geht so nicht, Spencer hat noch Schmerzen, die alten Buchstaben m\u00fcssen also her. So weit &#8211; so gut.<\/p>\n\n\n\n<p>45 &#8211; Wie aber kommen die Knubbels ins Spiel? Rufen sie an: Die Buchstaben k\u00f6nnen abgeholt werden, sind alle durch. -?- Durch den T\u00dcV! Aber das nimmt den Reiz der T\u00dcV-Untersuchung. In der Knubbels-Szene liegt hier ein gro\u00dfer Charme! Am liebsten w\u00fcrde ich ohne Max &amp; Molly zu den Knubbels springen.&nbsp;<\/p>\n\n\n\n<p>46 &#8211; Umgekehrt: Bei den Knubbels anrufen, nach den Buchstaben fragen und zum gr\u00f6\u00dften Erstaunen erfahren, dass sie bei denen sind. &#8211; ? &#8211; <em>(1) Die sind mitten im T\u00dcV, die k\u00f6nnt ihr nicht sofort wiederhaben.<\/em> &#8220;Ja, wusstet ihr denn nicht, dass Buchstabine alle zwei Jahre den Buchstaben-T\u00dcV machen muss? <em>Seitlich: Buchstaben m\u00fcssen alle zwei Jahre zum Buchstabinen-T\u00dcV.<\/em><br>Harter Schnitt auf Knubbels Insel.<\/p>\n\n\n\n<p>47 &#8211; Jetzt dringend darauf achten, dass der Schluss nicht v\u00f6llig absackt &gt;&gt; 49<br>Vielleicht auf dem Weg \u00fcber Spencers Schmerzen.<\/p>\n\n\n\n<p>48 &#8211; Die surreale Szene lie\u00dfe sich mit einem Fragezeichen bereichern.<br>Was wird mit dem Punkt?<\/p>\n\n\n\n<p>49 &#8211; Suche nach Einverleibung von 5. Die um die Buchstaben Bestohlenen kommen ins Studio und beschweren sich. Nein.&nbsp;<br>Bestohlen k\u00f6nnen sie nur worden sein, wenn Sammler gestohlen haben. Nein.<br>Es k\u00f6nnen aber auch Leute sein (oder ein Leut), die die Sammlung bereuen oder ohne das Gespendete nun nicht mehr leben k\u00f6nnen.<\/p>\n\n\n\n<p>49a!!! &#8211; Wenn es aus Namen stammt, haben die Spender Schmerzen! Monogramm.<\/p>\n\n\n\n<p>50 &#8211; Der Schluss ist wunderbar!<br>Molly will alle im Bananamobil zum Doktor fahren. Wieso wissen die Kranken, dass sie bei Spencer Heilung finden? Radionachrichten <em>(1) Die sollten alle mitkriegen.<\/em> Sie wissen ja 52<\/p>\n\n\n\n<p>51 &#8211; Spencer &gt;&gt; Spender<\/p>\n\n\n\n<p>52 &#8211; wof\u00fcr sie gespendet haben<br>Blaulicht? Martinshorn?<br>Vorsicht vor falschen Alarmen<br>Vielleicht eine Einzelperson besser? oder SENTA und RENATE Ansteckmonogramme<br>S P E N C E R &nbsp; REN A TE<br>&nbsp; &nbsp; &nbsp; &nbsp; CEN TA<br>ERN A &nbsp; SEN TA&nbsp; RENE&nbsp;<br>Sie k\u00f6nnen mit dem Rest noch gehen<\/p>\n\n\n\n<p>53 &#8211; Spencer fotografiert die kuriosen Buchstabenreihungen<\/p>\n\n\n\n<p>54 &#8211; Sie wollen &#8211; genesen &#8211; ein Autogramm.<\/p>\n\n\n\n<p class=\"has-text-align-right\">\u00a9 Peter Podehl<\/p>\n\n\n\n<p class=\"has-text-align-center\">***<\/p>\n\n\n\n<p class=\"has-text-align-center\">***<\/p>\n\n\n\n<p id=\"block-73793118-2b26-4bbe-9360-3ebbbb8a6fd6\"><a href=\"https:\/\/webaid.it\/?page_id=3287\">Definition \u201cUnfrisiert\u201d<\/a><\/p>\n\n\n\n<p><a href=\"https:\/\/webaid.it\/?page_id=2411\">Unfrisierte Gedanken<\/a>&nbsp;an die Hallo-Spencer-Redaktion<br>Grunds\u00e4tzliche Gedanken zu Hallo Spencer anl\u00e4sslich der Erarbeitung des Drehbuchs \u201cAufr\u00e4umen\u201d (sp\u00e4ter Folge 10)<br>April 1980<\/p>\n\n\n\n<p><a href=\"https:\/\/webaid.it\/?page_id=2989\">Viele W\u00fcnsche<\/a>&nbsp;(Folge 6)<br>Juni 1980<\/p>\n\n\n\n<p><a href=\"https:\/\/webaid.it\/?page_id=3005\">Gummib\u00e4rchentransporte&nbsp;<\/a>(Folge 7)<br>Mai 1980<\/p>\n\n\n\n<p>Unfrisierte&nbsp;<a href=\"https:\/\/webaid.it\/?page_id=3279\">Einsamkeit<\/a>&nbsp;(Folge 14)<\/p>\n\n\n\n<p><a href=\"https:\/\/webaid.it\/?page_id=3407\">Schneewittchen<\/a>&nbsp;(Folge 25)<\/p>\n\n\n\n<p>In K\u00fcrze: Zu frisierender Traumexpress<\/p>\n\n\n\n<p><a href=\"https:\/\/webaid.it\/?page_id=3572\">Folge 87 \u2013 Die Unvollendete<\/a>&nbsp;\u2013 Kasi braucht Hilfe&nbsp;<\/p>\n\n\n\n<p class=\"has-text-align-center\">***<\/p>\n\n\n\n<p><a href=\"https:\/\/webaid.it\/?page_id=2419\">Peter Podehl, der Spencer-Geschichtenerz\u00e4hler<\/a><\/p>\n\n\n\n<p><a href=\"https:\/\/webaid.it\/?page_id=2694\">Die Drehb\u00fccher eines Komikers<\/a><br>Grundsatzanweisungen an die Puppenspieler \u2013 zu den Folgen \u201cViele W\u00fcnsche\u201d, \u201cGummib\u00e4rchen-Transporte\u201d, \u201cGro\u00dfes Aufr\u00e4umen\u201d und \u201cEinsamkeit\u201d und alle anderen Folgen<br>September 1980<\/p>\n\n\n\n<p><a href=\"https:\/\/webaid.it\/?page_id=614\">Der Sprachaufpasser f\u00fcrs Deutsche und Puppenpoesie<\/a><br>Peter Podehls Pr\u00e4sentation<br>an der Dolmetscher- und \u00dcbersetzer-Universit\u00e4t S.Pio V in Rom<br>von 2006<br>Da gibt\u2019s viel Wortspielereien und auch einen Bericht dar\u00fcber, mit wem er die Folgen absprach, bevor er sie schrieb.<\/p>\n","protected":false},"excerpt":{"rendered":"<p>Alle Podehlschen Hallo-Spencer-Folgen *** Allererste handschriftliche Aufzeichnungen zu \u201cMax&amp;Molly&#8221; von Peter Podehl\u00a9 (die allerdings dann nicht verwendet wurden) *** Max&amp;Molly &#8211; Unfrisiert (Vorsicht: Was folgt ist alles eine g\u00f6ttliche Spinnerei. Wie es dann laufen und insbesondere enden soll, kommt nicht gerade klar heraus. &#8211; Total unfrisiert eben.) Max und Molly sind die Identifikationsfiguren der Kinder-Zuschauer: [&hellip;]<\/p>\n","protected":false},"author":1,"featured_media":0,"parent":2811,"menu_order":60,"comment_status":"closed","ping_status":"closed","template":"","meta":{"footnotes":""},"class_list":["post-3296","page","type-page","status-publish","hentry"],"_links":{"self":[{"href":"https:\/\/webaid.it\/index.php?rest_route=\/wp\/v2\/pages\/3296","targetHints":{"allow":["GET"]}}],"collection":[{"href":"https:\/\/webaid.it\/index.php?rest_route=\/wp\/v2\/pages"}],"about":[{"href":"https:\/\/webaid.it\/index.php?rest_route=\/wp\/v2\/types\/page"}],"author":[{"embeddable":true,"href":"https:\/\/webaid.it\/index.php?rest_route=\/wp\/v2\/users\/1"}],"replies":[{"embeddable":true,"href":"https:\/\/webaid.it\/index.php?rest_route=%2Fwp%2Fv2%2Fcomments&post=3296"}],"version-history":[{"count":26,"href":"https:\/\/webaid.it\/index.php?rest_route=\/wp\/v2\/pages\/3296\/revisions"}],"predecessor-version":[{"id":4469,"href":"https:\/\/webaid.it\/index.php?rest_route=\/wp\/v2\/pages\/3296\/revisions\/4469"}],"up":[{"embeddable":true,"href":"https:\/\/webaid.it\/index.php?rest_route=\/wp\/v2\/pages\/2811"}],"wp:attachment":[{"href":"https:\/\/webaid.it\/index.php?rest_route=%2Fwp%2Fv2%2Fmedia&parent=3296"}],"curies":[{"name":"wp","href":"https:\/\/api.w.org\/{rel}","templated":true}]}}