{"id":3346,"date":"2024-10-11T05:37:19","date_gmt":"2024-10-11T05:37:19","guid":{"rendered":"https:\/\/peterpodehl.com\/?page_id=3346"},"modified":"2025-02-24T17:46:47","modified_gmt":"2025-02-24T17:46:47","slug":"charlottes-spruche-zum-80-geburtstag","status":"publish","type":"page","link":"https:\/\/webaid.it\/?page_id=3346","title":{"rendered":"Charlottes Spr\u00fcche &#8211; zum 80. Geburtstag"},"content":{"rendered":"\n<p><\/p>\n\n\n\n<h2 class=\"wp-block-heading has-text-align-center\">***<\/h2>\n\n\n\n<p class=\"has-text-align-center\"><strong>Aus gegebenem Anlass sagte Charlotte<\/strong><\/p>\n\n\n\n<div class=\"wp-block-group has-global-padding is-layout-constrained wp-block-group-is-layout-constrained\">\n<h2 class=\"wp-block-heading has-text-align-center\"><strong>Die gesammelten Aphorismen ihrer spontanen Art<\/strong><\/h2>\n\n\n\n<p class=\"has-text-align-center\">Herausgegeben von ihrem Ehemann Pepo<\/p>\n<\/div>\n\n\n\n<p class=\"has-text-align-center\">Diese 1. Abteilung erscheint<br>zu ihrem 80. Geburtstag<br>am 30. Mai 1992<br>in M\u00fcnchen<\/p>\n\n\n\n<p class=\"has-text-align-center\">***<\/p>\n\n\n\n<p class=\"has-text-align-right\"><a href=\"https:\/\/webaid.it\/?page_id=3354\">zur\u00fcck zu Charlotte<\/a><\/p>\n\n\n\n<p class=\"has-text-align-left\"><strong>Auftakt<\/strong><\/p>\n\n\n\n<p>Anl\u00e4sslich der Anh\u00f6rung des Bach\u2019schen Pr\u00e4ludio C-Dur, des ersten aus dem Wohltemperierten Clavier, erster Teil, das wir t\u00e4glich morgens dreimal zu spielen pflegten \u2013 oder auch zu spielen vers\u00e4umten \u2013 sagt sie: \u201eHeute hat die Musik vor der T\u00fcr eines Engels gestanden und um Einlass gebeten; und die T\u00fcr ist ein wenig aufgegangen und die Musik ist beim Engel eingetreten.\u201c<\/p>\n\n\n\n<p><strong>Morgendliches<\/strong><\/p>\n\n\n\n<p>Aus Anlass eines beliebigen Erwachens sagt sie: \u201eFr\u00fchmorgens muss ich mich immer erst in den Frohsinn des Tages einrasten.\u201c<\/p>\n\n\n\n<p>Aus Anlass der erfragten Uhrzeit: 1 Uhr 15 sagt sie: \u201eSo jung ist der Tag noch.\u201c<\/p>\n\n\n\n<p>Anl\u00e4sslich eines vergeblichen Schlafversuchs nach dem Fr\u00fchst\u00fcck sagt sie: \u201eDadurch, dass ich mir was in den Wanst einverleibt habe, ist nat\u00fcrlich schon der Tag im K\u00f6rper.\u201c<\/p>\n\n\n\n<p><strong>Pers\u00f6nliches Charlottiges<\/strong><\/p>\n\n\n\n<p>Anl\u00e4sslich gymnastischer \u00dcbungen sagt sie: \u201eIch \u00f6ffne die Poren meiner Seele, fahre meine Antennen aus. Ich empfange, ich nehme wahr: die Welt, die Erde, den Kosmos.\u201c<\/p>\n\n\n\n<p>Anl\u00e4sslich vieler Arbeit sagt sie: \u201eIch bin ein Flei\u00df.\u201c<\/p>\n\n\n\n<p>Aus Anlass kritischer Blicke in den Spiegel sagt sie: \u201eIch habe ein paar Knitterfalten in die Fresse gekriegt.\u201c<\/p>\n\n\n\n<p>Aus Anlass gro\u00dfer Inanspruchnahme sagt sie: \u201eIch hatte seelisch alle H\u00e4nde voll zu tun.\u201c<\/p>\n\n\n\n<p>Aus Anlass emotionalen \u00dcberdrucks sagt sie: \u201eWenn mir vor Angst das Herz aus dem Kopf springt.\u201c<\/p>\n\n\n\n<p>Anl\u00e4sslich beachtlichen Wohlbefindens sagt sie: \u201eWenn ich nur w\u00fcsste, warum ich so aufgedreht bin? Vielleicht, weil ich wei\u00df, dass es so ist, wie es ist.\u201c<\/p>\n\n\n\n<p>Aus Anlass gro\u00dfer Eigennot sagt sie: \u201eMein Herz ist ein zerknautschter Scheuerlappen.\u201c<\/p>\n\n\n\n<p>Anl\u00e4sslich von Betrachtungen \u00fcber das Altern sagt sie: \u201eKein Mensch bleibt verschont vom Verfallsdatum.\u201c<\/p>\n\n\n\n<p>Aus Anlass einer leisen Kritik an ihrem rabiaten Ton sagt sie einsichtig: \u201eIch bin auch warm angezogen.\u201c<\/p>\n\n\n\n<p>Aus gegebenem Anlass sagt sie: \u201eIch habe nachmittags so gar kein Interesse an mir.\u201c<\/p>\n\n\n\n<p>Aus Anlass sehr langwieriger Plastikt\u00fctenauswahl sagt sie: \u201eMeine Umweltf\u00fcrsorge geht parallel mit meinem Geiz.\u201c<\/p>\n\n\n\n<p>Aus Anlass f\u00e4lliger Selbsteinsch\u00e4tzung sagt sie: \u201eIch bin sehr sprunghaft und habe auch sonst noch gute Eigenschaften.\u201c<\/p>\n\n\n\n<p>Aus Anlass eines Trittes auf meinen Fu\u00df sagt sie nicht etwa \u201aEntschuldige\u2018, sondern: \u201eWieso stellst du deinen Fu\u00df dahin, wo ich hintrete?\u201c<\/p>\n\n\n\n<p>Aus Anlass ihres Liebesbegehrens sagt sie: \u201eIch kann mit sieben M\u00e4nnern auf einen Streich fertigwerden, aber nicht unbemannt.\u201c<\/p>\n\n\n\n<p>Anl\u00e4sslich vieler Erfahrungen sagt sie: \u201eMein Staat ist meine Familie.\u201c<\/p>\n\n\n\n<p>Aus Anlass sch\u00f6ner Geschichten von <a href=\"https:\/\/www.webaid.it\/charlotte\/am-80-geburtstag\/lavinias-geschichten\/\">Lavinia<\/a> sagt sie: \u201eDieses Kindes wegen werde ich alles tun, dass ich nicht sterbe.\u201c<\/p>\n\n\n\n<p>Aus Anlass der N\u00f6te, in die Thomas auf seinem beruflichen Weg geriet, sagt sie: \u201eMein Herz ist ersch\u00f6pft und tr\u00e4gt einen Mantel aus Trauer.\u201c<\/p>\n\n\n\n<p>Anl\u00e4sslich meines Bekenntnisses ihr gegen\u00fcber: \u201eDu bist meine feste Burg\u201c sagt sie: \u201eMerkw\u00fcrdig. Und ich komme mir so wacklig vor.\u201c<\/p>\n\n\n\n<p>Aus Anlass eines gewissen Hungers sagt sie: \u201eMir ist jetzt so, als ob mir nach etwas w\u00e4re.\u201c<\/p>\n\n\n\n<p>Anl\u00e4sslich einigen Weltschmerzes sagt sie: \u201eDas man so ins Unreine lebt \u2026\u201c<\/p>\n\n\n\n<p>Aus Anlass mancher Leiden sagt sie: \u201eWir sind auf der Welt, um zerschlissen zu werden.\u201c<\/p>\n\n\n\n<p>Aus Anlass gro\u00dfer Not sagt eine innere Stimme zu ihr: \u201eFrankiere dich.\u201c Es dauert, bis ihr die \u00dcbersetzung ins Bewusstsein kommt: \u201eBefreie dich.\u201c<\/p>\n\n\n\n<p><strong>Energetisches<\/strong><\/p>\n\n\n\n<p>Aus Anlass leiser Kritik an ihrer Redeweise sagt sie: \u201eIch spreche immer mit einer kleinen Platzpatrone.\u201c<\/p>\n\n\n\n<p>Aus gegebenem Anlass nennt sie sich eine \u201ehochdampfgef\u00fcllte Lokomotive.\u201c<\/p>\n\n\n\n<p>Anl\u00e4sslich meines Hinweises auf ihre etwas barsche Redeweise sagt sie: \u201eIch habe einen etwas aggressiven Ton am Leibe, aber das entspricht meiner Energie, an der du, an meiner Schulte liegend, labsalst.\u201c<\/p>\n\n\n\n<p>Aus Anlass meines Satzes: \u201eIch bin ein Intellektueller, der seit vierzig Jahren mit einem Dynamo verheiratet ist,\u201c sagt sie: \u201eNimm dich in acht, heute bin ich Doppeldynamo.\u201c<\/p>\n\n\n\n<p><strong>Topographisches<\/strong><\/p>\n\n\n\n<p>Anl\u00e4sslich eines Genfbesuches sagt sie: \u201eIch hatte an Genf eine andere Erinnerung. Damals war der See rechts.\u201c<\/p>\n\n\n\n<p>Aus gegebenem Anlass sagt sie: \u201eWir sind mal wo langgefahren und haben was gesucht.\u201c<\/p>\n\n\n\n<p>Aus Anlass eines Spaziergangs auf der Hochleite sagt sie: \u201eWenn man diesen Weg langgeht, kriegt man Sehnsucht.\u201c Ich frage: \u201eWonach?\u201c Sagt sie: \u201eDiesen Weg langzugehen.\u201c<\/p>\n\n\n\n<p>Anl\u00e4sslich von Ausflugs\u00fcberlegungen sagt sie: \u201eUnd dann k\u00f6nnen wir auch noch dahin fahren, wo wir schon einmal waren.\u201c<\/p>\n\n\n\n<p><strong>Literarisches<\/strong><\/p>\n\n\n\n<p>Aus gegebenem Anlass sagt sie: \u201eProust einverleiben wie einen Topfenpalatschinken.\u201c<\/p>\n\n\n\n<p>Aus Anlass der Feststellung, dass Hans Urs von Balthasar bei Claudel anstatt \u201aWollust\u2018 das zahmere \u201aWonne\u2018 gew\u00e4hlt hat, sagt sie: \u201eGeizkragen.\u201c<\/p>\n\n\n\n<p>Aus Anlass der Lekt\u00fcre einer Heinrich-Heine-Biografie sagt sie: \u201eEr war ein durchflochtener Mensch.\u201c<\/p>\n\n\n\n<p><strong>Gesundheitliches<\/strong><\/p>\n\n\n\n<p>Aus Anlass verschiedener Unp\u00e4sslichkeiten sagt sie Verschiedenes: \u201eMir ist im Magen so, wie mir nicht sein sollte.\u201c&nbsp; \u201eIch habe was im Magen\u2026 Nein, nicht im Magen \u2013 in den Hohlr\u00e4umen der Seele.\u201c&nbsp; \u201eKopfschmerz bis auf die Augen runter. Ich kann nicht richtig kucken, ich kann nicht richtig denken, aber ich rede ziemlich viel.\u201c&nbsp;&nbsp; \u201eMagengeschw\u00fcrdruckherzschmerzen.\u201c<\/p>\n\n\n\n<p>Aus Anlass mangelhafter Bel\u00fcftung sagt sie: \u201eIch brauche Sauerstoff.\u201d<\/p>\n\n\n\n<p>Aus Anlass einer Konvaleszenz sagt sie: \u201eWeil ich anfange, wieder leise in mir selbst Station zu nehmen.\u201c<\/p>\n\n\n\n<p>Aus Anlass schwerer Erkrankung sagt sie: \u201eNachts kommt immer die Stunde, wo ich Notdampf ablassen muss.\u201c<\/p>\n\n\n\n<p>Anl\u00e4sslich eines Ausgangs zu einem Spaziergang in K\u00f6ln sagt sie: \u201eDer Sauerstoff des K\u00f6lner Gr\u00fcng\u00fcrtels soll meine Knie umwedeln.\u201c<\/p>\n\n\n\n<p>Aus Anlass sehr heftigen R\u00fcckgratwehs sagt sie: \u201eIch w\u00fcrde meinem Ischiasnerv gerne einen in die Fresse hauen.\u201c<\/p>\n\n\n\n<p>Aus Anlass einer Empfindung von Vergn\u00fcgen sagt sie am Abend des ersten Ferientages: \u201eWieso sind wir noch nicht erhohlt?\u201c<\/p>\n\n\n\n<p><strong>Aus dem Eheleben<\/strong><\/p>\n\n\n\n<p>Anl\u00e4sslich ihrer Frage nach der Art meiner Liebe, sage ich: \u201eEin Fels.\u201c Auf meine Gegenfrage antwortet sie: \u201eEin Sturzbach.\u201c<\/p>\n\n\n\n<p>Aus Anlass meiner Aktivit\u00e4ten am fr\u00fchen Morgen sagt sie, die immer etwas l\u00e4nger f\u00fcr den Einstieg in den Tag brauchte: \u201eDu bist ein Wachling.\u201c<\/p>\n\n\n\n<p>Aus Anlass meiner Schreibpl\u00e4ne f\u00fcr DIE KOMM\u00d6DIE DER WELT IN ERWARTUNG DER MENSCHEN sagt sie: \u201eDas geht nur, wenn es die Leichtigkeit einer Vogelfeder hat.\u201c<\/p>\n\n\n\n<p>Aus Anlass einer Auseinandersetzung frage ich sie: \u201eWie stehst du zu mir?\u201c \u201eFremd,\u201c sagt sie. Einige Stunden sp\u00e4ter, so registriert es das Tagebuch, sagt sie: \u201eDu bist ein Segen.\u201c<\/p>\n\n\n\n<p>In Erinnerung an unsere Fr\u00fchzeit, wo ich sehr eloquent eine sch\u00f6ne, gemeinsamberufliche Zukunft malte, sagt sie: \u201eIch bin dir auf den wundervollen Leim gegangen.\u201c<\/p>\n\n\n\n<p>Anl\u00e4sslich eines Bergurlaubs sagt sie: \u201eBis das H\u00f6henklima durch deine seelische Speckschwarte durch ist.\u201c<\/p>\n\n\n\n<p>Anl\u00e4sslich meines gelegentlich penetranten Beharrungsverm\u00f6gens sagt sie: \u201eDu stehst hier in Zeitlupe.\u201c<\/p>\n\n\n\n<p>Aus tief empfundenen Anlass sagt sie zu mir: \u201eDu warst bestimmt mal meine Mutter. Sonst w\u00e4re meine Sehnsucht, in deinen Leib zu kriechen, nicht so gro\u00df.\u201c<\/p>\n\n\n\n<p>Aus gegebenem Anlass schimpft sie mich aus, mitten in der Nacht. Als ich, aus dem Schlaf kommend, sie auf die Nachtzeit hinweise, sagt sie: \u201eIch kann dich nur nachts ausschimpfen \u2013 tags\u00fcber komme ich nicht dazu.\u201c<\/p>\n\n\n\n<p>Aus Anlass einer Anschauung meiner Person aus einiger Entfernung sagt sie: \u201eDu hast in deiner Haltung ein bisschen was von zerknittertem Zeitungspapier.\u201c<\/p>\n\n\n\n<p>Aus Anlass einer Anschauung meines Gesichts aus n\u00e4chster N\u00e4he sagt sie: \u201eDu siehst aus, wie ein Kartoffelpuffer, der sich mal rasieren m\u00fcsste.\u201c<\/p>\n\n\n\n<p>Anl\u00e4sslich von Klage \u00fcber meine Gesundheitszustand sagt sie: \u201eWieso bist du schon wieder krank? Du hast doch gerade eine Operation hinter dir!\u201c<\/p>\n\n\n\n<p>Aus Anlass guten Schlafens an meiner Seite nennt sie mich ihre \u201eSchlafs\u00e4ule\u201c.<\/p>\n\n\n\n<p>Aus gegebenem Anlass nennt sie mich \u201eSeelenl\u00fcgner\u201c.<\/p>\n\n\n\n<p>Aus nicht mehr rekonstruierbarem&nbsp; Anlass sagt sie zu mir den untergr\u00fcndigen Satz: \u201eDein Unverm\u00f6gen, meine S\u00fcchte zu erf\u00fcllen.\u201c<\/p>\n\n\n\n<p>Aus Anlass der Feststellung, dass ich ihr den R\u00fccken mit nicht ganz sauberen H\u00e4nden einreibe, sagt sie: \u201eIch wasche mich, damit ich was Feines bin, und du schmierst mir K\u00e4se auf den R\u00fccken.\u201c<\/p>\n\n\n\n<p>Aus Anlass gewisser Albernheiten von mir sagt sie: \u201eLass deinen Selbstdarstellungstrieb in der Besenkammer!\u201c<\/p>\n\n\n\n<p>Anl\u00e4sslich einer meiner Aufz\u00e4hlungen von bedrohlichen Schwierigkeiten sagt sie: \u201eH\u00f6rst du auf! Du hast immer einen Hammer im Mund!\u201c<\/p>\n\n\n\n<p>Aus gegebenem Anlass sagt sie zu mir: \u201eIn mir breitet sich ein sanfter, flockiger, leichter Teppich aus lauter Liebe zu dir aus.\u201c<\/p>\n\n\n\n<p>Aus Anlass einiger Unzufriedenheit mit mir sagt sie: \u201eDu bist ein alter konservativer Grundknochen.\u201c<\/p>\n\n\n\n<p>Anl\u00e4sslich einer Schlaflosigkeit steht sie auf, kommt aber bald wieder, legt sich eng an meine Seite und sagt: \u201eMein Geiz, dein Fleisch zu entbehren, ist zu gro\u00df.\u201c<\/p>\n\n\n\n<p>Aus Anlass meiner Bel\u00e4stigung mit dem Iro-Atlas der Astronomie sagt sie: \u201eMir w\u00e4re es lieb, wenn du mein armes Gehirn nicht auch noch mit dem Saturn vollpacken w\u00fcrdest.\u201c<\/p>\n\n\n\n<p>Das sagt sie \u2013 aus welchem Anlass wohl -: \u201eMein geliebter \u2013 liebter \u2013 liebter Peter\u2026!\u201c<\/p>\n\n\n\n<p><strong>Sprachliches<\/strong><\/p>\n\n\n\n<p>Aus Anlass des ihr v\u00f6llig nebul\u00f6s erscheinenden Wortes Merchandising sagt sie: \u201eMeisendurching\u201c.<\/p>\n\n\n\n<p>Aus verschiedenen Anl\u00e4ssen erfindet sie diese Worte:&nbsp; \u201eAugengriff\u201c&nbsp;&nbsp; \u201eAnlieben\u201c und \u201eanliebenswert\u201c&nbsp; \u201eTorpedo mobile\u201c.<\/p>\n\n\n\n<p>Aus Anlass einer Ver\u00e4rgerung zieht sie zwei Worte zusammen: \u201eSo was Bl\u00f6ses!\u201c<\/p>\n\n\n\n<p>Aus Anlass einer Liebeserkl\u00e4rung und eingedenk der Regel, dass englische Frageformen mit to do gebildet werden, sagt sie: \u201eLove you do me?\u201c<\/p>\n\n\n\n<p><strong>Marginales<\/strong><\/p>\n\n\n\n<p>Aus Anlass des Bildzeitungsaufschreis \u201eHalbw\u00fcchsiger vergewaltigt Frau in Kirche!\u201c sagt sie: \u201eDer arme Junge!\u201c<\/p>\n\n\n\n<p>Anl\u00e4sslich eines Aufstiegs auf den J\u00e4gerkamp sagt sie: \u201eIch atme die Steine ein \u2013 mit Wohlgenuss.\u201c<\/p>\n\n\n\n<p>Aus Anlass eines Kampfes mit dem Kurzzeitged\u00e4chtnis sagt sie: \u201eDas Schlimme ist \u2013 jetzt wei\u00df ich nicht mehr, was das Schlimme ist.\u201c<\/p>\n\n\n\n<p>Aus gegebenem Anlass sagt sie: \u201eEs ist so sch\u00f6nes Wetter \u2013 ich wei\u00df gar nicht, wo ich anfangen soll.\u201c<\/p>\n\n\n\n<p>Anl\u00e4sslich einer Diskussion um Prinzipientreue sagt sie: \u201eDie festen S\u00e4ulen sind da, um sie bewegen zu k\u00f6nnen.\u201c<\/p>\n\n\n\n<p>Aus Anlass von bedeutsamen \u00c4rgernissen mit Mitmenschen sagt sie: \u201eWer mich verliert, verliert viel, denn ich kenne meinen Wert.\u201c<\/p>\n\n\n\n<p>Anl\u00e4sslich von Planungs\u00fcberlegungen sagt sie: \u201eUnd wenn man sich umschaut auf das, was man alles bedenken muss, kriegt man ja die Augen nicht mehr leer.\u201c<\/p>\n\n\n\n<p>Aus Anlass von Trostbed\u00fcrftigkeit sagt sie: \u201eIch kann rausgehen und meine Tanne streicheln.\u201c<\/p>\n\n\n\n<p>Anl\u00e4sslich eines gerade beendeten Telefongespr\u00e4chs sagt sie: \u201eHazel ist nach D\u00e4nemark gefahren.\u201c Ich sage: \u201eDu meinst Holland.\u201c \u201eJa,\u201c sagt sie. Sage ich: \u201eSag doch Holland, es erleichtert die Verst\u00e4ndigung.\u201c Sagt sie: \u201cWenn mir Holland eingefallen w\u00e4re, h\u00e4tte ich ja Holland statt D\u00e4nemark gesagt.\u201c<\/p>\n\n\n\n<p>Aus Anlass einer mir etwas zu kr\u00e4ftig ausgefallenen Kritik an irgendwelchen Drittpersonen sage ich: \u201eWas bellst du denn so?!\u201c Sagt sie: \u201eIch will, dass du mitbellst.\u201c<\/p>\n\n\n\n<p>Anl\u00e4sslich eines Sonnenbades sagt sie: \u201eDie Sonne l\u00fcstert einem in den Wanst hinein.\u201c<\/p>\n\n\n\n<p>Anl\u00e4sslich der Notwendigkeit, die Gegenwart unleidlicher Menschen zu ertragen, sagt sie: \u201eIn deren Gen ist bereits der Hornochse einprogrammiert.\u201c<\/p>\n\n\n\n<p>Aus nicht mehr nachvollziehbarem Anlass sagt sie: \u201eDas Blut des Geistes.\u201c<\/p>\n\n\n\n<p>Aus Anlass der Enkelbemerkung: \u201eCharlotte, du hast deinen Morgenrock linksrum an,\u201c sagt sie: \u201eAch, deshalb habe ich die Taschen nicht gefunden.\u201c<\/p>\n\n\n\n<p>Aus Anlass einer gr\u00fcndlichen Badezimmerreinigung sagt sie: \u201eIch bin sehr froh, dass ich das gemacht habe. Es kommt mir vor, als habe ich dem Haus die Z\u00e4hne geputzt.\u201c<\/p>\n\n\n\n<p>Aus Anlass eines bestimmten Bedarfs sagt sie: \u201eGib mir mal das da, was da irgendwo liegt.\u201c<\/p>\n\n\n\n<p>Anl\u00e4sslich einer Aufz\u00e4hlung ihrer Verdienste um das Haus in der Aretinstra\u00dfe sagt sie: \u201eAls erstes habe ich es gesehnt.\u201c<\/p>\n\n\n\n<p><strong>Theaterliches<\/strong><\/p>\n\n\n\n<p>Aus Anlass von \u00dcberlegungen beim Schwimmen in Porto Pino (Sardinien) sagt sie beim Abtrocknen: \u201eIch hatte ein sehr erfolgreiches Leben als Schauspielerin auf vielen B\u00fchnen. Aber mein zweites Leben mit der elfk\u00f6pfigen Familie ist mindestens so erfolgreich.\u201c<\/p>\n\n\n\n<p>Anl\u00e4sslich eines Konzertbesuchs sagt sie vom Dirigenten Sandor Veigh: \u201eEr hat den R\u00fccken eines Maik\u00e4fers.\u201c<\/p>\n\n\n\n<p>Anl\u00e4sslich einer Vorstellung des Spanischen Nationalballetts sagt sie: \u201eDie haben Stolz in den Beinen.\u201c<\/p>\n\n\n\n<p>Anl\u00e4sslich der Lekt\u00fcre ihres Kontoauszugs sagt sie: \u201eIch habe so wahnsinnig gerne Theater gespielt, und jetzt kriege ich auch noch eine Rente daf\u00fcr!\u201c<\/p>\n\n\n\n<p><strong>Gebet<\/strong><\/p>\n\n\n\n<p>Aus Anlass einer F\u00fcrbitte f\u00fcr die Familie sagt sie: \u201eUmkleide sie mit einem Mantel aus lauter Liebe.\u201c<\/p>\n\n\n\n<p class=\"has-text-align-right\">\u00a9 Charlotte<\/p>\n\n\n\n<p class=\"has-text-align-center\">***<\/p>\n\n\n\n<p>Weitere Spr\u00fcche von Charlotte<br><a href=\"https:\/\/webaid.it\/?page_id=3343\">Am Ende eines \u00fcbervollen Lebens<\/a> &#8211; posthum ver\u00f6ffentlicht zum 90. Geburtstag<br><a href=\"https:\/\/webaid.it\/?page_id=3350\">Zum 85. Geburtstag<\/a> &#8211; gelesen von Peter und Charlotte am 30. Mai 1997<\/p>\n\n\n\n<p><a href=\"https:\/\/webaid.it\/?page_id=3661\">Da lachten Philemon und Baucis<\/a> &#8211; Peters Versuch, das Lebensende eher heiter darzustellen<\/p>\n","protected":false},"excerpt":{"rendered":"<p>*** Aus gegebenem Anlass sagte Charlotte Die gesammelten Aphorismen ihrer spontanen Art Herausgegeben von ihrem Ehemann Pepo Diese 1. Abteilung erscheintzu ihrem 80. Geburtstagam 30. Mai 1992in M\u00fcnchen *** zur\u00fcck zu Charlotte Auftakt Anl\u00e4sslich der Anh\u00f6rung des Bach\u2019schen Pr\u00e4ludio C-Dur, des ersten aus dem Wohltemperierten Clavier, erster Teil, das wir t\u00e4glich morgens dreimal zu spielen [&hellip;]<\/p>\n","protected":false},"author":1,"featured_media":0,"parent":3354,"menu_order":2,"comment_status":"closed","ping_status":"closed","template":"","meta":{"footnotes":""},"class_list":["post-3346","page","type-page","status-publish","hentry"],"_links":{"self":[{"href":"https:\/\/webaid.it\/index.php?rest_route=\/wp\/v2\/pages\/3346","targetHints":{"allow":["GET"]}}],"collection":[{"href":"https:\/\/webaid.it\/index.php?rest_route=\/wp\/v2\/pages"}],"about":[{"href":"https:\/\/webaid.it\/index.php?rest_route=\/wp\/v2\/types\/page"}],"author":[{"embeddable":true,"href":"https:\/\/webaid.it\/index.php?rest_route=\/wp\/v2\/users\/1"}],"replies":[{"embeddable":true,"href":"https:\/\/webaid.it\/index.php?rest_route=%2Fwp%2Fv2%2Fcomments&post=3346"}],"version-history":[{"count":9,"href":"https:\/\/webaid.it\/index.php?rest_route=\/wp\/v2\/pages\/3346\/revisions"}],"predecessor-version":[{"id":3811,"href":"https:\/\/webaid.it\/index.php?rest_route=\/wp\/v2\/pages\/3346\/revisions\/3811"}],"up":[{"embeddable":true,"href":"https:\/\/webaid.it\/index.php?rest_route=\/wp\/v2\/pages\/3354"}],"wp:attachment":[{"href":"https:\/\/webaid.it\/index.php?rest_route=%2Fwp%2Fv2%2Fmedia&parent=3346"}],"curies":[{"name":"wp","href":"https:\/\/api.w.org\/{rel}","templated":true}]}}