{"id":3407,"date":"2025-01-06T17:56:12","date_gmt":"2025-01-06T17:56:12","guid":{"rendered":"https:\/\/peterpodehl.com\/?page_id=3407"},"modified":"2026-02-19T11:38:16","modified_gmt":"2026-02-19T11:38:16","slug":"schneewittchen-unfrisiert-folge-25","status":"publish","type":"page","link":"https:\/\/webaid.it\/?page_id=3407","title":{"rendered":"Schneewittchen Unfrisiert (Folge 25)"},"content":{"rendered":"\n<p class=\"has-text-align-center\"><a href=\"https:\/\/www.youtube.com\/watch?v=m8kmZ7acrnM\">Alle Podehlschen Hallo-Spencer-Folgen<\/a><\/p>\n\n\n\n<h1 class=\"wp-block-heading has-text-align-center\">Schneewittchen unfrisiert<\/h1>\n\n\n\n<p class=\"has-text-align-center\">***<\/p>\n\n\n\n<h2 class=\"wp-block-heading has-text-align-center\">Allererste handschriftliche Aufzeichnungen zur Folge<\/h2>\n\n\n\n<h2 class=\"wp-block-heading has-text-align-center\">\u201cSchneewittchen\u201d<br>(Folge 25)<\/h2>\n\n\n\n<h2 class=\"wp-block-heading has-text-align-center\">von<\/h2>\n\n\n\n<h2 class=\"wp-block-heading has-text-align-center\">Peter Podehl<br>\u00a9<\/h2>\n\n\n\n<p class=\"has-text-align-center\">***<\/p>\n\n\n\n<h2 class=\"wp-block-heading has-text-align-center\"><strong>Schneer\u00f6schen, Dornwittchen und der Glassarg<\/strong><\/h2>\n\n\n\n<p>Studio Spencer<br>             Elvis<\/p>\n\n\n\n<p>Pilzhaus Lexi<\/p>\n\n\n\n<p>Schloss innen Nepomuk<br>               au\u00dfen<\/p>\n\n\n\n<p>Baum       Kasimir<\/p>\n\n\n\n<p>Krater       Poldi<\/p>\n\n\n\n<p>Hausboot.  Zwillinge<\/p>\n\n\n\n<p>Eisenbahnwagon     Lulu<br>                                    Elvis<\/p>\n\n\n\n<p>Kreuzung<\/p>\n\n\n\n<p>Show-Demo        Quietschbeus (Motorrad)<br>                               Galaktika<br>                               Nero<\/p>\n\n\n\n<p>Schneewittchen Lulu<br>Deren Mutter <s>Zwillinge<\/s> Lulu<br>(Deren Vater??)<br>Stiefmutter Zwillinge<br>(J\u00e4ger Kasi)<\/p>\n\n\n\n<ol class=\"wp-block-list\">\n<li>Zwerg             Nepomuk<\/li>\n\n\n\n<li>&nbsp; &nbsp; &nbsp; &nbsp; &nbsp; &nbsp; &nbsp; &nbsp; &nbsp; &nbsp; &nbsp; &nbsp; Lexi<\/li>\n\n\n\n<li>&nbsp; &nbsp; &nbsp; &nbsp; &nbsp; &nbsp; &nbsp; &nbsp; &nbsp; &nbsp; &nbsp; &nbsp; Elvis<\/li>\n\n\n\n<li>&nbsp; &nbsp; &nbsp; &nbsp; &nbsp; &nbsp; &nbsp; &nbsp; &nbsp; &nbsp; &nbsp; &nbsp; Karl-Heinz<\/li>\n\n\n\n<li>&nbsp; &nbsp; &nbsp; &nbsp; &nbsp; &nbsp; &nbsp; &nbsp; &nbsp; &nbsp; &nbsp; &nbsp; Karl-Otto<\/li>\n\n\n\n<li>&nbsp; &nbsp; &nbsp; &nbsp; &nbsp; &nbsp; &nbsp; &nbsp; &nbsp; &nbsp; &nbsp; &nbsp; Karl-Gustav<\/li>\n\n\n\n<li>&nbsp; &nbsp; &nbsp; &nbsp; &nbsp; &nbsp; &nbsp; &nbsp; &nbsp; &nbsp; &nbsp; &nbsp; Kasi&nbsp;<\/li>\n<\/ol>\n\n\n\n<p>K\u00f6nigssohn &nbsp; &nbsp; &nbsp; &nbsp; &nbsp; Poldi<\/p>\n\n\n\n<ol class=\"wp-block-list\">\n<li>Diener              <s>Spencer <\/s>Galaktika<\/li>\n\n\n\n<li>Diener&nbsp; &nbsp; &nbsp; &nbsp; &nbsp; &nbsp; &nbsp; Nero<\/li>\n<\/ol>\n\n\n\n<p>1. &nbsp; Kasi &nbsp; &nbsp; &nbsp; &nbsp; &nbsp; &nbsp; St\u00fchlchen<br>2. &nbsp; Karl-Gustav&nbsp; &nbsp; Tellerchen<br>3. &nbsp; Karl-Otto &nbsp; &nbsp; &nbsp; &nbsp; Br\u00f6tchen<br>4. &nbsp; Karl-Heinz &nbsp; &nbsp; &nbsp; Gem\u00fcschen<br>5. &nbsp; Elvis.&nbsp; &nbsp; &nbsp; &nbsp; &nbsp; &nbsp; &nbsp; &nbsp; G\u00e4belchen<br>6. &nbsp; Lexi &nbsp; &nbsp; &nbsp; &nbsp; &nbsp; &nbsp; &nbsp; &nbsp; Messerchen<br>7. &nbsp; Nepomuk&nbsp; &nbsp; &nbsp; &nbsp; Becherlein<\/p>\n\n\n\n<p class=\"has-text-align-center\">***<\/p>\n\n\n\n<p>14.2<br>Bevor ich hier die erste Zeile schreibe, habe ich schon die drei ersten Zettel f\u00fcr den Take 1 reingesteckt. Auch habe ich auf Seite 1 die Besetzung gemacht.&nbsp;<\/p>\n\n\n\n<p>Spencer glaubt, keine werde die b\u00f6se Stiefmutter spielen, aber die Zwillinge wollen beide. Lulu vielleicht auch. Erlaubtes B\u00f6se-Sein, B\u00f6se-Sein-M\u00fcssen. Bei der Probe der (? S.u.) Spieglein-Szene geht der Spiegel im Streit der Zwillinge kaputt, nun spielt eine die Spiegelhalterin, eine das Spiegelbild, viele Aktionen spielen sie im Chor. Versuche, sie wegen Personalnot mit kleinen Rollen zu besetzen, schlagen fehl. Sie neiden einander die Rolle des Neides!<\/p>\n\n\n\n<p>Was tun, damit am Ende nicht das ganze M\u00e4rchen noch gespielt wird, was ja der Zuschauer eigentlich erwartet.? Oder soll man es am Ende ganz spielen?<\/p>\n\n\n\n<p>15.2<br>Dieses Problem scheint mir auf sehr gl\u00fcckliche Weise gel\u00f6st. Gestern bei der Gymnastik kam mir der Grundeinfall: Hier wird nicht eine M\u00e4rchenauff\u00fchrung geprobt und dann gespielt, sondern: Szene f\u00fcr Szene wird in den verschiedenen Dekorationen gespielt und ist dann erledigt, abgehakt.<\/p>\n\n\n\n<p>Happening, das Schneewittchen-Happening. Ich kam drauf, weil ich mir vorstellte, dass Kasi f\u00fcr den Anfang Papierschnipsel als Schnee von Lexi holt. &#8211; Schneien kann es in Worpswede nur bei Kasis Baum, denn nur er hat die dazu notwendige H\u00f6he. &#8211; \u201cUnbeschriebenes?\u201d &#8211; \u201cJa, ich will\u2019s zerrei\u00dfen und&nbsp; Schnee daraus machen.\u201d &#8211; \u201cDann k\u00f6nnen wir auch Beschriebenes aus dem Papierkorb nehmen.\u201d &#8211; \u201cNein, hast du schon mal Schnee gesehen, der beschrieben ist?\u201d Er st\u00f6rt Lexi noch ein zweites Mal zu dessen Unwillen, denn er macht &#8211; was? f\u00fcr Schneewittchen fertig.&nbsp;<\/p>\n\n\n\n<p>Kasi braucht rote Tinte f\u00fcr die Blutstropfen. Pipette. Gibt Schulkinder, die rote Tinte gar nicht gern haben.<\/p>\n\n\n\n<p>(Probt den Zwerg. \u201cWo bist du?\u201d. Kommt von unten hoch.<\/p>\n\n\n\n<p>Nun br\u00e4uchte ich ja nur &#8211; \u201cnur\u201d ist gut! &#8211; nach dem M\u00e4rchen die einzelnen Szenen zu bedenken, sie den verschiedenen Figuren und Schaupl\u00e4tzen zuordnen, &#8211; aber in solch einem Stadium des Schreibens entsteht so eine merkw\u00fcrdige Zur\u00fcckhaltung, eine Scheu vor dem Rangehen wie vor der Entjungferung, einer Denkmalsenth\u00fcllung. Aber freilich: es ist der einzige Weg, um zu einem Kind zu kommen.&nbsp;<\/p>\n\n\n\n<p>Es wird also eine erste M\u00e4rchenszene geben<\/p>\n\n\n\n<p>(Lulu) &#8211; Wenn ich Schneewittchen sein soll, dann kann ich auch ihre Mutter sein. Die sahen sich bestimmt \u00e4hnlich. Lexi: einander. Lulu: sich-einander (das sieht dir \u00e4hnlich!) &#8211; (F\u00fcr meine Blutstropfen sorge ich selber.)<\/p>\n\n\n\n<p>Da sitzt eine Frau beim Ebenholzrahmen (Fahrstuhlt\u00fcr oder, sch\u00f6ner: jemand h\u00e4lt einen Rahmen) unter Kasis Terrasse und n\u00e4ht. Es schneit Kasi-Lexische Papierschnitzel. Die Frau schaut in den Schnee, sticht sich und l\u00e4sst drei Blutstropfen in den Schnee fallen, rote Perlen. \u201cIch hol nur mein Blut.\u201d<\/p>\n\n\n\n<p>Wie kommt der Text auf uns? Kommentierend von Spencer? Text [1] Seite 186<\/p>\n\n\n\n<p>Achtung, Poesie im Verzug (laut Dudens \u201cHauptschwierigkeiten der deutschen Sprache\u201d eine h\u00f6chst anfechtbare Formulierung, hie\u00dfe sie doch: im Z\u00f6gern liege Poesie, nein, ganz falsch: \u201cGefahr im Verzug\u201d hie\u00df urspr\u00fcnglich: es liege Gefahr im Hinausz\u00f6gern und insofern dann doch richtig. Und das r\u00fchrt mich eigent\u00fcmlich an. Denn was im Augenblick dauernd von mir gefordert wird, ist, nicht und nie zu z\u00f6gern, immerzu muss ich zupacken. Hinzu kommt, dass ich zwischendurch immer zu Maria Gripes K\u00c4FER FLIEGEN IN DER D\u00c4MMERUNG greife, das mich gefangen nimmt, wie ich es mir eigentlich nicht leisten kann. Um zum Ende der Klammer zu kommen: Laut Duden wird aber \u201cGefahr im Verzug\u201d heute&nbsp; entgegen seinem urspr\u00fcnglichen Sinn auch f\u00fcr \u201cGefahr im Anzug\u201d benutzt. Wir aber stellen jetzt richtig: Der Satz vor der Klammer muss hei\u00dfen: <s>Gefahr <\/s>Poesie im Anzug. Hier k\u00f6nnen sich mischen: naive Interpretation, witzige Schwierigkeitsbew\u00e4ltigungen, Ehre dem M\u00e4rchen gegen\u00fcber. Gut, dass das ausgebrochen ist.&nbsp;<\/p>\n\n\n\n<p>Spencer wird in dieser Folge mit einem Textbuch in der Hand einen Spielleiter in des Wortes Bedeutung machen, soufflieren, erkl\u00e4ren, vorbereiten, richtigstellen, inszenieren, vermitteln, d\u00e4mpfen, aufm\u00f6beln\u2026 Ich sehe ihn in einer Situation kommend ins Studio hetzen, um zu moderieren, zuerst leeres Studio, dann st\u00fcrmt er rein. Der Wechsel zwischen Moderation und Szenen oder Vorbereitung oder Nachsprechen &#8211; idealer kann eine Spielwiese f\u00fcr so etwas gar nicht sein. &nbsp; &nbsp;<\/p>\n\n\n\n<p>16.2<br>In Take 1 werden die Rollen verteilt und wird die erste Szene besprochen.&nbsp; Kasi &#8211; \u201cDu bist doch sonst so schnell\u201d &#8211; braucht lange. Er muss bei Lexi Papier holen und es von Nepomuk schnipseln lassen, der ja auch den Rahmen halten muss. Schloss innen. Dann erst kann die erste M\u00e4rchen-Szene. Auf d\u00fcnnes Papier achten.&nbsp;<\/p>\n\n\n\n<p>Die zweite Szene sollte bei den Zwillingen die Spiegelszene sein. Um den Spiegel zu zerhauen, m\u00fcsste erst irgendein Konsensus erzielt sein, wie sie das dann zusammenspielen wollen. Zum Beispiel hintereinander. OK Aber beim \u201cWer zuerst?\u201d Da geht es schon los.&nbsp; [2]<\/p>\n\n\n\n<p>M\u00f6glichkeit einer dritten Szene: im Schloss befiehlt die Stiefmutter dem als J\u00e4ger verkleideten Nepomuk, Schneewittchen in den Wald zu bringen und zu t\u00f6ten. &nbsp; [3]<\/p>\n\n\n\n<p>In einer vierten Szene: Wald. J\u00e4ger l\u00e4sst Schneewittchen laufen (k\u00f6nnte wegfallen.)&nbsp;<\/p>\n\n\n\n<p>F\u00fcnfte Szene: Erste gro\u00dfe Szene Schneewittchen mit den sieben Zwergen. Nero als achter Zwerg, in deren Haus, Show-Deko.&nbsp;<\/p>\n\n\n\n<p>M\u00f6chte mal wissen, warum ich mich hier immer noch so schwer tue? Engt mich etwa die Vorlage eher ein, als dass sie mir Entlastung bringt? In meinen k\u00fchnsten Tr\u00e4umen hatte ich mir ausgedacht, heute schon mit dem Schreiben anzufangen. Stattdessen habe ich nur noch eine halbe Stunde Vormittag Zeit. Es ist nicht so weit her mit der Konzentration.&nbsp;<\/p>\n\n\n\n<p>Unabdinglich scheinen mir noch Glassarg und Prinz (K\u00f6nigssohn).&nbsp; &nbsp; &nbsp; &nbsp; &nbsp; &nbsp; &nbsp; &nbsp;<\/p>\n\n\n\n<p>Am Rand: halbe Stunde \u2193<\/p>\n\n\n\n<p>Ausnahmsweise ist Spencer mal nicht \u201cim Bilde\u201d, die Figuren machen ihn aufmerksam. Er dreht sich um \u201cHallo Leute, von \u2026\u201d Heute f\u00fchren wir Schneewittchen auf, eventuell &#8211; Ethymologie, Rollenverteilung nat\u00fcrlich gro\u00dfes \u201cWas spiel ich?\u201d Siehe Seite 01 &#8211; Lulu, Schneewittchen und deren Mutter, geht wegen Kost\u00fcmsuchen, \u00fcberhaupt: Kost\u00fcme bei Lulu. &#8211; Kasi: Wir k\u00f6nnen das nicht auff\u00fchren, das geht nur im Winter, weil es mit Schnee anf\u00e4ngt. Kunst-Schnee. Kasi geht &#8211; er bereitet die erste Szene vor -, dito Lexi, Nepi, Quietschies. Es gibt noch harte Auseinandersetzungen mit den Zwillingen, deren eine die Stiefmutter spielen soll, Lisa, aber Mona &#8211; die f\u00fcr eine kleine Rolle vorgesehen ist &#8211; will sie auch spielen. Also gut: hintereinander.&nbsp;<\/p>\n\n\n\n<p>Kasi nicht zu Hause (Visophon).<\/p>\n\n\n\n<p>Lexi im Visophon. Kasi bei dir? Kommst eben rein. Papier f\u00fcr Schnee Schnipseln? Daf\u00fcr brauchen wir einen starken Mann. Spencer: \u201cKasi, wir m\u00fcssen anfangen, und du hast noch nicht mal den Schnee fertig!\u201d<\/p>\n\n\n\n<p>Visophon aus.<\/p>\n\n\n\n<p>Poldi instruieren. Dornr\u00f6schen-Kuss, nein Schneewittchen-Sch\u00fcttler. Poldi weg. Visophon Kasi: leer.&nbsp;<\/p>\n\n\n\n<p>Visophon Nepomuk: der zerrei\u00dft dem Kasi den Schnee. Kasi muss noch mal zu Lexi wegen roter Tinte. Spencer will zuerst anrufen: \u201cHast du rote Tinte?\u201d &#8211; \u201cNein.\u201d &#8211; Kasi, der Lexi hat keine rote Tinte. Aber ich habe einen schwarzen Rahmen.&nbsp; Ich ruf Lulu an. Lulu geht gerade. Sorgt selbst f\u00fcr ihr Blut.&nbsp; &#8211; Nun mach aber endlich, Kasi!<\/p>\n\n\n\n<p>17.2 &#8211; &nbsp;<\/p>\n\n\n\n<p>\u00dcber die Rolle der Moderationen in dieser Folge w\u00e4re noch einmal nachzudenken. Gestern erschien es mir sinnvoll, weitgehend auf sie zu verzichten. Heute meine ich man sollte sie von Fall zu Fall einsetzen. Es k\u00f6nnte ja auch reizvoll sein, wenn Spencer seinen Fingerschnipp sozusagen im Rausrennen macht und er kurz darauf in der n\u00e4chsten Dekoration erschiene.&nbsp;<\/p>\n\n\n\n<p>F\u00e4llt mir pl\u00f6tzlich ein, ob es so viel Streit um die Rollenverteilung gibt, dass Spencer Galaktika ruft, auf deren Spruch dann alle h\u00f6ren. Sie wird herzlich gebeten zu bleiben als M\u00e4dchen f\u00fcr alles. \u201cOch, ich will die doch blo\u00df selbst spielen!\u201d Galy dreht alles um: \u201cDu Lulu, bist die Sch\u00f6nste im ganzen Land, du musst Schneewittchen spielen\u201d &#8211; Nein, Hauptrollen zuletzt. &#8211; Du Poldi\u2026 Dann charakterisiert sie dei Zwerge : &#8211; zuerst den 7. &#8211; \u2026 der f\u00fcnfte ist der sanfteste, den kann nur \u2026 spielen. .. ein anderer sieht genauso aus wie Karl-Gustav. \u201cWie ich?\u201d<\/p>\n\n\n\n<p>Stecke mich noch mal tief in den Take 10, in dem ja sehr viel, zu viel passiert. Ich habe einfach Angst vor der F\u00fclle in diesem Take und wei\u00df nicht, ob ich ihn jetzt schon beschneiden soll oder erst, wenn ich dran bin. Besch\u00e4ftige mich die letzte Viertelstunde noch mal mit dem M\u00e4rchen. Eines der schwierigsten Probleme ist der Glassarg. Der ja getragen, mit dem gestolpert werden muss. L\u00f6sungen: Galaktika, die Silberfummel der Dekoration, elektronischer Trick, so naiv als m\u00f6glich! Klirr &#8211; Was ist los? &#8211; Ich mach den Glassarg.<\/p>\n\n\n\n<p class=\"has-text-align-right\">Peter Podehl&nbsp;<\/p>\n\n\n\n<p class=\"has-text-align-center\">***<\/p>\n\n\n\n<p id=\"block-73793118-2b26-4bbe-9360-3ebbbb8a6fd6\"><a href=\"https:\/\/webaid.it\/?page_id=3287\">Definition \u201cUnfrisiert\u201d<\/a><\/p>\n\n\n\n<p><a href=\"https:\/\/webaid.it\/?page_id=2411\">Unfrisierte Gedanken<\/a>&nbsp;an die Hallo-Spencer-Redaktion<br>Grunds\u00e4tzliche Gedanken zu Hallo Spencer anl\u00e4sslich der Erarbeitung des Drehbuchs \u201cAufr\u00e4umen\u201d (sp\u00e4ter Folge 10)<br>April 1980<\/p>\n\n\n\n<p><a href=\"https:\/\/webaid.it\/?page_id=2989\">Viele W\u00fcnsche<\/a>&nbsp;(Folge 6)<br>Juni 1980<\/p>\n\n\n\n<p><a href=\"https:\/\/webaid.it\/?page_id=3005\">Gummib\u00e4rchentransporte&nbsp;<\/a>(Folge 7)<br>Mai 1980<\/p>\n\n\n\n<p>Unfrisierte&nbsp;<a href=\"https:\/\/webaid.it\/?page_id=3279\">Einsamkeit<\/a>&nbsp;(Folge 14)<\/p>\n\n\n\n<p><a href=\"https:\/\/webaid.it\/?page_id=3296\">Max und Molly<\/a>&nbsp;\u2013 Podehl\u2019sche Gedanken hierzu mit herrlichem Potenzial, die allerdings nie verwendet wurden<\/p>\n\n\n\n<p>In K\u00fcrze: Zu frisierender Traumexpress<\/p>\n\n\n\n<p><a href=\"https:\/\/webaid.it\/?page_id=3572\">Folge 87 \u2013 Die Unvollendete<\/a>&nbsp;\u2013 Kasi braucht Hilfe&nbsp;<\/p>\n\n\n\n<p class=\"has-text-align-center\">***<\/p>\n\n\n\n<p><a href=\"https:\/\/webaid.it\/?page_id=2419\">Peter Podehl, der Spencer-Geschichtenerz\u00e4hler<\/a><\/p>\n\n\n\n<p><a href=\"https:\/\/webaid.it\/?page_id=2694\">Die Drehb\u00fccher eines Komikers<\/a><br>Grundsatzanweisungen an die Puppenspieler \u2013 zu den Folgen \u201cViele W\u00fcnsche\u201d, \u201cGummib\u00e4rchen-Transporte\u201d, \u201cGro\u00dfes Aufr\u00e4umen\u201d und \u201cEinsamkeit\u201d und alle anderen Folgen<br>September 1980<\/p>\n\n\n\n<p><a href=\"https:\/\/webaid.it\/?page_id=614\">Der Sprachaufpasser f\u00fcrs Deutsche und Puppenpoesie<\/a><br>Peter Podehls Pr\u00e4sentation<br>an der Dolmetscher- und \u00dcbersetzer-Universit\u00e4t S.Pio V in Rom<br>von 2006<br>Da gibt\u2019s viel Wortspielereien und auch einen Bericht dar\u00fcber, mit wem er die Folgen absprach, bevor er sie schrieb.<\/p>\n","protected":false},"excerpt":{"rendered":"<p>Alle Podehlschen Hallo-Spencer-Folgen Schneewittchen unfrisiert *** Allererste handschriftliche Aufzeichnungen zur Folge \u201cSchneewittchen\u201d(Folge 25) von Peter Podehl\u00a9 *** Schneer\u00f6schen, Dornwittchen und der Glassarg Studio Spencer Elvis Pilzhaus Lexi Schloss innen Nepomuk au\u00dfen Baum Kasimir Krater Poldi Hausboot. Zwillinge Eisenbahnwagon Lulu Elvis Kreuzung Show-Demo Quietschbeus (Motorrad) Galaktika Nero Schneewittchen LuluDeren Mutter Zwillinge Lulu(Deren Vater??)Stiefmutter Zwillinge(J\u00e4ger Kasi) K\u00f6nigssohn [&hellip;]<\/p>\n","protected":false},"author":1,"featured_media":0,"parent":2811,"menu_order":25,"comment_status":"closed","ping_status":"closed","template":"","meta":{"footnotes":""},"class_list":["post-3407","page","type-page","status-publish","hentry"],"_links":{"self":[{"href":"https:\/\/webaid.it\/index.php?rest_route=\/wp\/v2\/pages\/3407","targetHints":{"allow":["GET"]}}],"collection":[{"href":"https:\/\/webaid.it\/index.php?rest_route=\/wp\/v2\/pages"}],"about":[{"href":"https:\/\/webaid.it\/index.php?rest_route=\/wp\/v2\/types\/page"}],"author":[{"embeddable":true,"href":"https:\/\/webaid.it\/index.php?rest_route=\/wp\/v2\/users\/1"}],"replies":[{"embeddable":true,"href":"https:\/\/webaid.it\/index.php?rest_route=%2Fwp%2Fv2%2Fcomments&post=3407"}],"version-history":[{"count":11,"href":"https:\/\/webaid.it\/index.php?rest_route=\/wp\/v2\/pages\/3407\/revisions"}],"predecessor-version":[{"id":4468,"href":"https:\/\/webaid.it\/index.php?rest_route=\/wp\/v2\/pages\/3407\/revisions\/4468"}],"up":[{"embeddable":true,"href":"https:\/\/webaid.it\/index.php?rest_route=\/wp\/v2\/pages\/2811"}],"wp:attachment":[{"href":"https:\/\/webaid.it\/index.php?rest_route=%2Fwp%2Fv2%2Fmedia&parent=3407"}],"curies":[{"name":"wp","href":"https:\/\/api.w.org\/{rel}","templated":true}]}}