{"id":3441,"date":"2025-01-06T15:27:38","date_gmt":"2025-01-06T15:27:38","guid":{"rendered":"https:\/\/peterpodehl.com\/?page_id=3441"},"modified":"2025-01-29T05:43:24","modified_gmt":"2025-01-29T05:43:24","slug":"folge-87","status":"publish","type":"page","link":"https:\/\/webaid.it\/?page_id=3441","title":{"rendered":"Folge 87 &#8211; Pr\u00e4sentation"},"content":{"rendered":"\n<figure class=\"wp-block-image aligncenter size-full is-resized\"><img loading=\"lazy\" decoding=\"async\" width=\"768\" height=\"576\" src=\"https:\/\/webaid.it\/wp-content\/uploads\/2025\/01\/087KasiBrauchtHilfe01-2.jpeg\" alt=\"\" class=\"wp-image-3486\" style=\"width:240px;height:auto\" srcset=\"https:\/\/webaid.it\/wp-content\/uploads\/2025\/01\/087KasiBrauchtHilfe01-2.jpeg 768w, https:\/\/webaid.it\/wp-content\/uploads\/2025\/01\/087KasiBrauchtHilfe01-2-300x225.jpeg 300w\" sizes=\"auto, (max-width: 768px) 100vw, 768px\" \/><\/figure>\n\n\n\n<h2 class=\"wp-block-heading has-text-align-center\">***<br>Die Unbekannte<br>Die Geheimnisvolle<br>Die Verlorene<\/h2>\n\n\n\n<h2 class=\"wp-block-heading has-text-align-center\"><strong>Folge 87<\/strong><br>***<\/h2>\n\n\n\n<p class=\"has-text-align-center\">Am 29.1.2025, zu Kasi-Spieler Herbert Langemanns 75. Geburtstag: <br> <a href=\"https:\/\/webaid.it\/?page_id=3518\">Folge 87 &#8211; Die Unvollendete<\/a><br><\/p>\n\n\n\n<p class=\"has-text-align-right\"><em>\u201eWenn nicht in kurzer Zeit ein Medikament gefunden wird, <br>dann werde ich sterben. <br>Eigentlich bin ich noch nicht in dem Alter, <br>um daf\u00fcr bereit zu sein.&#8221; <\/em><br>schrieb Kasi-Spieler <br>Herbert Langemann, 1986<\/p>\n\n\n\n<p>SpencerEnkel <strong>Sven Lutzka<\/strong> berichtet:<\/p>\n\n\n\n<p><strong>Die \u201everlorene\u201c <em>Spencer<\/em>-Folge \u201eKasi braucht Hilfe\u201c<\/strong><\/p>\n\n\n\n<p>Die 87. Runddorffolge der Kultserie <em>Hallo Spencer<\/em> wurde niemals fertiggestellt und ausgestrahlt. Neues Interesse an dieser \u201everlorenen\u201c Episode wurde bei <em>Hallo-Spencer<\/em>-Fans nicht zuletzt durch den von Jan B\u00f6hmermann produzierten Film geweckt. Nach noch nicht einmal zehn Filmminuten begegnet dem Zuschauer in einer Art Traumsequenz ein v\u00f6llig aufgel\u00f6ster Kasimir, der in dem stark heruntergekommenen Spencer-Dorf keinen einzigen Bewohner finden kann, so dass er am Ende der Sequenz v\u00f6llig ersch\u00f6pft und verzweifelt in die Kamera spricht: \u201eSind sie gestorben? Bin ich gestorben? Kasi braucht Hilfe!\u201c Kennern der urspr\u00fcnglichen Serie ist sofort klar, dass diese Worte Kasimir nicht zuf\u00e4llig in den Mund gelegt wurden: Als die 87. Folge \u201eKasi braucht Hilfe\u201c 1986 abgedreht werden sollte, war der damalige Puppenspieler von Kasimir, Herbert Langemann (1950-1987), schwer erkrankt, so dass die Episode nicht fertiggestellt werden konnte. Bis heute verr\u00e4t \u00fcber den Inhalt der Folge ein Eintrag in der <a href=\"https:\/\/wiki.lexiklopedia.de\/spencerdorf\/folgen\/087\/start\"><em>online<\/em>-Lexiklopedia<\/a> nur wenige Einzelheiten:<\/p>\n\n\n\n<p>\u201eEs \u201eherbstelt\u201c mal wieder im Dorf und die Herbstmode ist bei den Zwillingen in vollem Gange. F\u00fcr ihre selbstgen\u00e4hten Blusen wollen sie den hilfsbereiten Kasi beauftragen, zweimal die gleichen Bl\u00e4tter als Applikationen zu suchen. Der ist aber gar nicht zu Hause, sondern singt beim SOS-Hilfe-Song der Quietschbeus mit.\u201c (Text: <a href=\"https:\/\/wiki.lexiklopedia.de\/spencerdorf\/folgen\/087\/start\">Lexiklopedia<\/a>)<\/p>\n\n\n\n<p>Spencer-Fans und -Interessierte d\u00fcrfen sich freuen! Am 29. Januar 2025 w\u00e4re der Kasimir-Puppenspieler Herbert Langemann 75 Jahre alt geworden. Grund genug, das Geheimnis um die \u201everlorene\u201c Spencer-Runddorffolge zu l\u00fcften! An diesem Tag erscheint an dieser Stelle das Szenarium zur <em>Hallo-Spencer<\/em>-Folge \u201eKasi braucht Hilfe\u201c aus der Feder von Peter Podehl. Und so viel kann schon jetzt verraten werden: Spencer-Fans werden auf ihre Kosten kommen, wenn sie etwa Dialoge wie beispielsweise der Zwillinge vor ihrem geistigen Auge in Szene setzen:<\/p>\n\n\n\n<p>Mona: Die schicksten Herbstblusen, die es jemals gegeben hat! \u2026<br>Lisa: Ja! Und oben links n\u00e4hen wir noch eine Appli \u2013 also sowas drauf.<br>Mona: Wo willst du einen Appel draufn\u00e4hn?<br>Lisa: Doch keinen Appel. So eine Verzierung. Wie hei\u00dft denn das, Lulu?<br>Lulu: Applikation hei\u00dft das. Ja, finde ich sehr gut!<\/p>\n\n\n\n<p><strong>Trivia zur Folge \u201eKasi braucht Hilfe\u201c<\/strong><\/p>\n\n\n\n<ul class=\"wp-block-list\">\n<li>Im Produktionsjahr der Folge h\u00e4tte der Kasimir-Spieler Herbert Langemann im realen Leben selbst Hilfe ben\u00f6tigt. Mitte der 1980er Jahre infiziert sich Herbert Langemann mit dem HI-Virus. In den Jahren 1985-87 erschweren opportunistische Infektionen die Bew\u00e4ltigung sowohl des allt\u00e4glichen wie beruflichen Lebens. 1986 gelingt dem Todkranken durch die Besetzung der Gro\u00dfpuppe Samson in der <em>Sesamstra\u00dfe<\/em> die Erf\u00fcllung seines beruflichen Traums. Nur ein Jahr sp\u00e4ter stirbt Herbert Langemann an AIDS. Am 30.06.1986 notiert Herbert Langemann folgende Zeilen: \u201eWenn nicht in kurzer Zeit ein Medikament gefunden wird, dann werde ich sterben. Eigentlich bin ich noch nicht in dem Alter um daf\u00fcr bereit zu sein. [sic.]\u201c<\/li>\n\n\n\n<li>Peter Podehl wusste, dass Herbert Langemann schwer erkrankt war. Vielleicht hat er das Drehbuch Kasimir \u201eauf den Leib\u201c geschrieben. Am Abend des Todestages von Herbert Langemann, am 29. November 1987, notiert Podehl folgende Zeilen in seinem Tagebuch: \u201eWoraus die Welt sich zusammensetzt: Um 5:00 heute morgen starb Herbert Langemann, der Ungl\u00fcckliche. Er spielte den Kasi und war als Kasi au\u00dfergew\u00f6hnlich gut. In der DDR ausgebildeter Puppenspieler-Profi. Vieles spricht daf\u00fcr, dass er Aids hatte; es macht wenig Unterschied, dass wir nur von seinem Hautkrebs wussten. Schon im vorigen Jahr machte seine Krankheit der Produktion viele Sorgen. In diesem Jahr wieder. Ich sah ihn Anfang September zum letzten Mal. Es tat im Herzen weh.\u201c<\/li>\n\n\n\n<li>Herbert Langemann, der wusste, dass er aufgrund seiner Erkrankung nicht mehr lange zu leben hatte, verabschiedete sich am 14. August 1986 mit einem Kasi-Fotob\u00fcchlein bei Peter Podehl mit den Worten: \u201eIch danke Ihnen von ganzem Herzen.\u201c Auch von seinen Puppenspielkolleginnen und -kollegen verabschiedete sich Langemann mit einem Brief, in dem er sich f\u00fcr die gemeinsame Arbeit herzlich bedankt und mit den Worten endet \u201eGr\u00fc\u00dft mir Kasimir, und der Nachfolger soll lieb zu ihm sein.\u201c<\/li>\n\n\n\n<li>Dass die Folge nicht fertiggestellt werden konnte, lag nicht ausschlie\u00dflich an der Erkrankung Langemanns. In einem Tonbandtagebucheintrag vom 9. April 1987 erl\u00e4utert Langemann hierzu: \u201eLeider erwischte mich da am Ende der Drehzeit wieder meine Krankheit, so dass drei Folgen nicht beendet werden konnten. W\u00e4hrend dieser Drehzeit verabschiedete sich von uns Peter Podehl, der kaum noch als Regisseur zur Verf\u00fcgung stehen wird. Das ist sehr bedauerlich, da Peter Podehl von den Regisseuren, die wir bis jetzt hatten, einfach der beste und der tollste und der, ja, am meisten Fingerspitzengef\u00fchl hatte f\u00fcr die Puppen und f\u00fcr uns als Spieler. Schade, dass er aufh\u00f6rt. 1987 will er die drei Folgen, die wir nicht zu Ende drehen konnten, auch wegen meiner Krankheit, zu Ende drehen. [\u2026] Auch andere Mitspieler sind erkrankt, z.B. Achim Hall, Maria Ilic, so dass die Tatsache, das drei Folgen nicht zu Ende gedreht werden konnten, nicht nur an mir lag.\u201c<\/li>\n\n\n\n<li>In dem von Jan B\u00f6hmermann produzierten <em>Hallo Spencer \u2013 Der Film<\/em> wird insgesamt dreimal an Herbert Langemann erinnert. Neben der direkten Anspielung auf die \u201everlorene\u201c 87. <em>Hallo-Spencer<\/em>-Folge erinnert die Figur des Jakob Sesam an Herbert Langemann, der 1987 an den Folgen einer Infektion mit dem HI-Virus verstorben war. Dabei erinnert er an den 1991 ebenfalls an AIDS verstorbenen Wilhelm Helmrich. Im Abspann des Films wird ein Foto von Herbert Langemann mit seinem Kasimir eingeblendet.<\/li>\n<\/ul>\n\n\n\n<p class=\"has-text-align-right\"><strong>\u00a9 Sven Lutzka<\/strong><br>Januar 2025<\/p>\n\n\n\n<p>Wir w\u00fcrden uns \u00fcber eure Kommentare hier unten freuen!<\/p>\n\n\n\n<p><\/p>\n","protected":false},"excerpt":{"rendered":"<p>***Die UnbekannteDie GeheimnisvolleDie Verlorene Folge 87*** Am 29.1.2025, zu Kasi-Spieler Herbert Langemanns 75. Geburtstag: Folge 87 &#8211; Die Unvollendete \u201eWenn nicht in kurzer Zeit ein Medikament gefunden wird, dann werde ich sterben. Eigentlich bin ich noch nicht in dem Alter, um daf\u00fcr bereit zu sein.&#8221; schrieb Kasi-Spieler Herbert Langemann, 1986 SpencerEnkel Sven Lutzka berichtet: Die [&hellip;]<\/p>\n","protected":false},"author":1,"featured_media":0,"parent":3572,"menu_order":2,"comment_status":"open","ping_status":"closed","template":"","meta":{"footnotes":""},"class_list":["post-3441","page","type-page","status-publish","hentry"],"_links":{"self":[{"href":"https:\/\/webaid.it\/index.php?rest_route=\/wp\/v2\/pages\/3441","targetHints":{"allow":["GET"]}}],"collection":[{"href":"https:\/\/webaid.it\/index.php?rest_route=\/wp\/v2\/pages"}],"about":[{"href":"https:\/\/webaid.it\/index.php?rest_route=\/wp\/v2\/types\/page"}],"author":[{"embeddable":true,"href":"https:\/\/webaid.it\/index.php?rest_route=\/wp\/v2\/users\/1"}],"replies":[{"embeddable":true,"href":"https:\/\/webaid.it\/index.php?rest_route=%2Fwp%2Fv2%2Fcomments&post=3441"}],"version-history":[{"count":28,"href":"https:\/\/webaid.it\/index.php?rest_route=\/wp\/v2\/pages\/3441\/revisions"}],"predecessor-version":[{"id":3614,"href":"https:\/\/webaid.it\/index.php?rest_route=\/wp\/v2\/pages\/3441\/revisions\/3614"}],"up":[{"embeddable":true,"href":"https:\/\/webaid.it\/index.php?rest_route=\/wp\/v2\/pages\/3572"}],"wp:attachment":[{"href":"https:\/\/webaid.it\/index.php?rest_route=%2Fwp%2Fv2%2Fmedia&parent=3441"}],"curies":[{"name":"wp","href":"https:\/\/api.w.org\/{rel}","templated":true}]}}