{"id":3572,"date":"2025-01-24T17:54:42","date_gmt":"2025-01-24T17:54:42","guid":{"rendered":"https:\/\/peterpodehl.com\/?page_id=3572"},"modified":"2025-01-29T15:55:44","modified_gmt":"2025-01-29T15:55:44","slug":"folge-87-die-unvollendete","status":"publish","type":"page","link":"https:\/\/webaid.it\/?page_id=3572","title":{"rendered":"Folge 87 &#8211; Die Unvollendete"},"content":{"rendered":"\n<p><a href=\"https:\/\/webaid.it\/?page_id=3518\" data-type=\"page\" data-id=\"3518\">Folge 87 &#8211; Das Szenarium<\/a> <br>ver\u00f6ffentlicht anl\u00e4sslich des 75. Geburtstags der ersten Kasi-Spielers Herbert Langemann, der w\u00e4hrend der Dreharbeiten zu dieser Folge so schwer erkrankte, dass die Folge nicht zu Ende  gedreht werden konnte.<\/p>\n\n\n\n<p><a href=\"https:\/\/webaid.it\/?page_id=3441\" data-type=\"page\" data-id=\"3441\">Folge 87 &#8211; Pr\u00e4sentation von Sven Lutzka<\/a><\/p>\n\n\n\n<p><a href=\"https:\/\/webaid.it\/?page_id=3578\">Folge 87 &#8211; Claudia erz\u00e4hlt<\/a> <br>vom Schwamm im Hause Podehl und von Charlottes F\u00e4den-Verstechen<br><\/p>\n\n\n\n<p><\/p>\n","protected":false},"excerpt":{"rendered":"<p>Folge 87 &#8211; Das Szenarium ver\u00f6ffentlicht anl\u00e4sslich des 75. Geburtstags der ersten Kasi-Spielers Herbert Langemann, der w\u00e4hrend der Dreharbeiten zu dieser Folge so schwer erkrankte, dass die Folge nicht zu Ende gedreht werden konnte. Folge 87 &#8211; Pr\u00e4sentation von Sven Lutzka Folge 87 &#8211; Claudia erz\u00e4hlt vom Schwamm im Hause Podehl und von Charlottes F\u00e4den-Verstechen<\/p>\n","protected":false},"author":1,"featured_media":0,"parent":2811,"menu_order":87,"comment_status":"closed","ping_status":"closed","template":"","meta":{"footnotes":""},"class_list":["post-3572","page","type-page","status-publish","hentry"],"_links":{"self":[{"href":"https:\/\/webaid.it\/index.php?rest_route=\/wp\/v2\/pages\/3572","targetHints":{"allow":["GET"]}}],"collection":[{"href":"https:\/\/webaid.it\/index.php?rest_route=\/wp\/v2\/pages"}],"about":[{"href":"https:\/\/webaid.it\/index.php?rest_route=\/wp\/v2\/types\/page"}],"author":[{"embeddable":true,"href":"https:\/\/webaid.it\/index.php?rest_route=\/wp\/v2\/users\/1"}],"replies":[{"embeddable":true,"href":"https:\/\/webaid.it\/index.php?rest_route=%2Fwp%2Fv2%2Fcomments&post=3572"}],"version-history":[{"count":6,"href":"https:\/\/webaid.it\/index.php?rest_route=\/wp\/v2\/pages\/3572\/revisions"}],"predecessor-version":[{"id":3628,"href":"https:\/\/webaid.it\/index.php?rest_route=\/wp\/v2\/pages\/3572\/revisions\/3628"}],"up":[{"embeddable":true,"href":"https:\/\/webaid.it\/index.php?rest_route=\/wp\/v2\/pages\/2811"}],"wp:attachment":[{"href":"https:\/\/webaid.it\/index.php?rest_route=%2Fwp%2Fv2%2Fmedia&parent=3572"}],"curies":[{"name":"wp","href":"https:\/\/api.w.org\/{rel}","templated":true}]}}