{"id":3746,"date":"2025-02-20T16:58:37","date_gmt":"2025-02-20T16:58:37","guid":{"rendered":"https:\/\/peterpodehl.com\/?page_id=3746"},"modified":"2025-02-25T06:08:04","modified_gmt":"2025-02-25T06:08:04","slug":"antwort-auf-der-strase","status":"publish","type":"page","link":"https:\/\/webaid.it\/?page_id=3746","title":{"rendered":"Antwort auf der Stra\u00dfe"},"content":{"rendered":"\n<h2 class=\"wp-block-heading has-text-align-center\">***<\/h2>\n\n\n\n<h2 class=\"wp-block-heading has-text-align-center\">Antwort auf der Stra\u00dfe<\/h2>\n\n\n\n<h2 class=\"wp-block-heading has-text-align-center\">***<\/h2>\n\n\n\n<p class=\"has-text-align-right\"><a href=\"https:\/\/webaid.it\/?page_id=958\">zur\u00fcck zu Peters kleine Geschichten<\/a><\/p>\n\n\n\n<p class=\"has-text-align-right\"><em>Ein uralter Vorschlag &#8211; von mehreren &#8211; von Peter Podehl f\u00fcr Radio Bremen<\/em><br>(<em>vorl\u00e4ufig undatiert, Anfang\/Mitte 60er Jahre)<\/em><\/p>\n\n\n\n<p>Wir alle kennen das: Wir haben uns unterhalten, ein bisschen oberfl\u00e4chlich und hastig meist, wir gehen auseinander, steigen ins Auto, und wenn wir auf den Anlasser treten, dann f\u00e4llt uns ein, was wir eigentlich h\u00e4tten sagen sollen, aber die Diskussionssituation ist dann nicht mehr rekonstruierbar, ist unwiederbringlich dahin.<\/p>\n\n\n\n<p>Als Spiegelbild blendet der Film auf eine Nordsee-Insel. Da leben, recht vereinsamt, zwei alte M\u00e4nner in ihren abgelegenen H\u00e4usern. Eines Morgens besucht, wie \u00fcblich, der eine den anderen; obwohl sie dicksch\u00e4dlig sind und einander gar nicht uneingeschr\u00e4nkt lieben, sind sie doch aufeinander angewiesen und helfen sich gegenseitig. <\/p>\n\n\n\n<p>An diesem Morgen beginnen sie ganz unverhofft ein Gespr\u00e4ch \u00fcber Alter und Tod. Es zieht sich, der Gr\u00f6\u00dfe des Themas entsprechend, \u00fcber den ganzen Tag hin. Immer wieder gehen sie auseinander und den Gesch\u00e4ften des Tages nach, der eine Holz hacken, der andere in die R\u00e4ucherkammer, der eine zum Kr\u00e4mer ins Dorf, der andere das Strohdach flicken. Oft geht der eine nach langem Nachdenken zur\u00fcck und korrigiert seinen Standpunkt, oder eine Antwort wird erst nach einer Trennung von Stunden gegeben.<\/p>\n\n\n\n<p>Und wenn der Tag sich neigt, haben die beiden eigenbr\u00f6tlerischen Querk\u00f6pfe etwas getan, was zu den erquicklichsten Freuden des Daseins geh\u00f6rt: ein Gespr\u00e4ch gef\u00fchrt.<\/p>\n\n\n\n<p class=\"has-text-align-right\">\u00a9 Peter Podehl<\/p>\n\n\n\n<p><a href=\"https:\/\/webaid.it\/?page_id=3661\">Da lachten Philemon und Bauci<\/a>s<\/p>\n\n\n\n<p>Weitere  kleine Geschichten<br><a href=\"https:\/\/webaid.it\/?page_id=610\">Nur Einer!<\/a><\/p>\n\n\n\n<p>2 Polizistengeschichten:<br><a href=\"https:\/\/webaid.it\/?page_id=3401\">H\u00e4tte die Sache nicht mit einem Knall begonnen<\/a><br><a href=\"https:\/\/webaid.it\/?page_id=2255\">Angela<\/a><\/p>\n\n\n\n<p><a href=\"https:\/\/webaid.it\/?page_id=955\">Drei Kilo Zucker<\/a><\/p>\n\n\n\n<p><\/p>\n","protected":false},"excerpt":{"rendered":"<p>*** Antwort auf der Stra\u00dfe *** zur\u00fcck zu Peters kleine Geschichten Ein uralter Vorschlag &#8211; von mehreren &#8211; von Peter Podehl f\u00fcr Radio Bremen(vorl\u00e4ufig undatiert, Anfang\/Mitte 60er Jahre) Wir alle kennen das: Wir haben uns unterhalten, ein bisschen oberfl\u00e4chlich und hastig meist, wir gehen auseinander, steigen ins Auto, und wenn wir auf den Anlasser treten, [&hellip;]<\/p>\n","protected":false},"author":1,"featured_media":0,"parent":958,"menu_order":6,"comment_status":"closed","ping_status":"closed","template":"","meta":{"footnotes":""},"class_list":["post-3746","page","type-page","status-publish","hentry"],"_links":{"self":[{"href":"https:\/\/webaid.it\/index.php?rest_route=\/wp\/v2\/pages\/3746","targetHints":{"allow":["GET"]}}],"collection":[{"href":"https:\/\/webaid.it\/index.php?rest_route=\/wp\/v2\/pages"}],"about":[{"href":"https:\/\/webaid.it\/index.php?rest_route=\/wp\/v2\/types\/page"}],"author":[{"embeddable":true,"href":"https:\/\/webaid.it\/index.php?rest_route=\/wp\/v2\/users\/1"}],"replies":[{"embeddable":true,"href":"https:\/\/webaid.it\/index.php?rest_route=%2Fwp%2Fv2%2Fcomments&post=3746"}],"version-history":[{"count":10,"href":"https:\/\/webaid.it\/index.php?rest_route=\/wp\/v2\/pages\/3746\/revisions"}],"predecessor-version":[{"id":3819,"href":"https:\/\/webaid.it\/index.php?rest_route=\/wp\/v2\/pages\/3746\/revisions\/3819"}],"up":[{"embeddable":true,"href":"https:\/\/webaid.it\/index.php?rest_route=\/wp\/v2\/pages\/958"}],"wp:attachment":[{"href":"https:\/\/webaid.it\/index.php?rest_route=%2Fwp%2Fv2%2Fmedia&parent=3746"}],"curies":[{"name":"wp","href":"https:\/\/api.w.org\/{rel}","templated":true}]}}