{"id":3866,"date":"2025-07-01T15:21:30","date_gmt":"2025-07-01T15:21:30","guid":{"rendered":"https:\/\/peterpodehl.com\/?page_id=3866"},"modified":"2025-07-17T16:25:05","modified_gmt":"2025-07-17T16:25:05","slug":"ich-und-fast-alle-meine-arzte","status":"publish","type":"page","link":"https:\/\/webaid.it\/?page_id=3866","title":{"rendered":"Ich und fast alle meine \u00c4rzte"},"content":{"rendered":"\n<h2 class=\"wp-block-heading has-text-align-center\">***<\/h2>\n\n\n\n<h1 class=\"wp-block-heading has-text-align-center\"><br>Ich und fast alle meine \u00c4rzte<\/h1>\n\n\n\n<h1 class=\"wp-block-heading has-text-align-center\">***<\/h1>\n\n\n\n<h2 class=\"wp-block-heading has-text-align-center\">Ungerechte Farce f\u00fcr eine Frauensperson<\/h2>\n\n\n\n<p class=\"has-text-align-center\">von <\/p>\n\n\n\n<h2 class=\"wp-block-heading has-text-align-center\">Peter Podehl<br>\u00a9<\/h2>\n\n\n\n<p class=\"has-text-align-center\">***<\/p>\n\n\n\n<p>Tja, das war Charlotte. <br>Mitte ihrer 50er Jahre hatte sie eine ordentliche Mid-Life-Crisis mit sehr nervigen Symptomen. \u00c4rzte wurden befragt, einer behauptete sie habe bestimmt irgendwo im K\u00f6rper einen schrecklichen Entz\u00fcndungsherd, alle Z\u00e4hne wurden kontrolliert &#8211; Charlotte starb 87j\u00e4hrig mit all ihren eigenen Z\u00e4hnen im Mund, nicht einer fehlte -. Sie wurde \u00fcberall durchleuchtet, ein nennenswerter Entz\u00fcndungsherd konnte nicht gefunden werden. Ein HNO-Arzt Dr. von Sowieso &#8211; das &#8220;von&#8221; war besonders wichtig &#8211; fand einen Dorn in der Nase &#8211; allen Ernstes &#8211; und wollte ihn rausoperieren, ein anderer verschrieb ihr eine (teure) Schlafkur in seiner (teuren) Klinik.<\/p>\n\n\n\n<p>Peter machte daraus schlie\u00dflich diese diabolisch schr\u00e4ge Farse. <\/p>\n\n\n\n<p>Die Charlotte zeitlebens ein kleinwenig \u00e4rgerte. <br>Sie f\u00fchlte sich ja schon von den \u00c4rzten nicht so ganz ernst genommen. &#8220;Die finden alle was:&#8221; erz\u00e4hlte sie immer, und dann kam die Liste da oben und eine Menge mehr. Ich kann mich nicht mehr an alle abgeklapperten \u00c4rzte erinnern. Da Charlottes erster Gatte ein sehr seri\u00f6ser Frauenarzt gewesen war, wollte sie auch nicht glauben, dass diese hier vielleicht lieber ein wenig auf das leckere lockende Geld schielten.<br>Wer wird denn knausern, wenns um die Gesundheit geht?!<\/p>\n\n\n\n<p>Und zuletzt  die Sache mit dem Vermonter Obstessig! Die stimmt haargenau so, wie Peter sie hier schreibt. Auch den hat Charlotte ausprobiert. Froh, nicht mehr haufenweise Geldscheine loszuwerden. Es lebe der Obstessig!<\/p>\n\n\n\n<p>Genie\u00dft also auch diese knatternde Antidemmiaurisausum-Geschichte. <br>F\u00fcr einen Vollblut-Regisseur und eine Vollblut-Schauspielerin eine herrliche Herausforderung, geschrieben von einem Vollblut-Geschichtenerfinder.<\/p>\n\n\n\n<p class=\"has-text-align-right\">Claudia Podehl <\/p>\n\n\n\n<p><a href=\"https:\/\/webaid.it\/?page_id=4074\">Ich und fast alle meine \u00c4rzte &#8211; Das St\u00fcck<\/a><\/p>\n\n\n\n<p><\/p>\n\n\n\n<p><\/p>\n","protected":false},"excerpt":{"rendered":"<p>*** Ich und fast alle meine \u00c4rzte *** Ungerechte Farce f\u00fcr eine Frauensperson von Peter Podehl\u00a9 *** Tja, das war Charlotte. Mitte ihrer 50er Jahre hatte sie eine ordentliche Mid-Life-Crisis mit sehr nervigen Symptomen. \u00c4rzte wurden befragt, einer behauptete sie habe bestimmt irgendwo im K\u00f6rper einen schrecklichen Entz\u00fcndungsherd, alle Z\u00e4hne wurden kontrolliert &#8211; Charlotte starb [&hellip;]<\/p>\n","protected":false},"author":1,"featured_media":0,"parent":3930,"menu_order":2,"comment_status":"closed","ping_status":"closed","template":"","meta":{"footnotes":""},"class_list":["post-3866","page","type-page","status-publish","hentry"],"_links":{"self":[{"href":"https:\/\/webaid.it\/index.php?rest_route=\/wp\/v2\/pages\/3866","targetHints":{"allow":["GET"]}}],"collection":[{"href":"https:\/\/webaid.it\/index.php?rest_route=\/wp\/v2\/pages"}],"about":[{"href":"https:\/\/webaid.it\/index.php?rest_route=\/wp\/v2\/types\/page"}],"author":[{"embeddable":true,"href":"https:\/\/webaid.it\/index.php?rest_route=\/wp\/v2\/users\/1"}],"replies":[{"embeddable":true,"href":"https:\/\/webaid.it\/index.php?rest_route=%2Fwp%2Fv2%2Fcomments&post=3866"}],"version-history":[{"count":45,"href":"https:\/\/webaid.it\/index.php?rest_route=\/wp\/v2\/pages\/3866\/revisions"}],"predecessor-version":[{"id":4230,"href":"https:\/\/webaid.it\/index.php?rest_route=\/wp\/v2\/pages\/3866\/revisions\/4230"}],"up":[{"embeddable":true,"href":"https:\/\/webaid.it\/index.php?rest_route=\/wp\/v2\/pages\/3930"}],"wp:attachment":[{"href":"https:\/\/webaid.it\/index.php?rest_route=%2Fwp%2Fv2%2Fmedia&parent=3866"}],"curies":[{"name":"wp","href":"https:\/\/api.w.org\/{rel}","templated":true}]}}