{"id":392,"date":"2022-11-21T15:32:47","date_gmt":"2022-11-21T15:32:47","guid":{"rendered":"https:\/\/peterpodehl.com\/?page_id=392"},"modified":"2022-12-06T08:13:01","modified_gmt":"2022-12-06T08:13:01","slug":"cv-2006-romische-universitaten","status":"publish","type":"page","link":"https:\/\/webaid.it\/?page_id=392","title":{"rendered":"Peters CV 2005 &#8211; r\u00f6mische Universit\u00e4ten"},"content":{"rendered":"\n<p>&#8212;<\/p>\n\n\n\n<p>2005 hielt Peter Podehl 2 Vortr\u00e4ge an den r\u00f6mischen Universit\u00e4ten :<\/p>\n\n\n\n<p>&#8220;Politik und M\u00e4rchen&#8221; an der Sapienza, Fakult\u00e4t f\u00fcr Politische Wissenschaften &#8211; Wie die Schie\u00dfereien am 17. Juni 1953 laut in die Dreharbeiten zum &#8220;kleinen Muck&#8221; platzten. Niemand wusste, was da geschah.<\/p>\n\n\n\n<p>und<\/p>\n\n\n\n<p>&#8220;Deutsch lernen wie die kleinen Kinder&#8221; an der S.Pio V (heute UNINT), an der Dolmetscher und \u00dcbersetzer-Fakult\u00e4t &#8211; Die Kindersprache von &#8220;Hallo Spencer&#8221;, mit gleichzeitiger \u00dcbung der angehenden Simultandolmetscher<\/p>\n\n\n\n<p>Dazu pr\u00e4sentierte er folgendes CV:<\/p>\n\n\n\n<p class=\"has-text-align-center\">***<\/p>\n\n\n<p class=\"p1\" style=\"text-align: center;\"><strong><span class=\"s1\">Peter Podehl<\/span><\/strong><\/p>\n<p class=\"p3\"><span class=\"s1\"><span class=\"Apple-converted-space\">&nbsp;<\/span><\/span><strong><span class=\"s1\">Lebenslauf<\/span><\/strong><\/p>\n<p class=\"p5\"><span class=\"s1\">Geboren 1922 in Berlin:<br><\/span><span class=\"s1\">Abitur 1940 in Berlin;<br><\/span><span class=\"s1\">Verheiratet 53 Jahre lang mit der Schauspielerin Charlotte Ulbrich; nunmehr Witwer; <br><\/span><span class=\"s1\">2 Kinder, 5 Enkelkinder, 2 Urenkelkinder;<\/span><\/p>\n<p class=\"p5\"><span class=\"s1\">Schauspielschulen des<br><\/span><span class=\"s1\">Deutschen Theaters in Berlin,<br><\/span><span class=\"s1\">Burgtheaters in Wien;<\/span><\/p>\n<p class=\"p5\"><span class=\"s1\">Soldat von Ende 1942 &#8211; Stalingrad brachte gerade die Wende des Krieges &#8211; bis zum Kriegsende 1945, sieben Schutzengel, weil weniger das nicht geschafft h\u00e4tten, brachten mich heil nach Hause;<\/span><\/p>\n<p class=\"p5\"><span class=\"s1\">Schauspieler, haupts\u00e4chlich Komiker, in Wien und am Deutschen Nationaltheater Weimar;<\/span><\/p>\n<p class=\"p5\"><span class=\"s1\">St\u00fcckeschreiber, <a href=\"https:\/\/webaid.it\/?page_id=177\">KOMMEN UND GEHEN<\/a> und FAMILIENTHEATER, beide uraufgef\u00fchrt in Weimar;<\/span><\/p>\n<p class=\"p5\"><span class=\"s1\">Hauptrolle im Defa-Film CORINNA SCHMIDT;<\/span><\/p>\n<p class=\"p5\"><span class=\"s1\">Drehbuchautor bei der Defa:<br><\/span><span class=\"s1\"><a href=\"https:\/\/webaid.it\/?page_id=45\" target=\"_blank\" rel=\"noopener\">DIE GESCHICHTE VOM KLEINEN MUCK<\/a>, zusammen mit Wolfgang Staudte, dessen Regieassistent ich dann wurde.<\/span><\/p>\n<p class=\"p5\"><span class=\"s1\">\u00dcbersiedlung von Potsdam-Babelsberg nach M\u00fcnchen, legal, in einer politischen Tauwetterperiode.<\/span><\/p>\n<p class=\"p5\"><span class=\"s1\">Autor und Regisseur von M\u00e4rchenfilmen <br><\/span><span class=\"s1\">DER WOLF UND DIE SIEBEN JUNGEN GEISSLEIN, <br><\/span><span class=\"s1\">FRAU HOLLE<\/span><\/p>\n<p class=\"p5\"><span class=\"s1\">Autor und Regisseur sehr vieler Fernsehserien f\u00fcr Kinder:<br><\/span><span class=\"s1\">KASPER UND RENEE<br><\/span><span class=\"s1\">DIE H\u00d6HLENKINDER<br><\/span><span class=\"s1\">SPASS MIT ZINI<br><\/span><span class=\"s1\">AUS DEM B\u00dcCHERSCHRANK GEHOLT<br><\/span><span class=\"s1\">LEMMI UND DIE SCHM\u00d6KER<br><\/span><span class=\"s1\">HALLO SPENCER<br><\/span><span class=\"s1\">JAN VOM GOLDENEN STERN.<\/span><\/p>\n<p class=\"p5\"><span class=\"s1\">Dato Rentner und Pension\u00e4r.<\/span><\/p>\n<p class=\"p5\"><span class=\"s1\">Autor dreier Romane im Netz, lesenswert, so meine ich:<\/span><\/p>\n<p class=\"p5\"><span class=\"s1\">DU HAST MIR DIE STADT BELEBT,<br><\/span><span class=\"s1\">ES IST ALLES EINE FRAGE DER LIEBE,<br><\/span><span class=\"s1\">WIR SIND EIN GESPR\u00c4CH.<br><\/span><span class=\"s1\">Alle unter <a href=\"http:\/\/www.stadtroman.de\/\">www.stadtroman.de<\/a>.<br><\/span><span class=\"s1\">Diese Webseite wird laufend erg\u00e4nzt mit weiteren Schriften des Autors <\/span><\/p>\n<p class=\"p5\" style=\"text-align: right;\"><span class=\"s1\">\u00a9 P.P..<\/span><\/p>\n\n\n<p>Claudia f\u00fcgt hinzu:<\/p>\n\n\n\n<p>Fernsehfilm &#8220;<strong>Ahimeh<\/strong>&#8220;<\/p>\n\n\n\n<p>Leseabende mit Charlotte:<\/p>\n\n\n\n<p><a rel=\"noreferrer noopener\" href=\"https:\/\/www.youtube.com\/watch?v=pTedeoXNDW4&amp;t=25s\" target=\"_blank\"><strong>Der Zitatenpudding<\/strong><\/a><br>Da darf man erraten, wer solche wundervollen, poetischen, absurden und sonstigen  Weisheiten von sich gegeben hat; wer&#8217;s nicht wei\u00df, erf\u00e4hrt es dann auch am Ende jedes Zitats.<\/p>\n\n\n\n<p>Friedrich H\u00f6lderlin: <strong><a href=\"https:\/\/www.youtube.com\/watch?v=C6xE3QXv56g&amp;t=71s\" target=\"_blank\" rel=\"noreferrer noopener\">Eine lehrte ihn ganz, was Liebe sei<\/a> <\/strong>&#8211; Friedrich H\u00f6lderlin in der Schule der Diotima<\/p>\n\n\n\n<p><strong>Goethe, wie er nie im Schulbuch stand<\/strong> (kommt bald)<\/p>\n\n\n\n<p><strong><a rel=\"noreferrer noopener\" href=\"https:\/\/www.youtube.com\/watch?v=C0N3PfBxtm4&amp;t=492s\" target=\"_blank\">Wir leben als schwebten wir nicht<\/a> <\/strong>&#8211; Der Mensch zwischen Kosmos und Quark. <br>Dazu spielt Bettina Fuchs Fl\u00f6te<\/p>\n\n\n\n<p><strong>Guten Tag, lieber Gott! Wie geht es deiner Frau? Wir haben lange nichts mehr von ihr geh\u00f6rt.<\/strong><\/p>\n\n\n\n<p class=\"has-text-align-right\">\u00a9 C.P<\/p>\n","protected":false},"excerpt":{"rendered":"<p>&#8212; 2005 hielt Peter Podehl 2 Vortr\u00e4ge an den r\u00f6mischen Universit\u00e4ten : &#8220;Politik und M\u00e4rchen&#8221; an der Sapienza, Fakult\u00e4t f\u00fcr Politische Wissenschaften &#8211; Wie die Schie\u00dfereien am 17. Juni 1953 laut in die Dreharbeiten zum &#8220;kleinen Muck&#8221; platzten. Niemand wusste, was da geschah. und &#8220;Deutsch lernen wie die kleinen Kinder&#8221; an der S.Pio V (heute [&hellip;]<\/p>\n","protected":false},"author":1,"featured_media":0,"parent":528,"menu_order":5,"comment_status":"closed","ping_status":"closed","template":"","meta":{"footnotes":""},"class_list":["post-392","page","type-page","status-publish","hentry"],"_links":{"self":[{"href":"https:\/\/webaid.it\/index.php?rest_route=\/wp\/v2\/pages\/392","targetHints":{"allow":["GET"]}}],"collection":[{"href":"https:\/\/webaid.it\/index.php?rest_route=\/wp\/v2\/pages"}],"about":[{"href":"https:\/\/webaid.it\/index.php?rest_route=\/wp\/v2\/types\/page"}],"author":[{"embeddable":true,"href":"https:\/\/webaid.it\/index.php?rest_route=\/wp\/v2\/users\/1"}],"replies":[{"embeddable":true,"href":"https:\/\/webaid.it\/index.php?rest_route=%2Fwp%2Fv2%2Fcomments&post=392"}],"version-history":[{"count":10,"href":"https:\/\/webaid.it\/index.php?rest_route=\/wp\/v2\/pages\/392\/revisions"}],"predecessor-version":[{"id":550,"href":"https:\/\/webaid.it\/index.php?rest_route=\/wp\/v2\/pages\/392\/revisions\/550"}],"up":[{"embeddable":true,"href":"https:\/\/webaid.it\/index.php?rest_route=\/wp\/v2\/pages\/528"}],"wp:attachment":[{"href":"https:\/\/webaid.it\/index.php?rest_route=%2Fwp%2Fv2%2Fmedia&parent=392"}],"curies":[{"name":"wp","href":"https:\/\/api.w.org\/{rel}","templated":true}]}}