{"id":3930,"date":"2025-06-16T14:26:17","date_gmt":"2025-06-16T14:26:17","guid":{"rendered":"https:\/\/peterpodehl.com\/?page_id=3930"},"modified":"2025-07-23T16:53:50","modified_gmt":"2025-07-23T16:53:50","slug":"komodien","status":"publish","type":"page","link":"https:\/\/webaid.it\/?page_id=3930","title":{"rendered":"Kom\u00f6dien"},"content":{"rendered":"\n<h2 class=\"wp-block-heading has-text-align-center\">***<\/h2>\n\n\n\n<h2 class=\"wp-block-heading has-text-align-center\">Kom\u00f6dien<\/h2>\n\n\n\n<h2 class=\"wp-block-heading has-text-align-center\">von <\/h2>\n\n\n\n<h2 class=\"wp-block-heading has-text-align-center\">Peter Podehl<\/h2>\n\n\n\n<h2 class=\"wp-block-heading has-text-align-center\">***<\/h2>\n\n\n\n<p><\/p>\n\n\n\n<p class=\"has-text-align-left\"><a href=\"https:\/\/webaid.it\/?page_id=3866\" data-type=\"page\" data-id=\"3866\"><strong>Ich und fast alle meine \u00c4rzte<\/strong><\/a><\/p>\n\n\n\n<p><a href=\"https:\/\/webaid.it\/?page_id=3901\"><strong>Scheidung auf Probe<\/strong><\/a> &#8211; muss ich noch abschreiben, da gibt es keine Digitalfassung<\/p>\n\n\n\n<p><a href=\"https:\/\/webaid.it\/?page_id=4045\" data-type=\"page\" data-id=\"4045\"><strong>K\u00f6nig gefangen<\/strong><\/a> <\/p>\n\n\n\n<p><strong>Iphigenie in Deutschland<\/strong> &#8211; unvollendetemKom\u00f6die: oben auf der B\u00fchne wird Goethes &#8220;Iphigenie auf Thauris&#8221; aufgef\u00fchrt, die Kom\u00f6die spielt in den Garderoben. <br>Ich m\u00f6chte gerne  einige von Peter Podehls Aufzeichnungen hierzu ver\u00f6ffentlichen. Nur, auch hier herrscht ziemliches Chaos, durch das ich bisher noch nicht durchblicke.<\/p>\n\n\n\n<p><strong>Das sp\u00e4te Fr\u00e4ulein Pimpernell<\/strong> &#8211; muss ich auch noch abschreiben, finde bisher keine Digitalfassung. Das St\u00fcck wurde aber mal in Stuttgart in einer Kuddelmuddel-Fassung aufgef\u00fchrt, die mit Podehls Kom\u00f6die zuletzt nur wenig zu tun hatte. Der Theaterdirektor musste einen Offenbarungseid leisten, weil er nicht zahlen konnte. &#8211; Vielleicht w\u00e4re ja auch das Stoff f\u00fcr eine Kom\u00f6die gewesen&#8230;<\/p>\n\n\n\n<p><strong><a href=\"https:\/\/webaid.it\/?page_id=3661\" data-type=\"page\" data-id=\"3661\">Da lachten Philemon und Baucis<\/a> <\/strong>&#8211; Aufzeichnungen zu einer nie geschriebenen Kom\u00f6die der ganz besonderen Art<\/p>\n\n\n\n<p><\/p>\n","protected":false},"excerpt":{"rendered":"<p>*** Kom\u00f6dien von Peter Podehl *** Ich und fast alle meine \u00c4rzte Scheidung auf Probe &#8211; muss ich noch abschreiben, da gibt es keine Digitalfassung K\u00f6nig gefangen Iphigenie in Deutschland &#8211; unvollendetemKom\u00f6die: oben auf der B\u00fchne wird Goethes &#8220;Iphigenie auf Thauris&#8221; aufgef\u00fchrt, die Kom\u00f6die spielt in den Garderoben. Ich m\u00f6chte gerne einige von Peter Podehls [&hellip;]<\/p>\n","protected":false},"author":1,"featured_media":0,"parent":175,"menu_order":2,"comment_status":"closed","ping_status":"closed","template":"","meta":{"footnotes":""},"class_list":["post-3930","page","type-page","status-publish","hentry"],"_links":{"self":[{"href":"https:\/\/webaid.it\/index.php?rest_route=\/wp\/v2\/pages\/3930","targetHints":{"allow":["GET"]}}],"collection":[{"href":"https:\/\/webaid.it\/index.php?rest_route=\/wp\/v2\/pages"}],"about":[{"href":"https:\/\/webaid.it\/index.php?rest_route=\/wp\/v2\/types\/page"}],"author":[{"embeddable":true,"href":"https:\/\/webaid.it\/index.php?rest_route=\/wp\/v2\/users\/1"}],"replies":[{"embeddable":true,"href":"https:\/\/webaid.it\/index.php?rest_route=%2Fwp%2Fv2%2Fcomments&post=3930"}],"version-history":[{"count":19,"href":"https:\/\/webaid.it\/index.php?rest_route=\/wp\/v2\/pages\/3930\/revisions"}],"predecessor-version":[{"id":4239,"href":"https:\/\/webaid.it\/index.php?rest_route=\/wp\/v2\/pages\/3930\/revisions\/4239"}],"up":[{"embeddable":true,"href":"https:\/\/webaid.it\/index.php?rest_route=\/wp\/v2\/pages\/175"}],"wp:attachment":[{"href":"https:\/\/webaid.it\/index.php?rest_route=%2Fwp%2Fv2%2Fmedia&parent=3930"}],"curies":[{"name":"wp","href":"https:\/\/api.w.org\/{rel}","templated":true}]}}