{"id":4045,"date":"2025-07-01T15:28:57","date_gmt":"2025-07-01T15:28:57","guid":{"rendered":"https:\/\/peterpodehl.com\/?page_id=4045"},"modified":"2025-07-05T21:19:12","modified_gmt":"2025-07-05T21:19:12","slug":"konig-gefangen","status":"publish","type":"page","link":"https:\/\/webaid.it\/?page_id=4045","title":{"rendered":"K\u00f6nig gefangen"},"content":{"rendered":"\n<p class=\"has-text-align-center\"><strong>***<\/strong><\/p>\n\n\n\n<h1 class=\"wp-block-heading has-text-align-center\">K\u00f6nig gefangen<\/h1>\n\n\n\n<h2 class=\"wp-block-heading has-text-align-center\">Kom\u00f6die<br>in drei Akten <br><br>von <br>Peter Podehl<br>\u00a9<\/h2>\n\n\n\n<p class=\"has-text-align-center\"><strong>***<\/strong><\/p>\n\n\n\n<p>Peter Podehl schrieb diese Kom\u00f6die gen\u00fcsslich auf Sardinien. Dort machten wir die gesamten 1990er Jahre im September Ferien. In einer sch\u00f6nen Wohnung mit Terrasse und Blick \u00fcber die <a href=\"https:\/\/webaid.it\/?page_id=698\">magische Bucht von Porto Pino<\/a>. <br>Er lie\u00df sich einen Extratisch ins Zimmer bringen, das war nat\u00fcrlich so ein wackeliger Plastiktisch, den er fest in eine Zimmerecke quetschte, da wackelte er etwa weniger. (Jedenfalls weniger als der, an dem ich gerade sitze, 30 Jahre sp\u00e4ter, auf Sardinien, in unserem kleinen Garten.)<br>Er schrieb dort rigoros alles mit der Hand, sp\u00e4ter gab er den Text in einen heute wahrhaft steinzeitlich anmutenden Olivetti-Computer ein, den er nach unendlichen M\u00fchen dazu gebracht hatte, das zu schreiben, was er &#8211; Peter &#8211; wollte.<br>Zu Beginn der Jahrtausends erwarb er dann mit unserer Beratung einen Laptop, in den er die hier ver\u00f6ffentlichte Fassung von &#8220;K\u00f6nig gefangen&#8221; eingab. Sie stimmt ziemlich genau mit der Olivetti-Fassung \u00fcberein. <br>Ich habe noch einige &#8220;da\u00df&#8221; und &#8220;la\u00dft&#8221; in &#8220;dass&#8221; und &#8220;lasst&#8221; umgewandelt. <br>Und mich bei der Aufbereitung f\u00fcr diese Ver\u00f6ffentlichung k\u00f6stlich am\u00fcsiert.<br><\/p>\n\n\n\n<p class=\"has-text-align-right\">Claudia Podehl, Juni 2025, Sardinien<\/p>\n\n\n\n<p><\/p>\n\n\n\n<p><\/p>\n\n\n\n<p><a href=\"https:\/\/webaid.it\/?page_id=3936\" data-type=\"page\" data-id=\"3936\">K\u00d6NIG GEFANGEN &#8211; Erster Akt<\/a><\/p>\n\n\n\n<p><a href=\"https:\/\/webaid.it\/?page_id=3959\" data-type=\"page\" data-id=\"3959\">K\u00d6NIG GEFANGEN &#8211; Zweiter Akt<\/a><\/p>\n\n\n\n<p><a href=\"https:\/\/webaid.it\/?page_id=3970\" data-type=\"page\" data-id=\"3970\">K\u00d6NIG GEFANGEN &#8211; Dritter Akt<\/a><\/p>\n","protected":false},"excerpt":{"rendered":"<p>*** K\u00f6nig gefangen Kom\u00f6diein drei Akten von Peter Podehl\u00a9 *** Peter Podehl schrieb diese Kom\u00f6die gen\u00fcsslich auf Sardinien. Dort machten wir die gesamten 1990er Jahre im September Ferien. In einer sch\u00f6nen Wohnung mit Terrasse und Blick \u00fcber die magische Bucht von Porto Pino. Er lie\u00df sich einen Extratisch ins Zimmer bringen, das war nat\u00fcrlich so [&hellip;]<\/p>\n","protected":false},"author":1,"featured_media":0,"parent":3930,"menu_order":5,"comment_status":"closed","ping_status":"closed","template":"","meta":{"footnotes":""},"class_list":["post-4045","page","type-page","status-publish","hentry"],"_links":{"self":[{"href":"https:\/\/webaid.it\/index.php?rest_route=\/wp\/v2\/pages\/4045","targetHints":{"allow":["GET"]}}],"collection":[{"href":"https:\/\/webaid.it\/index.php?rest_route=\/wp\/v2\/pages"}],"about":[{"href":"https:\/\/webaid.it\/index.php?rest_route=\/wp\/v2\/types\/page"}],"author":[{"embeddable":true,"href":"https:\/\/webaid.it\/index.php?rest_route=\/wp\/v2\/users\/1"}],"replies":[{"embeddable":true,"href":"https:\/\/webaid.it\/index.php?rest_route=%2Fwp%2Fv2%2Fcomments&post=4045"}],"version-history":[{"count":12,"href":"https:\/\/webaid.it\/index.php?rest_route=\/wp\/v2\/pages\/4045\/revisions"}],"predecessor-version":[{"id":4119,"href":"https:\/\/webaid.it\/index.php?rest_route=\/wp\/v2\/pages\/4045\/revisions\/4119"}],"up":[{"embeddable":true,"href":"https:\/\/webaid.it\/index.php?rest_route=\/wp\/v2\/pages\/3930"}],"wp:attachment":[{"href":"https:\/\/webaid.it\/index.php?rest_route=%2Fwp%2Fv2%2Fmedia&parent=4045"}],"curies":[{"name":"wp","href":"https:\/\/api.w.org\/{rel}","templated":true}]}}