{"id":528,"date":"2022-12-04T05:30:07","date_gmt":"2022-12-04T05:30:07","guid":{"rendered":"https:\/\/peterpodehl.com\/?page_id=528"},"modified":"2025-02-03T15:51:32","modified_gmt":"2025-02-03T15:51:32","slug":"cvs-von-peter-und-charlotte","status":"publish","type":"page","link":"https:\/\/webaid.it\/?page_id=528","title":{"rendered":"CVs von Peter und Charlotte"},"content":{"rendered":"\n<p><a href=\"https:\/\/webaid.it\/?page_id=556\">Charlottes Theater<\/a><\/p>\n\n\n\n<p><a href=\"https:\/\/de.wikipedia.org\/wiki\/Peter_Podehl\">Peter Podehl bei Wikipedia<\/a><\/p>\n\n\n\n<p><a href=\"https:\/\/webaid.it\/?page_id=1019\">Werkeliste Peter Podehl<\/a><\/p>\n\n\n\n<p><a href=\"https:\/\/webaid.it\/?page_id=545\">Peter \u00fcber sich selbst<\/a> &#8211; 1948<\/p>\n\n\n\n<p><a href=\"https:\/\/webaid.it\/?page_id=553\">Peters Theater<\/a> &#8211; 1952 ca.<\/p>\n\n\n\n<p><a href=\"https:\/\/webaid.it\/?page_id=540\">Peters CV<\/a> &#8211; 1960 &#8211; \u00a0Antwort auf eine Stellenanzeige<\/p>\n\n\n\n<p><a href=\"https:\/\/webaid.it\/?page_id=392\">CV als Rentner<\/a> &#8211; 2005 &#8211; f\u00fcr seine Vortr\u00e4ge an 2 r\u00f6mischen Universit\u00e4ten<\/p>\n","protected":false},"excerpt":{"rendered":"<p>Charlottes Theater Peter Podehl bei Wikipedia Werkeliste Peter Podehl Peter \u00fcber sich selbst &#8211; 1948 Peters Theater &#8211; 1952 ca. Peters CV &#8211; 1960 &#8211; \u00a0Antwort auf eine Stellenanzeige CV als Rentner &#8211; 2005 &#8211; f\u00fcr seine Vortr\u00e4ge an 2 r\u00f6mischen Universit\u00e4ten<\/p>\n","protected":false},"author":1,"featured_media":0,"parent":389,"menu_order":1,"comment_status":"closed","ping_status":"closed","template":"","meta":{"footnotes":""},"class_list":["post-528","page","type-page","status-publish","hentry"],"_links":{"self":[{"href":"https:\/\/webaid.it\/index.php?rest_route=\/wp\/v2\/pages\/528","targetHints":{"allow":["GET"]}}],"collection":[{"href":"https:\/\/webaid.it\/index.php?rest_route=\/wp\/v2\/pages"}],"about":[{"href":"https:\/\/webaid.it\/index.php?rest_route=\/wp\/v2\/types\/page"}],"author":[{"embeddable":true,"href":"https:\/\/webaid.it\/index.php?rest_route=\/wp\/v2\/users\/1"}],"replies":[{"embeddable":true,"href":"https:\/\/webaid.it\/index.php?rest_route=%2Fwp%2Fv2%2Fcomments&post=528"}],"version-history":[{"count":8,"href":"https:\/\/webaid.it\/index.php?rest_route=\/wp\/v2\/pages\/528\/revisions"}],"predecessor-version":[{"id":3660,"href":"https:\/\/webaid.it\/index.php?rest_route=\/wp\/v2\/pages\/528\/revisions\/3660"}],"up":[{"embeddable":true,"href":"https:\/\/webaid.it\/index.php?rest_route=\/wp\/v2\/pages\/389"}],"wp:attachment":[{"href":"https:\/\/webaid.it\/index.php?rest_route=%2Fwp%2Fv2%2Fmedia&parent=528"}],"curies":[{"name":"wp","href":"https:\/\/api.w.org\/{rel}","templated":true}]}}