{"id":54,"date":"2022-11-06T20:42:27","date_gmt":"2022-11-06T20:42:27","guid":{"rendered":"https:\/\/peterpodehl.com\/?page_id=54"},"modified":"2023-04-19T04:04:58","modified_gmt":"2023-04-19T04:04:58","slug":"zini","status":"publish","type":"page","link":"https:\/\/webaid.it\/?page_id=54","title":{"rendered":"Zini"},"content":{"rendered":"\n<p>***<\/p>\n\n\n\n<figure class=\"wp-block-image alignright size-large is-resized\"><img loading=\"lazy\" decoding=\"async\" src=\"https:\/\/webaid.it\/wp-content\/uploads\/2023\/04\/IMG_5644-1024x472.png\" alt=\"\" class=\"wp-image-1761\" width=\"272\" height=\"125\" srcset=\"https:\/\/webaid.it\/wp-content\/uploads\/2023\/04\/IMG_5644-1024x472.png 1024w, https:\/\/webaid.it\/wp-content\/uploads\/2023\/04\/IMG_5644-300x138.png 300w, https:\/\/webaid.it\/wp-content\/uploads\/2023\/04\/IMG_5644-768x354.png 768w, https:\/\/webaid.it\/wp-content\/uploads\/2023\/04\/IMG_5644.png 1398w\" sizes=\"auto, (max-width: 272px) 100vw, 272px\" \/><\/figure>\n\n\n\n<p><a href=\"https:\/\/de.wikipedia.org\/wiki\/Spa%C3%9F_am_Dienstag\">Infos \u00fcber Zini<\/a> (Wikipedia, &#8220;Spa\u00df am Dienstag&#8221;)<br>Da steht:<br>&#8220;Der besondere Reiz der Sendung war in den teils spa\u00dfigen, teils auch Konflikte austragenden Dialogen zwischen den beiden Akteuren begr\u00fcndet.<br>&#8230;<br>Autor der Moderatorentexte und Regisseur war\u00a0<a href=\"https:\/\/de.wikipedia.org\/wiki\/Peter_Podehl\">Peter Podehl<\/a>&#8220;<\/p>\n\n\n\n<p class=\"has-text-align-center\">***<\/p>\n\n\n\n<p>Und nun finde ich  solch wundersch\u00f6ne Kinderbriefe in Peter Podehls Tageb\u00fcchern:<\/p>\n\n\n\n<div class=\"wp-block-media-text alignwide is-stacked-on-mobile\"><figure class=\"wp-block-media-text__media\"><img loading=\"lazy\" decoding=\"async\" width=\"624\" height=\"878\" src=\"https:\/\/webaid.it\/wp-content\/uploads\/2023\/04\/ZiniBrief_TB42.jpg\" alt=\"\" class=\"wp-image-1743 size-full\" srcset=\"https:\/\/webaid.it\/wp-content\/uploads\/2023\/04\/ZiniBrief_TB42.jpg 624w, https:\/\/webaid.it\/wp-content\/uploads\/2023\/04\/ZiniBrief_TB42-213x300.jpg 213w\" sizes=\"auto, (max-width: 624px) 100vw, 624px\" \/><\/figure><div class=\"wp-block-media-text__content\">\n<p>Lieber Werner, lieber Zini!<br>Ich wollte euch eigentlich nur sagen, dass ihr beide echt schnuckelig und goldig (ganz sch\u00f6n kitschig!) seid. Wirklich, ich habe euch beide richtig in mein Herz geschlossen. Sicher Werner, Du wirst mir bestimmt nicht so recht glauben, aber ich habe auch so einen Zini wie Du. Nur, meiner hei\u00dft Oskar und hat die Farbe rosa. Oskar kann sehr viel! Er hilft mir n\u00e4mlich in der Schule, und dadurch bin ich wirklich schon besser geworden! Immer, wenn wir eine Arbeit schreiben, macht er sich ganz klein, setzt sich auf meine Schulter und fl\u00fcstert mir das zu, was ich nicht wei\u00df. Die Lehrer merken das nicht und Oskar ist besser als jeder Spickzettel. Oskar schaut sich auch immer &#8220;Spa\u00df am Dienstag&#8221; an. Dann f\u00e4ngt er an, ganz leise zu summen, weil er sich so freut Zini zu sehen. Lieber Werner, wie kamst Du denn zu Zini? Geh\u00f6rt er Dir? Wo wohnt er denn? Wie alt ist er denn? Frag ihn doch mal bitte! Oskar braucht kein Bett zum Schlafen. Nachts setzt er sich am liebsten auf den Fernseher. Dort schlummert er dann ein, aber erst, wenn er die &#8220;Tagesschau&#8221; gesehen hat. Ich wei\u00df auch gar nicht so genau, warum er sich daf\u00fcr interessiert. Wenn ich mal nicht einschlafen kann, dann kommt Oskar, schwebt beruhigend \u00fcber meinem Bett und summt mir etwas vor. Dann schlafe ich immer ganz schnell ein.<\/p>\n<\/div><\/div>\n\n\n\n<div class=\"wp-block-media-text alignwide is-stacked-on-mobile\"><figure class=\"wp-block-media-text__media\"><img loading=\"lazy\" decoding=\"async\" width=\"624\" height=\"878\" src=\"https:\/\/webaid.it\/wp-content\/uploads\/2023\/04\/ZiniBrief_TB42seite-2.jpg\" alt=\"\" class=\"wp-image-1744 size-full\" srcset=\"https:\/\/webaid.it\/wp-content\/uploads\/2023\/04\/ZiniBrief_TB42seite-2.jpg 624w, https:\/\/webaid.it\/wp-content\/uploads\/2023\/04\/ZiniBrief_TB42seite-2-213x300.jpg 213w\" sizes=\"auto, (max-width: 624px) 100vw, 624px\" \/><\/figure><div class=\"wp-block-media-text__content\">\n<p>Ich nehme Oskar \u00fcberall hin mit. Oskar hat mir wirklich schon sehr viel geholfen und mir Mut gegeben. So ein Wuslon tut wirklich sehr gut! Nat\u00fcrlich nervt er mich auch schon manchmal. Ich wahrscheinlich auch ihn, aber das ist ja ganz nat\u00fcrlich, dass man sich auch manchmal streitet. Das kennst Du ja von Zini bestimmt auch. Werner, wenn die letzte Folge von Zini abl\u00e4uft, bin ich bestimmt sehr traurig und Oskar nat\u00fcrlich auch. Bitte mach weiter!!!! Oskar und ich, wir finden euch beide n\u00e4mlich sehr s\u00fc\u00df. Also, ich w\u00fcnsche Dir lieber Werner und dem Zini alles Gute f\u00fcr die Zukunft, und dass es &#8220;Spa\u00df am Dienstag&#8221; mit euch beiden noch sehr lange gibt!!!<\/p>\n\n\n\n<p>Viele Gr\u00fc\u00dfe <br>von <br>Ilona<br>und Oskar!<\/p>\n<\/div><\/div>\n\n\n\n<p><\/p>\n","protected":false},"excerpt":{"rendered":"<p>*** Infos \u00fcber Zini (Wikipedia, &#8220;Spa\u00df am Dienstag&#8221;)Da steht:&#8220;Der besondere Reiz der Sendung war in den teils spa\u00dfigen, teils auch Konflikte austragenden Dialogen zwischen den beiden Akteuren begr\u00fcndet.&#8230;Autor der Moderatorentexte und Regisseur war\u00a0Peter Podehl&#8220; *** Und nun finde ich solch wundersch\u00f6ne Kinderbriefe in Peter Podehls Tageb\u00fcchern: Lieber Werner, lieber Zini!Ich wollte euch eigentlich nur sagen, [&hellip;]<\/p>\n","protected":false},"author":1,"featured_media":0,"parent":25,"menu_order":6,"comment_status":"closed","ping_status":"closed","template":"","meta":{"footnotes":""},"class_list":["post-54","page","type-page","status-publish","hentry"],"_links":{"self":[{"href":"https:\/\/webaid.it\/index.php?rest_route=\/wp\/v2\/pages\/54","targetHints":{"allow":["GET"]}}],"collection":[{"href":"https:\/\/webaid.it\/index.php?rest_route=\/wp\/v2\/pages"}],"about":[{"href":"https:\/\/webaid.it\/index.php?rest_route=\/wp\/v2\/types\/page"}],"author":[{"embeddable":true,"href":"https:\/\/webaid.it\/index.php?rest_route=\/wp\/v2\/users\/1"}],"replies":[{"embeddable":true,"href":"https:\/\/webaid.it\/index.php?rest_route=%2Fwp%2Fv2%2Fcomments&post=54"}],"version-history":[{"count":16,"href":"https:\/\/webaid.it\/index.php?rest_route=\/wp\/v2\/pages\/54\/revisions"}],"predecessor-version":[{"id":1762,"href":"https:\/\/webaid.it\/index.php?rest_route=\/wp\/v2\/pages\/54\/revisions\/1762"}],"up":[{"embeddable":true,"href":"https:\/\/webaid.it\/index.php?rest_route=\/wp\/v2\/pages\/25"}],"wp:attachment":[{"href":"https:\/\/webaid.it\/index.php?rest_route=%2Fwp%2Fv2%2Fmedia&parent=54"}],"curies":[{"name":"wp","href":"https:\/\/api.w.org\/{rel}","templated":true}]}}