{"id":540,"date":"2022-12-05T06:10:20","date_gmt":"2022-12-05T06:10:20","guid":{"rendered":"https:\/\/peterpodehl.com\/?page_id=540"},"modified":"2022-12-06T08:13:20","modified_gmt":"2022-12-06T08:13:20","slug":"peters-cv-von-1960","status":"publish","type":"page","link":"https:\/\/webaid.it\/?page_id=540","title":{"rendered":"Peters CV von 1960"},"content":{"rendered":"\n<p>Als Antwort auf eine Stellenanzeige von April 1960:<\/p>\n\n\n\n<p>Sehr geehrte Herren!<br>Auf Ihre Stellenanzeige hin m\u00f6chte ich mich mit folgenden Angaben bewerben:<\/p>\n\n\n\n<p>Geboren 1922 in Berlin als Sohn des sp\u00e4teren Chefdramaturgen der UFA und Produktionsleiters der Wien-Film, Schule in Berlin und London, Abitur 1940, Schauspielschule am Deutschen Theater Berlin und am Burgtheater Wien.<\/p>\n\n\n\n<p>Schauspieler, Regisseur und Dramaturg am Deutschen Nationaltheater Weimar, Urauff\u00fchrung zweier St\u00fccke von mir, verlegt bei Felix Bloch Erben. <\/p>\n\n\n\n<p>Seit 1950 ausschlie\u00dflich freiberuflich t\u00e4tig als Drehbuchautor, u.a. des Wolfgang-Staudte-Films DIE GESCHICHTE VOM KLEINEN MUCK;<br>Regieassistent bei Erich Engel, Kurt Hoffmann (ICH DENKE OFT AN PIROSCHKA), Wolfgang Staudte;<\/p>\n\n\n\n<p>seit 1956 als<br>Filmregisseur Schonger-Film (DER WOLF UND DIE SIEBEN JUNGEN GEISSLEIN)<br>Fernsehregisseur, live und Film, Haupts\u00e4chlich im Werbefernsehen die Sendereihe DAS FRED-KRAUS-BRETTL, SCHALLPLATTENBABY mit Ilse Werner, SCHLAGERBUMMEL mit Polydor-Stars, UNTERHALTUNG FREI HAUS;<\/p>\n\n\n\n<p>Seit 1958 au\u00dferdem<br>Autor, Regisseur und Produzent von Auftrags- und Eigenproduktionen f\u00fcr NWRV\/K\u00f6ln und Bayrisches Fernsehen: EIN VERM\u00d6GEN ZU VERJUBELN, FERIEN IM ZOO, EINE STADT ZIEHT DEN WINTERMANTEL AN, RUMMELPLATZ-MELODIE, DIE SCHLAFENDE MICKI-MAUS, BOTANISCHE ROMANZE, DIE GESCHICHTE EINES BLEISTIFTS, DIE TRIOLE AUF DEN ZWEI ACHTELN, am 22.3.60 Beginn meiner Sendereihe (als Auftragsproduktion des NWRV\/K\u00f6ln) AUS DEM B\u00dcCHERSCHRANK GEHOLT: PETER SCHLEMIHLS WUNDERSAME GESCHICHTE, n\u00e4chste Sendung DAVID COPPERFIELD am 12.5., sp\u00e4terhin TARTARIN VON TARASCON und DIE TOTTEN SEELEN.<\/p>\n\n\n\n<p>Sie ersehen aus diesen Angaben vielleicht, wie viel Wert ich darauf gelegt habe, Kenntnisse in allen leitenden k\u00fcnstlerischen und organisatorischen T\u00e4tigkeiten zu erwerben. <br>Sollten Sie aufgrund meiner Angaben Interesse an einer Mitarbeit meinerseits haben, w\u00fcrde ich mich freuen, wenn wir uns \u00fcber M\u00f6glichkeiten und Ausma\u00df solcher Mitarbeit schriftlich oder m\u00fcndlich unterhalten k\u00f6nnen<\/p>\n\n\n\n<p>Mit vorz\u00fcglicher Hochachtung <\/p>\n\n\n\n<p class=\"has-text-align-right\">P.P.<br>\u00a9<\/p>\n","protected":false},"excerpt":{"rendered":"<p>Als Antwort auf eine Stellenanzeige von April 1960: Sehr geehrte Herren!Auf Ihre Stellenanzeige hin m\u00f6chte ich mich mit folgenden Angaben bewerben: Geboren 1922 in Berlin als Sohn des sp\u00e4teren Chefdramaturgen der UFA und Produktionsleiters der Wien-Film, Schule in Berlin und London, Abitur 1940, Schauspielschule am Deutschen Theater Berlin und am Burgtheater Wien. Schauspieler, Regisseur und [&hellip;]<\/p>\n","protected":false},"author":1,"featured_media":0,"parent":528,"menu_order":4,"comment_status":"closed","ping_status":"closed","template":"","meta":{"footnotes":""},"class_list":["post-540","page","type-page","status-publish","hentry"],"_links":{"self":[{"href":"https:\/\/webaid.it\/index.php?rest_route=\/wp\/v2\/pages\/540","targetHints":{"allow":["GET"]}}],"collection":[{"href":"https:\/\/webaid.it\/index.php?rest_route=\/wp\/v2\/pages"}],"about":[{"href":"https:\/\/webaid.it\/index.php?rest_route=\/wp\/v2\/types\/page"}],"author":[{"embeddable":true,"href":"https:\/\/webaid.it\/index.php?rest_route=\/wp\/v2\/users\/1"}],"replies":[{"embeddable":true,"href":"https:\/\/webaid.it\/index.php?rest_route=%2Fwp%2Fv2%2Fcomments&post=540"}],"version-history":[{"count":5,"href":"https:\/\/webaid.it\/index.php?rest_route=\/wp\/v2\/pages\/540\/revisions"}],"predecessor-version":[{"id":551,"href":"https:\/\/webaid.it\/index.php?rest_route=\/wp\/v2\/pages\/540\/revisions\/551"}],"up":[{"embeddable":true,"href":"https:\/\/webaid.it\/index.php?rest_route=\/wp\/v2\/pages\/528"}],"wp:attachment":[{"href":"https:\/\/webaid.it\/index.php?rest_route=%2Fwp%2Fv2%2Fmedia&parent=540"}],"curies":[{"name":"wp","href":"https:\/\/api.w.org\/{rel}","templated":true}]}}