{"id":553,"date":"2022-12-06T08:10:49","date_gmt":"2022-12-06T08:10:49","guid":{"rendered":"https:\/\/peterpodehl.com\/?page_id=553"},"modified":"2022-12-11T16:56:23","modified_gmt":"2022-12-11T16:56:23","slug":"peter-uber-sich-selbst-1949","status":"publish","type":"page","link":"https:\/\/webaid.it\/?page_id=553","title":{"rendered":"Peters Theater (ca. 1952)"},"content":{"rendered":"\n<p>Peter Podehl<\/p>\n\n\n\n<p>Bonvivant, Regisseur, Dramaturg<\/p>\n\n\n\n<p>Engagements:<br>&#8220;Die kleine Akademie&#8221;, Wien<br>Nationaltheater Weimar<br>Film (DEFA)<\/p>\n\n\n\n<p>Repertoire<br>Bunbury  &#8211;  Algernon Moncrieff<br>Der Wald (Ostrowskij)  &#8211;  Aleksej Sergejitsch<br>Die gl\u00fccklichen Tage  (Puget)  &#8211;  Oliver<br>Donna Diana  &#8211;  Perin<br>Faust I und II  &#8211;  Sch\u00fcler und Baccalaureus<br>Heutzutage mit 18 Jahren (Ferdinand)  &#8211;  Gabriel Lamy<br>Karl III und Anna von \u00d6sterreich  &#8211;  Karl <br>Man kann nie wissen  &#8211;  Dr. Valentine<br>Marguerite durch drei  &#8211;  Karl<br>Sommernachtstraum  &#8211;  Demetrius<br>Trockenkursus (Bortfeldt)  &#8211;  Robert Teske<\/p>\n\n\n\n<p>Inszenierungen<br>Weh dem der l\u00fcgt<br>Apostelspiel<br>Karl III und Anna von \u00d6sterreich<br>Lumpazivagabundus<br>etc.<br><\/p>\n\n\n\n<p class=\"has-text-align-right\">\u00a9P.P.<\/p>\n","protected":false},"excerpt":{"rendered":"<p>Peter Podehl Bonvivant, Regisseur, Dramaturg Engagements:&#8220;Die kleine Akademie&#8221;, WienNationaltheater WeimarFilm (DEFA) RepertoireBunbury &#8211; Algernon MoncrieffDer Wald (Ostrowskij) &#8211; Aleksej SergejitschDie gl\u00fccklichen Tage (Puget) &#8211; OliverDonna Diana &#8211; PerinFaust I und II &#8211; Sch\u00fcler und BaccalaureusHeutzutage mit 18 Jahren (Ferdinand) &#8211; Gabriel LamyKarl III und Anna von \u00d6sterreich &#8211; Karl Man kann nie wissen &#8211; Dr. [&hellip;]<\/p>\n","protected":false},"author":1,"featured_media":0,"parent":528,"menu_order":3,"comment_status":"closed","ping_status":"closed","template":"","meta":{"footnotes":""},"class_list":["post-553","page","type-page","status-publish","hentry"],"_links":{"self":[{"href":"https:\/\/webaid.it\/index.php?rest_route=\/wp\/v2\/pages\/553","targetHints":{"allow":["GET"]}}],"collection":[{"href":"https:\/\/webaid.it\/index.php?rest_route=\/wp\/v2\/pages"}],"about":[{"href":"https:\/\/webaid.it\/index.php?rest_route=\/wp\/v2\/types\/page"}],"author":[{"embeddable":true,"href":"https:\/\/webaid.it\/index.php?rest_route=\/wp\/v2\/users\/1"}],"replies":[{"embeddable":true,"href":"https:\/\/webaid.it\/index.php?rest_route=%2Fwp%2Fv2%2Fcomments&post=553"}],"version-history":[{"count":6,"href":"https:\/\/webaid.it\/index.php?rest_route=\/wp\/v2\/pages\/553\/revisions"}],"predecessor-version":[{"id":639,"href":"https:\/\/webaid.it\/index.php?rest_route=\/wp\/v2\/pages\/553\/revisions\/639"}],"up":[{"embeddable":true,"href":"https:\/\/webaid.it\/index.php?rest_route=\/wp\/v2\/pages\/528"}],"wp:attachment":[{"href":"https:\/\/webaid.it\/index.php?rest_route=%2Fwp%2Fv2%2Fmedia&parent=553"}],"curies":[{"name":"wp","href":"https:\/\/api.w.org\/{rel}","templated":true}]}}