{"id":556,"date":"2022-12-07T06:31:33","date_gmt":"2022-12-07T06:31:33","guid":{"rendered":"https:\/\/peterpodehl.com\/?page_id=556"},"modified":"2025-02-20T17:35:04","modified_gmt":"2025-02-20T17:35:04","slug":"charlottes-theater","status":"publish","type":"page","link":"https:\/\/webaid.it\/?page_id=556","title":{"rendered":"Charlottes Theater"},"content":{"rendered":"\n<p>von Peter verfasst, wohl kurz nach ihrem Tod am 30. Dezember 1999, 36 Stunden vor Jahrtausendende.  <\/p>\n\n\n\n<p class=\"has-text-align-center\">***<\/p>\n\n\n\n<p class=\"has-text-align-left\">Ich habe Charlotte nie auf der B\u00fchne erlebt. Aber sie hatte all diese bedeutenden Frauenrollen aufgesogen, und sie waren Teil ihrer &#8211; dementsprechend komplexen &#8211; Pers\u00f6nlichkeit geworden.<\/p>\n\n\n\n<p><em>Dieses CV ist noch unvollst\u00e4ndig, und wohl teilweise auch nicht ganz pr\u00e4zise: Emelina ist eine Rolle aus dem &#8220;Kaufmann von Venedig&#8221;, nicht aus der &#8220;Kom\u00f6die der Irrungen&#8221;, aber ich wei\u00df vorl\u00e4ufig noch nicht, ob sie nun eine Emelina aus dem Kaufmann gespielt hat, oder eine Rolle in der Kom\u00f6die der Irrungen<\/em>.<\/p>\n\n\n\n<p class=\"has-text-align-center\">***<\/p>\n\n\n\n<p><strong>Charlotte Dora Ulbrich<\/strong><\/p>\n\n\n\n<p>geboren 30.5.1912 in Jena, Th\u00fcringen, Deutschland<br>Mutter: Maria Ulbrich, geborene Pleschinger, gestorben 39j\u00e4hrig an Typhus 1915 in Jena (Typhus-Epidemie)<br>Vater: Friedrich Anton Ulbrich<br>Stiefmutter: Martha Ulbrich, geborene G\u00fcnther, geboren in Ballenstedt, Schneiderin<br>Geschwister: Lydia (m\u00f6glicherweise uneheliches Kind von anderem Vater, war 2 Jahre alt, als Fritz Ulbrich die Mutter heiratete ), Gertrud, geboren 1900?, Ludwig, geboren 1906, Hilde geboren 1921 (Halbschwester, Mutter Martha G\u00fcnther)<\/p>\n\n\n\n<p>Heirat 1939 mit Dr. Otto Bernhard Eugen Schmidt, Frauenarzt und Geburtshelfer, verstorben am 23. Oktober 1944 in Stendal<br>Geburt des Sohnes <a href=\"https:\/\/webaid.it\/?page_id=45\">Thomas Friedrich Herman Schmidt<\/a> am 23. Februar 1942<\/p>\n\n\n\n<p>Heirat mit Peter Leonid Podehl (Schauspieler Autor) in Weimar (Jacobskirche) am 10. Mai 1948<br>Geburt der Tochter Claudia Beate Podehl am 20. November 1948 in Jena<\/p>\n\n\n\n<p>Berufliche Laufbahn<\/p>\n\n\n\n<p>1929-1933 <br>Gera, Reu\u00dfisches Theater, <br>Elevin als T\u00e4nzerin, sp\u00e4ter Schauspielerin<br>Intendant: Carl Rosen, Oscar Fritz Schuh (Opernregisseur), Carl Pschigode (Schauspieler)<br>Rollen: <br>Prinzessin Huschewind (M\u00e4rchen) <br>Peterchen in &#8220;Peterschens Mondfahrt&#8221; <br>nicht n\u00e4her definierte &#8216;Hauptrolle&#8217; (Liesl?) in &#8220;Wenn die kleinen Veilchen bl\u00fchen&#8221;, Singspiel von Robert Stolz<\/p>\n\n\n\n<p>1933\/34 <br>Aachen, Stadt-Theater<br>Intendant: Sioli (<em>ging sp\u00e4ter nach Danzig und wollte sie mitnehmen, was Otto Schmidt aber nicht wollte<\/em>), danach Gro\u00df, dort zeitweise t\u00e4tig auch Herbert von Karajan<br>Rollen<br>Emelina in &#8220;Die Kom\u00f6die der Irrungen&#8221; von Shakespeare in der Fassung von Roth;<br>Hilde in &#8220;Hilde und die 4 PS&#8221; &#8211; Boulevardkom\u00f6die von Kurt Sellnick;<br><em>Beginn der Freundschaft mit Gerdamaria Terno (heiratete sp\u00e4ter Prof. Hans Schwippert), sp\u00e4ter Patentante von Thomas;<\/em><br>Zelima in &#8220;Turandot&#8221; von Friedrich Schiller, das Publikum klatschte, sobald sie auftrat<\/p>\n\n\n\n<p>1934 \/35<br>Ulm, Theater der Stadt <br>Intendant: Dr. Bauer<br>Rollen<br>Pygmalion in &#8220;Pygmalion&#8221; von G.B.Shaw<br>K\u00e4thchen in &#8220;K\u00e4thchen von Heilbronn &#8221; von H.v.Kleist<\/p>\n\n\n\n<p>1935\/36 &nbsp; <br>Stuttgart, Staatstheater <br>Intendant: Deharde<br>Rollen:<br>Pygmalion in &#8220;Pygmalion&#8221; von G.B.Shaw<br>Ophelia in &#8220;Hamlet&#8221; von Shakespeare, in 2 Gastspielen war Gustav Gr\u00fcndgens Hamlet<\/p>\n\n\n\n<p>1936\/37 <br>Hamburg, Thalia-Theater,&nbsp;<br>Intendant: Paul Mundorf<br>Chefdramaturg und Oberspielleiter: Hans-Robert Bortfeld<br>Rollen:<br>Gertrud, in &#8220;Der goldene Kranz&#8221; von Jochen Huth<br>Monica Trall, in &#8220;Blitze aus heiterem Himmel&#8221; von Alf Teichs<br>Anni, in &#8220;IA in Oberbayern&#8221; von Hans Fritz<br>Lotte Waag, in &#8220;Die vier Gesellen&#8221; von Jochen Huth<br>Helene, in &#8220;Der Hakim wei\u00df das&#8221; von Rolf Lauckner<br>Judith, in &#8220;Totentanz&#8221; von August Strindberg<br>Jasmin (Negerpage), in &#8220;Das goldene Kalb&#8221; von Alain Ren\u00e9 Le Sage<br>Loni Hofer, in &#8220;Paul und der S\u00fcndenfall&#8221;, musikalischer Schwank von Hans M\u00fcller<\/p>\n\n\n\n<p>1946-1950 <br>Weimar, Nationaltheater<br>Intendant: Hans-Robert Bortfeld<br>Chefdramaturg: Helmut Spie\u00df<br>Rollen:<br>1946 <br>Tanja, in &#8220;<a href=\"https:\/\/webaid.it\/?page_id=1994\">Tanja, die zweite Geburt<\/a>&#8221; von Alexej Arbusow<br>1947 <br>Rosalinde, in &#8220;Wie es euch gef\u00e4llt&#8221; von W. Shakespeare<br>Nora, in &#8220;Nora&#8221; von Henrik Ibsen<br>Tai Yang, in &#8220;Tai Yang erwacht&#8221; von Friedrich Wolf; <em>Peters Kommentar: schlechtes St\u00fcck mit Propagandagequatsche<\/em><br>Barbara Undershaft, in &#8220;Major Barabara&#8221; von G.B.Shaw<br>Minerva M\u00fcller, in &#8220;Familientheater&#8221; von Peter Podehl, <em>mit Foto von Sohn Thomas als Baby auf der Titelseite des Programmheftes&nbsp;<\/em><br>1947\/48<br>Eva, in &#8220;Kommen und Gehen&#8221; von Peter Podehl<br>Madame Legros, in &#8220;Madame Legros&#8221; von Heinrich Mann, <br><em>Kommentar von Peter: Mutti war schwanger mit Claudia bei den Proben und Auff\u00fchrung und musste immer spucken wegen extrem vermehrtem Speichelfluss, deshalb hatte sie immer eine Tasse bei sich.<\/em><br>1948\/49<br>Ariel (Luftgeist),&nbsp; in &#8220;Faust II&#8221; von J.W. Goehte<br>Puck, in &#8220;Sommernachtstraum&#8221; von W. Shakespeare<br>1949\/50<br>Maria Stuart, in &#8220;Maria Stuart&#8221; von F. Schiller<br>Donna Diana, in &#8220;Donna Diana&#8221; von Moreto<br>Anna, in &#8220;Karl der Dritte und Anna von \u00d6sterreich&#8221; von R\u00f6ssler<\/p>\n\n\n\n<p>1952 <br>N\u00fcrnberg, St\u00e4dtische B\u00fchnen<br>Intendant: Carl Pschigode<br><em>Letztes Gastspiel<\/em><br>Colombe, in &#8220;Colombe&#8221; von Jean Anouilh<br>Inszenierung: Fischel<\/p>\n\n\n\n<p>***<\/p>\n\n\n\n<p>Danach stand Charlotte nie wieder auf einer Theaterb\u00fchne<\/p>\n\n\n\n<p class=\"has-text-align-center\">***<\/p>\n\n\n\n<p>Hiermit endet Peters aus der Erinnerung geschriebenes Curriculum Vitae.<\/p>\n\n\n\n<p>Ein Anderes von Anfang der &#8217;50er nennt nur einfach folgende Rollen, die sie im Repertoire hat.  Es ist an Insider der Theaterwelt gerichtet, ohne weitere Erkl\u00e4rungen. <em>(Die Autoren habe ich hinzugef\u00fcgt). <\/em>Da gesellen sich noch ein paar weitere Charaktere hinzu: <\/p>\n\n\n\n<p>Jugendliches Charakterfach<\/p>\n\n\n\n<p>Caesar und Cleopatra &#8211; Cleopatra <em>(v. George Bernhard Shaw)<\/em><br>Colombe &#8211; Colombe  <em>(v. Jean Anouilh)<\/em><br>Cyprienne &#8211; Cyprienne <em>(v. Victorien Sardou)<\/em><br>Der seidene Schuh &#8211; Proeza <em>(v. Paul Claudel)<\/em><br>Die Ehe des Herrn Mississippi &#8211; Anastasia <em>(v. Friedrich D\u00fcrrenmatt)<\/em><br>Die heilige Johanna &#8211; Johanna (v. <em>George Bernard Shaw<\/em>)<br>Donna Diana  &#8211; Diana (<em>v. Augustin Moreto<\/em>)<br>Heutzutage mit 18 Jahren (Ferdinand) &#8211; Mademoiselle Bravard<br>Karl III. und Anna von \u00d6sterreich &#8211; Anna (<em>v. Manfried R\u00f6ssner<\/em>)<br>Lysistrata &#8211; Lysistrata (<em>v. Aristophanes<\/em>)<br>Madame Legros &#8211; Madame Legros (<em>v. Heinrich Mann<\/em>)<br>Major Barbara &#8211; Barbara Undershaft (v. <em>George Bernard Shaw<\/em>)<br>Maria Stuart &#8211; Maria Stuart (<em>v. Friedrich Schiller<\/em>)<br>Die Wirtin- Mirandolina (<em>v. Carlo Goldoni<\/em>)<br>Nora &#8211; Nora (<em>v. Henrik Ibsen<\/em>)<br>Pygmalion &#8211; Elisabeth Doolittle (<em>v. George Bernard Shaw<\/em>)<br>Sommernachtstraum &#8211; Puck (<em>v. William Shakespeare<\/em>)<br>Wie es euch gef\u00e4llt &#8211; Rosalinde (<em>v. William Shakespeare<\/em>)<\/p>\n\n\n\n<p class=\"has-text-align-right\">\u00a9 C.P.<\/p>\n\n\n\n<p><\/p>\n","protected":false},"excerpt":{"rendered":"<p>von Peter verfasst, wohl kurz nach ihrem Tod am 30. Dezember 1999, 36 Stunden vor Jahrtausendende. *** Ich habe Charlotte nie auf der B\u00fchne erlebt. Aber sie hatte all diese bedeutenden Frauenrollen aufgesogen, und sie waren Teil ihrer &#8211; dementsprechend komplexen &#8211; Pers\u00f6nlichkeit geworden. Dieses CV ist noch unvollst\u00e4ndig, und wohl teilweise auch nicht ganz [&hellip;]<\/p>\n","protected":false},"author":1,"featured_media":0,"parent":528,"menu_order":1,"comment_status":"closed","ping_status":"closed","template":"","meta":{"footnotes":""},"class_list":["post-556","page","type-page","status-publish","hentry"],"_links":{"self":[{"href":"https:\/\/webaid.it\/index.php?rest_route=\/wp\/v2\/pages\/556","targetHints":{"allow":["GET"]}}],"collection":[{"href":"https:\/\/webaid.it\/index.php?rest_route=\/wp\/v2\/pages"}],"about":[{"href":"https:\/\/webaid.it\/index.php?rest_route=\/wp\/v2\/types\/page"}],"author":[{"embeddable":true,"href":"https:\/\/webaid.it\/index.php?rest_route=\/wp\/v2\/users\/1"}],"replies":[{"embeddable":true,"href":"https:\/\/webaid.it\/index.php?rest_route=%2Fwp%2Fv2%2Fcomments&post=556"}],"version-history":[{"count":32,"href":"https:\/\/webaid.it\/index.php?rest_route=\/wp\/v2\/pages\/556\/revisions"}],"predecessor-version":[{"id":3754,"href":"https:\/\/webaid.it\/index.php?rest_route=\/wp\/v2\/pages\/556\/revisions\/3754"}],"up":[{"embeddable":true,"href":"https:\/\/webaid.it\/index.php?rest_route=\/wp\/v2\/pages\/528"}],"wp:attachment":[{"href":"https:\/\/webaid.it\/index.php?rest_route=%2Fwp%2Fv2%2Fmedia&parent=556"}],"curies":[{"name":"wp","href":"https:\/\/api.w.org\/{rel}","templated":true}]}}